{"id":50,"date":"2024-02-01T00:12:36","date_gmt":"2024-01-31T23:12:36","guid":{"rendered":"https:\/\/www.aaaseedz.com\/?page_id=50"},"modified":"2025-06-03T21:23:33","modified_gmt":"2025-06-03T19:23:33","slug":"pravni-informace","status":"publish","type":"page","link":"https:\/\/www.aaaseedz.com\/cs\/mentions-legales\/","title":{"rendered":"Pr\u00e1vn\u00ed Informace"},"content":{"rendered":"<p align=\"center\"><img decoding=\"async\" src=\"https:\/\/www.aaaseedz.com\/wp-content\/uploads\/2024\/04\/Logo-AAASeedz-01.png\" \/><\/p>\n<p style=\"text-align: center;\"><strong>PR\u00c1VN\u00cd OZN\u00c1MEN\u00cd<\/strong><\/p>\n<p align=\"justify\">Spole\u010dnost AAASeedz se zaj\u00edm\u00e1 o pr\u00e1va jednotlivc\u016f, zejm\u00e9na pokud jde o automatizovan\u00e9 zpracov\u00e1n\u00ed, a v z\u00e1jmu transparentnosti v\u016f\u010di sv\u00fdm z\u00e1kazn\u00edk\u016fm zavedla z\u00e1sady, kter\u00e9 se t\u00fdkaj\u00ed ve\u0161ker\u00e9ho takov\u00e9ho zpracov\u00e1n\u00ed, \u00fa\u010del\u016f, pro kter\u00e9 je prov\u00e1d\u011bno, a prost\u0159edk\u016f, kter\u00e9 maj\u00ed jednotlivci k dispozici, aby mohli co nejl\u00e9pe uplatnit sv\u00e1 pr\u00e1va. Ve\u0161ker\u00e9 dal\u0161\u00ed informace o ochran\u011b osobn\u00edch \u00fadaj\u016f naleznete na webov\u00fdch str\u00e1nk\u00e1ch: https:\/\/www.cnil.fr\/ nebo na str\u00e1nce RGPD na webov\u00fdch str\u00e1nk\u00e1ch. Pokra\u010dov\u00e1n\u00ed v prohl\u00ed\u017een\u00ed t\u011bchto str\u00e1nek znamen\u00e1 bezv\u00fdhradn\u00fd souhlas s n\u00e1sleduj\u00edc\u00edmi ustanoven\u00edmi a podm\u00ednkami pou\u017e\u00edv\u00e1n\u00ed. Verze t\u011bchto podm\u00ednek pou\u017e\u00edv\u00e1n\u00ed, kter\u00e1 je v sou\u010dasn\u00e9 dob\u011b online, je jedinou verz\u00ed, na kterou se lze odvol\u00e1vat po celou dobu pou\u017e\u00edv\u00e1n\u00ed str\u00e1nek a do doby, ne\u017e ji nahrad\u00ed nov\u00e1 verze.<\/p>\n<p><strong>1. Vydavatel, hostitel a spr\u00e1vce<\/strong><\/p>\n<p>Spole\u010dnost: EURL TRIPLE A FAIRPRADE BANK<br \/>\nS\u00eddlo: 15 rue des Halles - 75001 Pa\u0159\u00ed\u017e<br \/>\nKapit\u00e1l: 5 000 EUR<br \/>\nRCS: 977848613 - APE: 4719B<br \/>\nMail: contact@aaaseedz.com<\/p>\n<p>Vydavatel: AAASeedz<br \/>\nVedouc\u00ed publikace: Nicolas Perez<\/p>\n<p>Hostitel : IONOS - 7 place de la gare - 57200 Sarreguemines - Francie<\/p>\n<p><strong>2. P\u0159\u00edstup na staveni\u0161t\u011b<\/strong><\/p>\n<p align=\"justify\">P\u0159\u00edstup na str\u00e1nky a jejich pou\u017e\u00edv\u00e1n\u00ed jsou ur\u010deny v\u00fdhradn\u011b pro osobn\u00ed pot\u0159ebu. Zavazujete se, \u017ee tyto str\u00e1nky ani informace \u010di \u00fadaje na nich obsa\u017een\u00e9 nebudete pou\u017e\u00edvat ke komer\u010dn\u00edm, politick\u00fdm \u010di reklamn\u00edm \u00fa\u010del\u016fm nebo k jak\u00e9koli form\u011b komer\u010dn\u00edho oslovov\u00e1n\u00ed, zejm\u00e9na k zas\u00edl\u00e1n\u00ed nevy\u017e\u00e1dan\u00fdch e-mail\u016f.<\/p>\n<p><strong>3. Podm\u00ednky pou\u017e\u00edv\u00e1n\u00ed<\/strong><\/p>\n<p align=\"justify\">Str\u00e1nky p\u0159\u00edstupn\u00e9 prost\u0159ednictv\u00edm n\u00e1sleduj\u00edc\u00ed adresy URL: www.aaaseedz.com jsou provozov\u00e1ny v souladu s francouzsk\u00fdmi pr\u00e1vn\u00edmi p\u0159edpisy. Pou\u017e\u00edv\u00e1n\u00ed t\u011bchto str\u00e1nek se \u0159\u00edd\u00ed t\u011bmito podm\u00ednkami. Pou\u017e\u00edv\u00e1n\u00edm str\u00e1nek potvrzujete, \u017ee jste si tyto podm\u00ednky p\u0159e\u010detli a souhlas\u00edte s nimi. Mohou b\u00fdt kdykoli zm\u011bn\u011bny bez p\u0159edchoz\u00edho upozorn\u011bn\u00ed. Spole\u010dnost AAASeedz nenese \u017e\u00e1dnou odpov\u011bdnost za p\u0159\u00edpadn\u00e9 zneu\u017eit\u00ed slu\u017eby.<\/p>\n<p><strong>4. Obsah str\u00e1nek<\/strong><\/p>\n<p align=\"justify\">V\u0161echny ochrann\u00e9 zn\u00e1mky, fotografie, texty, koment\u00e1\u0159e, ilustrace, obr\u00e1zky (animovan\u00e9 i neanimovan\u00e9), videosekvence, zvuky, jako\u017e i v\u0161echny po\u010d\u00edta\u010dov\u00e9 aplikace, kter\u00e9 mohou b\u00fdt pou\u017eity k provozu t\u011bchto str\u00e1nek, a obecn\u011bji v\u0161echny prvky reprodukovan\u00e9 nebo pou\u017eit\u00e9 na t\u011bchto str\u00e1nk\u00e1ch jsou chr\u00e1n\u011bny platn\u00fdmi z\u00e1kony o du\u0161evn\u00edm vlastnictv\u00ed.<\/p>\n<p align=\"justify\">Jsou v pln\u00e9m rozsahu vlastnictv\u00edm spole\u010dnosti AAASeedz nebo jej\u00edch partner\u016f. Jak\u00e1koli reprodukce, reprezentace, pou\u017eit\u00ed nebo \u00faprava v\u0161ech t\u011bchto prvk\u016f nebo jejich \u010d\u00e1st\u00ed, v\u010detn\u011b po\u010d\u00edta\u010dov\u00fdch aplikac\u00ed, v jak\u00e9koli form\u011b bez p\u0159edchoz\u00edho p\u00edsemn\u00e9ho souhlasu spole\u010dnosti AAASeedz je p\u0159\u00edsn\u011b zak\u00e1z\u00e1na. Skute\u010dnost, \u017ee spole\u010dnost AAASeedz nezah\u00e1j\u00ed \u0159\u00edzen\u00ed, jakmile se o t\u011bchto neopr\u00e1vn\u011bn\u00fdch pou\u017eit\u00edch dozv\u00ed, neznamen\u00e1 souhlas s uveden\u00fdmi pou\u017eit\u00edmi a vzd\u00e1n\u00ed se st\u00edh\u00e1n\u00ed.<\/p>\n<p><strong>5. Spr\u00e1va str\u00e1nek<\/strong><\/p>\n<p align=\"justify\">V z\u00e1jmu \u0159\u00e1dn\u00e9 spr\u00e1vy str\u00e1nek m\u016f\u017ee spole\u010dnost AAASeedz kdykoli: Pozastavit, p\u0159eru\u0161it nebo omezit p\u0159\u00edstup k cel\u00fdm str\u00e1nk\u00e1m nebo jejich \u010d\u00e1sti, omezit p\u0159\u00edstup na str\u00e1nky nebo do n\u011bkter\u00fdch jejich \u010d\u00e1st\u00ed pro ur\u010ditou kategorii u\u017eivatel\u016f internetu. vymazat jak\u00e9koli informace, kter\u00e9 by mohly naru\u0161it jej\u00ed provoz nebo b\u00fdt v rozporu s vnitrost\u00e1tn\u00edmi nebo mezin\u00e1rodn\u00edmi z\u00e1kony. Pozastavit provoz str\u00e1nek za \u00fa\u010delem proveden\u00ed aktualizac\u00ed.<\/p>\n<p><strong>6. Omezen\u00ed odpov\u011bdnosti<\/strong><\/p>\n<p align=\"justify\">Informace obsa\u017een\u00e9 na t\u011bchto str\u00e1nk\u00e1ch jsou co nejp\u0159esn\u011bj\u0161\u00ed a str\u00e1nky jsou pravideln\u011b aktualizov\u00e1ny. Mohou v\u0161ak obsahovat nep\u0159esnosti, opomenut\u00ed nebo mezery. Pokud si v\u0161imnete mezery, chyby nebo n\u011b\u010deho, co se jev\u00ed jako nefunk\u010dnost, nahlaste to pros\u00edm e-mailem a co nejp\u0159esn\u011bji popi\u0161te probl\u00e9m (str\u00e1nka zp\u016fsobuj\u00edc\u00ed probl\u00e9m, spou\u0161t\u011bc\u00ed akce, typ pou\u017eit\u00e9ho po\u010d\u00edta\u010de a prohl\u00ed\u017ee\u010de atd.). Spole\u010dnost AAASeedz nem\u016f\u017ee n\u00e9st odpov\u011bdnost v p\u0159\u00edpad\u011b jak\u00e9hokoli selh\u00e1n\u00ed, poruchy, pot\u00ed\u017e\u00ed nebo p\u0159eru\u0161en\u00ed provozu, kter\u00e9 br\u00e1n\u00ed p\u0159\u00edstupu na str\u00e1nky nebo k n\u011bkter\u00e9 z jejich funkc\u00ed.<\/p>\n<p align=\"justify\">Za za\u0159\u00edzen\u00ed, kter\u00e9 pou\u017e\u00edv\u00e1te k p\u0159ipojen\u00ed k webu, nesete plnou odpov\u011bdnost. Mus\u00edte p\u0159ijmout ve\u0161ker\u00e1 vhodn\u00e1 opat\u0159en\u00ed na ochranu sv\u00e9ho za\u0159\u00edzen\u00ed a sv\u00fdch dat, zejm\u00e9na p\u0159ed virov\u00fdmi \u00fatoky prost\u0159ednictv\u00edm internetu. Rovn\u011b\u017e nesete v\u00fdhradn\u00ed odpov\u011bdnost za str\u00e1nky a data, kter\u00e1 prohl\u00ed\u017e\u00edte. Spole\u010dnost AAASeedz nenese odpov\u011bdnost v p\u0159\u00edpad\u011b soudn\u00edho \u0159\u00edzen\u00ed proti v\u00e1m: Z d\u016fvodu pou\u017e\u00edv\u00e1n\u00ed str\u00e1nek nebo jak\u00e9koli slu\u017eby p\u0159\u00edstupn\u00e9 prost\u0159ednictv\u00edm internetu a z d\u016fvodu nedodr\u017een\u00ed t\u011bchto podm\u00ednek. Spole\u010dnost AAASeedz neodpov\u00edd\u00e1 za \u0161kody zp\u016fsoben\u00e9 v\u00e1m, t\u0159et\u00edm osob\u00e1m a\/nebo va\u0161emu za\u0159\u00edzen\u00ed v d\u016fsledku va\u0161eho p\u0159ipojen\u00ed ke str\u00e1nk\u00e1m nebo jejich pou\u017e\u00edv\u00e1n\u00ed a vy se vzd\u00e1v\u00e1te sv\u00e9ho pr\u00e1va podniknout v d\u016fsledku toho jak\u00e9koli kroky v\u016f\u010di spole\u010dnosti AAASeedz. Pokud se spole\u010dnost AAASeedz stane p\u0159edm\u011btem sm\u00edr\u010d\u00edho nebo soudn\u00edho \u0159\u00edzen\u00ed v d\u016fsledku va\u0161eho pou\u017e\u00edv\u00e1n\u00ed str\u00e1nek, m\u016f\u017ee proti v\u00e1m podniknout kroky k z\u00edsk\u00e1n\u00ed n\u00e1hrady v\u0161ech \u0161kod, \u010d\u00e1stek, pokut a n\u00e1klad\u016f, kter\u00e9 mohou z takov\u00e9ho \u0159\u00edzen\u00ed vyplynout. Je proto va\u0161\u00ed odpov\u011bdnost\u00ed p\u0159ijmout nezbytn\u00e1 opat\u0159en\u00ed, abyste se ujistili, \u017ee to, co se rozhodnete pou\u017e\u00edvat, je bez chyb nebo dokonce destruktivn\u00edch prvk\u016f, jako jsou viry, trojsk\u00e9 kon\u011b apod.<\/p>\n<p align=\"justify\">Spole\u010dnost AAASeedz nenese odpov\u011bdnost za hypertextov\u00e9 odkazy na jin\u00e9 zdroje na internetu, kter\u00e9 jsou na t\u011bchto webov\u00fdch str\u00e1nk\u00e1ch um\u00edst\u011bny (v\u00edce informac\u00ed viz \u010dl\u00e1nek 7).<\/p>\n<p align=\"justify\">Z\u00e1kazn\u00edkovi, kter\u00fd m\u00e1 povinnost jasn\u011b formulovat sv\u00e9 pot\u0159eby a povinnost se informovat, nen\u00ed poskytnuta \u017e\u00e1dn\u00e1 jin\u00e1 z\u00e1ruka. Pokud se informace poskytnut\u00e9 spole\u010dnost\u00ed AAASeedz jev\u00ed jako nep\u0159esn\u00e9, je na z\u00e1kazn\u00edkovi, aby si ov\u011b\u0159il soulad nebo v\u011brohodnost z\u00edskan\u00fdch v\u00fdsledk\u016f. Spole\u010dnost AAASeedz v \u017e\u00e1dn\u00e9m p\u0159\u00edpad\u011b neodpov\u00edd\u00e1 t\u0159et\u00edm stran\u00e1m za to, \u017ee z\u00e1kazn\u00edk vyu\u017eije informace nebo jejich nedostatek obsa\u017een\u00e9 v jej\u00edch produktech, v\u010detn\u011b jedn\u00e9 z jej\u00edch webov\u00fdch str\u00e1nek.<\/p>\n<p><strong>7. Hypertextov\u00e9 odkazy<\/strong><\/p>\n<p align=\"justify\">Webov\u00e9 str\u00e1nky AAASeedz mohou obsahovat odkazy na jin\u00e9 webov\u00e9 str\u00e1nky nebo jin\u00e9 zdroje dostupn\u00e9 na internetu.<\/p>\n<p align=\"justify\">Spole\u010dnost AAASeedz nem\u00e1 mo\u017enost kontrolovat str\u00e1nky p\u0159ipojen\u00e9 k jej\u00edm internetov\u00fdm str\u00e1nk\u00e1m. Spole\u010dnost AAASeedz neodpov\u00edd\u00e1 za dostupnost t\u011bchto extern\u00edch str\u00e1nek a zdroj\u016f, ani za n\u011b neru\u010d\u00ed. Spole\u010dnost AAASeedz nenese odpov\u011bdnost za jak\u00e9koli \u0161kody, a\u0165 u\u017e jak\u00e9hokoli druhu, vypl\u00fdvaj\u00edc\u00ed z obsahu t\u011bchto extern\u00edch str\u00e1nek nebo zdroj\u016f, zejm\u00e9na z informac\u00ed, produkt\u016f nebo slu\u017eeb, kter\u00e9 nab\u00edzej\u00ed, nebo z jak\u00e9hokoli pou\u017eit\u00ed t\u011bchto prvk\u016f. Rizika spojen\u00e1 s t\u00edmto pou\u017e\u00edv\u00e1n\u00edm nese pln\u011b u\u017eivatel internetu, kter\u00fd mus\u00ed dodr\u017eovat podm\u00ednky jejich pou\u017e\u00edv\u00e1n\u00ed.<\/p>\n<p align=\"justify\">U\u017eivatel\u00e9, p\u0159edplatitel\u00e9 a n\u00e1v\u0161t\u011bvn\u00edci webov\u00fdch str\u00e1nek spole\u010dnosti AAASeedz nesm\u00ed z\u0159\u00eddit hypertextov\u00fd odkaz na tyto str\u00e1nky bez p\u0159edchoz\u00edho v\u00fdslovn\u00e9ho souhlasu spole\u010dnosti AAASeedz. V p\u0159\u00edpad\u011b, \u017ee si u\u017eivatel nebo n\u00e1v\u0161t\u011bvn\u00edk p\u0159eje z\u0159\u00eddit hypertextov\u00fd odkaz na n\u011bkterou z webov\u00fdch str\u00e1nek spole\u010dnosti AAASeedz, mus\u00ed na tuto str\u00e1nku zaslat e-mail s \u017e\u00e1dost\u00ed o z\u0159\u00edzen\u00ed hypertextov\u00e9ho odkazu. Spole\u010dnost AAASeedz si vyhrazuje pr\u00e1vo hypertextov\u00fd odkaz p\u0159ijmout nebo odm\u00edtnout, ani\u017e by musela sv\u00e9 rozhodnut\u00ed zd\u016fvod\u0148ovat.<\/p>\n<p><strong>8. Prohl\u00e1\u0161en\u00ed pro CNIL<\/strong><\/p>\n<p align=\"justify\">V souladu se z\u00e1konem 78-17 ze dne 6. ledna 1978 (ve zn\u011bn\u00ed z\u00e1kona 2004-801 ze dne 6. srpna 2004 o ochran\u011b fyzick\u00fdch osob v souvislosti se zpracov\u00e1n\u00edm osobn\u00edch \u00fadaj\u016f) o zpracov\u00e1n\u00ed \u00fadaj\u016f, souborech \u00fadaj\u016f a osobn\u00edch svobod\u00e1ch byly tyto str\u00e1nky zaregistrov\u00e1ny u N\u00e1rodn\u00ed komise pro informatiku a svobody (CNIL).<\/p>\n<p><strong>9. Shroma\u017e\u010fov\u00e1n\u00ed a ochrana \u00fadaj\u016f<\/strong><\/p>\n<p align=\"justify\">Va\u0161e \u00fadaje shroma\u017e\u010fuje spole\u010dnost AAASeedz Osobn\u00edmi \u00fadaji se rozum\u00ed ve\u0161ker\u00e9 informace t\u00fdkaj\u00edc\u00ed se identifikovan\u00e9 nebo identifikovateln\u00e9 fyzick\u00e9 osoby (subjektu \u00fadaj\u016f); identifikovateln\u00e1 osoba je osoba, kterou lze p\u0159\u00edmo \u010di nep\u0159\u00edmo identifikovat, zejm\u00e9na na z\u00e1klad\u011b jm\u00e9na, identifika\u010dn\u00edho \u010d\u00edsla nebo jednoho \u010di v\u00edce prvk\u016f specifick\u00fdch pro jej\u00ed fyzickou, fyziologickou, genetickou, du\u0161evn\u00ed, ekonomickou, kulturn\u00ed nebo soci\u00e1ln\u00ed identitu.<\/p>\n<p align=\"justify\">Osobn\u00ed \u00fadaje, kter\u00e9 mohou b\u00fdt shrom\u00e1\u017ed\u011bny na t\u011bchto str\u00e1nk\u00e1ch, pou\u017e\u00edv\u00e1 spole\u010dnost AAASeedz p\u0159edev\u0161\u00edm ke zpracov\u00e1n\u00ed va\u0161ich objedn\u00e1vek a p\u0159\u00edpadn\u011b ke spr\u00e1v\u011b vztah\u016f s v\u00e1mi. Shroma\u017e\u010fovan\u00e9 osobn\u00ed \u00fadaje jsou n\u00e1sleduj\u00edc\u00ed: P\u0159\u00edjmen\u00ed, jm\u00e9no, \u00fapln\u00e1 po\u0161tovn\u00ed adresa, telefonn\u00ed \u010d\u00edslo a e-mailov\u00e1 adresa. Va\u0161e osobn\u00ed \u00fadaje jsou d\u016fv\u011brn\u00e9 a v \u017e\u00e1dn\u00e9m p\u0159\u00edpad\u011b nebudou sd\u011blov\u00e1ny t\u0159et\u00edm stran\u00e1m s v\u00fdjimkou \u0159\u00e1dn\u00e9ho v\u00fdkonu slu\u017eby.<\/p>\n<p><strong>10. Pou\u017eit\u00ed dat<\/strong><\/p>\n<p align=\"justify\">Osobn\u00ed \u00fadaje shrom\u00e1\u017ed\u011bn\u00e9 od u\u017eivatel\u016f se pou\u017e\u00edvaj\u00ed k poskytov\u00e1n\u00ed a zlep\u0161ov\u00e1n\u00ed slu\u017eeb platformy a k udr\u017eov\u00e1n\u00ed bezpe\u010dn\u00e9ho prost\u0159ed\u00ed. Pr\u00e1vn\u00edm z\u00e1kladem pro zpracov\u00e1n\u00ed je pln\u011bn\u00ed smlouvy mezi u\u017eivatelem a Platformou. Konkr\u00e9tn\u011b se jedn\u00e1 o n\u00e1sleduj\u00edc\u00ed zp\u016fsoby pou\u017eit\u00ed: P\u0159\u00edstup k Platform\u011b a jej\u00ed pou\u017e\u00edv\u00e1n\u00ed u\u017eivatelem. Spr\u00e1va provozu a optimalizace Platformy. Prov\u00e1d\u011bn\u00ed asisten\u010dn\u00edch slu\u017eeb pro u\u017eivatele. Ov\u011b\u0159ov\u00e1n\u00ed, identifikace a autentizace \u00fadaj\u016f p\u0159ed\u00e1van\u00fdch u\u017eivatelem. Personalizace slu\u017eeb zobrazov\u00e1n\u00edm reklam podle historie prohl\u00ed\u017een\u00ed a preferenc\u00ed u\u017eivatele. Prevence a detekce podvod\u016f, malwaru a spr\u00e1va bezpe\u010dnostn\u00edch incident\u016f. Spr\u00e1va p\u0159\u00edpadn\u00fdch spor\u016f s u\u017eivateli. Zas\u00edl\u00e1n\u00ed obchodn\u00edch a reklamn\u00edch informac\u00ed na z\u00e1klad\u011b preferenc\u00ed u\u017eivatele.<\/p>\n<p><strong>11. Politika uchov\u00e1v\u00e1n\u00ed \u00fadaj\u016f<\/strong><\/p>\n<p align=\"justify\">Platforma uchov\u00e1v\u00e1 va\u0161e \u00fadaje po dobu nezbytnou k poskytov\u00e1n\u00ed sv\u00fdch slu\u017eeb nebo podpory. V rozsahu, kter\u00fd je p\u0159im\u011b\u0159en\u011b nezbytn\u00fd nebo po\u017eadovan\u00fd pro spln\u011bn\u00ed z\u00e1konn\u00fdch nebo regula\u010dn\u00edch povinnost\u00ed, \u0159e\u0161en\u00ed spor\u016f, prevenci podvod\u016f a zneu\u017eit\u00ed nebo vym\u00e1h\u00e1n\u00ed na\u0161ich podm\u00ednek, m\u016f\u017eeme n\u011bkter\u00e9 va\u0161e \u00fadaje uchov\u00e1vat podle pot\u0159eby i pot\u00e9, co jste zru\u0161ili sv\u016fj \u00fa\u010det nebo je ji\u017e nepot\u0159ebujeme k poskytov\u00e1n\u00ed na\u0161ich slu\u017eeb.<\/p>\n<p><strong>12. Sd\u00edlen\u00ed osobn\u00edch \u00fadaj\u016f s t\u0159et\u00edmi stranami<\/strong><\/p>\n<p align=\"justify\">Osobn\u00ed \u00fadaje mohou b\u00fdt sd\u00edleny se spole\u010dnostmi t\u0159et\u00edch stran v\u00fdhradn\u011b v Evropsk\u00e9 unii, a to v n\u00e1sleduj\u00edc\u00edch p\u0159\u00edpadech: Pokud u\u017eivatel zve\u0159ejn\u00ed ve\u0159ejn\u011b p\u0159\u00edstupn\u00e9 informace v oblasti voln\u00fdch koment\u00e1\u0159\u016f na platform\u011b. Kdy\u017e u\u017eivatel povol\u00ed webov\u00e9 str\u00e1nce t\u0159et\u00ed strany p\u0159\u00edstup ke sv\u00fdm \u00fadaj\u016fm. Kdy\u017e Platforma vyu\u017e\u00edv\u00e1 slu\u017eeb poskytovatel\u016f slu\u017eeb k poskytov\u00e1n\u00ed u\u017eivatelsk\u00e9 podpory, reklamn\u00edch a platebn\u00edch slu\u017eeb. Tito poskytovatel\u00e9 slu\u017eeb maj\u00ed za \u00fa\u010delem poskytov\u00e1n\u00ed t\u011bchto slu\u017eeb omezen\u00fd p\u0159\u00edstup k \u00fadaj\u016fm u\u017eivatele a jsou smluvn\u011b zav\u00e1z\u00e1ni pou\u017e\u00edvat je v souladu s ustanoven\u00edmi platn\u00fdch p\u0159edpis\u016f o ochran\u011b osobn\u00edch \u00fadaj\u016f. Pokud to vy\u017eaduje z\u00e1kon, m\u016f\u017ee platforma p\u0159ed\u00e1vat \u00fadaje za \u00fa\u010delem uplatn\u011bn\u00ed n\u00e1rok\u016f v\u016f\u010di platform\u011b a za \u00fa\u010delem spr\u00e1vn\u00edch a soudn\u00edch \u0159\u00edzen\u00ed.<\/p>\n<p><strong>13. Pr\u00e1vo na p\u0159\u00edstup<\/strong><\/p>\n<p align=\"justify\">Podle tohoto z\u00e1kona maj\u00ed u\u017eivatel\u00e9 internetu pr\u00e1vo na p\u0159\u00edstup k \u00fadaj\u016fm, kter\u00e9 se jich osobn\u011b t\u00fdkaj\u00ed, na jejich opravu, \u00fapravu, vymaz\u00e1n\u00ed, omezen\u00ed, vznesen\u00ed n\u00e1mitek a p\u0159enos. Toto pr\u00e1vo lze uplatnit po\u0161tou na adresu AAASeedz nebo e-mailem na adresu: contact@aaaseedz.com.<\/p>\n<p align=\"justify\">Ke v\u0161em \u017e\u00e1dostem je t\u0159eba p\u0159ilo\u017eit fotokopii platn\u00e9ho podepsan\u00e9ho dokladu toto\u017enosti a uv\u00e9st adresu, na kter\u00e9 m\u016f\u017ee AAASeedz \u017eadatele kontaktovat. Odpov\u011b\u010f bude zasl\u00e1na do jednoho m\u011bs\u00edce od obdr\u017een\u00ed \u017e\u00e1dosti. Tato jednom\u011bs\u00ed\u010dn\u00ed lh\u016fta m\u016f\u017ee b\u00fdt prodlou\u017eena o dva m\u011bs\u00edce, pokud to vy\u017eaduje slo\u017eitost \u017e\u00e1dosti a\/nebo po\u010det \u017e\u00e1dost\u00ed.<\/p>\n<p align=\"justify\">Od z\u00e1kona \u010d. 2016-1321 ze dne 7. \u0159\u00edjna 2016 maj\u00ed nav\u00edc fyzick\u00e9 osoby, kter\u00e9 si to p\u0159ej\u00ed, mo\u017enost uspo\u0159\u00e1dat osud sv\u00fdch \u00fadaj\u016f po sv\u00e9 smrti. V\u00edce informac\u00ed k tomuto t\u00e9matu naleznete na webov\u00fdch str\u00e1nk\u00e1ch CNIL: https:\/\/www.cnil.fr\/. U\u017eivatel\u00e9 mohou rovn\u011b\u017e podat st\u00ed\u017enost u CNIL. Doporu\u010dujeme, abyste se p\u0159ed pod\u00e1n\u00edm st\u00ed\u017enosti u CNIL nejprve obr\u00e1tili na n\u00e1s, proto\u017ee jsme v\u00e1m pln\u011b k dispozici pro vy\u0159e\u0161en\u00ed va\u0161eho probl\u00e9mu.<\/p>\n<p><strong>14. Pr\u00e1va du\u0161evn\u00edho vlastnictv\u00ed<\/strong><\/p>\n<p align=\"justify\">Ve\u0161ker\u00fd obsah t\u011bchto str\u00e1nek, mimo jin\u00e9 v\u010detn\u011b grafiky, obr\u00e1zk\u016f, text\u016f, vide\u00ed, animac\u00ed, zvuk\u016f, log, gif\u016f a ikon, jako\u017e i jejich uspo\u0159\u00e1d\u00e1n\u00ed, je v\u00fdhradn\u00edm vlastnictv\u00edm spole\u010dnosti AAASeedz, s v\u00fdjimkou ochrann\u00fdch zn\u00e1mek, log nebo obsahu pat\u0159\u00edc\u00edho jin\u00fdm partner\u016fm nebo autor\u016fm.<\/p>\n<p align=\"justify\">Jak\u00e1koli reprodukce, distribuce, \u00faprava, adaptace, dal\u0161\u00ed p\u0159enos nebo publikace, a to i \u010d\u00e1ste\u010dn\u00e1, t\u011bchto r\u016fzn\u00fdch prvk\u016f je bez v\u00fdslovn\u00e9ho p\u00edsemn\u00e9ho souhlasu spole\u010dnosti AAASeedz p\u0159\u00edsn\u011b zak\u00e1z\u00e1na. Takov\u00e1 reprezentace nebo reprodukce jak\u00fdmkoli zp\u016fsobem p\u0159edstavuje poru\u0161en\u00ed, kter\u00e9 je trestn\u00e9 podle \u010dl\u00e1nk\u016f L.335-2 a n\u00e1sleduj\u00edc\u00edch francouzsk\u00e9ho z\u00e1kon\u00edku o du\u0161evn\u00edm vlastnictv\u00ed. Nedodr\u017een\u00ed tohoto z\u00e1kazu p\u0159edstavuje protipr\u00e1vn\u00ed jedn\u00e1n\u00ed, kter\u00e9 m\u016f\u017ee v\u00e9st k ob\u010danskopr\u00e1vn\u00ed a trestn\u011bpr\u00e1vn\u00ed odpov\u011bdnosti poru\u0161itele. Krom\u011b toho proti v\u00e1m mohou vlastn\u00edci zkop\u00edrovan\u00e9ho obsahu podniknout pr\u00e1vn\u00ed kroky.<\/p>\n<p align=\"justify\">Spole\u010dnost AAASeedz je toto\u017en\u00e1 s vlastn\u00edkem \"pr\u00e1v producent\u016f datab\u00e1z\u00ed\" uveden\u00fdch v hlav\u011b IV knihy III z\u00e1kon\u00edku o du\u0161evn\u00edm vlastnictv\u00ed (z\u00e1kon \u010d. 98-536 ze dne 1. \u010dervence 1998), kter\u00e1 se t\u00fdkaj\u00ed autorsk\u00fdch pr\u00e1v a datab\u00e1z\u00ed.<\/p>\n<p align=\"justify\">Ve\u0161ker\u00e9 \u017e\u00e1dosti o autorizaci nebo informace zas\u00edlejte na e-mail: contact@aaaseedz.com.<\/p>\n<p><strong>15. Obchodn\u00ed nab\u00eddky<\/strong><\/p>\n<p align=\"justify\">M\u016f\u017eete dost\u00e1vat komer\u010dn\u00ed nab\u00eddky od spole\u010dnosti AAASeedz, partner\u016f spole\u010dnosti AAASeedz pro \u00fa\u010dely komer\u010dn\u00edho vyhled\u00e1v\u00e1n\u00ed. Pokud si nep\u0159ejete takov\u00e9 nab\u00eddky dost\u00e1vat, kontaktujte n\u00e1s pros\u00edm e-mailem: contact@aaaseedz.com.<\/p>\n<p align=\"justify\">Pokud p\u0159i prohl\u00ed\u017een\u00ed str\u00e1nek z\u00edsk\u00e1te p\u0159\u00edstup k osobn\u00edm \u00fadaj\u016fm, mus\u00edte se zdr\u017eet jak\u00e9hokoli shroma\u017e\u010fov\u00e1n\u00ed, neopr\u00e1vn\u011bn\u00e9ho pou\u017e\u00edv\u00e1n\u00ed a jak\u00e9hokoli jedn\u00e1n\u00ed, kter\u00e9 by mohlo p\u0159edstavovat z\u00e1sah do soukrom\u00ed nebo pov\u011bsti osob. Spole\u010dnost AAASeedz v tomto ohledu nenese \u017e\u00e1dnou odpov\u011bdnost. \u00dadaje jsou uchov\u00e1v\u00e1ny a pou\u017e\u00edv\u00e1ny po dobu v souladu s platn\u00fdmi pr\u00e1vn\u00edmi p\u0159edpisy.<\/p>\n<p><strong>16. Soubory cookie<\/strong><\/p>\n<p align=\"justify\">Pro statistick\u00e9 a zobrazovac\u00ed \u00fa\u010dely pou\u017e\u00edv\u00e1 tato str\u00e1nka soubory cookie. Jedn\u00e1 se o mal\u00e9 textov\u00e9 soubory ulo\u017een\u00e9 na va\u0161em pevn\u00e9m disku, kter\u00e9 zaznamen\u00e1vaj\u00ed technick\u00e9 \u00fadaje o va\u0161em prohl\u00ed\u017een\u00ed. N\u011bkter\u00e9 \u010d\u00e1sti t\u011bchto str\u00e1nek nelze pou\u017e\u00edvat bez p\u0159ijet\u00ed soubor\u016f cookie. Dal\u0161\u00ed informace naleznete zde: Co jsou to soubory cookie a jak je mohu spravovat (dal\u0161\u00ed informace naleznete v \u010dl\u00e1nku 8 sm\u011brnice RGPD na str\u00e1nce webu).<\/p>\n<p><strong>17. Vyhled\u00e1v\u00e1n\u00ed<\/strong><\/p>\n<p align=\"justify\">Krom\u011b toho odkaz na webovou str\u00e1nku za \u00fa\u010delem dokon\u010den\u00ed vyhled\u00e1v\u00e1n\u00ed v \u017e\u00e1dn\u00e9m p\u0159\u00edpad\u011b neznamen\u00e1, \u017ee spole\u010dnost AAASeedz uzn\u00e1v\u00e1 nebo p\u0159ij\u00edm\u00e1 jakoukoli odpov\u011bdnost za obsah nebo pou\u017e\u00edv\u00e1n\u00ed t\u00e9to str\u00e1nky.<\/p>\n<p><strong>18. Fotografie a vyobrazen\u00ed v\u00fdrobk\u016f<\/strong><\/p>\n<p align=\"justify\">Fotografie a vizualizace produkt\u016f, kter\u00e9 doprov\u00e1zej\u00ed jejich popis, nejsou smluvn\u00ed a nezavazuj\u00ed spole\u010dnost AAASeedz.<\/p>\n<p><strong>19. Spory a rozhodn\u00e9 pr\u00e1vo<\/strong><\/p>\n<p align=\"justify\">Tyto podm\u00ednky se \u0159\u00edd\u00ed francouzsk\u00fdm pr\u00e1vem a ve\u0161ker\u00e9 spory nebo soudn\u00ed spory, kter\u00e9 mohou vzniknout v souvislosti s v\u00fdkladem nebo pln\u011bn\u00edm t\u011bchto podm\u00ednek, spadaj\u00ed do v\u00fdlu\u010dn\u00e9 pravomoci soud\u016f p\u0159\u00edslu\u0161n\u00fdch podle s\u00eddla spole\u010dnosti AAASeedz. Referen\u010dn\u00edm jazykem pro \u0159e\u0161en\u00ed p\u0159\u00edpadn\u00fdch spor\u016f je francouz\u0161tina. Tyto v\u0161eobecn\u00e9 obchodn\u00ed podm\u00ednky se \u0159\u00edd\u00ed francouzsk\u00fdm pr\u00e1vem. To plat\u00ed jak pro hmotn\u011bpr\u00e1vn\u00ed, tak pro form\u00e1ln\u00ed pravidla.<\/p>\n<p><strong>20. Kontaktujte n\u00e1s<\/strong><\/p>\n<p align=\"justify\">AAASeedz uv\u00edt\u00e1 jak\u00e9koli va\u0161e p\u0159ipom\u00ednky nebo n\u00e1vrhy. M\u016f\u017eete n\u00e1m napsat v angli\u010dtin\u011b nebo francouz\u0161tin\u011b na e-mail: contact@aaaseedz.com.<\/p>\n<p align=\"right\"><em><span style=\"font-size: small;\"> Posledn\u00ed aktualizace: 05\/11\/2024<\/span><\/em><\/p>","protected":false},"excerpt":{"rendered":"<p>MENTIONS L\u00c9GALES AAASeedz, soucieux des droits des individus, notamment au regard des traitements automatis\u00e9s et dans une volont\u00e9 de transparence<\/p>","protected":false},"author":1,"featured_media":0,"parent":0,"menu_order":0,"comment_status":"closed","ping_status":"closed","template":"","meta":{"footnotes":""},"class_list":["post-50","page","type-page","status-publish","hentry"],"jetpack_sharing_enabled":true,"_links":{"self":[{"href":"https:\/\/www.aaaseedz.com\/cs\/wp-json\/wp\/v2\/pages\/50","targetHints":{"allow":["GET"]}}],"collection":[{"href":"https:\/\/www.aaaseedz.com\/cs\/wp-json\/wp\/v2\/pages"}],"about":[{"href":"https:\/\/www.aaaseedz.com\/cs\/wp-json\/wp\/v2\/types\/page"}],"author":[{"embeddable":true,"href":"https:\/\/www.aaaseedz.com\/cs\/wp-json\/wp\/v2\/users\/1"}],"replies":[{"embeddable":true,"href":"https:\/\/www.aaaseedz.com\/cs\/wp-json\/wp\/v2\/comments?post=50"}],"version-history":[{"count":1,"href":"https:\/\/www.aaaseedz.com\/cs\/wp-json\/wp\/v2\/pages\/50\/revisions"}],"predecessor-version":[{"id":12601,"href":"https:\/\/www.aaaseedz.com\/cs\/wp-json\/wp\/v2\/pages\/50\/revisions\/12601"}],"wp:attachment":[{"href":"https:\/\/www.aaaseedz.com\/cs\/wp-json\/wp\/v2\/media?parent=50"}],"curies":[{"name":"wp","href":"https:\/\/api.w.org\/{rel}","templated":true}]}}