{"id":10423,"date":"2024-05-03T17:04:34","date_gmt":"2024-05-03T15:04:34","guid":{"rendered":"https:\/\/www.aaaseedz.com\/?post_type=product&#038;p=10423"},"modified":"2025-06-11T16:33:45","modified_gmt":"2025-06-11T14:33:45","slug":"terphogz-2024-pazzaya","status":"publish","type":"product","link":"https:\/\/www.aaaseedz.com\/cs\/produit\/terphogz-2024-pazzaya\/","title":{"rendered":"Pazzaya - Terphogz 2024"},"content":{"rendered":"<p><strong>B\u011b\u017en\u00e1 semena<\/strong><br \/>\n<strong>Balen\u00ed<\/strong> : 10 semen<br \/>\n<strong>Chovatel\u00e9<\/strong> : Terphogz<br \/>\n<strong>N\u00e1zev<\/strong> : Pazzaya<br \/>\n<strong>Cross<\/strong> : Zazaya x (Pineapple Passion x Passion Lemon Zmoothie)<\/p>\n<p><em>Varov\u00e1n\u00ed: Dr\u017een\u00ed a sb\u011br semen jsou ve Francii povoleny. Tato semena se nesm\u00ed pou\u017e\u00edvat k jin\u00fdm \u00fa\u010del\u016fm, ne\u017e kter\u00e9 povoluj\u00ed z\u00e1kony va\u0161\u00ed zem\u011b. Kl\u00ed\u010den\u00ed a prodej nezletil\u00fdm osob\u00e1m je p\u0159\u00edsn\u011b zak\u00e1z\u00e1n. Spole\u010dnost AAASeedz nenese odpov\u011bdnost v p\u0159\u00edpad\u011b nedodr\u017een\u00ed z\u00e1kon\u016f zem\u011b pobytu.<\/em><\/p>","protected":false},"excerpt":{"rendered":"<p>Graines R\u00e9guli\u00e8res Pack : 10 graines Breeder : Terphogz Nom : Pazzaya Croisement : Zazaya x (Pineapple Passion x Passion<\/p>","protected":false},"featured_media":10869,"template":"","meta":[],"product_brand":[],"product_cat":[71],"product_tag":[107,110,144,122,109,106,120],"class_list":{"0":"post-10423","1":"product","2":"type-product","3":"status-publish","4":"has-post-thumbnail","6":"product_cat-regulieres","7":"product_tag-107","8":"product_tag-passion-lemon-zmoothie","9":"product_tag-pazzaya","10":"product_tag-pineapple-passion","11":"product_tag-regulieres","12":"product_tag-terphogz","13":"product_tag-zazaya","15":"first","16":"instock","17":"shipping-taxable","18":"purchasable","19":"product-type-simple"},"jetpack_sharing_enabled":true,"_links":{"self":[{"href":"https:\/\/www.aaaseedz.com\/cs\/wp-json\/wp\/v2\/product\/10423","targetHints":{"allow":["GET"]}}],"collection":[{"href":"https:\/\/www.aaaseedz.com\/cs\/wp-json\/wp\/v2\/product"}],"about":[{"href":"https:\/\/www.aaaseedz.com\/cs\/wp-json\/wp\/v2\/types\/product"}],"wp:featuredmedia":[{"embeddable":true,"href":"https:\/\/www.aaaseedz.com\/cs\/wp-json\/wp\/v2\/media\/10869"}],"wp:attachment":[{"href":"https:\/\/www.aaaseedz.com\/cs\/wp-json\/wp\/v2\/media?parent=10423"}],"wp:term":[{"taxonomy":"product_brand","embeddable":true,"href":"https:\/\/www.aaaseedz.com\/cs\/wp-json\/wp\/v2\/product_brand?post=10423"},{"taxonomy":"product_cat","embeddable":true,"href":"https:\/\/www.aaaseedz.com\/cs\/wp-json\/wp\/v2\/product_cat?post=10423"},{"taxonomy":"product_tag","embeddable":true,"href":"https:\/\/www.aaaseedz.com\/cs\/wp-json\/wp\/v2\/product_tag?post=10423"}],"curies":[{"name":"wp","href":"https:\/\/api.w.org\/{rel}","templated":true}]}}