{"id":10458,"date":"2024-05-04T18:54:31","date_gmt":"2024-05-04T16:54:31","guid":{"rendered":"https:\/\/www.aaaseedz.com\/?post_type=product&#038;p=10458"},"modified":"2025-06-10T16:58:46","modified_gmt":"2025-06-10T14:58:46","slug":"terphogz-x-global-genetics-blueburry","status":"publish","type":"product","link":"https:\/\/www.aaaseedz.com\/cs\/produit\/terphogz-x-global-genetics-blueburry\/","title":{"rendered":"Blueburry - Global Genetics"},"content":{"rendered":"<p><strong>Feminizovan\u00e1 semena<\/strong><br \/>\n<strong>Balen\u00ed<\/strong> : 6 semen<br \/>\n<strong>Chovatel\u00e9<\/strong> : Global Genetics<br \/>\n<strong>N\u00e1zev<\/strong> : Blueburry<br \/>\n<strong>Cross<\/strong> : Blue Sherb x Runtz<\/p>\n<p><em>Varov\u00e1n\u00ed: Dr\u017een\u00ed a sb\u011br semen jsou ve Francii povoleny. Tato semena se nesm\u00ed pou\u017e\u00edvat k jin\u00fdm \u00fa\u010del\u016fm, ne\u017e kter\u00e9 povoluj\u00ed z\u00e1kony va\u0161\u00ed zem\u011b. Kl\u00ed\u010den\u00ed a prodej nezletil\u00fdm osob\u00e1m je p\u0159\u00edsn\u011b zak\u00e1z\u00e1n. Spole\u010dnost AAASeedz nenese odpov\u011bdnost v p\u0159\u00edpad\u011b nedodr\u017een\u00ed z\u00e1kon\u016f zem\u011b pobytu.<\/em><\/p>","protected":false},"excerpt":{"rendered":"<p>Graines F\u00e9minis\u00e9es Pack : 6 graines Breeder : Global Genetics Nom : Blueburry Croisement : Blue Sherb x Runtz Avertissement<\/p>","protected":false},"featured_media":10889,"template":"","meta":[],"product_brand":[],"product_cat":[70],"product_tag":[92,181,77,73,76,106],"class_list":{"0":"post-10458","1":"product","2":"type-product","3":"status-publish","4":"has-post-thumbnail","6":"product_cat-feminisees","7":"product_tag-blue-sherb","8":"product_tag-blueburry","9":"product_tag-feminisee","10":"product_tag-global-genetics","11":"product_tag-runtz","12":"product_tag-terphogz","14":"first","15":"instock","16":"shipping-taxable","17":"purchasable","18":"product-type-simple"},"jetpack_sharing_enabled":true,"_links":{"self":[{"href":"https:\/\/www.aaaseedz.com\/cs\/wp-json\/wp\/v2\/product\/10458","targetHints":{"allow":["GET"]}}],"collection":[{"href":"https:\/\/www.aaaseedz.com\/cs\/wp-json\/wp\/v2\/product"}],"about":[{"href":"https:\/\/www.aaaseedz.com\/cs\/wp-json\/wp\/v2\/types\/product"}],"wp:featuredmedia":[{"embeddable":true,"href":"https:\/\/www.aaaseedz.com\/cs\/wp-json\/wp\/v2\/media\/10889"}],"wp:attachment":[{"href":"https:\/\/www.aaaseedz.com\/cs\/wp-json\/wp\/v2\/media?parent=10458"}],"wp:term":[{"taxonomy":"product_brand","embeddable":true,"href":"https:\/\/www.aaaseedz.com\/cs\/wp-json\/wp\/v2\/product_brand?post=10458"},{"taxonomy":"product_cat","embeddable":true,"href":"https:\/\/www.aaaseedz.com\/cs\/wp-json\/wp\/v2\/product_cat?post=10458"},{"taxonomy":"product_tag","embeddable":true,"href":"https:\/\/www.aaaseedz.com\/cs\/wp-json\/wp\/v2\/product_tag?post=10458"}],"curies":[{"name":"wp","href":"https:\/\/api.w.org\/{rel}","templated":true}]}}