{"id":10686,"date":"2024-05-04T23:52:32","date_gmt":"2024-05-04T21:52:32","guid":{"rendered":"https:\/\/www.aaaseedz.com\/?post_type=product&#038;p=10686"},"modified":"2025-06-11T18:40:20","modified_gmt":"2025-06-11T16:40:20","slug":"terphogz-x-kounter-kulture-zereza-runtaz","status":"publish","type":"product","link":"https:\/\/www.aaaseedz.com\/cs\/produit\/terphogz-x-kounter-kulture-zereza-runtaz\/","title":{"rendered":"Zereza Runtaz - Terphogz x Kounter Kulture"},"content":{"rendered":"<p><strong>Feminizovan\u00e1 semena<\/strong><br \/>\n<strong>Balen\u00ed<\/strong> : 10 semen<br \/>\n<strong>Chovatel\u00e9<\/strong> : Terphogz x Kounter Kulture<br \/>\n<strong>N\u00e1zev<\/strong> : Zereza Runtaz<br \/>\n<strong>Cross<\/strong> : Cherry Runtz x Crop Duster<\/p>\n<p><em>Varov\u00e1n\u00ed: Dr\u017een\u00ed a sb\u011br semen jsou ve Francii povoleny. Tato semena se nesm\u00ed pou\u017e\u00edvat k jin\u00fdm \u00fa\u010del\u016fm, ne\u017e kter\u00e9 povoluj\u00ed z\u00e1kony va\u0161\u00ed zem\u011b. Kl\u00ed\u010den\u00ed a prodej nezletil\u00fdm osob\u00e1m je p\u0159\u00edsn\u011b zak\u00e1z\u00e1n. Spole\u010dnost AAASeedz nenese odpov\u011bdnost v p\u0159\u00edpad\u011b nedodr\u017een\u00ed z\u00e1kon\u016f zem\u011b pobytu.<\/em><\/p>","protected":false},"excerpt":{"rendered":"<p>Graines F\u00e9minis\u00e9es Pack : 10 graines Breeder : Terphogz x Kounter Kulture Nom : Zereza Runtaz Croisement : Cherry Runtz<\/p>","protected":false},"featured_media":10962,"template":"","meta":[],"product_brand":[],"product_cat":[70],"product_tag":[229,224,77,209,106,228],"class_list":{"0":"post-10686","1":"product","2":"type-product","3":"status-publish","4":"has-post-thumbnail","6":"product_cat-feminisees","7":"product_tag-cherry-runtz","8":"product_tag-crop-duster","9":"product_tag-feminisee","10":"product_tag-kounter-kulture","11":"product_tag-terphogz","12":"product_tag-zereza-runtaz","14":"first","15":"instock","16":"shipping-taxable","17":"purchasable","18":"product-type-simple"},"jetpack_sharing_enabled":true,"_links":{"self":[{"href":"https:\/\/www.aaaseedz.com\/cs\/wp-json\/wp\/v2\/product\/10686","targetHints":{"allow":["GET"]}}],"collection":[{"href":"https:\/\/www.aaaseedz.com\/cs\/wp-json\/wp\/v2\/product"}],"about":[{"href":"https:\/\/www.aaaseedz.com\/cs\/wp-json\/wp\/v2\/types\/product"}],"wp:featuredmedia":[{"embeddable":true,"href":"https:\/\/www.aaaseedz.com\/cs\/wp-json\/wp\/v2\/media\/10962"}],"wp:attachment":[{"href":"https:\/\/www.aaaseedz.com\/cs\/wp-json\/wp\/v2\/media?parent=10686"}],"wp:term":[{"taxonomy":"product_brand","embeddable":true,"href":"https:\/\/www.aaaseedz.com\/cs\/wp-json\/wp\/v2\/product_brand?post=10686"},{"taxonomy":"product_cat","embeddable":true,"href":"https:\/\/www.aaaseedz.com\/cs\/wp-json\/wp\/v2\/product_cat?post=10686"},{"taxonomy":"product_tag","embeddable":true,"href":"https:\/\/www.aaaseedz.com\/cs\/wp-json\/wp\/v2\/product_tag?post=10686"}],"curies":[{"name":"wp","href":"https:\/\/api.w.org\/{rel}","templated":true}]}}