{"id":10713,"date":"2024-05-05T01:42:29","date_gmt":"2024-05-04T23:42:29","guid":{"rendered":"https:\/\/www.aaaseedz.com\/?post_type=product&#038;p=10713"},"modified":"2025-06-11T17:25:25","modified_gmt":"2025-06-11T15:25:25","slug":"terphogz-x-global-genetics-z-noze","status":"publish","type":"product","link":"https:\/\/www.aaaseedz.com\/cs\/produit\/terphogz-x-global-genetics-z-noze\/","title":{"rendered":"Z Noze - Terphogz x Global Genetics"},"content":{"rendered":"<p><strong>B\u011b\u017en\u00e1 semena<\/strong><br \/>\n<strong>Balen\u00ed<\/strong> : 10 semen<br \/>\n<strong>Chovatel\u00e9<\/strong> : Terphogz x Global Genetics x Weeds The People<br \/>\n<strong>N\u00e1zev<\/strong> : Z Noze<br \/>\n<strong>Cross<\/strong> (The Original Z x Zereal Milk) x The Moze<\/p>\n<p><em>Varov\u00e1n\u00ed: Dr\u017een\u00ed a sb\u011br semen jsou ve Francii povoleny. Tato semena se nesm\u00ed pou\u017e\u00edvat k jin\u00fdm \u00fa\u010del\u016fm, ne\u017e kter\u00e9 povoluj\u00ed z\u00e1kony va\u0161\u00ed zem\u011b. Kl\u00ed\u010den\u00ed a prodej nezletil\u00fdm osob\u00e1m je p\u0159\u00edsn\u011b zak\u00e1z\u00e1n. Spole\u010dnost AAASeedz nenese odpov\u011bdnost v p\u0159\u00edpad\u011b nedodr\u017een\u00ed z\u00e1kon\u016f zem\u011b pobytu.<\/em><\/p>","protected":false},"excerpt":{"rendered":"<p>Graines R\u00e9guli\u00e8res Pack : 10 graines Breeder : Terphogz x Global Genetics x Weeds The People Nom : Z Noze<\/p>","protected":false},"featured_media":12237,"template":"","meta":[],"product_brand":[],"product_cat":[71],"product_tag":[73,109,106,275,346,452,274,255],"class_list":{"0":"post-10713","1":"product","2":"type-product","3":"status-publish","4":"has-post-thumbnail","6":"product_cat-regulieres","7":"product_tag-global-genetics","8":"product_tag-regulieres","9":"product_tag-terphogz","10":"product_tag-the-moze","11":"product_tag-weeds-the-people","12":"product_tag-z","13":"product_tag-z-noze","14":"product_tag-zereal-milk","16":"first","17":"instock","18":"shipping-taxable","19":"purchasable","20":"product-type-simple"},"jetpack_sharing_enabled":true,"_links":{"self":[{"href":"https:\/\/www.aaaseedz.com\/cs\/wp-json\/wp\/v2\/product\/10713","targetHints":{"allow":["GET"]}}],"collection":[{"href":"https:\/\/www.aaaseedz.com\/cs\/wp-json\/wp\/v2\/product"}],"about":[{"href":"https:\/\/www.aaaseedz.com\/cs\/wp-json\/wp\/v2\/types\/product"}],"wp:featuredmedia":[{"embeddable":true,"href":"https:\/\/www.aaaseedz.com\/cs\/wp-json\/wp\/v2\/media\/12237"}],"wp:attachment":[{"href":"https:\/\/www.aaaseedz.com\/cs\/wp-json\/wp\/v2\/media?parent=10713"}],"wp:term":[{"taxonomy":"product_brand","embeddable":true,"href":"https:\/\/www.aaaseedz.com\/cs\/wp-json\/wp\/v2\/product_brand?post=10713"},{"taxonomy":"product_cat","embeddable":true,"href":"https:\/\/www.aaaseedz.com\/cs\/wp-json\/wp\/v2\/product_cat?post=10713"},{"taxonomy":"product_tag","embeddable":true,"href":"https:\/\/www.aaaseedz.com\/cs\/wp-json\/wp\/v2\/product_tag?post=10713"}],"curies":[{"name":"wp","href":"https:\/\/api.w.org\/{rel}","templated":true}]}}