{"id":10726,"date":"2024-05-05T15:56:13","date_gmt":"2024-05-05T13:56:13","guid":{"rendered":"https:\/\/www.aaaseedz.com\/?post_type=product&#038;p=10726"},"modified":"2025-06-10T17:12:16","modified_gmt":"2025-06-10T15:12:16","slug":"perfektni-strom-chantilly","status":"publish","type":"product","link":"https:\/\/www.aaaseedz.com\/cs\/produit\/perfect-tree-chantilly-2\/","title":{"rendered":"Chantilly - Perfect Tree"},"content":{"rendered":"<p>Perfect Tree Chantilly je odr\u016fda, kter\u00e1 roztaje va\u0161e srdce! Tento mal\u00fd z\u00e1zrak s hust\u00fdmi poupaty a spoustou prysky\u0159ice je jako vynikaj\u00edc\u00ed dezert, kter\u00fd \u010dek\u00e1 jen na to, a\u017e si ho vychutn\u00e1te. P\u0159edstavte si kv\u011bty tak pln\u00e9 trichom\u016f, \u017ee se t\u00e9m\u011b\u0159 t\u0159pyt\u00ed, p\u0159ipraven\u00e9 nab\u00eddnout v\u00e1m nezapomenuteln\u00fd chu\u0165ov\u00fd z\u00e1\u017eitek.<\/p>\n<p>Chantilly je plodem lahodn\u00e9ho spojen\u00ed L.A Kush Cake a Jet A, hybridu, kter\u00fd se p\u0159ikl\u00e1n\u00ed k dominanci indiky. Za pouh\u00fdch 8 t\u00fddn\u016f kveten\u00ed v\u00e1s tato kr\u00e1ska odm\u011bn\u00ed p\u016fsobiv\u00fdmi v\u00fdnosy. Ka\u017ed\u00fd \u0161luk je skute\u010dn\u00fdm festivalem chut\u00ed, v n\u011bm\u017e se m\u00eds\u00ed t\u00f3ny \u010derstv\u011b upe\u010den\u00fdch su\u0161enek, hladk\u00e9 smetany a okouzluj\u00edc\u00edho ko\u0159en\u00ed. Je to jako vychutn\u00e1vat si gurm\u00e1nsk\u00fd dezert a z\u00e1rove\u0148 si u\u017e\u00edvat blahod\u00e1rn\u00fdch \u00fa\u010dink\u016f konop\u00ed!<\/p>\n<p>A\u010dkoli Chantilly nen\u00ed ob\u0159\u00ed rostlina, vynahrazuje to svou robustnost\u00ed. Jej\u00ed pevn\u00e9 v\u011btve vytv\u00e1\u0159ej\u00ed n\u00e1dhern\u00e9, kompaktn\u00ed kv\u011bty, kter\u00e9 jsou skute\u010dnou pastvou pro o\u010di. Chcete-li maximalizovat \u00farodu, nev\u00e1hejte hlavn\u00ed v\u011btev n\u011bkolikr\u00e1t se\u0159\u00edznout. Rostlina se tak rozvine v bujn\u00fd ke\u0159 p\u0159ekypuj\u00edc\u00ed poupaty p\u0159ipraven\u00fdmi ke sklizni. A a\u0165 u\u017e si vyberete jak\u00fdkoli fenotyp, v\u017edy budete odm\u011bn\u011bni \u0161t\u011bdrou vrstvou prysky\u0159ice, kter\u00e1 se t\u0159pyt\u00ed jako hv\u011bzdy.<\/p>\n<p>Kdy\u017e u\u017e mluv\u00edme o chut\u00edch, Chantilly nezklame! O\u010dek\u00e1vejte sladkou v\u016fni p\u0159ipom\u00ednaj\u00edc\u00ed su\u0161enkov\u00e9 t\u011bsto, \u0161leha\u010dku a dokonce i n\u00e1dech l\u00edskov\u00fdch o\u0159\u00ed\u0161k\u016f. Ale to nen\u00ed v\u0161echno! Mohou se objevit i ko\u0159en\u011bn\u00e9 t\u00f3ny, kter\u00e9 dodaj\u00ed va\u0161emu z\u00e1\u017eitku intenzivn\u011bj\u0161\u00ed rozm\u011br. P\u0159edstavte si nuance hlubok\u00e9ho plynu a kardamomu, kter\u00e9 podr\u00e1\u017ed\u00ed va\u0161e smysly a pono\u0159\u00ed v\u00e1s do sv\u011bta po\u017eitk\u016f.<\/p>\n<p>Produkce prysky\u0159ice Chantilly je prost\u011b fenomen\u00e1ln\u00ed, co\u017e z n\u00ed \u010din\u00ed nejlep\u0161\u00ed volbu pro ty, kte\u0159\u00ed cht\u011bj\u00ed vyr\u00e1b\u011bt vysoce kvalitn\u00ed extrakce. A\u0165 u\u017e jste p\u0159\u00edznivci ice-o-lator nebo kalafuny, tato odr\u016fda vynik\u00e1 v um\u011bn\u00ed vytv\u00e1\u0159et chutn\u00e9 koncentr\u00e1ty.<\/p>\n<p>Chantilly je zkr\u00e1tka ide\u00e1ln\u00edm spole\u010dn\u00edkem pro ty, kte\u0159\u00ed hledaj\u00ed z\u00e1\u017eitek se silnou p\u0159\u00edchut\u00ed Indica. Pono\u0159\u00ed v\u00e1s do oce\u00e1nu sladkosti a uvoln\u011bn\u00ed, ide\u00e1ln\u00ed pro odpo\u010dinek po dlouh\u00e9m dni. P\u0159ipravte se tedy na to, \u017ee v\u00e1s tento lahodn\u00fd strain pohlt\u00ed, a vychutnejte si ka\u017ed\u00fd okam\u017eik!<\/p>\n<p><strong>Feminizovan\u00e1 semena<\/strong><br \/>\n<strong>Balen\u00ed<\/strong> 6+3 sem\u00ednka zdarma (LH2P) (9)<br \/>\n<strong>Chovatel\u00e9<\/strong> : Perfect Tree<br \/>\n<strong>N\u00e1zev<\/strong> : Chantilly<br \/>\n<strong>Cross<\/strong> : L.A Kush Cake x Jet A<br \/>\n<strong>V\u00fdkon<\/strong> : St\u0159edn\u00ed a\u017e vysok\u00e1<br \/>\n<strong>Genetika<\/strong> Hybrid s dominanc\u00ed indiky<br \/>\n<strong>Doba kveten\u00ed<\/strong> 56-60 dn\u00ed<br \/>\n<strong>Chu\u0165<\/strong> Su\u0161enky, smetana a ko\u0159en\u00ed<br \/>\n<strong>Zku\u0161enosti<\/strong> Siln\u00e1 indica<\/p>\n<p><em>Varov\u00e1n\u00ed: Dr\u017een\u00ed a sb\u011br semen jsou ve Francii povoleny. Tato semena se nesm\u00ed pou\u017e\u00edvat k jin\u00fdm \u00fa\u010del\u016fm, ne\u017e kter\u00e9 povoluj\u00ed z\u00e1kony va\u0161\u00ed zem\u011b. Kl\u00ed\u010den\u00ed a prodej nezletil\u00fdm osob\u00e1m je p\u0159\u00edsn\u011b zak\u00e1z\u00e1n. Spole\u010dnost AAASeedz nenese odpov\u011bdnost v p\u0159\u00edpad\u011b nedodr\u017een\u00ed z\u00e1kon\u016f zem\u011b pobytu.<\/em><\/p>","protected":false},"excerpt":{"rendered":"<p>Perfect Tree Chantilly je odr\u016fda, ze kter\u00e9 se budete rozpl\u00fdvat blahem! Jej\u00ed hust\u00e1 poupata<\/p>","protected":false},"featured_media":12325,"template":"","meta":[],"product_brand":[],"product_cat":[70],"product_tag":[282,77,281,283,278],"class_list":{"0":"post-10726","1":"product","2":"type-product","3":"status-publish","4":"has-post-thumbnail","6":"product_cat-feminisees","7":"product_tag-chantilly","8":"product_tag-feminisee","9":"product_tag-jet-a","10":"product_tag-l-a-kush-cake","11":"product_tag-perfect-tree","13":"first","14":"instock","15":"shipping-taxable","16":"purchasable","17":"product-type-simple"},"jetpack_sharing_enabled":true,"_links":{"self":[{"href":"https:\/\/www.aaaseedz.com\/cs\/wp-json\/wp\/v2\/product\/10726","targetHints":{"allow":["GET"]}}],"collection":[{"href":"https:\/\/www.aaaseedz.com\/cs\/wp-json\/wp\/v2\/product"}],"about":[{"href":"https:\/\/www.aaaseedz.com\/cs\/wp-json\/wp\/v2\/types\/product"}],"wp:featuredmedia":[{"embeddable":true,"href":"https:\/\/www.aaaseedz.com\/cs\/wp-json\/wp\/v2\/media\/12325"}],"wp:attachment":[{"href":"https:\/\/www.aaaseedz.com\/cs\/wp-json\/wp\/v2\/media?parent=10726"}],"wp:term":[{"taxonomy":"product_brand","embeddable":true,"href":"https:\/\/www.aaaseedz.com\/cs\/wp-json\/wp\/v2\/product_brand?post=10726"},{"taxonomy":"product_cat","embeddable":true,"href":"https:\/\/www.aaaseedz.com\/cs\/wp-json\/wp\/v2\/product_cat?post=10726"},{"taxonomy":"product_tag","embeddable":true,"href":"https:\/\/www.aaaseedz.com\/cs\/wp-json\/wp\/v2\/product_tag?post=10726"}],"curies":[{"name":"wp","href":"https:\/\/api.w.org\/{rel}","templated":true}]}}