{"id":10732,"date":"2024-05-05T16:04:25","date_gmt":"2024-05-05T14:04:25","guid":{"rendered":"https:\/\/www.aaaseedz.com\/?post_type=product&#038;p=10732"},"modified":"2025-06-11T16:34:34","modified_gmt":"2025-06-11T14:34:34","slug":"perfektni-stromove-broskvove-lassi","status":"publish","type":"product","link":"https:\/\/www.aaaseedz.com\/cs\/produit\/perfect-tree-peach-lassi-2\/","title":{"rendered":"Peach Lassi - Perfect Tree"},"content":{"rendered":"<p>Broskvov\u00e9 Lassi od Perfect Tree je tak trochu jako dou\u0161ek slune\u010dn\u00edho svitu z l\u00e1hve, ale v konopn\u00e9 form\u011b! Tento kmen, kter\u00fd z\u00edskal prvn\u00ed m\u00edsto na Canna French Cup 2023 v kategorii Outdoor Indica, je skute\u010dn\u00fdm festivalem chut\u00ed, kter\u00fd pot\u011b\u0161\u00ed va\u0161e chu\u0165ov\u00e9 poh\u00e1rky. P\u0159edstavte si hybrid p\u0159ipom\u00ednaj\u00edc\u00ed slavn\u00fd indick\u00fd n\u00e1poj Lassi, ale s konopn\u00fdm n\u00e1dechem, kter\u00fd v\u00e1m p\u0159i ka\u017ed\u00e9m \u0161luku vykouzl\u00ed \u00fasm\u011bv na tv\u00e1\u0159i.<\/p>\n<p>Peach Lassi vznikla spojen\u00edm lahodn\u00e9ho Peach Ozz a Jet A a je skute\u010dnou lah\u016fdkou pro milovn\u00edky ovocn\u00fdch, kr\u00e9mov\u00fdch terpen\u016f. B\u011bhem pouh\u00fdch 8 t\u00fddn\u016f kveten\u00ed se tato kr\u00e1ska prom\u011bn\u00ed v robustn\u00ed rostlinu, kter\u00e1 vytv\u00e1\u0159\u00ed hust\u00e9, prysky\u0159i\u010dn\u00e9 kv\u011bty. D\u00edky vysok\u00e9mu v\u00fdnosu v\u00e1m nab\u00eddne nezapomenuteln\u00fd chu\u0165ov\u00fd z\u00e1\u017eitek, kombinuj\u00edc\u00ed sv\u011b\u017e\u00ed, kr\u00e9movou a lehce sycenou chu\u0165. P\u0159ipravte se na to, \u017ee se p\u0159enesete do sv\u011bta pocit\u016f, kde se v\u00e1\u0161 duch vzn\u00e1\u0161\u00ed a va\u0161e t\u011blo relaxuje.<\/p>\n<p>To, co d\u011bl\u00e1 broskvov\u00e9 lassi tak v\u00fdjime\u010dn\u00fdm, je jeho jasn\u00fd vzhled. Jeho kv\u011bty jsou tak sv\u011b\u017e\u00ed a ovocn\u00e9, \u017ee okam\u017eit\u011b p\u0159ipom\u00ednaj\u00ed ikonick\u00fd n\u00e1poj, kter\u00fd najdete na ka\u017ed\u00e9m stole v Indii. D\u00edky sv\u00e9mu rychl\u00e9mu a bujn\u00e9mu r\u016fstu je na tuto rostlinu radost pohled\u011bt. Jej\u00ed hust\u00e9 pest\u00edky, zd\u011bd\u011bn\u00e9 po Peach Ozz, dod\u00e1vaj\u00ed barvu a strukturu, kter\u00e1 jist\u011b upout\u00e1 pozornost ka\u017ed\u00e9ho. A to ani nemluv\u00edme o produkci prysky\u0159ice! Je to skute\u010dn\u00fd poklad pro ty, kte\u0159\u00ed r\u00e1di vyr\u00e1b\u011bj\u00ed extrakty bez rozpou\u0161t\u011bdel.<\/p>\n<p>Peach Lassi je dokonal\u00fd hybrid pro ty, kte\u0159\u00ed hledaj\u00ed osv\u011b\u017euj\u00edc\u00ed kanabisov\u00fd z\u00e1\u017eitek. Ka\u017ed\u00fd n\u00e1dech je jako kousek \u0161t\u011bst\u00ed, zachycuje podstatu klasick\u00e9ho ovocn\u00e9ho n\u00e1poje a z\u00e1rove\u0148 ji spojuje se sv\u011btem konop\u00ed. A\u0165 u\u017e relaxujete po dlouh\u00e9m dni, nebo oslavujete v\u00fdjime\u010dn\u00fd okam\u017eik s p\u0159\u00e1teli, tento strain dod\u00e1 va\u0161emu ve\u010deru kouzlo.<\/p>\n<p>Peach Lassi je zkr\u00e1tka mnohem v\u00edc ne\u017e jen odr\u016fda konop\u00ed. Je to smyslov\u00e9 dobrodru\u017estv\u00ed, kter\u00e9 v\u00e1s zve k objevov\u00e1n\u00ed lahodn\u00fdch chut\u00ed a z\u00e1rove\u0148 nab\u00edz\u00ed hlubokou relaxaci. Proto nev\u00e1hejte a p\u0159eneste tento z\u00e1zrak do sv\u00e9 zahrady a nechte se un\u00e9st opojnou chut\u00ed Peach Lassi!<\/p>\n<p><strong>Feminizovan\u00e1 semena<\/strong><br \/>\n<strong>Balen\u00ed<\/strong> 6+3 sem\u00ednka zdarma (LH2P) (9)<br \/>\n<strong>Chovatel\u00e9<\/strong> : Perfect Tree<br \/>\n<strong>N\u00e1zev<\/strong> : Peach Lassi<br \/>\n<strong>Cross<\/strong> : Peach Ozz x Jet A<br \/>\n<strong>V\u00fdkon<\/strong> : St\u0159edn\u00ed a\u017e vysok\u00e1<br \/>\n<strong>Genetika<\/strong> Hybrid s dominanc\u00ed indiky<br \/>\n<strong>Doba kveten\u00ed<\/strong> 56-60 dn\u00ed<br \/>\n<strong>Chu\u0165<\/strong> : broskev, smetana, zmrzlina<br \/>\n<strong>Zku\u0161enosti<\/strong> Siln\u00e1 indica<\/p>\n<p><em>Varov\u00e1n\u00ed: Dr\u017een\u00ed a sb\u011br semen jsou ve Francii povoleny. Tato semena se nesm\u00ed pou\u017e\u00edvat k jin\u00fdm \u00fa\u010del\u016fm, ne\u017e kter\u00e9 povoluj\u00ed z\u00e1kony va\u0161\u00ed zem\u011b. Kl\u00ed\u010den\u00ed a prodej nezletil\u00fdm osob\u00e1m je p\u0159\u00edsn\u011b zak\u00e1z\u00e1n. Spole\u010dnost AAASeedz nenese odpov\u011bdnost v p\u0159\u00edpad\u011b nedodr\u017een\u00ed z\u00e1kon\u016f zem\u011b pobytu.<\/em><\/p>","protected":false},"excerpt":{"rendered":"<p>La Peach Lassi de Perfect Tree, c\u2019est un peu comme si vous preniez une gorg\u00e9e de soleil en bouteille, mais<\/p>","protected":false},"featured_media":12351,"template":"","meta":[],"product_brand":[],"product_cat":[70],"product_tag":[77,281,292,293,278],"class_list":{"0":"post-10732","1":"product","2":"type-product","3":"status-publish","4":"has-post-thumbnail","6":"product_cat-feminisees","7":"product_tag-feminisee","8":"product_tag-jet-a","9":"product_tag-peach-lassi","10":"product_tag-peach-ozz","11":"product_tag-perfect-tree","13":"first","14":"instock","15":"shipping-taxable","16":"purchasable","17":"product-type-simple"},"jetpack_sharing_enabled":true,"_links":{"self":[{"href":"https:\/\/www.aaaseedz.com\/cs\/wp-json\/wp\/v2\/product\/10732","targetHints":{"allow":["GET"]}}],"collection":[{"href":"https:\/\/www.aaaseedz.com\/cs\/wp-json\/wp\/v2\/product"}],"about":[{"href":"https:\/\/www.aaaseedz.com\/cs\/wp-json\/wp\/v2\/types\/product"}],"wp:featuredmedia":[{"embeddable":true,"href":"https:\/\/www.aaaseedz.com\/cs\/wp-json\/wp\/v2\/media\/12351"}],"wp:attachment":[{"href":"https:\/\/www.aaaseedz.com\/cs\/wp-json\/wp\/v2\/media?parent=10732"}],"wp:term":[{"taxonomy":"product_brand","embeddable":true,"href":"https:\/\/www.aaaseedz.com\/cs\/wp-json\/wp\/v2\/product_brand?post=10732"},{"taxonomy":"product_cat","embeddable":true,"href":"https:\/\/www.aaaseedz.com\/cs\/wp-json\/wp\/v2\/product_cat?post=10732"},{"taxonomy":"product_tag","embeddable":true,"href":"https:\/\/www.aaaseedz.com\/cs\/wp-json\/wp\/v2\/product_tag?post=10732"}],"curies":[{"name":"wp","href":"https:\/\/api.w.org\/{rel}","templated":true}]}}