{"id":10733,"date":"2024-05-05T16:06:09","date_gmt":"2024-05-05T14:06:09","guid":{"rendered":"https:\/\/www.aaaseedz.com\/?post_type=product&#038;p=10733"},"modified":"2025-06-11T16:36:13","modified_gmt":"2025-06-11T14:36:13","slug":"perfektni-strom-ruzovy-benzin","status":"publish","type":"product","link":"https:\/\/www.aaaseedz.com\/cs\/produit\/perfect-tree-pink-gasoline-2\/","title":{"rendered":"Pink Gasoline - Perfect Tree"},"content":{"rendered":"<p>P\u0159ipravte se, milovn\u00edci konop\u00ed, na objeven\u00ed odr\u016fdy Pink Gasoline od spole\u010dnosti Perfect Tree, kter\u00e1 zaujme na prvn\u00ed pohled a nenech\u00e1 nikoho lhostejn\u00fdm! D\u00edky 2. m\u00edstu na Secret Cup Bizkaia v roce 2020 a drtiv\u00e9mu v\u00edt\u011bzstv\u00ed na Caribbean Cup v Santa Mart\u011b v roce 2023 je tato kr\u00e1ska skute\u010dn\u00fdm klenotem ve sv\u011bt\u011b konop\u00ed. P\u0159ipravte se na objeven\u00ed rostliny, kter\u00e1 v sob\u011b spojuje s\u00edlu, okouzluj\u00edc\u00ed v\u016fni a \u0161t\u011bdr\u00e9 v\u00fdnosy!<\/p>\n<p>R\u016f\u017eov\u00fd benz\u00edn je trochu jako proj\u00ed\u017e\u010fka kabrioletem po pob\u0159e\u017en\u00ed silnici s v\u011btrem ve vlasech a v\u016fn\u00ed citrusov\u00fdch plod\u016f ve vzduchu. Jeho siln\u00e1 v\u016fn\u011b paliva v\u00e1s zas\u00e1hne hned, jak se p\u0159ibl\u00ed\u017e\u00edte, a v\u011b\u0159te, \u017ee nikoho nenech\u00e1 lhostejn\u00fdm! P\u0159edstavte si v\u00fdbu\u0161nou sm\u011bs benz\u00ednu a \u017eelatiny s jemn\u00fdmi t\u00f3ny OG, kter\u00e9 zd\u011bdila po sv\u00e9m rodokmenu Atom Splitter. Ka\u017ed\u00e9 \u0161luknut\u00ed je smyslov\u00fdm dobrodru\u017estv\u00edm, kter\u00e9 v\u00e1s p\u0159enese do sv\u011bta intenzivn\u00edch chut\u00ed a nezapomenuteln\u00fdch pocit\u016f.<\/p>\n<p>R\u016f\u017eov\u00fd benz\u00edn je je\u0161t\u011b v\u00fdjime\u010dn\u011bj\u0161\u00ed svou schopnost\u00ed vytv\u00e1\u0159et hust\u00e9, prysky\u0159i\u010dn\u00e9 kv\u011bty. Za pouh\u00fdch 8 t\u00fddn\u016f m\u016f\u017eete o\u010dek\u00e1vat, \u017ee se z t\u011bchto krasavic vyvinou skute\u010dn\u00e1 d\u00edla botanick\u00e9ho um\u011bn\u00ed. A\u0165 u\u017e p\u011bstujete v interi\u00e9ru nebo venku, tato odr\u016fda se p\u0159izp\u016fsob\u00ed jak\u00e9mukoli prost\u0159ed\u00ed. Je jako zahradn\u00ed superhrdina, kter\u00fd je schopen prosp\u00edvat v r\u016fzn\u00fdch podm\u00ednk\u00e1ch a z\u00e1rove\u0148 poskytovat p\u016fsobiv\u00e9 v\u00fdnosy.<\/p>\n<p>Pink Gasoline je v\u00fdsledkem explozivn\u00edho spojen\u00ed 33 Splitter a Peach Ozz, co\u017e z n\u011bj \u010din\u00ed hybrid s dominanc\u00ed indiky a velk\u00fdm charakterem. Sv\u00fdm impozantn\u00edm vzr\u016fstem je skute\u010dn\u00fdm l\u00e1kadlem pro o\u010di a pout\u00e1 pozornost. P\u011bstitel\u00e9 tou\u017e\u00edc\u00ed po vysok\u00fdch v\u00fdnosech budou nad\u0161eni, proto\u017ee tato rostlina je zn\u00e1m\u00e1 svou v\u00fdjime\u010dnou produkc\u00ed prysky\u0159ice. P\u0159ipravte se na sklize\u0148 velkorys\u00e9ho mno\u017estv\u00ed t\u00e9to vz\u00e1cn\u00e9 l\u00e1tky, kter\u00e1 jist\u011b pot\u011b\u0161\u00ed milovn\u00edky koncentr\u00e1tu!<\/p>\n<p>P\u011bstov\u00e1n\u00ed r\u016f\u017eov\u00e9ho benz\u00ednu je jako \u00fa\u010dast na ve\u010d\u00edrku, na kter\u00fd jsou zv\u00e1ni v\u0161ichni. Je odoln\u00e1, p\u0159izp\u016fsobiv\u00e1 a pln\u00e1 \u017eivota, tak\u017ee je ide\u00e1ln\u00ed volbou pro p\u011bstitele v\u0161ech schopnost\u00ed. A\u0165 u\u017e jste odborn\u00edk, nebo za\u010d\u00e1te\u010dn\u00edk, tato odr\u016fda se v\u00e1m odm\u011bn\u00ed kr\u00e1sn\u00fdmi kv\u011bty a v\u016fn\u00ed, kter\u00e1 provon\u00ed vzduch.<\/p>\n<p>Pink Gasoline je mnohem v\u00edc ne\u017e jen konopn\u00fd kmen, je to z\u00e1\u017eitek s\u00e1m o sob\u011b. D\u00edky sv\u00e9 okouzluj\u00edc\u00ed v\u016fni, robustnosti a p\u016fsobiv\u00fdm v\u00fdnos\u016fm si zaslou\u017e\u00ed zvl\u00e1\u0161tn\u00ed m\u00edsto ve va\u0161\u00ed zahrad\u011b. P\u0159ipravte se tedy na senza\u010dn\u00ed z\u00e1\u017eitek s t\u00edmto konopn\u00fdm z\u00e1zrakem, kter\u00fd si v\u00e1s jist\u011b z\u00edsk\u00e1!<\/p>\n<p><strong>Feminizovan\u00e1 semena<\/strong><br \/>\n<strong>Balen\u00ed<\/strong> 6+3 sem\u00ednka zdarma (LH2P) (9)<br \/>\n<strong>Chovatel\u00e9<\/strong> : Perfect Tree<br \/>\n<strong>N\u00e1zev<\/strong> : Pink Gasoline<br \/>\n<strong>Cross<\/strong> : 33 Splitter x Peach Ozz<br \/>\n<strong>V\u00fdkon<\/strong> : St\u0159edn\u00ed a\u017e vysok\u00e1<br \/>\n<strong>Genetika<\/strong> Hybrid s dominanc\u00ed indiky<br \/>\n<strong>Doba kveten\u00ed<\/strong> 56-60 dn\u00ed<br \/>\n<strong>Chu\u0165<\/strong> Plyn trochu vyhlazen\u00fd Peach Ozz<br \/>\n<strong>Zku\u0161enosti<\/strong> Relaxa\u010dn\u00ed<\/p>\n<p><em>Varov\u00e1n\u00ed: Dr\u017een\u00ed a sb\u011br semen jsou ve Francii povoleny. Tato semena se nesm\u00ed pou\u017e\u00edvat k jin\u00fdm \u00fa\u010del\u016fm, ne\u017e kter\u00e9 povoluj\u00ed z\u00e1kony va\u0161\u00ed zem\u011b. Kl\u00ed\u010den\u00ed a prodej nezletil\u00fdm osob\u00e1m je p\u0159\u00edsn\u011b zak\u00e1z\u00e1n. Spole\u010dnost AAASeedz nenese odpov\u011bdnost v p\u0159\u00edpad\u011b nedodr\u017een\u00ed z\u00e1kon\u016f zem\u011b pobytu.<\/em><\/p>","protected":false},"excerpt":{"rendered":"<p>Pr\u00e9parez-vous, passionn\u00e9s de cannabis, \u00e0 d\u00e9couvrir la Pink Gasoline de Perfect Tree, une vari\u00e9t\u00e9 qui attire tous les regards et<\/p>","protected":false},"featured_media":12355,"template":"","meta":[],"product_brand":[],"product_cat":[70],"product_tag":[285,77,293,278,294],"class_list":{"0":"post-10733","1":"product","2":"type-product","3":"status-publish","4":"has-post-thumbnail","6":"product_cat-feminisees","7":"product_tag-33-splitter","8":"product_tag-feminisee","9":"product_tag-peach-ozz","10":"product_tag-perfect-tree","11":"product_tag-pink-gasoline","13":"first","14":"instock","15":"shipping-taxable","16":"purchasable","17":"product-type-simple"},"jetpack_sharing_enabled":true,"_links":{"self":[{"href":"https:\/\/www.aaaseedz.com\/cs\/wp-json\/wp\/v2\/product\/10733","targetHints":{"allow":["GET"]}}],"collection":[{"href":"https:\/\/www.aaaseedz.com\/cs\/wp-json\/wp\/v2\/product"}],"about":[{"href":"https:\/\/www.aaaseedz.com\/cs\/wp-json\/wp\/v2\/types\/product"}],"wp:featuredmedia":[{"embeddable":true,"href":"https:\/\/www.aaaseedz.com\/cs\/wp-json\/wp\/v2\/media\/12355"}],"wp:attachment":[{"href":"https:\/\/www.aaaseedz.com\/cs\/wp-json\/wp\/v2\/media?parent=10733"}],"wp:term":[{"taxonomy":"product_brand","embeddable":true,"href":"https:\/\/www.aaaseedz.com\/cs\/wp-json\/wp\/v2\/product_brand?post=10733"},{"taxonomy":"product_cat","embeddable":true,"href":"https:\/\/www.aaaseedz.com\/cs\/wp-json\/wp\/v2\/product_cat?post=10733"},{"taxonomy":"product_tag","embeddable":true,"href":"https:\/\/www.aaaseedz.com\/cs\/wp-json\/wp\/v2\/product_tag?post=10733"}],"curies":[{"name":"wp","href":"https:\/\/api.w.org\/{rel}","templated":true}]}}