{"id":10735,"date":"2024-05-05T16:09:15","date_gmt":"2024-05-05T14:09:15","guid":{"rendered":"https:\/\/www.aaaseedz.com\/?post_type=product&#038;p=10735"},"modified":"2025-06-11T16:38:48","modified_gmt":"2025-06-11T14:38:48","slug":"perfektni-strom-cervene-cervene-vino","status":"publish","type":"product","link":"https:\/\/www.aaaseedz.com\/cs\/produit\/perfect-tree-red-red-wine-2\/","title":{"rendered":"Red Red Wine - Perfect Tree"},"content":{"rendered":"<p>\u010cerven\u00e9 \u010derven\u00e9 v\u00edno Perfect Tree je odr\u016fda, kter\u00e1 si v\u00e1s jist\u011b z\u00edsk\u00e1 sv\u00fdm neodolateln\u00fdm kouzlem! P\u0159edstavte si kv\u011bty tak syt\u011b fialov\u00e9, \u017ee vypadaj\u00ed t\u00e9m\u011b\u0159 \u010dern\u011b, a jen n\u00e1znak zelen\u00e9 barvy, kter\u00e1 se stydliv\u011b skr\u00fdv\u00e1 pod listy. Na tuto kr\u00e1sku je radost pohled\u011bt a jej\u00ed t\u0159pytiv\u00e1 prysky\u0159ice se na sv\u011btle leskne jako diamant. Pokud jste milovn\u00edky konop\u00ed, tento mal\u00fd z\u00e1zrak si zamilujete!<\/p>\n<p>\u010cerven\u00e9 \u010derven\u00e9 v\u00edno je jako \u017eiv\u00e9 um\u011bleck\u00e9 d\u00edlo na va\u0161\u00ed zahrad\u011b. Jeho poupata jsou tak hust\u00e1 a dob\u0159e tvarovan\u00e1, \u017ee se zd\u00e1, jako by byla naskl\u00e1d\u00e1na jedno na druh\u00e9 a vytv\u00e1\u0159ela kv\u011btinovou strukturu, kterou by mohl z\u00e1vid\u011bt ka\u017ed\u00fd p\u011bstitel. D\u00edky t\u011bsn\u00fdm internod\u00e1ln\u00edm rozestup\u016fm je p\u011bstov\u00e1n\u00ed t\u011bchto kv\u011bt\u016f jako sen. A co je na tom nejlep\u0161\u00ed? List\u016f je tak m\u00e1lo, \u017ee jejich st\u0159\u00edh\u00e1n\u00ed je hra\u010dka. M\u016f\u017eete str\u00e1vit v\u00edce \u010dasu obdivov\u00e1n\u00edm \u00farody ne\u017e jej\u00ed p\u0159\u00edpravou!<\/p>\n<p>Poj\u010fme si ale \u0159\u00edct n\u011bco o tom, co se za touto kr\u00e1sou skr\u00fdv\u00e1: jej\u00ed terpeny! Red Red Wine nab\u00edz\u00ed sm\u011bs chut\u00ed, kter\u00e1 v\u00e1s ohrom\u00ed. P\u0159edstavte si t\u00f3ny sladk\u00fdch bonb\u00f3n\u016f, \u0161\u0165avnat\u00e9ho ovoce a n\u00e1dech rafinovan\u00e9ho v\u00edna. Aroma je tak okouzluj\u00edc\u00ed, \u017ee si budete p\u0159ipadat jako na proslun\u011bn\u00e9 vinici na jihu Francie. Palivov\u00e9 t\u00f3ny Jet A dod\u00e1vaj\u00ed jedine\u010dn\u00fd rozm\u011br a prom\u011b\u0148uj\u00ed ka\u017ed\u00e9 vdechnut\u00ed v nezapomenuteln\u00fd smyslov\u00fd z\u00e1\u017eitek.<\/p>\n<p>Z hlediska vzr\u016fstu je Red Red Wine st\u0159edn\u011b velk\u00e1 rostlina, ale nenechte se zm\u00e1st jej\u00edm vzr\u016fstem! Je robustn\u00ed a siln\u00e1, co\u017e z n\u00ed \u010din\u00ed spolehliv\u00e9ho spole\u010dn\u00edka pro v\u0161echny p\u011bstitele, a\u0165 u\u017e za\u010d\u00ednaj\u00edc\u00ed, nebo zku\u0161en\u00e9. M\u016f\u017eete si b\u00fdt jisti, \u017ee se v\u00e1m odm\u011bn\u00ed p\u016fsobivou \u00farodou, p\u0159ipravenou k vychutn\u00e1n\u00ed.<\/p>\n<p>A a\u017e p\u0159ijde \u010das sklizn\u011b, p\u0159ipravte se na osln\u011bn\u00ed! V\u00fdnosy jsou prost\u011b neuv\u011b\u0159iteln\u00e9, co\u017e sv\u011bd\u010d\u00ed o \u0161t\u011bdrosti t\u00e9to odr\u016fdy. Ka\u017ed\u00e9 poup\u011b je mal\u00fd poklad, pln\u00fd prysky\u0159ice a chut\u00ed, kter\u00e9 v\u00e1s p\u0159enesou do sv\u011bta rozko\u0161\u00ed.<\/p>\n<p>\u010cerven\u00e9 \u010derven\u00e9 v\u00edno je zkr\u00e1tka mnohem v\u00edc ne\u017e jen odr\u016fda konop\u00ed. Je to vizu\u00e1ln\u00ed a chu\u0165ov\u00fd z\u00e1\u017eitek, kter\u00fd si zamilujete p\u0159i ka\u017ed\u00e9m \u0161luknut\u00ed. Proto nev\u00e1hejte a p\u0159eneste si tuto kr\u00e1sku do sv\u00e9 zahrady a nechte se okouzlit jej\u00edm neodolateln\u00fdm p\u016fvabem!<\/p>\n<p><strong>Feminizovan\u00e1 semena<\/strong><br \/>\n<strong>Balen\u00ed<\/strong> 6+3 sem\u00ednka zdarma (LH2P) (9)<br \/>\n<strong>Chovatel\u00e9<\/strong> : Perfect Tree<br \/>\n<strong>N\u00e1zev<\/strong> : Red Red Wine<br \/>\n<strong>Cross<\/strong> : Rozay F2 x Jet A<br \/>\n<strong>V\u00fdkon<\/strong> : St\u0159edn\u00ed a\u017e vysok\u00e1<br \/>\n<strong>Genetika<\/strong> : Hybrid<br \/>\n<strong>Doba kveten\u00ed<\/strong> 56-60 dn\u00ed<br \/>\n<strong>Chu\u0165<\/strong> Pohonn\u00e9 hmoty, v\u00edno, ovoce, plyn<br \/>\n<strong>Zku\u0161enosti<\/strong> : Omamn\u00e9<\/p>\n<p><em>Varov\u00e1n\u00ed: Dr\u017een\u00ed a sb\u011br semen jsou ve Francii povoleny. Tato semena se nesm\u00ed pou\u017e\u00edvat k jin\u00fdm \u00fa\u010del\u016fm, ne\u017e kter\u00e9 povoluj\u00ed z\u00e1kony va\u0161\u00ed zem\u011b. Kl\u00ed\u010den\u00ed a prodej nezletil\u00fdm osob\u00e1m je p\u0159\u00edsn\u011b zak\u00e1z\u00e1n. Spole\u010dnost AAASeedz nenese odpov\u011bdnost v p\u0159\u00edpad\u011b nedodr\u017een\u00ed z\u00e1kon\u016f zem\u011b pobytu.<\/em><\/p>","protected":false},"excerpt":{"rendered":"<p>\u010cerven\u00e9 \u010derven\u00e9 v\u00edno Perfect Tree je odr\u016fda, kter\u00e1 v\u00e1s jist\u011b okouzl\u00ed sv\u00fdm \u0161armem.<\/p>","protected":false},"featured_media":12359,"template":"","meta":[],"product_brand":[],"product_cat":[70],"product_tag":[77,281,278,297,298],"class_list":{"0":"post-10735","1":"product","2":"type-product","3":"status-publish","4":"has-post-thumbnail","6":"product_cat-feminisees","7":"product_tag-feminisee","8":"product_tag-jet-a","9":"product_tag-perfect-tree","10":"product_tag-red-red-wine","11":"product_tag-rozay-f2","13":"first","14":"instock","15":"shipping-taxable","16":"purchasable","17":"product-type-simple"},"jetpack_sharing_enabled":true,"_links":{"self":[{"href":"https:\/\/www.aaaseedz.com\/cs\/wp-json\/wp\/v2\/product\/10735","targetHints":{"allow":["GET"]}}],"collection":[{"href":"https:\/\/www.aaaseedz.com\/cs\/wp-json\/wp\/v2\/product"}],"about":[{"href":"https:\/\/www.aaaseedz.com\/cs\/wp-json\/wp\/v2\/types\/product"}],"wp:featuredmedia":[{"embeddable":true,"href":"https:\/\/www.aaaseedz.com\/cs\/wp-json\/wp\/v2\/media\/12359"}],"wp:attachment":[{"href":"https:\/\/www.aaaseedz.com\/cs\/wp-json\/wp\/v2\/media?parent=10735"}],"wp:term":[{"taxonomy":"product_brand","embeddable":true,"href":"https:\/\/www.aaaseedz.com\/cs\/wp-json\/wp\/v2\/product_brand?post=10735"},{"taxonomy":"product_cat","embeddable":true,"href":"https:\/\/www.aaaseedz.com\/cs\/wp-json\/wp\/v2\/product_cat?post=10735"},{"taxonomy":"product_tag","embeddable":true,"href":"https:\/\/www.aaaseedz.com\/cs\/wp-json\/wp\/v2\/product_tag?post=10735"}],"curies":[{"name":"wp","href":"https:\/\/api.w.org\/{rel}","templated":true}]}}