{"id":10736,"date":"2024-05-05T16:10:48","date_gmt":"2024-05-05T14:10:48","guid":{"rendered":"https:\/\/www.aaaseedz.com\/?post_type=product&#038;p=10736"},"modified":"2025-06-11T16:41:13","modified_gmt":"2025-06-11T14:41:13","slug":"dokonaly-strom-shnile-jablko","status":"publish","type":"product","link":"https:\/\/www.aaaseedz.com\/cs\/produit\/perfect-tree-rotten-apple-2\/","title":{"rendered":"Rotten Apple - Perfect Tree"},"content":{"rendered":"<p>Perfect Tree's Rotten Apple je odr\u016fda, kter\u00e1 v\u00e1m zamot\u00e1 hlavu svou okouzluj\u00edc\u00ed v\u016fn\u00ed a neodolatelnou chut\u00ed! P\u0159edstavte si v\u00fdbu\u0161nou sm\u011bs plynat\u00fdch t\u00f3n\u016f a trpk\u00fdch jablek, kter\u00e1 vytv\u00e1\u0159\u00ed kva\u0161en\u00e9 aroma, je\u017e v\u00e1s p\u0159enese p\u0159\u00edmo do sadu v dob\u011b pln\u00e9 sklizn\u011b. Jako by ka\u017ed\u00fd \u0161luk byl pastvou pro va\u0161e smysly, p\u0159i\u010dem\u017e n\u011bkter\u00e9 fenotypy p\u0159id\u00e1vaj\u00ed sladk\u00fd n\u00e1dech \u010derstv\u011b upe\u010den\u00e9ho karamelu, p\u0159ipom\u00ednaj\u00edc\u00ed chu\u0165 jable\u010dn\u00e9ho sirupu. Kdo by tomu odolal?<\/p>\n<p>Rotten Apple je dokonal\u00fdm spojen\u00edm palivov\u00fdch terpen\u016f a \u0161\u0165avnat\u00e9 v\u016fn\u011b Sour Apple. Tato harmonick\u00e1 sm\u011bs vytv\u00e1\u0159\u00ed zaj\u00edmavou v\u016fni, kter\u00e1 si v\u00e1s jist\u011b z\u00edsk\u00e1. P\u0159i zkoum\u00e1n\u00ed t\u00e9to odr\u016fdy objev\u00edte skryt\u00e9 t\u00f3ny p\u0159ipom\u00ednaj\u00edc\u00ed \u0161\u0165avnat\u00e1 jablka, \u010derstv\u011b utr\u017een\u00e1 a p\u0159ipraven\u00e1 k vychutn\u00e1n\u00ed. \u010cek\u00e1 v\u00e1s skute\u010dn\u00e1 terpenov\u00e1 alchymie!<\/p>\n<p>Srdcem Rotten Apple je lahodn\u00fd terpenov\u00fd profil. Spojen\u00ed v\u016fn\u00ed plynu a paliva vytv\u00e1\u0159\u00ed dynamickou souhru, kter\u00e1 je prost\u011b jedine\u010dn\u00e1. Kdy\u017e se tyto dva sv\u011bty setkaj\u00ed s v\u016fn\u00ed Sour Apple, objev\u00ed se fermentovan\u00e1 v\u016fn\u011b, kter\u00e1 v\u00e1s pono\u0159\u00ed do atmosf\u00e9ry jable\u010dn\u00e9ho sklepa, kde je vzduch nabit\u00fd komplexn\u00edm extraktem z kvas\u00edc\u00edch jablek. Je to smyslov\u00fd z\u00e1\u017eitek jako \u017e\u00e1dn\u00fd jin\u00fd!<\/p>\n<p>Ale po\u010dkejte, je toho v\u00edc! Prohnil\u00e9 jablko m\u00e1 v ruk\u00e1vu je\u0161t\u011b n\u011bkolik p\u0159ekvapen\u00ed. N\u011bkter\u00e9 fenotypy se p\u0159ikl\u00e1n\u011bj\u00ed ke sladk\u00e9 str\u00e1nce \u017eivota s n\u00e1dechem karamelu, kter\u00fd v\u00e1m zvedne \u017ealudek. P\u0159edstavte si sladk\u00fd buket, kter\u00fd va\u0161emu celkov\u00e9mu z\u00e1\u017eitku dod\u00e1 vrstvu po\u017eitk\u00e1\u0159stv\u00ed. Jako by ka\u017ed\u00fd n\u00e1dech byl mal\u00fdm soustem \u0161t\u011bst\u00ed!<\/p>\n<p>Krom\u011b lahodn\u00e9 chuti je shnil\u00e9 jablko tak\u00e9 lah\u016fdkou pro p\u011bstitele. Tyto rostliny jsou proslul\u00e9 snadn\u00fdm p\u011bstov\u00e1n\u00edm, tak\u017ee jsou ide\u00e1ln\u00ed volbou jak pro za\u010d\u00e1te\u010dn\u00edky, tak pro odborn\u00edky. D\u00edky n\u011bkolika m\u00e1lo fenotypov\u00fdm variant\u00e1m budete m\u00edt p\u0159\u00edle\u017eitost objevit r\u016fzn\u00e9 str\u00e1nky t\u00e9to fascinuj\u00edc\u00ed odr\u016fdy.<\/p>\n<p>S trochou \u0161t\u011bst\u00ed a bystr\u00fdm okem m\u016f\u017eete narazit na tuto v\u00fdjime\u010dnou rostlinu, kter\u00e1 si z\u00edsk\u00e1 va\u0161e srdce. Rotten Apple je d\u00edky sv\u00e9mu lahodn\u00e9mu opojen\u00ed a nezapomenuteln\u00e9mu terpenov\u00e9mu profilu tou, kterou budete cht\u00edt p\u011bstovat a opatrovat nav\u017edy. P\u0159ipravte se tedy na vychutn\u00e1v\u00e1n\u00ed ka\u017ed\u00e9ho okam\u017eiku s touto odr\u016fdou, kter\u00e1 slibuje, \u017ee v\u00e1s okouzl\u00ed s ka\u017ed\u00fdm \u0161lukem!<\/p>\n<p><strong>Feminizovan\u00e1 semena<\/strong><br \/>\n<strong>Balen\u00ed<\/strong> 6+3 sem\u00ednka zdarma (LH2P) (9)<br \/>\n<strong>Chovatel\u00e9<\/strong> : Perfect Tree<br \/>\n<strong>N\u00e1zev<\/strong> : Rotten Apple<br \/>\n<strong>Cross<\/strong> : Lemon Buttercream x Jet A<br \/>\n<strong>V\u00fdkon<\/strong> : St\u0159edn\u00ed a\u017e vysok\u00e1<br \/>\n<strong>Genetika<\/strong> : Hybrid<br \/>\n<strong>Doba kveten\u00ed<\/strong> 56-60 dn\u00ed<br \/>\n<strong>Chu\u0165<\/strong> Karamel, Plyn, \u010cerstv\u00e9 ovoce<br \/>\n<strong>Zku\u0161enosti<\/strong> Relaxa\u010dn\u00ed<\/p>\n<p><em>Varov\u00e1n\u00ed: Dr\u017een\u00ed a sb\u011br semen jsou ve Francii povoleny. Tato semena se nesm\u00ed pou\u017e\u00edvat k jin\u00fdm \u00fa\u010del\u016fm, ne\u017e kter\u00e9 povoluj\u00ed z\u00e1kony va\u0161\u00ed zem\u011b. Kl\u00ed\u010den\u00ed a prodej nezletil\u00fdm osob\u00e1m je p\u0159\u00edsn\u011b zak\u00e1z\u00e1n. Spole\u010dnost AAASeedz nenese odpov\u011bdnost v p\u0159\u00edpad\u011b nedodr\u017een\u00ed z\u00e1kon\u016f zem\u011b pobytu.<\/em><\/p>","protected":false},"excerpt":{"rendered":"<p>la Rotten Apple de Perfect Tree, est une vari\u00e9t\u00e9 qui va vous faire tourner la t\u00eate avec ses ar\u00f4mes envo\u00fbtants<\/p>","protected":false},"featured_media":12361,"template":"","meta":[],"product_brand":[],"product_cat":[70],"product_tag":[77,281,300,278,299],"class_list":{"0":"post-10736","1":"product","2":"type-product","3":"status-publish","4":"has-post-thumbnail","6":"product_cat-feminisees","7":"product_tag-feminisee","8":"product_tag-jet-a","9":"product_tag-lemon-buttercream","10":"product_tag-perfect-tree","11":"product_tag-rotten-apple","13":"first","14":"instock","15":"shipping-taxable","16":"purchasable","17":"product-type-simple"},"jetpack_sharing_enabled":true,"_links":{"self":[{"href":"https:\/\/www.aaaseedz.com\/cs\/wp-json\/wp\/v2\/product\/10736","targetHints":{"allow":["GET"]}}],"collection":[{"href":"https:\/\/www.aaaseedz.com\/cs\/wp-json\/wp\/v2\/product"}],"about":[{"href":"https:\/\/www.aaaseedz.com\/cs\/wp-json\/wp\/v2\/types\/product"}],"wp:featuredmedia":[{"embeddable":true,"href":"https:\/\/www.aaaseedz.com\/cs\/wp-json\/wp\/v2\/media\/12361"}],"wp:attachment":[{"href":"https:\/\/www.aaaseedz.com\/cs\/wp-json\/wp\/v2\/media?parent=10736"}],"wp:term":[{"taxonomy":"product_brand","embeddable":true,"href":"https:\/\/www.aaaseedz.com\/cs\/wp-json\/wp\/v2\/product_brand?post=10736"},{"taxonomy":"product_cat","embeddable":true,"href":"https:\/\/www.aaaseedz.com\/cs\/wp-json\/wp\/v2\/product_cat?post=10736"},{"taxonomy":"product_tag","embeddable":true,"href":"https:\/\/www.aaaseedz.com\/cs\/wp-json\/wp\/v2\/product_tag?post=10736"}],"curies":[{"name":"wp","href":"https:\/\/api.w.org\/{rel}","templated":true}]}}