{"id":10737,"date":"2024-05-05T16:12:26","date_gmt":"2024-05-05T14:12:26","guid":{"rendered":"https:\/\/www.aaaseedz.com\/?post_type=product&#038;p=10737"},"modified":"2025-06-11T16:45:18","modified_gmt":"2025-06-11T14:45:18","slug":"perfektni-stromovy-sprej-2","status":"publish","type":"product","link":"https:\/\/www.aaaseedz.com\/cs\/produit\/perfect-tree-spritz-2\/","title":{"rendered":"Spritz - Perfect Tree"},"content":{"rendered":"<p>Perfect Tree's Spritz je kmen, kter\u00fd roztan\u010d\u00ed va\u0161e chu\u0165ov\u00e9 poh\u00e1rky a rozpaluje va\u0161e smysly! D\u00edky sv\u00e9mu presti\u017en\u00edmu p\u016fvodu a ocen\u011bn\u00ed na Caribean Cup a Canna French Cup je Spritz skute\u010dn\u00fdm klenotem ve sv\u011bt\u011b konop\u00ed. P\u0159edstavte si v\u00fdbu\u0161nou sm\u011bs oran\u017eov\u00e9ho karamelu a \u010derven\u00e9ho ovoce, kterou umoc\u0148uje omamn\u00fd plyn Jet A. Je to jako vychutn\u00e1vat si italsk\u00fd aperitiv a z\u00e1rove\u0148 vyu\u017e\u00edvat blahod\u00e1rn\u00fdch \u00fa\u010dink\u016f konop\u00ed!<\/p>\n<p>Tato odr\u016fda je nejen chutn\u00e1, ale je tak\u00e9 pastvou pro o\u010di. Rostliny Spritz jsou robustn\u00ed a barevn\u00e9, s obrovsk\u00fdmi koly, kter\u00e1 vypadaj\u00ed a\u017e p\u0159\u00edli\u0161 dob\u0159e na to, aby to byla pravda. A co teprve prysky\u0159ice! Jej\u00ed produkce je prost\u011b neuv\u011b\u0159iteln\u00e1, co\u017e z n\u00ed d\u011bl\u00e1 \u0161pi\u010dkovou volbu pro ty, kte\u0159\u00ed maj\u00ed r\u00e1di extrakce bez rozpou\u0161t\u011bdel. Budete se kochat pohledem na to, jak se v\u00e1m tyto jisk\u0159iv\u00e9 hlavy vyv\u00edjej\u00ed p\u0159ed o\u010dima!<\/p>\n<p>Za pouh\u00fdch 7 a\u017e 8 t\u00fddn\u016f je Spritz p\u0159ipraven ke sklizni a v\u011b\u0159te mi, \u017ee u\u017e nebudete cht\u00edt \u010dekat d\u00e9le. Tato odr\u016fda je ide\u00e1ln\u00ed pro netrp\u011bliv\u00e9 p\u011bstitele, proto\u017ee ned\u011bl\u00e1 \u017e\u00e1dn\u00e9 kompromisy v kvalit\u011b. O\u010dek\u00e1vejte velkorys\u00e9 v\u00fdnosy terpenov\u00fdch pupen\u016f, kter\u00e9 jsou p\u0159ipraveny poskytnout nezapomenuteln\u00fd chu\u0165ov\u00fd z\u00e1\u017eitek.<\/p>\n<p>Kdy\u017e u\u017e mluv\u00edme o chut\u00edch, Spritz je skute\u010dnou exploz\u00ed smyslov\u00e9ho po\u017eitku. Jeho v\u016fn\u011b p\u0159ipom\u00edn\u00e1 pomeran\u010dov\u00e9 bonbony a p\u0159enese v\u00e1s p\u0159\u00edmo do proslun\u011bn\u00e9ho sadu, kde je vzduch napln\u011bn sladkou v\u016fn\u00ed citrusov\u00fdch plod\u016f. Nenechte se v\u0161ak zm\u00e1st sladkost\u00ed! P\u0159i zkoum\u00e1n\u00ed tohoto z\u00e1zraku objev\u00edte jemn\u00e9 nuance \u010derven\u00fdch bobul\u00ed a n\u00e1dech plynu, kter\u00e9 ka\u017ed\u00e9mu vdechnut\u00ed dod\u00e1vaj\u00ed fascinuj\u00edc\u00ed hloubku. Jet A dod\u00e1v\u00e1 pln\u00fd, t\u00e9m\u011b\u0159 ho\u0159k\u00fd n\u00e1dech, kter\u00fd dokonale vyva\u017euje citrusovou sladkost a vytv\u00e1\u0159\u00ed harmonickou sm\u011bs p\u0159ipom\u00ednaj\u00edc\u00ed letn\u00ed ve\u010dery str\u00e1ven\u00e9 p\u0159i vychutn\u00e1v\u00e1n\u00ed italsk\u00e9ho aperitivu.<\/p>\n<p>Spritz je tak\u00e9 vit\u00e1ln\u00ed rostlina, kter\u00e9 se da\u0159\u00ed v r\u016fzn\u00fdch prost\u0159ed\u00edch. A\u0165 u\u017e p\u011bstujete v interi\u00e9ru, nebo venku, tato odr\u016fda se snadno p\u0159izp\u016fsob\u00ed a odm\u011bn\u00ed v\u00e1s kr\u00e1sn\u00fdmi prysky\u0159i\u010dn\u00fdmi pupeny.<\/p>\n<p>Spritz je zkr\u00e1tka mnohem v\u00edc ne\u017e jen odr\u016fda konop\u00ed. Je to smyslov\u00e9 dobrodru\u017estv\u00ed, kter\u00e9 v sob\u011b spojuje kr\u00e1su, vynikaj\u00edc\u00ed chut\u011b a vzru\u0161uj\u00edc\u00ed pocity. P\u0159ipravte se tedy vychutnat si ka\u017ed\u00fd okam\u017eik s t\u00edmto z\u00e1zrakem a nechte se un\u00e9st jeho neodolateln\u00fdm kouzlem!<\/p>\n<p><strong>Feminizovan\u00e1 semena<\/strong><br \/>\n<strong>Balen\u00ed<\/strong> 6+3 sem\u00ednka zdarma (LH2P) (9)<br \/>\n<strong>Chovatel\u00e9<\/strong> : Perfect Tree<br \/>\n<strong>N\u00e1zev<\/strong> : Spritz<br \/>\n<strong>Cross<\/strong> : Mimosa x Jet A<br \/>\n<strong>V\u00fdkon<\/strong> : St\u0159edn\u00ed a\u017e vysok\u00e1<br \/>\n<strong>Genetika<\/strong> Hybrid s dominanc\u00ed indiky<br \/>\n<strong>Doba kveten\u00ed<\/strong> 50-56 dn\u00ed<br \/>\n<strong>Chu\u0165<\/strong> Cukrov\u00ed, pomeran\u010d, bobule, lik\u00e9r, karbon, zmrzlina<br \/>\n<strong>Zku\u0161enosti<\/strong> : Pohodl\u00ed a euforie<\/p>\n<p><em>Varov\u00e1n\u00ed: Dr\u017een\u00ed a sb\u011br semen jsou ve Francii povoleny. Tato semena se nesm\u00ed pou\u017e\u00edvat k jin\u00fdm \u00fa\u010del\u016fm, ne\u017e kter\u00e9 povoluj\u00ed z\u00e1kony va\u0161\u00ed zem\u011b. Kl\u00ed\u010den\u00ed a prodej nezletil\u00fdm osob\u00e1m je p\u0159\u00edsn\u011b zak\u00e1z\u00e1n. Spole\u010dnost AAASeedz nenese odpov\u011bdnost v p\u0159\u00edpad\u011b nedodr\u017een\u00ed z\u00e1kon\u016f zem\u011b pobytu.<\/em><\/p>","protected":false},"excerpt":{"rendered":"<p>La Spritz de Perfect Tree, est une vari\u00e9t\u00e9 qui va faire danser vos papilles et enflammer vos sens ! Avec<\/p>","protected":false},"featured_media":12363,"template":"","meta":[],"product_brand":[],"product_cat":[70],"product_tag":[77,281,302,278,301],"class_list":{"0":"post-10737","1":"product","2":"type-product","3":"status-publish","4":"has-post-thumbnail","6":"product_cat-feminisees","7":"product_tag-feminisee","8":"product_tag-jet-a","9":"product_tag-mimosa","10":"product_tag-perfect-tree","11":"product_tag-spritz","13":"first","14":"instock","15":"shipping-taxable","16":"purchasable","17":"product-type-simple"},"jetpack_sharing_enabled":true,"_links":{"self":[{"href":"https:\/\/www.aaaseedz.com\/cs\/wp-json\/wp\/v2\/product\/10737","targetHints":{"allow":["GET"]}}],"collection":[{"href":"https:\/\/www.aaaseedz.com\/cs\/wp-json\/wp\/v2\/product"}],"about":[{"href":"https:\/\/www.aaaseedz.com\/cs\/wp-json\/wp\/v2\/types\/product"}],"wp:featuredmedia":[{"embeddable":true,"href":"https:\/\/www.aaaseedz.com\/cs\/wp-json\/wp\/v2\/media\/12363"}],"wp:attachment":[{"href":"https:\/\/www.aaaseedz.com\/cs\/wp-json\/wp\/v2\/media?parent=10737"}],"wp:term":[{"taxonomy":"product_brand","embeddable":true,"href":"https:\/\/www.aaaseedz.com\/cs\/wp-json\/wp\/v2\/product_brand?post=10737"},{"taxonomy":"product_cat","embeddable":true,"href":"https:\/\/www.aaaseedz.com\/cs\/wp-json\/wp\/v2\/product_cat?post=10737"},{"taxonomy":"product_tag","embeddable":true,"href":"https:\/\/www.aaaseedz.com\/cs\/wp-json\/wp\/v2\/product_tag?post=10737"}],"curies":[{"name":"wp","href":"https:\/\/api.w.org\/{rel}","templated":true}]}}