{"id":10739,"date":"2024-05-05T16:15:18","date_gmt":"2024-05-05T14:15:18","guid":{"rendered":"https:\/\/www.aaaseedz.com\/?post_type=product&#038;p=10739"},"modified":"2025-06-11T16:24:37","modified_gmt":"2025-06-11T14:24:37","slug":"perfektni-stromova-broskev-s-ledem","status":"publish","type":"product","link":"https:\/\/www.aaaseedz.com\/cs\/produit\/perfect-tree-iced-peach-2\/","title":{"rendered":"Iced Peach - Perfect Tree"},"content":{"rendered":"<p>Perfect Tree's Iced Peach je v\u00fdsledkem v\u00fdbu\u0161n\u00e9ho spojen\u00ed na\u0161eho v\u00fdb\u011bru Frozay od Relentless Genetics a lahodn\u00e9 Peach Ozz od Dying Breed Seeds. P\u0159edstavte si dokonalou sm\u011bs, kter\u00e1 kombinuje sv\u011b\u017eest \u0161\u0165avnat\u00e9 broskve se silou star\u00e9ho dobr\u00e9ho Frozay. Je to jako m\u00edt na zahrad\u011b letn\u00ed koktejl, kter\u00fd je p\u0159ipraven v\u00e1s osv\u011b\u017eit a om\u00e1mit svou neodolatelnou chut\u00ed!<\/p>\n<p>Jakmile tuto kr\u00e1sku spat\u0159\u00edte, budete obdivovat jej\u00ed silnou vrstvu t\u0159pytiv\u00fdch trichom\u016f. Tyto mal\u00e9 krystalky tu nejsou jen proto, aby vypadaly hezky, ale jsou zn\u00e1mkou v\u00fdjime\u010dn\u00e9 kvality. Poupata jsou neuv\u011b\u0159iteln\u011b hust\u00e1 a budete s nimi r\u00e1di manipulovat. Ka\u017ed\u00e1 hlavi\u010dka je mal\u00fd poklad, kter\u00fd slibuje nezapomenuteln\u00fd z\u00e1\u017eitek. P\u0159ipravte se na to, \u017ee budete osln\u011bni kr\u00e1sou t\u011bchto poupat, kter\u00e1 se zdaj\u00ed b\u00fdt a\u017e p\u0159\u00edli\u0161 dokonal\u00e1 na to, aby byla skute\u010dn\u00e1!<\/p>\n<p>Pokud jste fanou\u0161kem extrakc\u00ed, Iced Peach je v\u00e1\u0161 nov\u00fd nejlep\u0161\u00ed p\u0159\u00edtel. Tuto odr\u016fdu doporu\u010dujeme pro v\u0161echny typy extrakc\u00ed bez rozpou\u0161t\u011bdel. A\u0165 u\u017e chcete vytv\u00e1\u0159et chutn\u00e9 koncentr\u00e1ty nebo siln\u00e9 oleje, tato rostlina v\u00e1m poskytne v\u0161e, co pot\u0159ebujete k realizaci sv\u00fdch nejdivo\u010dej\u0161\u00edch projekt\u016f. Jej\u00ed bohatost na prysky\u0159ici je prost\u011b neuv\u011b\u0159iteln\u00e1 a budete nad\u0161eni, co v\u0161echno z n\u00ed m\u016f\u017eete z\u00edskat. P\u0159edstavte si, jak\u00e9 lah\u016fdky m\u016f\u017eete s t\u00edmto z\u00e1zrakem vymyslet!<\/p>\n<p>Poj\u010fme si ale \u0159\u00edct, co se stane, a\u017e tuto kr\u00e1su ochutn\u00e1te. O\u010dek\u00e1vejte s\u00edlu, kter\u00e1 v\u00e1s p\u0159ibije k pohovce! Iced Peach m\u00e1 narkotick\u00fd, relaxa\u010dn\u00ed \u00fa\u010dinek, kter\u00fd v\u00e1s zahal\u00ed jako h\u0159ejiv\u00e1 deka. Je to ide\u00e1ln\u00ed spole\u010dn\u00edk pro klidn\u00fd ve\u010der doma nebo pro odpo\u010dinek po dlouh\u00e9m dni. Budete se c\u00edtit uvoln\u011bn\u011b a \u0161\u0165astn\u011b, p\u0159ipraveni vychutnat si ka\u017ed\u00fd okam\u017eik.<\/p>\n<p>Nezapom\u00ednejme ani na vizu\u00e1ln\u00ed pod\u00edvanou, kterou tato odr\u016fda p\u0159i sv\u00e9m r\u016fstu nab\u00edz\u00ed. Jakmile p\u0159ejdete do f\u00e1ze kveten\u00ed, o\u010dek\u00e1vejte od t\u011bchto dam po\u0159\u00e1dn\u00fd n\u00e1por. Budou se natahovat a rozv\u00edjet a poskytnou v\u00e1m skute\u010dnou p\u0159ehl\u00eddku barev a struktury. Terpenov\u00fd profil je fascinuj\u00edc\u00ed sm\u011bs zemit\u00fdch a ko\u0159en\u011bn\u00fdch t\u00f3n\u016f, v pozad\u00ed s n\u00e1znaky broskve Ozz, kter\u00e1 dr\u00e1\u017ed\u00ed va\u0161e smysly.<\/p>\n<p>Iced Peach je zkr\u00e1tka mnohem v\u00edc ne\u017e jen konopn\u00fd kmen. Je to kompletn\u00ed smyslov\u00fd z\u00e1\u017eitek, kter\u00fd kombinuje lahodnou chu\u0165, neuv\u011b\u0159itelnou s\u00edlu a snadn\u00e9 p\u011bstov\u00e1n\u00ed. A\u0165 u\u017e jste zku\u0161en\u00fd p\u011bstitel, nebo nad\u0161en\u00fd za\u010d\u00e1te\u010dn\u00edk, tato rostlina je nezbytn\u00fdm dopl\u0148kem, kter\u00fd do va\u0161\u00ed zahrady vnese n\u00e1dech kouzla. P\u0159ipravte se tedy vychutnat si ka\u017ed\u00fd okam\u017eik s Iced Peach a nechte se un\u00e9st jej\u00edm neodolateln\u00fdm kouzlem!<\/p>\n<p><strong>Feminizovan\u00e1 semena<\/strong><br \/>\n<strong>Balen\u00ed<\/strong> 6+3 sem\u00ednka zdarma (LH2P) (9)<br \/>\n<strong>Chovatel\u00e9<\/strong> : Perfect Tree<br \/>\n<strong>N\u00e1zev<\/strong> : Iced Peach<br \/>\n<strong>Cross<\/strong> : Frozay x Peach Ozz<br \/>\n<strong>V\u00fdkon<\/strong> : St\u0159edn\u00ed a\u017e vysok\u00e1<br \/>\n<strong>Genetika<\/strong> Hybrid s dominanc\u00ed indiky<br \/>\n<strong>Doba kveten\u00ed<\/strong> 56-60 dn\u00ed<br \/>\n<strong>Chu\u0165<\/strong> : Zemit\u00fd, Borovice<br \/>\n<strong>Zku\u0161enosti<\/strong> Velmi siln\u00fd narkotick\u00fd \u00fa\u010dinek<\/p>\n<p><em>Varov\u00e1n\u00ed: Dr\u017een\u00ed a sb\u011br semen jsou ve Francii povoleny. Tato semena se nesm\u00ed pou\u017e\u00edvat k jin\u00fdm \u00fa\u010del\u016fm, ne\u017e kter\u00e9 povoluj\u00ed z\u00e1kony va\u0161\u00ed zem\u011b. Kl\u00ed\u010den\u00ed a prodej nezletil\u00fdm osob\u00e1m je p\u0159\u00edsn\u011b zak\u00e1z\u00e1n. Spole\u010dnost AAASeedz nenese odpov\u011bdnost v p\u0159\u00edpad\u011b nedodr\u017een\u00ed z\u00e1kon\u016f zem\u011b pobytu.<\/em><\/p>","protected":false},"excerpt":{"rendered":"<p>L&rsquo;Iced Peach de Perfect Tree, cette vari\u00e9t\u00e9 est le fruit d\u2019un mariage explosif entre notre s\u00e9lection de Frozay de Relentless<\/p>","protected":false},"featured_media":12337,"template":"","meta":[],"product_brand":[],"product_cat":[70],"product_tag":[77,306,305,293,278],"class_list":{"0":"post-10739","1":"product","2":"type-product","3":"status-publish","4":"has-post-thumbnail","6":"product_cat-feminisees","7":"product_tag-feminisee","8":"product_tag-frozay","9":"product_tag-iced-peach","10":"product_tag-peach-ozz","11":"product_tag-perfect-tree","13":"first","14":"instock","15":"shipping-taxable","16":"purchasable","17":"product-type-simple"},"jetpack_sharing_enabled":true,"_links":{"self":[{"href":"https:\/\/www.aaaseedz.com\/cs\/wp-json\/wp\/v2\/product\/10739","targetHints":{"allow":["GET"]}}],"collection":[{"href":"https:\/\/www.aaaseedz.com\/cs\/wp-json\/wp\/v2\/product"}],"about":[{"href":"https:\/\/www.aaaseedz.com\/cs\/wp-json\/wp\/v2\/types\/product"}],"wp:featuredmedia":[{"embeddable":true,"href":"https:\/\/www.aaaseedz.com\/cs\/wp-json\/wp\/v2\/media\/12337"}],"wp:attachment":[{"href":"https:\/\/www.aaaseedz.com\/cs\/wp-json\/wp\/v2\/media?parent=10739"}],"wp:term":[{"taxonomy":"product_brand","embeddable":true,"href":"https:\/\/www.aaaseedz.com\/cs\/wp-json\/wp\/v2\/product_brand?post=10739"},{"taxonomy":"product_cat","embeddable":true,"href":"https:\/\/www.aaaseedz.com\/cs\/wp-json\/wp\/v2\/product_cat?post=10739"},{"taxonomy":"product_tag","embeddable":true,"href":"https:\/\/www.aaaseedz.com\/cs\/wp-json\/wp\/v2\/product_tag?post=10739"}],"curies":[{"name":"wp","href":"https:\/\/api.w.org\/{rel}","templated":true}]}}