{"id":10741,"date":"2024-05-05T16:30:33","date_gmt":"2024-05-05T14:30:33","guid":{"rendered":"https:\/\/www.aaaseedz.com\/?post_type=product&#038;p=10741"},"modified":"2025-06-11T16:38:37","modified_gmt":"2025-06-11T14:38:37","slug":"dokonaly-stromovy-duhovy-trojuhelnik","status":"publish","type":"product","link":"https:\/\/www.aaaseedz.com\/cs\/produit\/perfect-tree-rainbow-triangle-2\/","title":{"rendered":"Rainbow Triangle - Perfect Tree"},"content":{"rendered":"<p>Duhov\u00fd troj\u00faheln\u00edk Perfect Tree je odr\u016fda, kter\u00e1 nadchne va\u0161e smysly a rozz\u00e1\u0159\u00ed va\u0161i zahradu! Tento mal\u00fd klenot je v\u00fdsledkem odv\u00e1\u017en\u00e9ho k\u0159\u00ed\u017een\u00ed na\u0161eho v\u00fdb\u011bru Perfect Triangle od Jungle Boys a lahodn\u00e9 odr\u016fdy Peach Ozz. P\u0159edstavte si v\u00fdbu\u0161nou sm\u011bs, kter\u00e1 kombinuje s\u00edlu OG s ovocnou sladkost\u00ed \u0161\u0165avnat\u00e9 broskve. Je to jako m\u00edt duhu chut\u00ed a \u00fa\u010dink\u016f, kter\u00e1 na v\u00e1s \u010dek\u00e1 s ka\u017ed\u00fdm \u0161lukem!<\/p>\n<p>Jakmile tuto odr\u016fdu objev\u00edte, budete ohromeni jej\u00edm neuv\u011b\u0159iteln\u00fdm potenci\u00e1lem. Rainbow Triangle je jedn\u00edm z nejv\u00fdkonn\u011bj\u0161\u00edch k\u0159\u00ed\u017eenc\u016f, jak\u00e9 jsme kdy vytvo\u0159ili. Objevili jsme fenotyp, kter\u00fd vyd\u00e1v\u00e1 okouzluj\u00edc\u00ed v\u016fni s t\u00f3ny sladk\u00e9 broskve a n\u00e1dechem plynu, z n\u011bho\u017e se v\u00e1m budou sb\u00edhat sliny. Je to opravdov\u00e1 \u010dichov\u00e1 hostina, kter\u00e1 v\u00e1s p\u0159enese do rozkvetl\u00e9ho sadu a z\u00e1rove\u0148 v\u00e1m dod\u00e1 ten mal\u00fd dotek OG, kter\u00fd d\u011bl\u00e1 ten rozd\u00edl.<\/p>\n<p>Ale to nen\u00ed v\u0161echno! Rainbow Triangle je tak\u00e9 mistrem ve v\u00fdrob\u011b prysky\u0159ice. Pokud jste p\u0159\u00edznivci extrakc\u00ed bez rozpou\u0161t\u011bdel, je tato odr\u016fda ur\u010dena pr\u00e1v\u011b pro v\u00e1s. Jej\u00ed bohat\u00fd obsah prysky\u0159ice v\u00e1m umo\u017en\u00ed vytv\u00e1\u0159et siln\u00e9, aromatick\u00e9 koncentr\u00e1ty, kter\u00e9 pot\u011b\u0161\u00ed va\u0161e chu\u0165ov\u00e9 poh\u00e1rky. P\u0159ipravte se na objevov\u00e1n\u00ed nov\u00fdch dimenz\u00ed chuti a \u00fa\u010dinku s touto velkorysou rostlinou!<\/p>\n<p>Co se t\u00fd\u010de r\u016fstu, Rainbow Triangle je odr\u016fda s dominanc\u00ed indiky, kter\u00e9 nechyb\u00ed vitalita. M\u00e1 tendenci se trochu roztahovat, tak\u017ee ji nev\u00e1hejte jednou nebo dvakr\u00e1t trochu podpo\u0159it \u0159ezem. Pom\u016f\u017ee v\u00e1m to maximalizovat sklize\u0148 a z\u00e1rove\u0148 udr\u017eet rostliny v dobr\u00e9 kondici. Ji\u017e za 8 a\u017e 9 t\u00fddn\u016f kveten\u00ed budete odm\u011bn\u011bni hust\u00fdmi, prysky\u0159i\u010dn\u00fdmi poupaty, kter\u00e1 se na sv\u011btle t\u0159pyt\u00ed.<\/p>\n<p>Po chu\u0165ov\u00e9 str\u00e1nce o\u010dek\u00e1vejte neodolatelnou sm\u011bs citronov\u00e9 borovice, syt\u00fdch t\u00f3n\u016f a n\u00e1dechu OG, kter\u00e1 v\u00e1s rozplyne pot\u011b\u0161en\u00edm. Ka\u017ed\u00e9 vdechnut\u00ed je pozv\u00e1nkou k vychutn\u00e1n\u00ed okam\u017eiku \u010dir\u00e9ho blaha. A poj\u010fme si promluvit o \u00fa\u010dinc\u00edch! Rainbow Triangle nab\u00edz\u00ed hlubok\u00fd t\u011blov\u00fd efekt, kter\u00fd v\u00e1s zahal\u00ed do pocitu intenzivn\u00edho uvoln\u011bn\u00ed, a z\u00e1rove\u0148 zanech\u00e1 punc OG, kter\u00fd v\u00e1m vykouzl\u00ed \u00fasm\u011bv na tv\u00e1\u0159i.<\/p>\n<p>Rainbow Triangle je zkr\u00e1tka mnohem v\u00edc ne\u017e jen konopn\u00fd kmen. Je to kompletn\u00ed smyslov\u00fd z\u00e1\u017eitek, kter\u00fd kombinuje lahodnou chu\u0165, neuv\u011b\u0159itelnou s\u00edlu a snadn\u00e9 p\u011bstov\u00e1n\u00ed. A\u0165 u\u017e jste zku\u0161en\u00fd p\u011bstitel, nebo nad\u0161en\u00fd za\u010d\u00e1te\u010dn\u00edk, tato rostlina je nezbytn\u00fdm dopl\u0148kem, kter\u00fd do va\u0161\u00ed zahrady vnese n\u00e1dech kouzla. P\u0159ipravte se tedy vychutnat si ka\u017ed\u00fd okam\u017eik s Rainbow Triangle a nechte se un\u00e9st jej\u00edm neodolateln\u00fdm kouzlem!<\/p>\n<p><strong>Feminizovan\u00e1 semena<\/strong><br \/>\n<strong>Balen\u00ed<\/strong> 6+3 sem\u00ednka zdarma (LH2P) (9)<br \/>\n<strong>Chovatel\u00e9<\/strong> : Perfect Tree<br \/>\n<strong>N\u00e1zev<\/strong> : Rainbow Triangle<br \/>\n<strong>Cross<\/strong> : Perfect Triangle x Peach Ozz<br \/>\n<strong>V\u00fdkon<\/strong> : St\u0159edn\u00ed a\u017e vysok\u00e1<br \/>\n<strong>Genetika<\/strong> Hybrid s dominanc\u00ed indiky<br \/>\n<strong>Doba kveten\u00ed<\/strong> 56-60 dn\u00ed<br \/>\n<strong>Chu\u0165<\/strong> Lemon pine, \u0161umiv\u00e9, Og's<br \/>\n<strong>Zku\u0161enosti<\/strong> Hlubok\u00fd t\u011blov\u00fd efekt a siln\u00fd OG pun\u010d<\/p>\n<p><em>Varov\u00e1n\u00ed: Dr\u017een\u00ed a sb\u011br semen jsou ve Francii povoleny. Tato semena se nesm\u00ed pou\u017e\u00edvat k jin\u00fdm \u00fa\u010del\u016fm, ne\u017e kter\u00e9 povoluj\u00ed z\u00e1kony va\u0161\u00ed zem\u011b. Kl\u00ed\u010den\u00ed a prodej nezletil\u00fdm osob\u00e1m je p\u0159\u00edsn\u011b zak\u00e1z\u00e1n. Spole\u010dnost AAASeedz nenese odpov\u011bdnost v p\u0159\u00edpad\u011b nedodr\u017een\u00ed z\u00e1kon\u016f zem\u011b pobytu.<\/em><\/p>","protected":false},"excerpt":{"rendered":"<p>La Rainbow Triangle de Perfect Tree, est une vari\u00e9t\u00e9 qui va faire vibrer vos sens et illuminer votre jardin !<\/p>","protected":false},"featured_media":12357,"template":"","meta":[],"product_brand":[],"product_cat":[70],"product_tag":[77,293,278,310,309],"class_list":{"0":"post-10741","1":"product","2":"type-product","3":"status-publish","4":"has-post-thumbnail","6":"product_cat-feminisees","7":"product_tag-feminisee","8":"product_tag-peach-ozz","9":"product_tag-perfect-tree","10":"product_tag-perfect-triangle","11":"product_tag-rainbow-triangle","13":"first","14":"instock","15":"shipping-taxable","16":"purchasable","17":"product-type-simple"},"jetpack_sharing_enabled":true,"_links":{"self":[{"href":"https:\/\/www.aaaseedz.com\/cs\/wp-json\/wp\/v2\/product\/10741","targetHints":{"allow":["GET"]}}],"collection":[{"href":"https:\/\/www.aaaseedz.com\/cs\/wp-json\/wp\/v2\/product"}],"about":[{"href":"https:\/\/www.aaaseedz.com\/cs\/wp-json\/wp\/v2\/types\/product"}],"wp:featuredmedia":[{"embeddable":true,"href":"https:\/\/www.aaaseedz.com\/cs\/wp-json\/wp\/v2\/media\/12357"}],"wp:attachment":[{"href":"https:\/\/www.aaaseedz.com\/cs\/wp-json\/wp\/v2\/media?parent=10741"}],"wp:term":[{"taxonomy":"product_brand","embeddable":true,"href":"https:\/\/www.aaaseedz.com\/cs\/wp-json\/wp\/v2\/product_brand?post=10741"},{"taxonomy":"product_cat","embeddable":true,"href":"https:\/\/www.aaaseedz.com\/cs\/wp-json\/wp\/v2\/product_cat?post=10741"},{"taxonomy":"product_tag","embeddable":true,"href":"https:\/\/www.aaaseedz.com\/cs\/wp-json\/wp\/v2\/product_tag?post=10741"}],"curies":[{"name":"wp","href":"https:\/\/api.w.org\/{rel}","templated":true}]}}