{"id":10744,"date":"2024-05-05T16:35:35","date_gmt":"2024-05-05T14:35:35","guid":{"rendered":"https:\/\/www.aaaseedz.com\/?post_type=product&#038;p=10744"},"modified":"2025-06-11T16:34:49","modified_gmt":"2025-06-11T14:34:49","slug":"perfect-tree-peach-sherbert-og-2","status":"publish","type":"product","link":"https:\/\/www.aaaseedz.com\/cs\/produit\/perfect-tree-peach-sherbert-og-2\/","title":{"rendered":"Peach Sherbert Og - Perfect Tree"},"content":{"rendered":"<p>Objevte odr\u016fdu Peach Sherbert OG od Perfect Tree, kter\u00e1 se na Canna French Cup 2022 um\u00edstila na skv\u011bl\u00e9m 2. m\u00edst\u011b v kategorii extrakt\u016f! Tento mal\u00fd klenot je v\u00fdsledkem k\u0159\u00ed\u017een\u00ed odr\u016fd Falcon 9 a Peach Ozz a ur\u010dit\u011b v\u00e1s ohrom\u00ed. Pokud hled\u00e1te rostlinu, kter\u00e1 kombinuje s\u00edlu a v\u00fdnos, jste na spr\u00e1vn\u00e9m m\u00edst\u011b! Tento mal\u00fd klenot je v\u00fdsledkem v\u00fdbu\u0161n\u00e9ho spojen\u00ed Falcon 9 a Peach Ozz a v\u011b\u0159te, \u017ee v\u00e1s nezklame. Pokud hled\u00e1te rostlinu, kter\u00e1 kombinuje s\u00edlu a v\u00fdnos, jste na spr\u00e1vn\u00e9m m\u00edst\u011b!<\/p>\n<p>Peach Sherbert OG je hybrid s dominanc\u00ed indiky, kter\u00fd vynik\u00e1 svou robustnost\u00ed a produktivitou. P\u0159edstavte si hust\u00e9, velmi lepkav\u00e9 kv\u011bty pokryt\u00e9 t\u0159pytivou prysky\u0159ic\u00ed, kter\u00e9 se zdaj\u00ed b\u00fdt a\u017e p\u0159\u00edli\u0161 dobr\u00e9 na to, aby to byla pravda. Tato poupata jsou ide\u00e1ln\u00ed pro ty, kte\u0159\u00ed r\u00e1di prov\u00e1d\u011bj\u00ed extrakce bez rozpou\u0161t\u011bdel, proto\u017ee jsou pln\u00e1 terpen\u016f, kter\u00e9 dodaj\u00ed va\u0161im koncentr\u00e1t\u016fm nezapomenutelnou chu\u0165. Skute\u010dn\u00fd poklad pro milovn\u00edky konop\u00ed, kte\u0159\u00ed hledaj\u00ed bohat\u00fd a intenzivn\u00ed chu\u0165ov\u00fd z\u00e1\u017eitek.<\/p>\n<p>Chcete-li maximalizovat potenci\u00e1l t\u00e9to odr\u016fdy, doporu\u010dujeme ji p\u0159ed kv\u011btem jednou a\u017e dvakr\u00e1t se\u0159\u00edznout. D\u00edky tomu se z Peach Sherbert OG vyvine bujn\u00fd ke\u0159 pln\u00fd n\u00e1dhern\u00fdch fialov\u00fdch kv\u011bt\u016f, kter\u00e9 ohrom\u00ed va\u0161e o\u010di. Za pouh\u00fdch 9 t\u00fddn\u016f budete moci obdivovat v\u00fdsledky sv\u00e9ho \u00fasil\u00ed s poupaty, kter\u00e1 vypadaj\u00ed t\u00e9m\u011b\u0159 p\u0159\u00edli\u0161 dokonale na to, abyste je mohli skl\u00edzet. Jako by ka\u017ed\u00e1 rostlina byla \u017eiv\u00fdm um\u011bleck\u00fdm d\u00edlem p\u0159ipraven\u00fdm k oslav\u011b!<\/p>\n<p>V\u016fn\u011b Peach Sherbert OG je pastvou pro smysly. Siln\u00e9 terpeny OG se m\u00eds\u00ed se sv\u011b\u017e\u00edmi t\u00f3ny lehce zral\u00e9 broskve a ka\u017ed\u00e9 vdechnut\u00ed je exploz\u00ed chuti, kter\u00e1 v\u00e1s p\u0159enese do proslun\u011bn\u00e9ho sadu. A\u0165 u\u017e se rozhodnete vychutnat si tuto odr\u016fdu v kv\u011btu nebo jako extrakci, budete nad\u0161eni jej\u00ed lahodnou chut\u00ed a opojnou silou.<\/p>\n<p>Peach Sherbert OG je zkr\u00e1tka odr\u016fda, kterou mus\u00ed m\u00edt ka\u017ed\u00fd, kdo oce\u0148uje s\u00edlu OG a velkorys\u00e9 v\u00fdnosy. A\u0165 u\u017e jste zku\u0161en\u00fd p\u011bstitel, nebo nad\u0161en\u00fd za\u010d\u00e1te\u010dn\u00edk, tato rostlina si v\u00e1s z\u00edsk\u00e1 svou kr\u00e1sou, odolnost\u00ed a okouzluj\u00edc\u00ed v\u016fn\u00ed. Proto u\u017e nev\u00e1hejte a p\u0159ive\u010fte si Peach Sherbert OG do sv\u00e9 zahrady a objevte v\u0161e, co v\u00e1m m\u016f\u017ee nab\u00eddnout!<\/p>\n<p><strong>Feminizovan\u00e1 semena<\/strong><br \/>\n<strong>Balen\u00ed<\/strong> 6+3 sem\u00ednka zdarma (LH2P) (9)<br \/>\n<strong>Chovatel\u00e9<\/strong> : Perfect Tree<br \/>\n<strong>N\u00e1zev<\/strong> : Peach Sherbert Og<br \/>\n<strong>Cross<\/strong> : Falcon 9 x Peach Ozz<br \/>\n<strong>V\u00fdkon<\/strong> : St\u0159edn\u00ed a\u017e vysok\u00e1<br \/>\n<strong>Genetika<\/strong> Hybrid s dominanc\u00ed indiky<br \/>\n<strong>Doba kveten\u00ed<\/strong> 56-60 dn\u00ed<br \/>\n<strong>Chu\u0165<\/strong> : OG Fresh a Gas<br \/>\n<strong>Zku\u0161enosti<\/strong> Siln\u00e1 potence Indica<\/p>\n<p><em>Varov\u00e1n\u00ed: Dr\u017een\u00ed a sb\u011br semen jsou ve Francii povoleny. Tato semena se nesm\u00ed pou\u017e\u00edvat k jin\u00fdm \u00fa\u010del\u016fm, ne\u017e kter\u00e9 povoluj\u00ed z\u00e1kony va\u0161\u00ed zem\u011b. Kl\u00ed\u010den\u00ed a prodej nezletil\u00fdm osob\u00e1m je p\u0159\u00edsn\u011b zak\u00e1z\u00e1n. Spole\u010dnost AAASeedz nenese odpov\u011bdnost v p\u0159\u00edpad\u011b nedodr\u017een\u00ed z\u00e1kon\u016f zem\u011b pobytu.<\/em><\/p>","protected":false},"excerpt":{"rendered":"<p>D\u00e9couvrez la Peach Sherbert OG de Perfect Tree, une vari\u00e9t\u00e9 qui a brillamment remport\u00e9 la 2\u00e8me place \u00e0 la Canna<\/p>","protected":false},"featured_media":12353,"template":"","meta":[],"product_brand":[],"product_cat":[70],"product_tag":[315,77,293,314,278],"class_list":{"0":"post-10744","1":"product","2":"type-product","3":"status-publish","4":"has-post-thumbnail","6":"product_cat-feminisees","7":"product_tag-falcon-9","8":"product_tag-feminisee","9":"product_tag-peach-ozz","10":"product_tag-peach-sherbert-og","11":"product_tag-perfect-tree","13":"first","14":"instock","15":"shipping-taxable","16":"purchasable","17":"product-type-simple"},"jetpack_sharing_enabled":true,"_links":{"self":[{"href":"https:\/\/www.aaaseedz.com\/cs\/wp-json\/wp\/v2\/product\/10744","targetHints":{"allow":["GET"]}}],"collection":[{"href":"https:\/\/www.aaaseedz.com\/cs\/wp-json\/wp\/v2\/product"}],"about":[{"href":"https:\/\/www.aaaseedz.com\/cs\/wp-json\/wp\/v2\/types\/product"}],"wp:featuredmedia":[{"embeddable":true,"href":"https:\/\/www.aaaseedz.com\/cs\/wp-json\/wp\/v2\/media\/12353"}],"wp:attachment":[{"href":"https:\/\/www.aaaseedz.com\/cs\/wp-json\/wp\/v2\/media?parent=10744"}],"wp:term":[{"taxonomy":"product_brand","embeddable":true,"href":"https:\/\/www.aaaseedz.com\/cs\/wp-json\/wp\/v2\/product_brand?post=10744"},{"taxonomy":"product_cat","embeddable":true,"href":"https:\/\/www.aaaseedz.com\/cs\/wp-json\/wp\/v2\/product_cat?post=10744"},{"taxonomy":"product_tag","embeddable":true,"href":"https:\/\/www.aaaseedz.com\/cs\/wp-json\/wp\/v2\/product_tag?post=10744"}],"curies":[{"name":"wp","href":"https:\/\/api.w.org\/{rel}","templated":true}]}}