{"id":10745,"date":"2024-05-05T16:37:21","date_gmt":"2024-05-05T14:37:21","guid":{"rendered":"https:\/\/www.aaaseedz.com\/?post_type=product&#038;p=10745"},"modified":"2025-06-11T17:10:35","modified_gmt":"2025-06-11T15:10:35","slug":"dokonaly-strom-tropicozz","status":"publish","type":"product","link":"https:\/\/www.aaaseedz.com\/cs\/produit\/perfect-tree-tropicozz-2\/","title":{"rendered":"Tropic'Ozz - Perfect Tree"},"content":{"rendered":"<p>Milovn\u00edci kr\u00e1sn\u00fdch rostlin, poj\u010fte se pono\u0159it do omamn\u00e9ho sv\u011bta Tropic'Ozz od Prefect Tree, zahradn\u00ed superstar, kter\u00e1 v roce 2023 zp\u016fsobila v Braz\u00edlii senzaci! Se sv\u00fdm 3. m\u00edstem v sout\u011b\u017ei Cannabis in Brazil a neuv\u011b\u0159iteln\u00fdm 1. m\u00edstem v sout\u011b\u017ei People's Choice Awards si tato odr\u016fda z\u00edskala srdce i chu\u0165ov\u00e9 bu\u0148ky. Pokud hled\u00e1te rostlinu, kter\u00e1 v sob\u011b spojuje snadn\u00e9 p\u011bstov\u00e1n\u00ed, v\u00fdjime\u010dnou produkci prysky\u0159ice a chu\u0165, ze kter\u00e9 se v\u00e1m budou sb\u00edhat sliny, u\u017e nehledejte!<\/p>\n<p>Tropic'Ozz je v\u00fdsledkem v\u00fdbu\u0161n\u00e9ho spojen\u00ed odr\u016fd Tropicanna Cherry od Relentless Genetics a Peach Ozz od Dying Breed Seeds. P\u0159edstavte si, \u017ee se dva konopn\u00ed giganti spoj\u00ed a vytvo\u0159\u00ed p\u016fsobivou rostlinu, kter\u00e1 je kr\u00e1sn\u00e1 a velkorys\u00e1 z\u00e1rove\u0148. Tento kmen je tak snadn\u00fd na p\u011bstov\u00e1n\u00ed, \u017ee se do n\u011bj mohou bez obav pustit i za\u010d\u00e1te\u010dn\u00edci. B\u011bhem n\u011bkolika t\u00fddn\u016f uvid\u00edte, jak se va\u0161e rostliny prom\u011bn\u00ed v opravdov\u00e1 um\u011bleck\u00e1 d\u00edla, p\u0159ekypuj\u00edc\u00ed t\u0159pytivou prysky\u0159ic\u00ed, nad kterou va\u0161i p\u0159\u00e1tel\u00e9 p\u011bstitel\u00e9 zezelenaj\u00ed z\u00e1vist\u00ed.<\/p>\n<p>Ale to nen\u00ed v\u0161echno! To, co d\u011bl\u00e1 Tropic'Ozz skute\u010dn\u011b jedine\u010dn\u00fdm, je jeho podmaniv\u00fd terpenov\u00fd profil. P\u0159edstavte si um\u011blou sladkost nebo \u017ev\u00fdka\u010dku s tropickou p\u0159\u00edchut\u00ed, kter\u00e1 v\u00e1s p\u0159enese p\u0159\u00edmo na slunnou pl\u00e1\u017e. Ka\u017ed\u00e9 \u0161luknut\u00ed je exploz\u00ed sladk\u00fdch chut\u00ed, kter\u00e9 polechtaj\u00ed va\u0161e chu\u0165ov\u00e9 poh\u00e1rky a p\u0159ipomenou v\u00e1m letn\u00ed dovolenou. Je to jako kousat do \u0161\u0165avnat\u00e9ho ovoce a z\u00e1rove\u0148 si vychutn\u00e1vat sladkost - skute\u010dn\u00e1 lah\u016fdka pro smysly!<\/p>\n<p>A co jeho \u00fa\u010dinky? Tropic'Ozz nab\u00edz\u00ed jemn\u00fd, vyv\u00e1\u017een\u00fd z\u00e1\u017eitek, ide\u00e1ln\u00ed pro cel\u00fd den. A\u0165 u\u017e pracujete, relaxujete s p\u0159\u00e1teli nebo si u\u017e\u00edv\u00e1te slune\u010dn\u00fd den, tato odr\u016fda je va\u0161\u00edm ide\u00e1ln\u00edm spojencem. Dod\u00e1 v\u00e1m pocit pohody, ani\u017e by v\u00e1s odrovnala, a umo\u017en\u00ed v\u00e1m z\u016fstat aktivn\u00ed a soust\u0159ed\u011bn\u00ed a z\u00e1rove\u0148 si vychutnat ka\u017ed\u00fd okam\u017eik.<\/p>\n<p>Tropic'Ozz zkr\u00e1tka spl\u0148uje v\u0161echny po\u017eadavky: je energick\u00fd, \u0161t\u011bdr\u00fd a chutn\u00fd! A\u0165 u\u017e jste zku\u0161en\u00fd p\u011bstitel, nebo nad\u0161en\u00fd za\u010d\u00e1te\u010dn\u00edk, tato odr\u016fda si zaslou\u017e\u00ed zvl\u00e1\u0161tn\u00ed m\u00edsto ve va\u0161\u00ed zahrad\u011b. D\u00edky sv\u00e9mu p\u016fsobiv\u00e9mu vzhledu, neodolateln\u00e9 chuti a vyv\u00e1\u017een\u00fdm \u00fa\u010dink\u016fm je Tropic'Ozz vych\u00e1zej\u00edc\u00ed hv\u011bzdou konop\u00ed, kter\u00e1 si v\u00e1s jist\u011b z\u00edsk\u00e1. P\u0159ipravte se tedy na to, \u017ee se s t\u00edmto zahradn\u00edm z\u00e1zrakem napln\u00edte sluncem a tropickou chut\u00ed!<\/p>\n<p><strong>Feminizovan\u00e1 semena<\/strong><br \/>\n<strong>Balen\u00ed<\/strong> 6+3 sem\u00ednka zdarma (LH2P) (9)<br \/>\n<strong>Chovatel\u00e9<\/strong> : Perfect Tree<br \/>\n<strong>N\u00e1zev<\/strong> : Tropic'Ozz<br \/>\n<strong>Cross<\/strong> : Tropicanna Cherry x Peach Ozz<br \/>\n<strong>V\u00fdkon<\/strong> : St\u0159edn\u00ed a\u017e vysok\u00e1<br \/>\n<strong>Genetika<\/strong> : Hybrid<br \/>\n<strong>Doba kveten\u00ed<\/strong> 56-60 dn\u00ed<br \/>\n<strong>Chu\u0165<\/strong> : Tropical<br \/>\n<strong>Zku\u0161enosti<\/strong> : M\u00edrn\u00fd, ide\u00e1ln\u00ed pro denn\u00ed pou\u017eit\u00ed<\/p>\n<p><em>Varov\u00e1n\u00ed: Dr\u017een\u00ed a sb\u011br semen jsou ve Francii povoleny. Tato semena se nesm\u00ed pou\u017e\u00edvat k jin\u00fdm \u00fa\u010del\u016fm, ne\u017e kter\u00e9 povoluj\u00ed z\u00e1kony va\u0161\u00ed zem\u011b. Kl\u00ed\u010den\u00ed a prodej nezletil\u00fdm osob\u00e1m je p\u0159\u00edsn\u011b zak\u00e1z\u00e1n. Spole\u010dnost AAASeedz nenese odpov\u011bdnost v p\u0159\u00edpad\u011b nedodr\u017een\u00ed z\u00e1kon\u016f zem\u011b pobytu.<\/em><\/p>","protected":false},"excerpt":{"rendered":"<p>Amateurs de belles plantes, nous allons plonger dans l&rsquo;univers enivrant de Tropic\u2019Ozz de Prefect Tree, la superstar du jardin qui<\/p>","protected":false},"featured_media":12365,"template":"","meta":[],"product_brand":[],"product_cat":[70],"product_tag":[77,293,278,316,317],"class_list":{"0":"post-10745","1":"product","2":"type-product","3":"status-publish","4":"has-post-thumbnail","6":"product_cat-feminisees","7":"product_tag-feminisee","8":"product_tag-peach-ozz","9":"product_tag-perfect-tree","10":"product_tag-tropicozz","11":"product_tag-tropicanna-cherry","13":"first","14":"instock","15":"shipping-taxable","16":"purchasable","17":"product-type-simple"},"jetpack_sharing_enabled":true,"_links":{"self":[{"href":"https:\/\/www.aaaseedz.com\/cs\/wp-json\/wp\/v2\/product\/10745","targetHints":{"allow":["GET"]}}],"collection":[{"href":"https:\/\/www.aaaseedz.com\/cs\/wp-json\/wp\/v2\/product"}],"about":[{"href":"https:\/\/www.aaaseedz.com\/cs\/wp-json\/wp\/v2\/types\/product"}],"wp:featuredmedia":[{"embeddable":true,"href":"https:\/\/www.aaaseedz.com\/cs\/wp-json\/wp\/v2\/media\/12365"}],"wp:attachment":[{"href":"https:\/\/www.aaaseedz.com\/cs\/wp-json\/wp\/v2\/media?parent=10745"}],"wp:term":[{"taxonomy":"product_brand","embeddable":true,"href":"https:\/\/www.aaaseedz.com\/cs\/wp-json\/wp\/v2\/product_brand?post=10745"},{"taxonomy":"product_cat","embeddable":true,"href":"https:\/\/www.aaaseedz.com\/cs\/wp-json\/wp\/v2\/product_cat?post=10745"},{"taxonomy":"product_tag","embeddable":true,"href":"https:\/\/www.aaaseedz.com\/cs\/wp-json\/wp\/v2\/product_tag?post=10745"}],"curies":[{"name":"wp","href":"https:\/\/api.w.org\/{rel}","templated":true}]}}