{"id":10746,"date":"2024-05-05T16:39:02","date_gmt":"2024-05-05T14:39:02","guid":{"rendered":"https:\/\/www.aaaseedz.com\/?post_type=product&#038;p=10746"},"modified":"2025-06-10T17:11:35","modified_gmt":"2025-06-10T15:11:35","slug":"perfektni-strom-capri-zun","status":"publish","type":"product","link":"https:\/\/www.aaaseedz.com\/cs\/produit\/perfect-tree-capri-zun-2\/","title":{"rendered":"Capri Zun - Perfect Tree"},"content":{"rendered":"<p>P\u0159ipravte se objevit CapriZun od Perfect Tree, vych\u00e1zej\u00edc\u00ed hv\u011bzdu hybridn\u00edch odr\u016fd s dominanc\u00ed sativy, kter\u00e1 va\u0161e smysly nadchne jako nikdy p\u0159edt\u00edm! P\u0159edstavte si v\u00fdbu\u0161nou sm\u011bs terpen\u016f, chut\u00ed a pocit\u016f, to v\u0161e zabalen\u00e9 v s\u00e1\u010dku jisk\u0159iv\u00e9m jako Alhambra uprost\u0159ed l\u00e9ta. Tento v\u00fdtvor je v\u00fdsledkem tvrd\u00e9 pr\u00e1ce nad\u0161enc\u016f, kte\u0159\u00ed vlo\u017eili sv\u00e9 srdce do v\u00fdb\u011bru konopn\u00fdch semen nejvy\u0161\u0161\u00ed kvality. Pokud jste milovn\u00edci vzru\u0161en\u00ed, ur\u010dit\u011b si zamilujete to, co v\u00e1m CapriZun nab\u00edz\u00ed!<\/p>\n<p>Jakmile otev\u0159ete tento \u0161umiv\u00fd s\u00e1\u010dek, ude\u0159\u00ed v\u00e1s do nosu opravdov\u00fd festival ovocn\u00e9 sladkosti. Je to jako injekce vitam\u00edn\u016f pro va\u0161e chu\u0165ov\u00e9 poh\u00e1rky, s komplexn\u00ed chut\u00ed, kter\u00e1 kombinuje sladk\u00e9 a trpk\u00e9 t\u00f3ny. Na rozd\u00edl od n\u011bkter\u00fdch odr\u016fd, kter\u00e9 po dozr\u00e1n\u00ed ztr\u00e1cej\u00ed sv\u016fj lesk, je CapriZun skute\u010dnou superhv\u011bzdou, kter\u00e1 nikdy nep\u0159estane z\u00e1\u0159it. Buclat\u00e9 trichomy t\u00e9to kv\u011btiny pokryt\u00e9 \u0161t\u011bdrou prysky\u0159ic\u00ed v\u00e1s donut\u00ed se k n\u00ed znovu a znovu vracet, a\u0165 u\u017e ke kou\u0159en\u00ed, nebo k vychutn\u00e1v\u00e1n\u00ed po extrakci.<\/p>\n<p>Tento mal\u00fd z\u00e1zrak vznikl k\u0159\u00ed\u017een\u00edm slavn\u00e9 odr\u016fdy Sunset Sherbert bx1 a \u0161umiv\u00e9 odr\u016fdy Peach Ozz. Za pouh\u00fdch 8 a\u017e 9 t\u00fddn\u016f kveten\u00ed budete odm\u011bn\u011bni hust\u00fdmi, prysky\u0159i\u010dn\u00fdmi poupaty, kter\u00e1 se t\u0159pyt\u00ed jako hv\u011bzdy. A\u0165 u\u017e p\u011bstujete v interi\u00e9ru, nebo venku, tato odr\u016fda se p\u0159izp\u016fsob\u00ed jak\u00e9mukoli prost\u0159ed\u00ed a jej\u00ed v\u00fdnos nen\u00ed nijak impozantn\u00ed. O\u010dek\u00e1vejte sklize\u0148 kv\u011bt\u016f, o kter\u00fdch se bude ve m\u011bst\u011b mluvit!<\/p>\n<p>CapriZun nen\u00ed jen kr\u00e1sn\u00e1 rostlina, ale tak\u00e9 skute\u010dn\u00fd koncentr\u00e1t pocit\u016f. D\u00edky velmi vysok\u00e9mu obsahu THC v\u00e1s uvrhne do stavu euforick\u00e9 relaxace, ide\u00e1ln\u00ed pro odpo\u010dinek po dlouh\u00e9m dni. Jej\u00ed \u00fa\u010dinek je uklid\u0148uj\u00edc\u00ed i povzbuzuj\u00edc\u00ed a zanech\u00e1 v\u00e1m na tv\u00e1\u0159i bla\u017een\u00fd \u00fasm\u011bv. Je ide\u00e1ln\u00edm spole\u010dn\u00edkem pro va\u0161e chv\u00edle odpo\u010dinku nebo pro sd\u00edlen\u00ed s p\u0159\u00e1teli na ve\u010d\u00edrku.<\/p>\n<p>P\u011bstov\u00e1n\u00ed CapriZun je skute\u010dn\u00fdm pot\u011b\u0161en\u00edm, a\u0165 u\u017e jste za\u010d\u00ednaj\u00edc\u00ed zahradn\u00edk, nebo zku\u0161en\u00fd odborn\u00edk. Banka semen Perfect Tree vyvinula tuto odr\u016fdu s d\u016frazem na testov\u00e1n\u00ed ka\u017ed\u00e9 \u0161ar\u017ee u r\u016fzn\u00fdch p\u011bstitel\u016f, co\u017e zaru\u010duje optim\u00e1ln\u00ed p\u011bstitelsk\u00e9 zku\u0161enosti. Ka\u017ed\u00e1 f\u00e1ze, od kl\u00ed\u010den\u00ed a\u017e po sklize\u0148, byla navr\u017eena tak, aby v\u00e1m poskytla nezapomenuteln\u00fd z\u00e1\u017eitek.<\/p>\n<p>A to nen\u00ed v\u0161echno! P\u0159i koupi s\u00e1\u010dku \u0161esti semen CapriZun obdr\u017e\u00edte jako d\u00e1rek balen\u00ed t\u0159\u00ed semen Tropic'Ozz. Je to jedine\u010dn\u00e1 p\u0159\u00edle\u017eitost, jak si zpest\u0159it zahr\u00e1dku je\u0161t\u011b exoti\u010dt\u011bj\u0161\u00edmi chut\u011bmi!<\/p>\n<p>CapriZun je zkr\u00e1tka mnohem v\u00edc ne\u017e jen konopn\u00fd kmen. Je to kompletn\u00ed smyslov\u00fd z\u00e1\u017eitek, kter\u00fd kombinuje lahodnou chu\u0165, snadn\u00e9 p\u011bstov\u00e1n\u00ed a siln\u00e9 \u00fa\u010dinky. Proto u\u017e d\u00e9le ne\u010dekejte! Pono\u0159te se do sv\u011bta CapriZun a nechte se un\u00e9st touto exploz\u00ed ovoce a pocit\u016f. Nebudete zklam\u00e1ni!<\/p>\n<p><strong>Feminizovan\u00e1 semena<\/strong><br \/>\n<strong>Balen\u00ed<\/strong> 6+3 sem\u00ednka zdarma (LH2P) (9)<br \/>\n<strong>Chovatel\u00e9<\/strong> : Perfect Tree<br \/>\n<strong>N\u00e1zev<\/strong> : Capri Zun<br \/>\n<strong>Cross<\/strong> : Sunset Sherbert BX1 x Peach Ozz<br \/>\n<strong>V\u00fdkon<\/strong> : St\u0159edn\u00ed a\u017e vysok\u00e1<br \/>\n<strong>Genetika<\/strong> Hybrid s dominanc\u00ed sativy<br \/>\n<strong>Doba kveten\u00ed<\/strong> 60-66 dn\u00ed<br \/>\n<strong>Chu\u0165<\/strong> Ovocn\u00fd, okyselen\u00fd<br \/>\n<strong>Zku\u0161enosti<\/strong> : Vysok\u00fd \u00fa\u010dinek<\/p>\n<p><em>Varov\u00e1n\u00ed: Dr\u017een\u00ed a sb\u011br semen jsou ve Francii povoleny. Tato semena se nesm\u00ed pou\u017e\u00edvat k jin\u00fdm \u00fa\u010del\u016fm, ne\u017e kter\u00e9 povoluj\u00ed z\u00e1kony va\u0161\u00ed zem\u011b. Kl\u00ed\u010den\u00ed a prodej nezletil\u00fdm osob\u00e1m je p\u0159\u00edsn\u011b zak\u00e1z\u00e1n. Spole\u010dnost AAASeedz nenese odpov\u011bdnost v p\u0159\u00edpad\u011b nedodr\u017een\u00ed z\u00e1kon\u016f zem\u011b pobytu.<\/em><\/p>","protected":false},"excerpt":{"rendered":"<p>Pr\u00e9parez-vous \u00e0 d\u00e9couvrir CapriZun de Perfect Tree, l&rsquo;\u00e9toile montante des vari\u00e9t\u00e9s hybrides \u00e0 dominance sativa, qui va faire vibrer vos<\/p>","protected":false},"featured_media":12323,"template":"","meta":[],"product_brand":[],"product_cat":[70],"product_tag":[318,77,293,278,319],"class_list":{"0":"post-10746","1":"product","2":"type-product","3":"status-publish","4":"has-post-thumbnail","6":"product_cat-feminisees","7":"product_tag-capri-zun","8":"product_tag-feminisee","9":"product_tag-peach-ozz","10":"product_tag-perfect-tree","11":"product_tag-sunset-sherbert-bx1","13":"first","14":"instock","15":"shipping-taxable","16":"purchasable","17":"product-type-simple"},"jetpack_sharing_enabled":true,"_links":{"self":[{"href":"https:\/\/www.aaaseedz.com\/cs\/wp-json\/wp\/v2\/product\/10746","targetHints":{"allow":["GET"]}}],"collection":[{"href":"https:\/\/www.aaaseedz.com\/cs\/wp-json\/wp\/v2\/product"}],"about":[{"href":"https:\/\/www.aaaseedz.com\/cs\/wp-json\/wp\/v2\/types\/product"}],"wp:featuredmedia":[{"embeddable":true,"href":"https:\/\/www.aaaseedz.com\/cs\/wp-json\/wp\/v2\/media\/12323"}],"wp:attachment":[{"href":"https:\/\/www.aaaseedz.com\/cs\/wp-json\/wp\/v2\/media?parent=10746"}],"wp:term":[{"taxonomy":"product_brand","embeddable":true,"href":"https:\/\/www.aaaseedz.com\/cs\/wp-json\/wp\/v2\/product_brand?post=10746"},{"taxonomy":"product_cat","embeddable":true,"href":"https:\/\/www.aaaseedz.com\/cs\/wp-json\/wp\/v2\/product_cat?post=10746"},{"taxonomy":"product_tag","embeddable":true,"href":"https:\/\/www.aaaseedz.com\/cs\/wp-json\/wp\/v2\/product_tag?post=10746"}],"curies":[{"name":"wp","href":"https:\/\/api.w.org\/{rel}","templated":true}]}}