{"id":10747,"date":"2024-05-05T16:40:57","date_gmt":"2024-05-05T14:40:57","guid":{"rendered":"https:\/\/www.aaaseedz.com\/?post_type=product&#038;p=10747"},"modified":"2025-06-11T16:28:02","modified_gmt":"2025-06-11T14:28:02","slug":"perfect-tree-lemon-coconut-fatbomb","status":"publish","type":"product","link":"https:\/\/www.aaaseedz.com\/cs\/produit\/perfect-tree-lemon-coconut-fatbomb-2\/","title":{"rendered":"Lemon Coconut Fatbomb - Perfect Tree"},"content":{"rendered":"<p>Lemon Coconut Fat Bomb od Perfect Tree, odr\u016fda, kter\u00e1 jist\u011b ohrom\u00ed va\u0161e chu\u0165ov\u00e9 poh\u00e1rky a rozz\u00e1\u0159\u00ed va\u0161i zahradu! P\u0159edstavte si dokonalou kombinaci pikantn\u00ed sv\u011b\u017eesti citronov\u00e9ho tvarohu a kr\u00e9mov\u00e9 sladkosti kokosov\u00e9ho ml\u00e9ka. Je to jako m\u00edt na zahrad\u011b citronov\u00fd sorbet, kter\u00fd je p\u0159ipraven osv\u011b\u017eit v\u00e1s s ka\u017ed\u00fdm p\u0159ivon\u011bn\u00edm! Tento mal\u00fd hybridn\u00ed z\u00e1zrak kombinuje citrusov\u00e9, plynn\u00e9 terpeny se sladk\u00fdmi, kr\u00e9mov\u00fdmi t\u00f3ny a vytv\u00e1\u0159\u00ed tak chu\u0165ov\u00fd z\u00e1\u017eitek, kter\u00fd v\u00e1s rozesm\u011bje p\u0159i ka\u017ed\u00e9m n\u00e1dechu. N\u011bkter\u00e9 fenotypy jsou v\u00edce plynn\u00e9, zat\u00edmco jin\u00e9 nab\u00edzej\u00ed neodolatelnou sladkost. \u010cek\u00e1 v\u00e1s skute\u010dn\u00fd festival chut\u00ed!<\/p>\n<p>P\u011bstovat citronovou kokosovou tukovou bombu je tak\u00e9 sen. Nemus\u00edte b\u00fdt zku\u0161en\u00fd zahradn\u00edk, abyste s touto kr\u00e1skou usp\u011bli. P\u00e9\u010de o ni je snadn\u00e1 a nevy\u017eaduje slo\u017eit\u00e9 st\u0159\u00edh\u00e1n\u00ed, tak\u017ee je ide\u00e1ln\u00ed volbou pro ty, kte\u0159\u00ed d\u00e1vaj\u00ed p\u0159ednost bezprobl\u00e9mov\u00e9mu p\u011bstov\u00e1n\u00ed. D\u00edky sv\u00fdm skromn\u00fdm rozm\u011br\u016fm se skv\u011ble hod\u00ed do jak\u00e9hokoli p\u011bstebn\u00edho prostoru, a\u0165 u\u017e je to mal\u00fd kout zahrady nebo vyhrazen\u00e1 sk\u0159\u00ed\u0148. Budete se moci t\u011b\u0161it z jej\u00edho r\u016fstu bez starost\u00ed s pro\u0159ez\u00e1v\u00e1n\u00edm nebo slo\u017eit\u00fdmi technikami trel\u00e1\u017ee.<\/p>\n<p>A poj\u010fme si promluvit o v\u00fdnosech! Pokud budete dodr\u017eovat spr\u00e1vn\u00e9 p\u011bstitelsk\u00e9 postupy, Lemon Coconut Fat Bomb v\u00e1s odm\u011bn\u00ed bohatou sklizn\u00ed lepkav\u00fdch poupat. Tato poupata vyd\u00e1vaj\u00ed okouzluj\u00edc\u00ed v\u016fni citronu a sladkosti a vytv\u00e1\u0159ej\u00ed \u010dichovou atmosf\u00e9ru, kter\u00e1 pot\u011b\u0161\u00ed va\u0161e smysly. B\u011bhem kveten\u00ed o\u010dek\u00e1vejte neuv\u011b\u0159itelnou vizu\u00e1ln\u00ed pod\u00edvanou, proto\u017ee tato odr\u016fda vykazuje jasn\u00e9 barvy, kter\u00e9 rozz\u00e1\u0159\u00ed va\u0161i zahradu. Jako by ka\u017ed\u00e1 rostlina byla mal\u00fdm um\u011bleck\u00fdm d\u00edlem, kter\u00e9 dod\u00e1 va\u0161emu prostoru n\u00e1dech kouzla.<\/p>\n<p>Lemon Coconut Fat Bomb je zkr\u00e1tka mnohem v\u00edc ne\u017e jen konopn\u00fd kmen. Je to kompletn\u00ed smyslov\u00fd z\u00e1\u017eitek, kter\u00fd kombinuje lahodnou chu\u0165, snadn\u00e9 p\u011bstov\u00e1n\u00ed a p\u016fsobiv\u00e9 v\u00fdnosy. A\u0165 u\u017e jste zku\u0161en\u00fd p\u011bstitel, nebo nad\u0161en\u00fd za\u010d\u00e1te\u010dn\u00edk, tento kmen je nezbytnost\u00ed, kter\u00e1 do va\u0161\u00ed zahrady vnese n\u00e1dech sv\u011b\u017eesti a z\u00e1bavy. P\u0159ipravte se tedy vychutnat si ka\u017ed\u00fd okam\u017eik s Lemon Coconut Fat Bomb a nechte se un\u00e9st jej\u00edm neodolateln\u00fdm kouzlem!<\/p>\n<p><strong>Feminizovan\u00e1 semena<\/strong><br \/>\n<strong>Balen\u00ed<\/strong> : 6+3 sem\u00ednka zdarma (Coco Milk S1) (9)<br \/>\n<strong>Chovatel\u00e9<\/strong> : Perfect Tree<br \/>\n<strong>N\u00e1zev<\/strong> : Lemon Coconut Fatbomb<br \/>\n<strong>Cross<\/strong> : Lemon Curd x Coco Milk<br \/>\n<strong>V\u00fdkon<\/strong> : St\u0159edn\u00ed a\u017e vysok\u00e1<br \/>\n<strong>Genetika<\/strong> : Hybrid<br \/>\n<strong>Doba kveten\u00ed<\/strong> 56-60 dn\u00ed<br \/>\n<strong>Chu\u0165<\/strong> Sv\u011b\u017e\u00ed a kr\u00e9mov\u00e9 citrusov\u00e9 plody<br \/>\n<strong>Zku\u0161enosti<\/strong> Relaxa\u010dn\u00ed<\/p>\n<p><em>Varov\u00e1n\u00ed: Dr\u017een\u00ed a sb\u011br semen jsou ve Francii povoleny. Tato semena se nesm\u00ed pou\u017e\u00edvat k jin\u00fdm \u00fa\u010del\u016fm, ne\u017e kter\u00e9 povoluj\u00ed z\u00e1kony va\u0161\u00ed zem\u011b. Kl\u00ed\u010den\u00ed a prodej nezletil\u00fdm osob\u00e1m je p\u0159\u00edsn\u011b zak\u00e1z\u00e1n. Spole\u010dnost AAASeedz nenese odpov\u011bdnost v p\u0159\u00edpad\u011b nedodr\u017een\u00ed z\u00e1kon\u016f zem\u011b pobytu.<\/em><\/p>","protected":false},"excerpt":{"rendered":"<p>La Lemon Coconut Fat Bomb de Perfect Tree, une vari\u00e9t\u00e9 qui va faire exploser vos papilles et \u00e9gayer votre jardin<\/p>","protected":false},"featured_media":12339,"template":"","meta":[],"product_brand":[],"product_cat":[70],"product_tag":[321,77,320,286,278],"class_list":{"0":"post-10747","1":"product","2":"type-product","3":"status-publish","4":"has-post-thumbnail","6":"product_cat-feminisees","7":"product_tag-coco-milk","8":"product_tag-feminisee","9":"product_tag-lemon-coconut-fatbomb","10":"product_tag-lemon-curd","11":"product_tag-perfect-tree","13":"first","14":"instock","15":"shipping-taxable","16":"purchasable","17":"product-type-simple"},"jetpack_sharing_enabled":true,"_links":{"self":[{"href":"https:\/\/www.aaaseedz.com\/cs\/wp-json\/wp\/v2\/product\/10747","targetHints":{"allow":["GET"]}}],"collection":[{"href":"https:\/\/www.aaaseedz.com\/cs\/wp-json\/wp\/v2\/product"}],"about":[{"href":"https:\/\/www.aaaseedz.com\/cs\/wp-json\/wp\/v2\/types\/product"}],"wp:featuredmedia":[{"embeddable":true,"href":"https:\/\/www.aaaseedz.com\/cs\/wp-json\/wp\/v2\/media\/12339"}],"wp:attachment":[{"href":"https:\/\/www.aaaseedz.com\/cs\/wp-json\/wp\/v2\/media?parent=10747"}],"wp:term":[{"taxonomy":"product_brand","embeddable":true,"href":"https:\/\/www.aaaseedz.com\/cs\/wp-json\/wp\/v2\/product_brand?post=10747"},{"taxonomy":"product_cat","embeddable":true,"href":"https:\/\/www.aaaseedz.com\/cs\/wp-json\/wp\/v2\/product_cat?post=10747"},{"taxonomy":"product_tag","embeddable":true,"href":"https:\/\/www.aaaseedz.com\/cs\/wp-json\/wp\/v2\/product_tag?post=10747"}],"curies":[{"name":"wp","href":"https:\/\/api.w.org\/{rel}","templated":true}]}}