{"id":11087,"date":"2024-05-06T15:33:28","date_gmt":"2024-05-06T13:33:28","guid":{"rendered":"https:\/\/www.aaaseedz.com\/?post_type=product&#038;p=11087"},"modified":"2025-06-03T19:32:29","modified_gmt":"2025-06-03T17:32:29","slug":"tricko-s-logem-z-cloud-bile","status":"publish","type":"product","link":"https:\/\/www.aaaseedz.com\/cs\/produit\/t-shirt-logo-z-cloud-blanc\/","title":{"rendered":"Tri\u010dko - Logo Z Cloud - b\u00edl\u00e9"},"content":{"rendered":"","protected":false},"excerpt":{"rendered":"","protected":false},"featured_media":11808,"template":"","meta":[],"product_brand":[],"product_cat":[21],"product_tag":[337,339,335,106,344],"class_list":{"0":"post-11087","1":"product","2":"type-product","3":"status-publish","4":"has-post-thumbnail","6":"product_cat-merchandising","7":"product_tag-blanc","8":"product_tag-logo","9":"product_tag-t-shirt","10":"product_tag-terphogz","11":"product_tag-z-cloud","13":"first","14":"outofstock","15":"shipping-taxable","16":"purchasable","17":"product-type-variable"},"jetpack_sharing_enabled":true,"_links":{"self":[{"href":"https:\/\/www.aaaseedz.com\/cs\/wp-json\/wp\/v2\/product\/11087","targetHints":{"allow":["GET"]}}],"collection":[{"href":"https:\/\/www.aaaseedz.com\/cs\/wp-json\/wp\/v2\/product"}],"about":[{"href":"https:\/\/www.aaaseedz.com\/cs\/wp-json\/wp\/v2\/types\/product"}],"wp:featuredmedia":[{"embeddable":true,"href":"https:\/\/www.aaaseedz.com\/cs\/wp-json\/wp\/v2\/media\/11808"}],"wp:attachment":[{"href":"https:\/\/www.aaaseedz.com\/cs\/wp-json\/wp\/v2\/media?parent=11087"}],"wp:term":[{"taxonomy":"product_brand","embeddable":true,"href":"https:\/\/www.aaaseedz.com\/cs\/wp-json\/wp\/v2\/product_brand?post=11087"},{"taxonomy":"product_cat","embeddable":true,"href":"https:\/\/www.aaaseedz.com\/cs\/wp-json\/wp\/v2\/product_cat?post=11087"},{"taxonomy":"product_tag","embeddable":true,"href":"https:\/\/www.aaaseedz.com\/cs\/wp-json\/wp\/v2\/product_tag?post=11087"}],"curies":[{"name":"wp","href":"https:\/\/api.w.org\/{rel}","templated":true}]}}