{"id":11696,"date":"2024-05-21T15:35:45","date_gmt":"2024-05-21T13:35:45","guid":{"rendered":"https:\/\/www.aaaseedz.com\/?post_type=product&#038;p=11696"},"modified":"2026-01-18T07:56:22","modified_gmt":"2026-01-18T06:56:22","slug":"dokonaly-stromovy-kokosovy-kalich","status":"publish","type":"product","link":"https:\/\/www.aaaseedz.com\/cs\/produit\/perfect-tree-coconut-chalice-2\/","title":{"rendered":"Coconut Chalice - Perfect Tree"},"content":{"rendered":"<p>Kokosov\u00fd kalich Perfect Tree v\u00e1m poskytne nezapomenuteln\u00fd z\u00e1\u017eitek! Tento senza\u010dn\u00ed hybrid je v\u00fdsledkem odv\u00e1\u017en\u00e9ho spojen\u00ed slavn\u00e9ho \u017eel\u00e9 #41, zn\u00e1m\u00e9ho tak\u00e9 jako Bacio Gelato, a kr\u00e9mov\u00e9ho kokosov\u00e9ho ml\u00e9ka. P\u0159edstavte si spojen\u00ed, kter\u00e9 v sob\u011b spojuje to nejlep\u0161\u00ed z obou sv\u011bt\u016f: bohatost Gelata a sladkost kokosu. D\u00edky kr\u00e1tk\u00fdm internodi\u00edm tato odr\u016fda nevytv\u00e1\u0159\u00ed jen poupata, ale skute\u010dn\u00e1 um\u011bleck\u00e1 d\u00edla, kter\u00e1 vypadaj\u00ed jako baseballov\u00e9 p\u00e1lky a jsou p\u0159ipravena na va\u0161\u00ed zahrad\u011b vyvolat pozdvi\u017een\u00ed!<\/p>\n<p>Coconut Chalice je skute\u010dnou lah\u016fdkou pro p\u011bstitele, a\u0165 u\u017e za\u010d\u00e1te\u010dn\u00edky, nebo experty. D\u00edky snadn\u00e9mu p\u011bstov\u00e1n\u00ed je ide\u00e1ln\u00ed volbou pro ka\u017ed\u00e9ho, kdo se chce pustit do dobrodru\u017estv\u00ed p\u011bstov\u00e1n\u00ed konop\u00ed. Nemus\u00edte b\u00fdt botanick\u00fd expert, abyste s touto kr\u00e1skou usp\u011bli! D\u00edky kompaktn\u00edm internodi\u00edm vytv\u00e1\u0159\u00ed neuv\u011b\u0159iteln\u011b hust\u00e9 kv\u011bty, kter\u00e9 se t\u0159pyt\u00ed jisk\u0159iv\u00fdmi trichomy. Zamilujete si zp\u016fsob, jak\u00fdm se tato poupata rozv\u00edjej\u00ed, vykazuj\u00ed fialov\u00e9 odst\u00edny p\u0159ipom\u00ednaj\u00edc\u00ed nejkr\u00e1sn\u011bj\u0161\u00ed letn\u00ed ve\u010dery.<\/p>\n<p>A co teprve obdob\u00ed kv\u011btu! Kokosov\u00fd kalich na sebe nenech\u00e1 dlouho \u010dekat. Ji\u017e za 8 t\u00fddn\u016f budete moci skl\u00edzet sv\u00e9 poklady. Ide\u00e1ln\u00ed pro ty, kte\u0159\u00ed nemaj\u00ed trp\u011blivost \u010dekat m\u011bs\u00edce, aby si mohli vychutnat sv\u00e9 \u00fasil\u00ed. Zamilujete si rychlost, s jakou v\u00e1s tato odr\u016fda odm\u011bn\u00ed, p\u0159i zachov\u00e1n\u00ed v\u00fdjime\u010dn\u00e9 kvality.<\/p>\n<p>Ale to nen\u00ed v\u0161echno! V\u016fn\u011b Coconut Chalice je skute\u010dnou smyslovou exploz\u00ed. Jak rostlina dozr\u00e1v\u00e1, uvol\u0148uje omamn\u00e9 v\u016fn\u011b, kter\u00e9 napl\u0148uj\u00ed vzduch podmanivou intenzitou. Sladk\u00e9 t\u00f3ny \u017eelatiny se m\u00eds\u00ed s kr\u00e9movou sladkost\u00ed kokosov\u00e9ho ml\u00e9ka a vytv\u00e1\u0159ej\u00ed \u010dichovou symfonii, p\u0159i kter\u00e9 se v\u00e1m budou sb\u00edhat sliny. V o\u010dek\u00e1v\u00e1n\u00ed t\u011bchto lahodn\u00fdch v\u016fn\u00ed se v\u00e1m ka\u017ed\u00fd den p\u0159ed sklizn\u00ed bude zd\u00e1t jako v\u011b\u010dnost!<\/p>\n<p>Coconut Chalice je zkr\u00e1tka mnohem v\u00edc ne\u017e jen odr\u016fda konop\u00ed. Je to dobrodru\u017estv\u00ed chuti a v\u016fn\u011b, kter\u00e9 v\u00e1s p\u0159enese do sv\u011bta po\u017eitk\u016f. A\u0165 u\u017e jste za\u010d\u00ednaj\u00edc\u00ed p\u011bstitel nebo zahradnick\u00fd profesion\u00e1l, tato rostlina je nezbytnou sou\u010d\u00e1st\u00ed va\u0161\u00ed zahrady, kter\u00e1 do n\u00ed vnese n\u00e1dech kouzla. P\u0159ipravte se tedy na to, \u017ee si vychutn\u00e1te ka\u017ed\u00fd okam\u017eik s kokosov\u00fdm kalichem, a nechte se un\u00e9st jeho neodolateln\u00fdm kouzlem!<\/p>\n<p><strong>Feminizovan\u00e1 semena<\/strong><br \/>\n<strong>Balen\u00ed<\/strong> : 6+3 sem\u00ednka zdarma (Coco Milk S1) (9)<br \/>\n<strong>Chovatel\u00e9<\/strong> : Perfect Tree<br \/>\n<strong>N\u00e1zev<\/strong> : Coconut Chalice<br \/>\n<strong>Cross<\/strong> : Gelato #41 x Coco Milk<br \/>\n<strong>V\u00fdkon<\/strong> : St\u0159edn\u00ed a\u017e vysok\u00e1<br \/>\n<strong>Genetika<\/strong> Hybrid s dominanc\u00ed indiky<br \/>\n<strong>Doba kveten\u00ed<\/strong> 56-60 dn\u00ed<br \/>\n<strong>Chu\u0165<\/strong> : zmrzlina, smetana<br \/>\n<strong>Zku\u0161enosti<\/strong> Relaxa\u010dn\u00ed<\/p>\n<p><em><u>Varov\u00e1n\u00ed<\/u> Dr\u017een\u00ed a sb\u011br semen jsou ve Francii povoleny. Tato semena se nesm\u00ed pou\u017e\u00edvat k jin\u00fdm \u00fa\u010del\u016fm, ne\u017e kter\u00e9 povoluj\u00ed z\u00e1kony va\u0161\u00ed zem\u011b. Kl\u00ed\u010den\u00ed a prodej nezletil\u00fdm osob\u00e1m je p\u0159\u00edsn\u011b zak\u00e1z\u00e1n. Spole\u010dnost AAASeedz nenese odpov\u011bdnost v p\u0159\u00edpad\u011b nedodr\u017een\u00ed z\u00e1kon\u016f zem\u011b pobytu.<\/em><\/p>","protected":false},"excerpt":{"rendered":"<p>La Coconut Chalice de Perfect Tree est sur le point de vous faire vivre une exp\u00e9rience inoubliable ! Cet hybride<\/p>","protected":false},"featured_media":12329,"template":"","meta":[],"product_brand":[],"product_cat":[70],"product_tag":[321,393,77,394,278],"class_list":{"0":"post-11696","1":"product","2":"type-product","3":"status-publish","4":"has-post-thumbnail","6":"product_cat-feminisees","7":"product_tag-coco-milk","8":"product_tag-coconut-chalice","9":"product_tag-feminisee","10":"product_tag-gelato-41","11":"product_tag-perfect-tree","13":"first","14":"instock","15":"shipping-taxable","16":"purchasable","17":"product-type-simple"},"jetpack_sharing_enabled":true,"_links":{"self":[{"href":"https:\/\/www.aaaseedz.com\/cs\/wp-json\/wp\/v2\/product\/11696","targetHints":{"allow":["GET"]}}],"collection":[{"href":"https:\/\/www.aaaseedz.com\/cs\/wp-json\/wp\/v2\/product"}],"about":[{"href":"https:\/\/www.aaaseedz.com\/cs\/wp-json\/wp\/v2\/types\/product"}],"wp:featuredmedia":[{"embeddable":true,"href":"https:\/\/www.aaaseedz.com\/cs\/wp-json\/wp\/v2\/media\/12329"}],"wp:attachment":[{"href":"https:\/\/www.aaaseedz.com\/cs\/wp-json\/wp\/v2\/media?parent=11696"}],"wp:term":[{"taxonomy":"product_brand","embeddable":true,"href":"https:\/\/www.aaaseedz.com\/cs\/wp-json\/wp\/v2\/product_brand?post=11696"},{"taxonomy":"product_cat","embeddable":true,"href":"https:\/\/www.aaaseedz.com\/cs\/wp-json\/wp\/v2\/product_cat?post=11696"},{"taxonomy":"product_tag","embeddable":true,"href":"https:\/\/www.aaaseedz.com\/cs\/wp-json\/wp\/v2\/product_tag?post=11696"}],"curies":[{"name":"wp","href":"https:\/\/api.w.org\/{rel}","templated":true}]}}