{"id":11697,"date":"2024-05-21T15:37:25","date_gmt":"2024-05-21T13:37:25","guid":{"rendered":"https:\/\/www.aaaseedz.com\/?post_type=product&#038;p=11697"},"modified":"2025-06-10T17:17:33","modified_gmt":"2025-06-10T15:17:33","slug":"dokonaly-kokosovy-krem","status":"publish","type":"product","link":"https:\/\/www.aaaseedz.com\/cs\/produit\/perfect-tree-coconut-cream-2\/","title":{"rendered":"Coconut Cream - Perfect Tree"},"content":{"rendered":"<p>Kokosov\u00fd kr\u00e9m Perfect Tree je tak trochu jako sm\u011bs lahodn\u00e9 zmrzliny s n\u00e1dechem kanabisov\u00e9ho kouzla! P\u0159edstavte si dokonal\u00e9 spojen\u00ed slavn\u00e9ho dortu LA Kush od Seed Junky a sladk\u00e9ho kokosov\u00e9ho ml\u00e9ka. Toto v\u00fdbu\u0161n\u00e9 duo vytv\u00e1\u0159\u00ed kmen, kter\u00fd je nejen chutn\u00fd, ale tak\u00e9 skute\u010dn\u00fd festival prysky\u0159ice a trichom\u016f. P\u0159ipravte se pono\u0159it do sv\u011bta sladkosti a s\u00edly!<\/p>\n<p>Tato st\u0159edn\u011b vysok\u00e1 a\u017e vysok\u00e1 rostlina je pastvou pro o\u010di. Za pouh\u00fdch 8 t\u00fddn\u016f kveten\u00ed se prom\u011bn\u00ed v krasavici, kter\u00e1 vytv\u00e1\u0159\u00ed poupata v\u00fdjime\u010dn\u00e9 kvality. Ka\u017ed\u00fd kv\u011bt je jako mal\u00e9 um\u011bleck\u00e9 d\u00edlo, t\u0159pytiv\u00fd a matn\u00fd, skute\u010dn\u00e1 pastva pro o\u010di. Je to jako m\u00edt zahradu plnou ledov\u00fdch soch, p\u0159ipraven\u00fdch k obdivov\u00e1n\u00ed a pot\u011b\u0161en\u00ed.<\/p>\n<p>Coconut Cream je mnohem v\u00edc ne\u017e jen hybrid, je to skute\u010dn\u00e9 spojen\u00ed nejlep\u0161\u00edch vlastnost\u00ed sv\u00fdch rodi\u010d\u016f. LA Kush Cake p\u0159in\u00e1\u0161\u00ed neodolatelnou chu\u0165 Kushmint v kombinaci s opojnou silou Wedding Cake. Ale po\u010dkejte, je toho je\u0161t\u011b v\u00edc! Skute\u010dn\u00e9 kouzlo nastane, kdy\u017e se tyto chut\u011b umocn\u00ed kr\u00e9movou strukturou zd\u011bd\u011bnou po Coco Milk, kter\u00e1 ka\u017ed\u00e9mu \u0161luku dod\u00e1 sametov\u00fd rozm\u011br. Je to jako vychutn\u00e1vat si kr\u00e9mov\u00fd dezert a z\u00e1rove\u0148 si u\u017e\u00edvat blahod\u00e1rn\u00fdch \u00fa\u010dink\u016f konop\u00ed!<\/p>\n<p>Skv\u011bl\u00e9 na kokosov\u00e9m kr\u00e9mu je, \u017ee nab\u00edz\u00ed dokonalou rovnov\u00e1hu mezi zvl\u00e1dnutelnou velikost\u00ed a p\u016fsobiv\u00fdmi v\u00fdnosy. A\u0165 u\u017e jste za\u010d\u00ednaj\u00edc\u00ed p\u011bstitel\u00e9 nebo experti, tato odr\u016fda se snadno spravuje a odm\u011bn\u00ed v\u00e1s bohatou \u00farodou. Nebudete si muset d\u011blat starosti s v\u00fd\u0161kou rostlin, proto\u017ee se dokonale p\u0159izp\u016fsob\u00ed va\u0161emu p\u011bstebn\u00edmu prostoru.<\/p>\n<p>Coconut Cream je zkr\u00e1tka smyslov\u00fd z\u00e1\u017eitek, kter\u00fd si nesm\u00edte nechat uj\u00edt. D\u00edky sv\u00fdm kr\u00e1sn\u00fdm kv\u011bt\u016fm, okouzluj\u00edc\u00ed v\u016fni a lahodn\u00e9 s\u00edle jist\u011b oslov\u00ed v\u0161echny milovn\u00edky konop\u00ed. A\u0165 u\u017e si chcete odpo\u010dinout po dlouh\u00e9m dni, nebo si prost\u011b jen u\u017e\u00edt chvilku \u010dist\u00e9ho blaha, tento strain je tu, aby v\u00e1s doprov\u00e1zel. P\u0159ipravte se tedy na Coconut Cream a nechte se un\u00e1\u0161et jeho neodolatelnou sladkost\u00ed!<\/p>\n<p><strong>Feminizovan\u00e1 semena<\/strong><br \/>\n<strong>Balen\u00ed<\/strong> : 6+3 sem\u00ednka zdarma (Coco Milk S1) (9)<br \/>\n<strong>Chovatel\u00e9<\/strong> : Perfect Tree<br \/>\n<strong>N\u00e1zev<\/strong> : Coconut Cream<br \/>\n<strong>Cross<\/strong> : LA Kush Cake x Coco Milk<br \/>\n<strong>V\u00fdkon<\/strong> : St\u0159edn\u00ed a\u017e vysok\u00e1<br \/>\n<strong>Genetika<\/strong> Hybrid s dominanc\u00ed indiky<br \/>\n<strong>Doba kveten\u00ed<\/strong> 56-60 dn\u00ed<br \/>\n<strong>Chu\u0165<\/strong> : Esence a kr\u00e9m<br \/>\n<strong>Zku\u0161enosti<\/strong> Siln\u00e1 indica<\/p>\n<p><em><u>Varov\u00e1n\u00ed<\/u> Dr\u017een\u00ed a sb\u011br semen jsou ve Francii povoleny. Tato semena se nesm\u00ed pou\u017e\u00edvat k jin\u00fdm \u00fa\u010del\u016fm, ne\u017e kter\u00e9 povoluj\u00ed z\u00e1kony va\u0161\u00ed zem\u011b. Kl\u00ed\u010den\u00ed a prodej nezletil\u00fdm osob\u00e1m je p\u0159\u00edsn\u011b zak\u00e1z\u00e1n. Spole\u010dnost AAASeedz nenese odpov\u011bdnost v p\u0159\u00edpad\u011b nedodr\u017een\u00ed z\u00e1kon\u016f zem\u011b pobytu.<\/em><\/p>","protected":false},"excerpt":{"rendered":"<p>La Coconut Cream de Perfect Tree, c\u2019est un peu comme si vous m\u00e9langiez une d\u00e9licieuse cr\u00e8me glac\u00e9e avec un soup\u00e7on<\/p>","protected":false},"featured_media":12331,"template":"","meta":[],"product_brand":[],"product_cat":[70],"product_tag":[321,395,77,396,278],"class_list":{"0":"post-11697","1":"product","2":"type-product","3":"status-publish","4":"has-post-thumbnail","6":"product_cat-feminisees","7":"product_tag-coco-milk","8":"product_tag-coconut-cream","9":"product_tag-feminisee","10":"product_tag-la-kush-cake","11":"product_tag-perfect-tree","13":"first","14":"instock","15":"shipping-taxable","16":"purchasable","17":"product-type-simple"},"jetpack_sharing_enabled":true,"_links":{"self":[{"href":"https:\/\/www.aaaseedz.com\/cs\/wp-json\/wp\/v2\/product\/11697","targetHints":{"allow":["GET"]}}],"collection":[{"href":"https:\/\/www.aaaseedz.com\/cs\/wp-json\/wp\/v2\/product"}],"about":[{"href":"https:\/\/www.aaaseedz.com\/cs\/wp-json\/wp\/v2\/types\/product"}],"wp:featuredmedia":[{"embeddable":true,"href":"https:\/\/www.aaaseedz.com\/cs\/wp-json\/wp\/v2\/media\/12331"}],"wp:attachment":[{"href":"https:\/\/www.aaaseedz.com\/cs\/wp-json\/wp\/v2\/media?parent=11697"}],"wp:term":[{"taxonomy":"product_brand","embeddable":true,"href":"https:\/\/www.aaaseedz.com\/cs\/wp-json\/wp\/v2\/product_brand?post=11697"},{"taxonomy":"product_cat","embeddable":true,"href":"https:\/\/www.aaaseedz.com\/cs\/wp-json\/wp\/v2\/product_cat?post=11697"},{"taxonomy":"product_tag","embeddable":true,"href":"https:\/\/www.aaaseedz.com\/cs\/wp-json\/wp\/v2\/product_tag?post=11697"}],"curies":[{"name":"wp","href":"https:\/\/api.w.org\/{rel}","templated":true}]}}