{"id":11711,"date":"2024-05-23T16:42:03","date_gmt":"2024-05-23T14:42:03","guid":{"rendered":"https:\/\/www.aaaseedz.com\/?post_type=product&#038;p=11711"},"modified":"2025-06-10T17:16:20","modified_gmt":"2025-06-10T15:16:20","slug":"perfect-tree-cherrytini-s1-2","status":"publish","type":"product","link":"https:\/\/www.aaaseedz.com\/cs\/produit\/perfect-tree-cherrytini-s1-2\/","title":{"rendered":"CherryTini S1 - Perfect Tree"},"content":{"rendered":"<p>Cherrytini S1 od Perfect Tree je odr\u016fda, kter\u00e1 roztan\u010d\u00ed va\u0161e chu\u0165ov\u00e9 poh\u00e1rky a rozp\u00e1l\u00ed va\u0161e smysly! P\u0159edstavte si jemn\u00fd v\u00e1nek \u0161\u0165avnat\u00fdch t\u0159e\u0161n\u00ed sm\u00edchan\u00fd se siln\u00fdmi t\u00f3ny plynu, kter\u00e9 v\u00e1m p\u0159ipomenou ty nejlep\u0161\u00ed letn\u00ed ve\u010dery. Cherrytini je jednodu\u0161e nutnost\u00ed pro v\u0161echny milovn\u00edky konop\u00ed, kte\u0159\u00ed maj\u00ed r\u00e1di sladk\u00e9, ovocn\u00e9 chut\u011b.<\/p>\n<p>Tento mal\u00fd z\u00e1zrak je v\u00fdsledkem odv\u00e1\u017en\u00e9ho k\u0159\u00ed\u017een\u00ed dvou fenotyp\u016f odr\u016fdy Cherrytini, co\u017e z n\u011bj d\u011bl\u00e1 hybrida s velk\u00fdm charakterem. Za pouh\u00fdch 8 t\u00fddn\u016f kveten\u00ed budete odm\u011bn\u011bni hust\u00fdmi, prysky\u0159i\u010dn\u00fdmi pupeny, kter\u00e9 se na sv\u011btle t\u0159pyt\u00ed. A\u0165 u\u017e jste zku\u0161en\u00fd p\u011bstitel, nebo nad\u0161en\u00fd za\u010d\u00e1te\u010dn\u00edk, tato odr\u016fda se snadno p\u011bstuje a slibuje st\u0159edn\u00ed a\u017e vysok\u00e9 v\u00fdnosy. Budete r\u00e1di sledovat, jak va\u0161e rostliny vzkv\u00e9taj\u00ed a m\u011bn\u00ed se ve skute\u010dn\u00e1 d\u00edla botanick\u00e9ho um\u011bn\u00ed!<\/p>\n<p>Cherrytini S1 je v\u00fdsledkem na\u0161\u00ed v\u00e1\u0161n\u011b pro experimentov\u00e1n\u00ed. Za\u010dali jsme v\u00fdb\u011brem odr\u016fdy Cherry Noir z odr\u016fdy Aficionado Mendocino, kterou opyloval n\u00e1\u0161 samec Jet A. Pro tuto verzi S1 jsme se rozhodli zk\u0159\u00ed\u017eit n\u00e1\u0161 nejlep\u0161\u00ed fenotyp s n\u00edm samotn\u00fdm a v\u00fdsledek byl prost\u011b dechberouc\u00ed! Ka\u017ed\u00e9 \u0161luknut\u00ed tohoto strainu v\u00e1s p\u0159enese do sv\u011bta ovocn\u00fdch po\u017eitk\u016f, kde se okouzluj\u00edc\u00ed v\u016fn\u011b t\u0159e\u0161\u0148ov\u00fdch bonbon\u016f m\u00eds\u00ed s t\u00f3ny plynu, kter\u00e9 dod\u00e1vaj\u00ed z\u00e1\u017eitku neuv\u011b\u0159itelnou hloubku.<\/p>\n<p>Co se t\u00fd\u010de chuti, o\u010dek\u00e1vejte skute\u010dn\u00fd festival pro va\u0161e chu\u0165ov\u00e9 poh\u00e1rky! Cherrytini S1 nab\u00edz\u00ed explozi chut\u00ed s t\u00f3ny sladk\u00fdch t\u0159e\u0161n\u00ed, kter\u00e9 v\u00e1m p\u0159ipomenou sladkosti va\u0161eho d\u011btstv\u00ed, a z\u00e1rove\u0148 je umoc\u0148uje dotek plynu, kter\u00fd mu dod\u00e1v\u00e1 jedine\u010dn\u00fd charakter. Je to kombinace, kter\u00e1 jist\u011b oslov\u00ed milovn\u00edky sladk\u00fdch ovocn\u00fdch kv\u011bt\u016f.<\/p>\n<p>Ale to nen\u00ed v\u0161echno! Stejn\u011b nezapomenuteln\u00fd je i z\u00e1\u017eitek z Cherrytini S1. D\u00edky siln\u00e9mu narkotick\u00e9mu \u00fa\u010dinku v\u00e1s tato odr\u016fda zahal\u00ed do pocitu hlubok\u00e9 relaxace, ide\u00e1ln\u00ed pro odpo\u010dinek po dlouh\u00e9m dni. Budete se c\u00edtit lehce a \u0161\u0165astn\u011b, p\u0159ipraveni vyu\u017e\u00edt ka\u017ed\u00fd okam\u017eik naplno.<\/p>\n<p>Cherrytini S1 je zkr\u00e1tka mnohem v\u00edc ne\u017e jen konopn\u00fd kmen. Je to smyslov\u00e9 dobrodru\u017estv\u00ed, kter\u00e9 kombinuje lahodnou chu\u0165, snadn\u00e9 p\u011bstov\u00e1n\u00ed a siln\u00e9 \u00fa\u010dinky. A\u0165 u\u017e jste v\u00e1\u0161niv\u00fd p\u011bstitel, nebo zv\u011bdav\u00fd amat\u00e9r, tato rostlina je nezbytn\u00fdm dopl\u0148kem, kter\u00fd do va\u0161\u00ed zahrady vnese n\u00e1dech magie. P\u0159ipravte se tedy vychutnat si ka\u017ed\u00fd okam\u017eik s Cherrytini S1 a nechte se un\u00e9st jej\u00edm neodolateln\u00fdm kouzlem!<\/p>\n<p><strong>Feminizovan\u00e1 semena<\/strong><br \/>\n<strong>Balen\u00ed<\/strong> 6+3 sem\u00ednka zdarma (Frozini) (9)<br \/>\n<strong>Chovatel\u00e9<\/strong> : Perfect Tree<br \/>\n<strong>N\u00e1zev<\/strong> : CherryTini S1<br \/>\n<strong>Cross<\/strong> : CherryTini x CherryTini<br \/>\n<strong>V\u00fdkon<\/strong> : St\u0159edn\u00ed a\u017e vysok\u00e1<br \/>\n<strong>Genetika<\/strong> : Hybrid<br \/>\n<strong>Doba kveten\u00ed<\/strong> 56-60 dn\u00ed<br \/>\n<strong>Chu\u0165<\/strong> : Cherry candy - Siln\u00fd plyn<br \/>\n<strong>Zku\u0161enosti<\/strong> Siln\u00fd narkotick\u00fd \u00fa\u010dinek<\/p>\n<p><em><u>Varov\u00e1n\u00ed<\/u> Dr\u017een\u00ed a sb\u011br semen jsou ve Francii povoleny. Tato semena se nesm\u00ed pou\u017e\u00edvat k jin\u00fdm \u00fa\u010del\u016fm, ne\u017e kter\u00e9 povoluj\u00ed z\u00e1kony va\u0161\u00ed zem\u011b. Kl\u00ed\u010den\u00ed a prodej nezletil\u00fdm osob\u00e1m je p\u0159\u00edsn\u011b zak\u00e1z\u00e1n. Spole\u010dnost AAASeedz nenese odpov\u011bdnost v p\u0159\u00edpad\u011b nedodr\u017een\u00ed z\u00e1kon\u016f zem\u011b pobytu.<\/em><\/p>","protected":false},"excerpt":{"rendered":"<p>Cherrytini S1 od Perfect Tree je odr\u016fda, kter\u00e1 jist\u011b roztan\u010d\u00ed va\u0161e chu\u0165ov\u00e9 poh\u00e1rky a rozpaluje va\u0161e smysly!<\/p>","protected":false},"featured_media":12327,"template":"","meta":[],"product_brand":[],"product_cat":[70],"product_tag":[398,401,77,278],"class_list":{"0":"post-11711","1":"product","2":"type-product","3":"status-publish","4":"has-post-thumbnail","6":"product_cat-feminisees","7":"product_tag-cherrytini","8":"product_tag-cherrytini-s1","9":"product_tag-feminisee","10":"product_tag-perfect-tree","12":"first","13":"instock","14":"shipping-taxable","15":"purchasable","16":"product-type-simple"},"jetpack_sharing_enabled":true,"_links":{"self":[{"href":"https:\/\/www.aaaseedz.com\/cs\/wp-json\/wp\/v2\/product\/11711","targetHints":{"allow":["GET"]}}],"collection":[{"href":"https:\/\/www.aaaseedz.com\/cs\/wp-json\/wp\/v2\/product"}],"about":[{"href":"https:\/\/www.aaaseedz.com\/cs\/wp-json\/wp\/v2\/types\/product"}],"wp:featuredmedia":[{"embeddable":true,"href":"https:\/\/www.aaaseedz.com\/cs\/wp-json\/wp\/v2\/media\/12327"}],"wp:attachment":[{"href":"https:\/\/www.aaaseedz.com\/cs\/wp-json\/wp\/v2\/media?parent=11711"}],"wp:term":[{"taxonomy":"product_brand","embeddable":true,"href":"https:\/\/www.aaaseedz.com\/cs\/wp-json\/wp\/v2\/product_brand?post=11711"},{"taxonomy":"product_cat","embeddable":true,"href":"https:\/\/www.aaaseedz.com\/cs\/wp-json\/wp\/v2\/product_cat?post=11711"},{"taxonomy":"product_tag","embeddable":true,"href":"https:\/\/www.aaaseedz.com\/cs\/wp-json\/wp\/v2\/product_tag?post=11711"}],"curies":[{"name":"wp","href":"https:\/\/api.w.org\/{rel}","templated":true}]}}