{"id":12489,"date":"2025-03-20T13:51:27","date_gmt":"2025-03-20T12:51:27","guid":{"rendered":"https:\/\/www.aaaseedz.com\/?post_type=product&#038;p=12489"},"modified":"2025-03-20T15:07:11","modified_gmt":"2025-03-20T14:07:11","slug":"nad-duhou-dokonaly-strom","status":"publish","type":"product","link":"https:\/\/www.aaaseedz.com\/cs\/produit\/over-the-rainbow-perfect-tree\/","title":{"rendered":"Over The Rainbow - Dokonal\u00fd strom"},"content":{"rendered":"<p>Over the Rainbow, exploze chut\u00ed a efekt\u016f. Pokud hled\u00e1te jedine\u010dn\u00fd konopn\u00fd z\u00e1\u017eitek, nehledejte nic jin\u00e9ho ne\u017e Over the Rainbow. Tato limitovan\u00e1 edice k\u0159\u00ed\u017eence Peach Ozz a Za\u00efza\u00ef slibuje, \u017ee v\u00e1s vezme na nezapomenutelnou smyslovou cestu. D\u00edky sv\u00e9 z\u00e1\u0159iv\u00e9 broskvov\u00e9 chuti a siln\u00fdm \u00fa\u010dink\u016fm je tento kmen skute\u010dn\u00fdm klenotem pro milovn\u00edky konop\u00ed.<\/p>\n<p>Over the Rainbow je v\u00fdsledkem pe\u010dliv\u011b vytvo\u0159en\u00e9ho k\u0159\u00ed\u017een\u00ed Yahemi a Za\u00efza\u00ef. Tato genetick\u00e1 sm\u011bs nab\u00edz\u00ed komplexnost chut\u00ed a \u00fa\u010dink\u016f, kter\u00e9 znalce nadchnou. S vyu\u017eit\u00edm na\u0161eho v\u00fdb\u011bru Peach Ozz od Dying Breed Seeds se n\u00e1m poda\u0159ilo vytvo\u0159it kmen, kter\u00fd je bl\u00edzk\u00fd na\u0161emu p\u016fvodn\u00edmu st\u0159ihu, a z\u00e1rove\u0148 p\u0159idat je\u0161t\u011b v\u00fdrazn\u011bj\u0161\u00ed Z-terpy. To znamen\u00e1, \u017ee ka\u017ed\u00e9 \u0161luknut\u00ed je exploz\u00ed chuti, kter\u00e1 v\u00e1s p\u0159enese p\u0159\u00edmo do \u0161\u0165avnat\u00e9ho broskvov\u00e9ho sadu.<\/p>\n<p>Pro milovn\u00edky p\u011bstov\u00e1n\u00ed je Over the Rainbow rostlinou, kter\u00e1 nezklame. Kvete p\u0159ibli\u017en\u011b 8 t\u00fddn\u016f, tak\u017ee se skl\u00edz\u00ed pom\u011brn\u011b rychle. Pokud jde o v\u00fdnos, o\u010dek\u00e1vejte st\u0159edn\u00ed a\u017e vysok\u00e9 v\u00fdsledky, pokud j\u00ed poskytnete spr\u00e1vnou p\u00e9\u010di. Jej\u00ed struktura z\u016fst\u00e1v\u00e1 pom\u011brn\u011b kr\u00e1tk\u00e1, tak\u017ee je ide\u00e1ln\u00ed pro men\u0161\u00ed p\u011bstebn\u00ed plochy, a p\u0159itom je st\u00e1le velmi produktivn\u00ed.<\/p>\n<p>P\u0159\u00edchu\u0165 Over the Rainbow je skute\u010dn\u00fdm sv\u00e1tkem pro chu\u0165ov\u00e9 poh\u00e1rky. P\u0159edstavte si tropick\u00fd ovocn\u00fd sal\u00e1t, ve kter\u00e9m je hlavn\u00ed hv\u011bzdou broskev. Ka\u017ed\u00e9 vdechnut\u00ed v\u00e1s zahal\u00ed ovocnou sladkost\u00ed, zat\u00edmco exotick\u00e9 t\u00f3ny dodaj\u00ed z\u00e1\u017eitku dal\u0161\u00ed rozm\u011br. A\u0165 u\u017e se rozhodnete kou\u0159it nebo vapovat, tato odr\u016fda nab\u00edz\u00ed jemn\u00fd, p\u0159\u00edjemn\u00fd kou\u0159, kter\u00fd pot\u011b\u0161\u00ed va\u0161e smysly.<\/p>\n<p>Co se t\u00fd\u010de efekt\u016f, film Over the Rainbow se ne\u0161et\u0159\u00ed. D\u00edky siln\u00e9mu \u00fa\u010dinku je tato odr\u016fda ide\u00e1ln\u00ed pro ty, kte\u0159\u00ed hledaj\u00ed hlubokou relaxaci a z\u00e1rove\u0148 si udr\u017euj\u00ed jasnou mysl. Je to ide\u00e1ln\u00ed denn\u00ed kou\u0159en\u00ed, a\u0165 u\u017e k odpo\u010dinku po dlouh\u00e9m dni, nebo k povzbuzen\u00ed kreativity. Budete se c\u00edtit lehce a klidn\u011b, p\u0159ipraveni vz\u00edt na sebe cokoli, co v\u00e1m den p\u0159inese.<\/p>\n<p>Over the Rainbow je limitovan\u00e1 edice crossoveru, co\u017e znamen\u00e1, \u017ee nebude k dispozici nav\u017edy. Pro v\u0161echny fanou\u0161ky Peach Ozz je to p\u0159\u00edle\u017eitost, kterou byste si nem\u011bli nechat uj\u00edt. Tento kmen p\u016fjde velmi rychle na odbyt, tak\u017ee se ujist\u011bte, \u017ee si po\u0159\u00edd\u00edte b\u011b\u017en\u00e1 semena x12, ne\u017e bude pozd\u011b.<\/p>\n<p>Over the Rainbow je zkr\u00e1tka mnohem v\u00edc ne\u017e jen konopn\u00fd kmen. Je to kompletn\u00ed smyslov\u00fd z\u00e1\u017eitek, kter\u00fd kombinuje vynikaj\u00edc\u00ed chu\u0165, siln\u00e9 \u00fa\u010dinky a snadn\u00e9 p\u011bstov\u00e1n\u00ed. A\u0165 u\u017e jste zku\u0161en\u00fd p\u011bstitel, nebo za\u010d\u00e1te\u010dn\u00edk, tento kmen si zaslou\u017e\u00ed m\u00edsto ve va\u0161\u00ed sb\u00edrce. P\u0159ipravte se na objevov\u00e1n\u00ed sv\u011bta chut\u00ed a \u00fa\u010dink\u016f s Over the Rainbow!<\/p>\n<p><strong>B\u011b\u017en\u00e1 semena<\/strong><br \/>\n<strong>Balen\u00ed<\/strong> 12 semen (12)<br \/>\n<strong>Chovatel\u00e9<\/strong> : Perfect Tree<br \/>\n<strong>N\u00e1zev<\/strong> Za duhou<br \/>\n<strong>Cross<\/strong> : Peach Ozz x Za\u00ef Za\u00ef<br \/>\n<strong>V\u00fdkon<\/strong> : St\u0159edn\u00ed a\u017e vysok\u00e1<br \/>\n<strong>Genetika<\/strong> : Hybrid<br \/>\n<strong>Doba kveten\u00ed<\/strong> 56-60 dn\u00ed<br \/>\n<strong>Chu\u0165<\/strong> Sal\u00e1t z tropick\u00e9ho ovoce<br \/>\n<strong>Zku\u0161enosti<\/strong> Siln\u00fd \u00fa\u010dinek<\/p>\n<p><em><u>Varov\u00e1n\u00ed<\/u> Dr\u017een\u00ed a sb\u011br semen jsou ve Francii povoleny. Tato semena se nesm\u00ed pou\u017e\u00edvat k jin\u00fdm \u00fa\u010del\u016fm, ne\u017e kter\u00e9 povoluj\u00ed z\u00e1kony va\u0161\u00ed zem\u011b. Kl\u00ed\u010den\u00ed a prodej nezletil\u00fdm osob\u00e1m je p\u0159\u00edsn\u011b zak\u00e1z\u00e1n. Spole\u010dnost AAASeedz nenese odpov\u011bdnost v p\u0159\u00edpad\u011b nedodr\u017een\u00ed z\u00e1kon\u016f zem\u011b pobytu.<\/em><\/p>","protected":false},"excerpt":{"rendered":"<p>Over the Rainbow, une explosion de saveurs et d&rsquo;effets. Si vous \u00eates \u00e0 la recherche d&rsquo;une exp\u00e9rience unique en mati\u00e8re<\/p>","protected":false},"featured_media":12425,"template":"","meta":[],"product_brand":[],"product_cat":[71],"product_tag":[481,293,278,109,303],"class_list":{"0":"post-12489","1":"product","2":"type-product","3":"status-publish","4":"has-post-thumbnail","6":"product_cat-regulieres","7":"product_tag-over-the-rainbow","8":"product_tag-peach-ozz","9":"product_tag-perfect-tree","10":"product_tag-regulieres","11":"product_tag-zaizai","13":"first","14":"outofstock","15":"shipping-taxable","16":"purchasable","17":"product-type-simple"},"jetpack_sharing_enabled":true,"_links":{"self":[{"href":"https:\/\/www.aaaseedz.com\/cs\/wp-json\/wp\/v2\/product\/12489","targetHints":{"allow":["GET"]}}],"collection":[{"href":"https:\/\/www.aaaseedz.com\/cs\/wp-json\/wp\/v2\/product"}],"about":[{"href":"https:\/\/www.aaaseedz.com\/cs\/wp-json\/wp\/v2\/types\/product"}],"wp:featuredmedia":[{"embeddable":true,"href":"https:\/\/www.aaaseedz.com\/cs\/wp-json\/wp\/v2\/media\/12425"}],"wp:attachment":[{"href":"https:\/\/www.aaaseedz.com\/cs\/wp-json\/wp\/v2\/media?parent=12489"}],"wp:term":[{"taxonomy":"product_brand","embeddable":true,"href":"https:\/\/www.aaaseedz.com\/cs\/wp-json\/wp\/v2\/product_brand?post=12489"},{"taxonomy":"product_cat","embeddable":true,"href":"https:\/\/www.aaaseedz.com\/cs\/wp-json\/wp\/v2\/product_cat?post=12489"},{"taxonomy":"product_tag","embeddable":true,"href":"https:\/\/www.aaaseedz.com\/cs\/wp-json\/wp\/v2\/product_tag?post=12489"}],"curies":[{"name":"wp","href":"https:\/\/api.w.org\/{rel}","templated":true}]}}