{"id":12490,"date":"2025-03-20T14:01:39","date_gmt":"2025-03-20T13:01:39","guid":{"rendered":"https:\/\/www.aaaseedz.com\/?post_type=product&#038;p=12490"},"modified":"2025-03-20T15:03:34","modified_gmt":"2025-03-20T14:03:34","slug":"zahemi-perfect-tree","status":"publish","type":"product","link":"https:\/\/www.aaaseedz.com\/cs\/produit\/zahemi-perfect-tree\/","title":{"rendered":"Zahemi - Dokonal\u00fd strom"},"content":{"rendered":"<p>Zahemi, ide\u00e1ln\u00ed rostlina pro za\u010d\u00e1te\u010dn\u00edky a milovn\u00edky ovocn\u00fdch chut\u00ed. Pokud hled\u00e1te odr\u016fdu konop\u00ed, kter\u00e1 kombinuje snadn\u00e9 p\u011bstov\u00e1n\u00ed, vynikaj\u00edc\u00ed chu\u0165 a siln\u00e9 \u00fa\u010dinky, nehledejte nic jin\u00e9ho ne\u017e Zahemi. Tento k\u0159\u00ed\u017eenec Yahemi a Za\u00ef Za\u00ef je skute\u010dn\u00fdm samorostem pro za\u010d\u00ednaj\u00edc\u00ed i zku\u0161en\u00e9 p\u011bstitele. D\u00edky sv\u00fdm jedine\u010dn\u00fdm vlastnostem a nezapomenuteln\u00e9 chuti si Zahemi zaslou\u017e\u00ed zvl\u00e1\u0161tn\u00ed m\u00edsto ve va\u0161\u00ed zahrad\u011b.<\/p>\n<p>Zahemi je v\u00fdsledkem pe\u010dliv\u011b vytvo\u0159en\u00e9ho k\u0159\u00ed\u017een\u00ed na\u0161\u00ed selekce Yahemi od spole\u010dnosti Grandiflora Genetics a sam\u010d\u00ed odr\u016fdy Za\u00ef Za\u00ef. Tento genetick\u00fd mix p\u0159in\u00e1\u0161\u00ed bohatstv\u00ed chut\u00ed a \u00fa\u010dink\u016f, kter\u00e9 pot\u011b\u0161\u00ed milovn\u00edky konop\u00ed. Zahemi zd\u011bdila vlastnosti linie Melonata a p\u0159idala tak\u00e9 ovocn\u00e9, sladk\u00e9 terpeny Zkittlez, \u010d\u00edm\u017e vytvo\u0159ila jedine\u010dn\u00fd chu\u0165ov\u00fd z\u00e1\u017eitek.<\/p>\n<p>Jedn\u00edm z nejpozoruhodn\u011bj\u0161\u00edch aspekt\u016f Zahemi je jeho chu\u0165. P\u0159edstavte si sladk\u00fd grapefruit na duze, explozi chut\u00ed tan\u010d\u00edc\u00edch na va\u0161em pat\u0159e. Tato odr\u016fda nab\u00edz\u00ed chu\u0165 tropick\u00e9ho ovocn\u00e9ho sal\u00e1tu, kter\u00e1 zanech\u00e1 na jazyku trval\u00fd dojem. Na konci kveten\u00ed se v\u016fn\u011b st\u00e1v\u00e1 tak intenzivn\u00ed, \u017ee v\u00e1m vykouzl\u00ed \u00fasm\u011bv na tv\u00e1\u0159i poka\u017ed\u00e9, kdy\u017e otev\u0159ete dve\u0159e \u00farody.<\/p>\n<p>Pro ty, kte\u0159\u00ed se ve sv\u011bt\u011b konop\u00ed teprve seznamuj\u00ed, je Zahemi vynikaj\u00edc\u00ed volbou. Tato rostlina kvete p\u0159ibli\u017en\u011b 8 a\u017e 9 t\u00fddn\u016f, tak\u017ee se skl\u00edz\u00ed pom\u011brn\u011b rychle. Je tak\u00e9 snadn\u00e1 na p\u011bstov\u00e1n\u00ed, co\u017e z n\u00ed \u010din\u00ed ide\u00e1ln\u00ed volbu pro za\u010d\u00e1te\u010dn\u00edky. Dejte si v\u0161ak pozor na rozta\u017enost b\u011bhem kveten\u00ed: Zahemi m\u016f\u017ee zdvojn\u00e1sobit svou velikost, proto se ujist\u011bte, \u017ee j\u00ed poskytnete dostatek prostoru k rozkv\u011btu.<\/p>\n<p>Co se t\u00fd\u010de v\u00fdnos\u016f, Zahemi nezklame. Je zn\u00e1m\u00e1 jako vynikaj\u00edc\u00ed producent, kter\u00fd vytv\u00e1\u0159\u00ed velk\u00e9 pupeny pokryt\u00e9 prysky\u0159ic\u00ed. D\u00edky tomu je ide\u00e1ln\u00ed volbou pro milovn\u00edky extrakc\u00ed bez rozpou\u0161t\u011bdel, kte\u0159\u00ed ocen\u00ed kvalitu prysky\u0159ice produkovan\u00e9 touto odr\u016fdou. A\u0165 u\u017e chcete kou\u0159it, vapovat nebo extrahovat, Zahemi nab\u00edz\u00ed v\u0161estrannost, kter\u00e1 pot\u011b\u0161\u00ed ka\u017ed\u00e9ho.<\/p>\n<p>Pokud jde o efekty, Zahemi ned\u011bl\u00e1 v\u011bci nap\u016fl. Tento kmen se siln\u00fdm \u00fa\u010dinkem je ide\u00e1ln\u00ed pro ty, kte\u0159\u00ed hledaj\u00ed relaxa\u010dn\u00ed, euforick\u00fd z\u00e1\u017eitek. Je to jeden z na\u0161ich obl\u00edben\u00fdch strain\u016f pro dokonal\u00e9 probuzen\u00ed a probuzen\u00ed, kter\u00fd v\u00e1m pom\u016f\u017ee za\u010d\u00edt den s energi\u00ed a dobrou n\u00e1ladou.<\/p>\n<p>Zahemi je zkr\u00e1tka odr\u016fda, kter\u00e1 v sob\u011b spojuje v\u0161echny prvky, kter\u00e9 p\u011bstitel\u00e9 a spot\u0159ebitel\u00e9 hledaj\u00ed: kvalitn\u00ed genetiku, ovocnou chu\u0165, snadn\u00e9 p\u011bstov\u00e1n\u00ed a siln\u00e9 \u00fa\u010dinky. A\u0165 u\u017e jste za\u010d\u00e1te\u010dn\u00edk, nebo zku\u0161en\u00fd p\u011bstitel, tato rostlina si zaslou\u017e\u00ed m\u00edsto ve va\u0161\u00ed zahrad\u011b. Nenechte si uj\u00edt p\u0159\u00edle\u017eitost objevit tuto n\u00e1dhernou odr\u016fdu, kter\u00e1 v\u00e1m p\u0159i ka\u017ed\u00e9m \u0161luku vykouzl\u00ed \u00fasm\u011bv na tv\u00e1\u0159i!<\/p>\n<p><strong>B\u011b\u017en\u00e1 semena<\/strong><br \/>\n<strong>Balen\u00ed<\/strong> 12 semen (12)<br \/>\n<strong>Chovatel\u00e9<\/strong> : Perfect Tree<br \/>\n<strong>N\u00e1zev<\/strong> : Zahemi<br \/>\n<strong>Cross<\/strong> : Yahemi x Za\u00ef Za\u00ef<br \/>\n<strong>V\u00fdkon<\/strong> : St\u0159edn\u00ed a\u017e vysok\u00e1<br \/>\n<strong>Genetika<\/strong> : Hybrid<br \/>\n<strong>Doba kveten\u00ed<\/strong> 56-60 dn\u00ed<br \/>\n<strong>Chu\u0165<\/strong> Sal\u00e1t z tropick\u00e9ho ovoce<br \/>\n<strong>Zku\u0161enosti<\/strong> Siln\u00fd \u00fa\u010dinek<\/p>\n<p><em><u>Varov\u00e1n\u00ed<\/u> Dr\u017een\u00ed a sb\u011br semen jsou ve Francii povoleny. Tato semena se nesm\u00ed pou\u017e\u00edvat k jin\u00fdm \u00fa\u010del\u016fm, ne\u017e kter\u00e9 povoluj\u00ed z\u00e1kony va\u0161\u00ed zem\u011b. Kl\u00ed\u010den\u00ed a prodej nezletil\u00fdm osob\u00e1m je p\u0159\u00edsn\u011b zak\u00e1z\u00e1n. Spole\u010dnost AAASeedz nenese odpov\u011bdnost v p\u0159\u00edpad\u011b nedodr\u017een\u00ed z\u00e1kon\u016f zem\u011b pobytu.<\/em><\/p>","protected":false},"excerpt":{"rendered":"<p>Zahemi, la plante id\u00e9ale pour les d\u00e9butants et les amateurs de saveurs fruit\u00e9es. Si vous \u00eates \u00e0 la recherche d&rsquo;une<\/p>","protected":false},"featured_media":12434,"template":"","meta":[],"product_brand":[],"product_cat":[71],"product_tag":[278,109,483,482,303],"class_list":{"0":"post-12490","1":"product","2":"type-product","3":"status-publish","4":"has-post-thumbnail","6":"product_cat-regulieres","7":"product_tag-perfect-tree","8":"product_tag-regulieres","9":"product_tag-yahemi","10":"product_tag-zahemi","11":"product_tag-zaizai","13":"first","14":"outofstock","15":"shipping-taxable","16":"purchasable","17":"product-type-simple"},"jetpack_sharing_enabled":true,"_links":{"self":[{"href":"https:\/\/www.aaaseedz.com\/cs\/wp-json\/wp\/v2\/product\/12490","targetHints":{"allow":["GET"]}}],"collection":[{"href":"https:\/\/www.aaaseedz.com\/cs\/wp-json\/wp\/v2\/product"}],"about":[{"href":"https:\/\/www.aaaseedz.com\/cs\/wp-json\/wp\/v2\/types\/product"}],"wp:featuredmedia":[{"embeddable":true,"href":"https:\/\/www.aaaseedz.com\/cs\/wp-json\/wp\/v2\/media\/12434"}],"wp:attachment":[{"href":"https:\/\/www.aaaseedz.com\/cs\/wp-json\/wp\/v2\/media?parent=12490"}],"wp:term":[{"taxonomy":"product_brand","embeddable":true,"href":"https:\/\/www.aaaseedz.com\/cs\/wp-json\/wp\/v2\/product_brand?post=12490"},{"taxonomy":"product_cat","embeddable":true,"href":"https:\/\/www.aaaseedz.com\/cs\/wp-json\/wp\/v2\/product_cat?post=12490"},{"taxonomy":"product_tag","embeddable":true,"href":"https:\/\/www.aaaseedz.com\/cs\/wp-json\/wp\/v2\/product_tag?post=12490"}],"curies":[{"name":"wp","href":"https:\/\/api.w.org\/{rel}","templated":true}]}}