{"id":12492,"date":"2025-03-20T14:19:38","date_gmt":"2025-03-20T13:19:38","guid":{"rendered":"https:\/\/www.aaaseedz.com\/?post_type=product&#038;p=12492"},"modified":"2025-03-20T15:02:36","modified_gmt":"2025-03-20T14:02:36","slug":"picchu-dokonaly-strom","status":"publish","type":"product","link":"https:\/\/www.aaaseedz.com\/cs\/produit\/picchu-perfect-tree\/","title":{"rendered":"Picchu - Dokonal\u00fd strom"},"content":{"rendered":"<p>Picchu, jedine\u010dn\u00fd konopn\u00fd z\u00e1\u017eitek inspirovan\u00fd peru\u00e1nskou krajinou. Pokud hled\u00e1te konopn\u00fd kmen, kter\u00fd kombinuje s\u00edlu, vynikaj\u00edc\u00ed chu\u0165 a relaxa\u010dn\u00ed \u00fa\u010dinky, nehledejte nic jin\u00e9ho ne\u017e Picchu. Tento k\u0159\u00ed\u017eenec Bingsu a Peach Ozz je skute\u010dn\u00fdm z\u00e1zrakem, kter\u00fd slibuje, \u017ee v\u00e1s p\u0159enese do sv\u011bta nezapomenuteln\u00fdch pocit\u016f. D\u00edky sv\u00fdm jedine\u010dn\u00fdm vlastnostem je Picchu p\u0159ipravena sv\u00e9st p\u011bstitele i konzumenty.<\/p>\n<p>Picchu je v\u00fdsledkem \u0161ikovn\u00e9ho spojen\u00ed na\u0161eho v\u00fdjime\u010dn\u00e9ho st\u0159ihu Bingsu a obr\u00e1cen\u00e9ho st\u0159ihu Peach Ozz. Tento hybrid s dominanc\u00ed indick\u00e9 genetiky nab\u00edz\u00ed dokonalou rovnov\u00e1hu mezi relaxac\u00ed a pot\u011b\u0161en\u00edm. P\u011bstitel\u00e9 ocen\u00ed robustnost t\u00e9to rostliny, kter\u00e1 se vyv\u00edj\u00ed s p\u016fsobivou silou. Za pouh\u00fdch 8 t\u00fddn\u016f budete moci skl\u00edzet sv\u00e1 vz\u00e1cn\u00e1 poupata p\u0159ipraven\u00e1 k po\u017eitku.<\/p>\n<p>Jedn\u00edm z nejpoutav\u011bj\u0161\u00edch aspekt\u016f Picchu je jeho komplexn\u00ed terpenov\u00fd profil. P\u0159edstavte si opojnou sm\u011bs smetany a plynu, kter\u00e1 se dokonale m\u00eds\u00ed a vytv\u00e1\u0159\u00ed nezapomenuteln\u00fd chu\u0165ov\u00fd z\u00e1\u017eitek. Ka\u017ed\u00e9 vdechnut\u00ed v\u00e1s zahal\u00ed do smetanov\u00e9 sladkosti, po n\u00ed\u017e n\u00e1sleduje exploze plynn\u00fdch t\u00f3n\u016f, kter\u00e9 dr\u00e1\u017ed\u00ed va\u0161e chu\u0165ov\u00e9 poh\u00e1rky. Tato jedine\u010dn\u00e1 sm\u011bs odli\u0161uje Picchu od ostatn\u00edch a jist\u011b oslov\u00ed p\u0159\u00edznivce odv\u00e1\u017en\u00fdch chut\u00ed.<\/p>\n<p>Co se t\u00fd\u010de efekt\u016f, Picchu nezklame. D\u00edky siln\u00e9mu a hluboce relaxa\u010dn\u00edmu z\u00e1\u017eitku je tato odr\u016fda ide\u00e1ln\u00ed pro ty, kte\u0159\u00ed si cht\u011bj\u00ed odpo\u010dinout po dlouh\u00e9m dni. Jej\u00ed \u00fa\u010dinky trvaj\u00ed n\u011bkolik hodin a umo\u017en\u00ed v\u00e1m vychutnat si chv\u00edle neru\u0161en\u00e9ho klidu. A\u0165 u\u017e si chcete odpo\u010dinout na pohovce nebo si u\u017e\u00edt klidn\u00fd ve\u010der s p\u0159\u00e1teli, Picchu v\u00e1s bude doprov\u00e1zet.<\/p>\n<p>Picchu je tak\u00e9 zn\u00e1m\u00fd svou velmi vysokou v\u00fdnosnost\u00ed. Tato mimo\u0159\u00e1dn\u011b vit\u00e1ln\u00ed rostlina rozv\u00edj\u00ed sv\u016fj potenci\u00e1l bez omezen\u00ed, co\u017e z n\u00ed \u010din\u00ed ide\u00e1ln\u00ed volbu pro p\u011bstitele, kte\u0159\u00ed tou\u017e\u00ed po velk\u00fdch sklizn\u00edch. Dejte si v\u0161ak pozor, abyste ji nenechali p\u0159\u00edli\u0161 vegetovat, pokud nechcete skon\u010dit s opravdovou palmou! Velmi dob\u0159e reaguje na v\u00edcen\u00e1sobn\u00e9 odno\u017eov\u00e1n\u00ed a ocen\u00ed dobr\u00fd v\u00fdkrm, tak\u017ee m\u016f\u017eete optimalizovat jej\u00ed r\u016fst a v\u00fdnos.<\/p>\n<p>Picchu je zkr\u00e1tka odr\u016fda, kter\u00e1 v sob\u011b spojuje v\u00fdjime\u010dnou genetiku, jedine\u010dnou chu\u0165 a siln\u00e9 \u00fa\u010dinky. A\u0165 u\u017e jste v\u00e1\u0161niv\u00fd p\u011bstitel nebo nad\u0161enec do konop\u00ed, tato rostlina si zaslou\u017e\u00ed m\u00edsto ve va\u0161\u00ed zahrad\u011b. D\u00edky sv\u00e9 sm\u011bsi smetany a plynu nab\u00edz\u00ed bezkonkuren\u010dn\u00ed smyslov\u00fd z\u00e1\u017eitek, kter\u00fd v\u00e1s p\u0159enese do mystick\u00fdch krajin Peru. Nenechte si uj\u00edt p\u0159\u00edle\u017eitost objevit Picchu, novou hv\u011bzdu va\u0161\u00ed konopn\u00e9 sb\u00edrky! P\u0159ipravte se na nezapomenuteln\u00fd z\u00e1\u017eitek s t\u00edmto kmenem, kter\u00fd slibuje, \u017ee se stane va\u0161\u00ed nezbytnou sou\u010d\u00e1st\u00ed.<\/p>\n<p><strong>Feminizovan\u00e1 semena<\/strong><br \/>\n<strong>Balen\u00ed<\/strong> 6+3 sem\u00ednka zdarma (LH2P) (9)<br \/>\n<strong>Chovatel\u00e9<\/strong> : Perfect Tree<br \/>\n<strong>N\u00e1zev<\/strong> Picchu<br \/>\n<strong>Cross<\/strong> Bingsu x Peach Ozz<br \/>\n<strong>V\u00fdkon<\/strong> : St\u0159edn\u00ed a\u017e vysok\u00e1<br \/>\n<strong>Genetika<\/strong> Hybrid s dominanc\u00ed indiky<br \/>\n<strong>Doba kveten\u00ed<\/strong> 56-60 dn\u00ed<br \/>\n<strong>Chu\u0165<\/strong> : Kr\u00e9m a plyn<br \/>\n<strong>Zku\u0161enosti<\/strong> Siln\u00e1 hlubok\u00e1 relaxace<\/p>\n<p><em><u>Varov\u00e1n\u00ed<\/u> Dr\u017een\u00ed a sb\u011br semen jsou ve Francii povoleny. Tato semena se nesm\u00ed pou\u017e\u00edvat k jin\u00fdm \u00fa\u010del\u016fm, ne\u017e kter\u00e9 povoluj\u00ed z\u00e1kony va\u0161\u00ed zem\u011b. Kl\u00ed\u010den\u00ed a prodej nezletil\u00fdm osob\u00e1m je p\u0159\u00edsn\u011b zak\u00e1z\u00e1n. Spole\u010dnost AAASeedz nenese odpov\u011bdnost v p\u0159\u00edpad\u011b nedodr\u017een\u00ed z\u00e1kon\u016f zem\u011b pobytu.<\/em><\/p>","protected":false},"excerpt":{"rendered":"<p>Picchu, une exp\u00e9rience unique de cannabis inspir\u00e9e des paysages p\u00e9ruviens. Si vous \u00eates \u00e0 la recherche d&rsquo;une vari\u00e9t\u00e9 de cannabis<\/p>","protected":false},"featured_media":12428,"template":"","meta":[],"product_brand":[],"product_cat":[70],"product_tag":[487,77,293,278,486],"class_list":{"0":"post-12492","1":"product","2":"type-product","3":"status-publish","4":"has-post-thumbnail","6":"product_cat-feminisees","7":"product_tag-bingsu","8":"product_tag-feminisee","9":"product_tag-peach-ozz","10":"product_tag-perfect-tree","11":"product_tag-picchu","13":"first","14":"outofstock","15":"shipping-taxable","16":"purchasable","17":"product-type-simple"},"jetpack_sharing_enabled":true,"_links":{"self":[{"href":"https:\/\/www.aaaseedz.com\/cs\/wp-json\/wp\/v2\/product\/12492","targetHints":{"allow":["GET"]}}],"collection":[{"href":"https:\/\/www.aaaseedz.com\/cs\/wp-json\/wp\/v2\/product"}],"about":[{"href":"https:\/\/www.aaaseedz.com\/cs\/wp-json\/wp\/v2\/types\/product"}],"wp:featuredmedia":[{"embeddable":true,"href":"https:\/\/www.aaaseedz.com\/cs\/wp-json\/wp\/v2\/media\/12428"}],"wp:attachment":[{"href":"https:\/\/www.aaaseedz.com\/cs\/wp-json\/wp\/v2\/media?parent=12492"}],"wp:term":[{"taxonomy":"product_brand","embeddable":true,"href":"https:\/\/www.aaaseedz.com\/cs\/wp-json\/wp\/v2\/product_brand?post=12492"},{"taxonomy":"product_cat","embeddable":true,"href":"https:\/\/www.aaaseedz.com\/cs\/wp-json\/wp\/v2\/product_cat?post=12492"},{"taxonomy":"product_tag","embeddable":true,"href":"https:\/\/www.aaaseedz.com\/cs\/wp-json\/wp\/v2\/product_tag?post=12492"}],"curies":[{"name":"wp","href":"https:\/\/api.w.org\/{rel}","templated":true}]}}