{"id":12493,"date":"2025-03-20T14:25:20","date_gmt":"2025-03-20T13:25:20","guid":{"rendered":"https:\/\/www.aaaseedz.com\/?post_type=product&#038;p=12493"},"modified":"2025-03-20T15:02:11","modified_gmt":"2025-03-20T14:02:11","slug":"modra-broskev-dokonaly-strom","status":"publish","type":"product","link":"https:\/\/www.aaaseedz.com\/cs\/produit\/blue-peach-perfect-tree\/","title":{"rendered":"Blue Peach - Dokonal\u00fd strom"},"content":{"rendered":"<p>Modr\u00e1 broskev, osl\u0148uj\u00edc\u00ed spojen\u00ed chuti a \u00fa\u010dinku. Pokud hled\u00e1te konopn\u00fd kmen, kter\u00fd v sob\u011b spojuje ovocnou sladkost a s\u00edlu, nehledejte nic jin\u00e9ho ne\u017e Blue Peach. Tento k\u0159\u00ed\u017eenec odr\u016fd Blue 16 a Peach Ozz je pro milovn\u00edky konop\u00ed skute\u010dn\u00fdm zjeven\u00edm. D\u00edky sv\u00fdm jedine\u010dn\u00fdm vlastnostem slibuje Blue Peach nezapomenuteln\u00fd chu\u0165ov\u00fd a smyslov\u00fd z\u00e1\u017eitek.<\/p>\n<p>Blue Peach je v\u00fdsledkem pe\u010dliv\u011b vytvo\u0159en\u00e9ho k\u0159\u00ed\u017een\u00ed na\u0161\u00ed selekce Blue 16 (sm\u011bs odr\u016fd Blue Cookies, Please Object 4516 a Project 4510) a reverzn\u00ed odr\u016fdy Peach Ozz. Tento hybrid s dominanc\u00ed indick\u00e9 genetiky nab\u00edz\u00ed dokonalou rovnov\u00e1hu mezi relaxac\u00ed a pot\u011b\u0161en\u00edm. P\u011bstitel\u00e9 ocen\u00ed robustnost t\u00e9to rostliny, kter\u00e1 se vyv\u00edj\u00ed s p\u016fsobivou silou.<\/p>\n<p>Jedn\u00edm z nejpoutav\u011bj\u0161\u00edch aspekt\u016f Blue Peach je jej\u00ed chu\u0165ov\u00fd profil. Tato odr\u016fda nab\u00edz\u00ed sladkou, ovocnou a ko\u0159en\u011bnou kombinaci, kter\u00e1 pot\u011b\u0161\u00ed va\u0161e chu\u0165ov\u00e9 poh\u00e1rky. P\u0159edstavte si ovocnou sladkost, zd\u011bd\u011bnou po odr\u016fd\u011b Peach Ozz, v kombinaci se siln\u011bj\u0161\u00edmi, pikantn\u011bj\u0161\u00edmi t\u00f3ny odr\u016fdy Blue 16. Ka\u017ed\u00e9 vdechnut\u00ed je skute\u010dnou exploz\u00ed chut\u00ed, kter\u00e1 v\u00e1s p\u0159enese do \u0161\u0165avnat\u00e9ho broskvov\u00e9ho sadu a z\u00e1rove\u0148 p\u0159id\u00e1 \u0161petku ko\u0159en\u00ed, aby byl z\u00e1\u017eitek je\u0161t\u011b nezapomenuteln\u011bj\u0161\u00ed.<\/p>\n<p>Pokud jde o efekty, Blue Peach nezklame. D\u00edky siln\u00e9mu narkotick\u00e9mu z\u00e1\u017eitku je tento kmen ide\u00e1ln\u00ed pro siln\u00e9 ku\u0159\u00e1ky, kte\u0159\u00ed hledaj\u00ed hlubokou relaxaci. Jej\u00ed \u00fa\u010dinky p\u0159etrv\u00e1vaj\u00ed dlouhou dobu, co\u017e v\u00e1m umo\u017en\u00ed odpo\u010dinout si po dlouh\u00e9m dni nebo si u\u017e\u00edt klidn\u00fd ve\u010der. A\u0165 u\u017e si chcete odpo\u010dinout na pohovce, nebo si u\u017e\u00edt spole\u010denskou chvilku s p\u0159\u00e1teli, Blue Peach v\u00e1s bude doprov\u00e1zet.<\/p>\n<p>Blue Peach je tak\u00e9 rostlina, kter\u00e1 velmi dob\u0159e reaguje na dopl\u0148ov\u00e1n\u00ed, kter\u00e9 maximalizuje produkci hl\u00e1vek. P\u011bstitel\u00e9 ocen\u00ed jej\u00ed schopnost poskytovat velk\u00e9 v\u00fdnosy, i kdy\u017e to z\u00e1vis\u00ed na individu\u00e1ln\u00ed zru\u010dnosti. S dobou kveten\u00ed kolem 8 t\u00fddn\u016f je tato odr\u016fda pom\u011brn\u011b rychle sklizena, co\u017e z n\u00ed \u010din\u00ed ide\u00e1ln\u00ed volbu pro ty, kte\u0159\u00ed si cht\u011bj\u00ed rychle vychutnat sv\u00e9 \u00fasil\u00ed.<\/p>\n<p>Krom\u011b v\u016fn\u011b a \u00fa\u010dink\u016f je Blue Peach tak\u00e9 skv\u011blou rostlinou pro p\u011bstov\u00e1n\u00ed. Jej\u00ed barvy jsou vzne\u0161en\u00e9, s poutavou sm\u011bs\u00ed zelen\u00e9, fialov\u00e9, st\u0159\u00edbrn\u00e9 a tmav\u011b modr\u00e9. Tato vizu\u00e1ln\u00ed kr\u00e1sa dod\u00e1 va\u0161\u00ed zahrad\u011b estetick\u00fd rozm\u011br, tak\u017ee p\u011bstov\u00e1n\u00ed Blue Peach bude je\u0161t\u011b p\u0159\u00ednosn\u011bj\u0161\u00ed.<\/p>\n<p>Blue Peach je zkr\u00e1tka odr\u016fda, kter\u00e1 kombinuje kvalitn\u00ed genetiku, jedine\u010dnou chu\u0165 a siln\u00e9 \u00fa\u010dinky. A\u0165 u\u017e jste v\u00e1\u0161niv\u00fd p\u011bstitel nebo nad\u0161enec do konop\u00ed, tato rostlina si zaslou\u017e\u00ed m\u00edsto ve va\u0161\u00ed zahrad\u011b. D\u00edky kombinaci ovocn\u00e9 sladkosti a s\u00edly nab\u00edz\u00ed bezkonkuren\u010dn\u00ed smyslov\u00fd z\u00e1\u017eitek. Nenechte si uj\u00edt p\u0159\u00edle\u017eitost objevit Blue Peach, odr\u016fdu, ke kter\u00e9 se budete znovu a znovu vracet, abyste si vychutnali jej\u00ed po\u017eitky! P\u0159ipravte se pono\u0159it do sv\u011bta chut\u00ed a \u00fa\u010dink\u016f s Blue Peach!<\/p>\n<p><strong>Feminizovan\u00e1 semena<\/strong><br \/>\n<strong>Balen\u00ed<\/strong> 6+3 sem\u00ednka zdarma (LH2P) (9)<br \/>\n<strong>Chovatel\u00e9<\/strong> : Perfect Tree<br \/>\n<strong>N\u00e1zev<\/strong> : Blue Peach<br \/>\n<strong>Cross<\/strong> : Blue 16 X Peach Ozz<br \/>\n<strong>V\u00fdkon<\/strong> : St\u0159edn\u00ed a\u017e vysok\u00e1<br \/>\n<strong>Genetika<\/strong> Hybrid s dominanc\u00ed indiky<br \/>\n<strong>Doba kveten\u00ed<\/strong> 56-60 dn\u00ed<br \/>\n<strong>Chu\u0165<\/strong> Sladk\u00e9, ovocn\u00e9 a ko\u0159en\u011bn\u00e9<br \/>\n<strong>Zku\u0161enosti<\/strong> Siln\u00e1 hlubok\u00e1 relaxace<\/p>\n<p><em><u>Varov\u00e1n\u00ed<\/u> Dr\u017een\u00ed a sb\u011br semen jsou ve Francii povoleny. Tato semena se nesm\u00ed pou\u017e\u00edvat k jin\u00fdm \u00fa\u010del\u016fm, ne\u017e kter\u00e9 povoluj\u00ed z\u00e1kony va\u0161\u00ed zem\u011b. Kl\u00ed\u010den\u00ed a prodej nezletil\u00fdm osob\u00e1m je p\u0159\u00edsn\u011b zak\u00e1z\u00e1n. Spole\u010dnost AAASeedz nenese odpov\u011bdnost v p\u0159\u00edpad\u011b nedodr\u017een\u00ed z\u00e1kon\u016f zem\u011b pobytu.<\/em><\/p>","protected":false},"excerpt":{"rendered":"<p>Blue Peach, une fusion \u00e9blouissante de saveurs et d&rsquo;effets. Si vous \u00eates \u00e0 la recherche d&rsquo;une vari\u00e9t\u00e9 de cannabis qui<\/p>","protected":false},"featured_media":12422,"template":"","meta":[],"product_brand":[],"product_cat":[70],"product_tag":[489,488,77,293,278],"class_list":{"0":"post-12493","1":"product","2":"type-product","3":"status-publish","4":"has-post-thumbnail","6":"product_cat-feminisees","7":"product_tag-blue-16","8":"product_tag-blue-peach","9":"product_tag-feminisee","10":"product_tag-peach-ozz","11":"product_tag-perfect-tree","13":"first","14":"outofstock","15":"shipping-taxable","16":"purchasable","17":"product-type-simple"},"jetpack_sharing_enabled":true,"_links":{"self":[{"href":"https:\/\/www.aaaseedz.com\/cs\/wp-json\/wp\/v2\/product\/12493","targetHints":{"allow":["GET"]}}],"collection":[{"href":"https:\/\/www.aaaseedz.com\/cs\/wp-json\/wp\/v2\/product"}],"about":[{"href":"https:\/\/www.aaaseedz.com\/cs\/wp-json\/wp\/v2\/types\/product"}],"wp:featuredmedia":[{"embeddable":true,"href":"https:\/\/www.aaaseedz.com\/cs\/wp-json\/wp\/v2\/media\/12422"}],"wp:attachment":[{"href":"https:\/\/www.aaaseedz.com\/cs\/wp-json\/wp\/v2\/media?parent=12493"}],"wp:term":[{"taxonomy":"product_brand","embeddable":true,"href":"https:\/\/www.aaaseedz.com\/cs\/wp-json\/wp\/v2\/product_brand?post=12493"},{"taxonomy":"product_cat","embeddable":true,"href":"https:\/\/www.aaaseedz.com\/cs\/wp-json\/wp\/v2\/product_cat?post=12493"},{"taxonomy":"product_tag","embeddable":true,"href":"https:\/\/www.aaaseedz.com\/cs\/wp-json\/wp\/v2\/product_tag?post=12493"}],"curies":[{"name":"wp","href":"https:\/\/api.w.org\/{rel}","templated":true}]}}