{"id":12496,"date":"2025-03-20T14:33:34","date_gmt":"2025-03-20T13:33:34","guid":{"rendered":"https:\/\/www.aaaseedz.com\/?post_type=product&#038;p=12496"},"modified":"2025-03-20T15:00:25","modified_gmt":"2025-03-20T14:00:25","slug":"halo-halo-dokonaly-strom","status":"publish","type":"product","link":"https:\/\/www.aaaseedz.com\/cs\/produit\/halo-halo-perfect-tree\/","title":{"rendered":"Halo Halo - Dokonal\u00fd strom"},"content":{"rendered":"<p>Halo Halo, exploze chuti a prysky\u0159ice. Pokud hled\u00e1te odr\u016fdu konop\u00ed, kter\u00e1 kombinuje kvalitu, vynikaj\u00edc\u00ed chu\u0165 a produkci prysky\u0159ice, nehledejte nic jin\u00e9ho ne\u017e Halo Halo. Tento k\u0159\u00ed\u017eenec odr\u016fd Bingsu a Banana Punch je pro milovn\u00edky konop\u00ed skute\u010dn\u00fdm z\u00e1zrakem, kter\u00fd slibuje nezapomenuteln\u00fd smyslov\u00fd z\u00e1\u017eitek. D\u00edky sv\u00fdm jedine\u010dn\u00fdm vlastnostem je Halo Halo p\u0159ipravena sv\u00e9st p\u011bstitele i spot\u0159ebitele.<\/p>\n<p>Halo Halo je v\u00fdsledkem pe\u010dliv\u011b vytvo\u0159en\u00e9ho k\u0159\u00ed\u017een\u00ed Bingsu a Ban\u00e1nov\u00e9ho pun\u010de. Tento hybrid s dominanc\u00ed indiky nab\u00edz\u00ed dokonalou rovnov\u00e1hu mezi relaxac\u00ed a pot\u011b\u0161en\u00edm. P\u011bstitel\u00e9 ocen\u00ed robustnost t\u00e9to rostliny, kter\u00e1 se vyv\u00edj\u00ed s p\u016fsobivou silou. S dobou kveten\u00ed p\u0159ibli\u017en\u011b 8 t\u00fddn\u016f je Halo Halo pom\u011brn\u011b rychle sklizena, co\u017e z n\u00ed \u010din\u00ed ide\u00e1ln\u00ed volbu pro ty, kte\u0159\u00ed si cht\u011bj\u00ed sv\u00e9 \u00fasil\u00ed rychle u\u017e\u00edt.<\/p>\n<p>Jedn\u00edm z nejpoutav\u011bj\u0161\u00edch aspekt\u016f Halo Halo je jeho chu\u0165ov\u00fd profil. Tato odr\u016fda nab\u00edz\u00ed jedine\u010dnou kombinaci smetany, plynu a ban\u00e1nu, kter\u00e1 vytv\u00e1\u0159\u00ed chu\u0165ov\u00fd z\u00e1\u017eitek, jen\u017e pot\u011b\u0161\u00ed va\u0161e chu\u0165ov\u00e9 poh\u00e1rky. P\u0159edstavte si smetanovou sladkost, n\u00e1sledovanou ovocn\u00fdmi t\u00f3ny ban\u00e1nu, to v\u0161e zabalen\u00e9 do doteku tepl\u00e9ho plynu. Ka\u017ed\u00e1 inhalace je skute\u010dnou exploz\u00ed chut\u00ed, kter\u00e1 v\u00e1s p\u0159enese do sv\u011bta po\u017eitk\u016f.<\/p>\n<p>Pokud jde o efekty, Halo Halo nezklame. D\u00edky siln\u00e9mu \u00fa\u010dinku je tento kmen ide\u00e1ln\u00ed pro ty, kte\u0159\u00ed hledaj\u00ed relaxa\u010dn\u00ed, narkotick\u00fd z\u00e1\u017eitek. Ve skute\u010dnosti nen\u00ed ur\u010dena ke kou\u0159en\u00ed b\u011bhem dne, pokud si po ochutn\u00e1n\u00ed jej\u00edch n\u00e1vykov\u00fdch terpen\u016f nepl\u00e1nujete kr\u00e1tce zd\u0159\u00edmnout. A\u0165 u\u017e si chcete odpo\u010dinout po dlouh\u00e9m dni, nebo si jen u\u017e\u00edt klidnou chvilku, Halo Halo v\u00e1s bude doprov\u00e1zet.<\/p>\n<p>Halo Halo je tak\u00e9 velmi vhodn\u00e1 rostlina pro extrakce bez rozpou\u0161t\u011bdel. Jej\u00ed kvalita prysky\u0159ice je p\u016fsobiv\u00e1, a jakmile si vyberete spr\u00e1vn\u00fd fenotyp, budete ohromeni bohatost\u00ed a \u010distotou jej\u00ed prysky\u0159ice. Je to jedna z nejlep\u0161\u00edch mo\u017enost\u00ed pro ka\u017ed\u00e9ho milovn\u00edka ha\u0161i\u0161e, kter\u00e1 nab\u00edz\u00ed vynikaj\u00edc\u00ed z\u00e1\u017eitek, jen\u017e pot\u011b\u0161\u00ed znalce.<\/p>\n<p>Z hlediska v\u00fdnosu m\u00e1 Halo Halo st\u0159edn\u00ed a\u017e vysok\u00fd potenci\u00e1l, tak\u017ee je ide\u00e1ln\u00ed volbou pro p\u011bstitele, kte\u0159\u00ed cht\u011bj\u00ed z\u00edskat bohatou \u00farodu. Jej\u00ed snadn\u00e9 p\u011bstov\u00e1n\u00ed a robustnost z n\u00ed \u010din\u00ed dostupnou odr\u016fdu i pro za\u010d\u00ednaj\u00edc\u00ed p\u011bstitele. P\u0159i spr\u00e1vn\u00e9 p\u00e9\u010di a \u00fadr\u017eb\u011b m\u016f\u017eete maximalizovat svou sklize\u0148 a pln\u011b vyu\u017e\u00edt po\u017eitk\u016f, kter\u00e9 tato rostlina nab\u00edz\u00ed.<\/p>\n<p>Halo Halo je zkr\u00e1tka odr\u016fda, kter\u00e1 kombinuje kvalitn\u00ed genetiku, okouzluj\u00edc\u00ed chu\u0165 a siln\u00e9 \u00fa\u010dinky. A\u0165 u\u017e jste v\u00e1\u0161niv\u00fd p\u011bstitel nebo nad\u0161enec do konop\u00ed, tato rostlina si zaslou\u017e\u00ed m\u00edsto ve va\u0161\u00ed zahrad\u011b. D\u00edky sv\u00e9 sm\u011bsi smetany, plynu a ban\u00e1nu nab\u00edz\u00ed bezkonkuren\u010dn\u00ed smyslov\u00fd z\u00e1\u017eitek. Nenechte si uj\u00edt p\u0159\u00edle\u017eitost objevit Halo Halo, kmen, ke kter\u00e9mu se budete znovu a znovu vracet, abyste si vychutnali jeho po\u017eitky! P\u0159ipravte se pono\u0159it do sv\u011bta chut\u00ed a \u00fa\u010dink\u016f s Halo Halo!<\/p>\n<p><strong>B\u011b\u017en\u00e1 semena<\/strong><br \/>\n<strong>Balen\u00ed<\/strong> 12 semen (12)<br \/>\n<strong>Chovatel\u00e9<\/strong> : Perfect Tree<br \/>\n<strong>N\u00e1zev<\/strong> : Halo Halo<br \/>\n<strong>Cross<\/strong> : Bingsu x Ban\u00e1nov\u00fd pun\u010d<br \/>\n<strong>V\u00fdkon<\/strong> : St\u0159edn\u00ed a\u017e vysok\u00e1<br \/>\n<strong>Genetika<\/strong> Hybrid s dominanc\u00ed indiky<br \/>\n<strong>Doba kveten\u00ed<\/strong> 56-60 dn\u00ed<br \/>\n<strong>Chu\u0165<\/strong> : Smetana, plyn a ban\u00e1ny<br \/>\n<strong>Zku\u0161enosti<\/strong> Siln\u00fd \u00fa\u010dinek<\/p>\n<p><em><u>Varov\u00e1n\u00ed<\/u> Dr\u017een\u00ed a sb\u011br semen jsou ve Francii povoleny. Tato semena se nesm\u00ed pou\u017e\u00edvat k jin\u00fdm \u00fa\u010del\u016fm, ne\u017e kter\u00e9 povoluj\u00ed z\u00e1kony va\u0161\u00ed zem\u011b. Kl\u00ed\u010den\u00ed a prodej nezletil\u00fdm osob\u00e1m je p\u0159\u00edsn\u011b zak\u00e1z\u00e1n. Spole\u010dnost AAASeedz nenese odpov\u011bdnost v p\u0159\u00edpad\u011b nedodr\u017een\u00ed z\u00e1kon\u016f zem\u011b pobytu.<\/em><\/p>","protected":false},"excerpt":{"rendered":"<p>Halo Halo, une explosion de saveurs et de r\u00e9sine. Si vous \u00eates \u00e0 la recherche d&rsquo;une vari\u00e9t\u00e9 de cannabis qui<\/p>","protected":false},"featured_media":12437,"template":"","meta":[],"product_brand":[],"product_cat":[71],"product_tag":[491,487,490,278,109],"class_list":{"0":"post-12496","1":"product","2":"type-product","3":"status-publish","4":"has-post-thumbnail","6":"product_cat-regulieres","7":"product_tag-banana-punch","8":"product_tag-bingsu","9":"product_tag-halo-halo","10":"product_tag-perfect-tree","11":"product_tag-regulieres","13":"first","14":"outofstock","15":"shipping-taxable","16":"purchasable","17":"product-type-simple"},"jetpack_sharing_enabled":true,"_links":{"self":[{"href":"https:\/\/www.aaaseedz.com\/cs\/wp-json\/wp\/v2\/product\/12496","targetHints":{"allow":["GET"]}}],"collection":[{"href":"https:\/\/www.aaaseedz.com\/cs\/wp-json\/wp\/v2\/product"}],"about":[{"href":"https:\/\/www.aaaseedz.com\/cs\/wp-json\/wp\/v2\/types\/product"}],"wp:featuredmedia":[{"embeddable":true,"href":"https:\/\/www.aaaseedz.com\/cs\/wp-json\/wp\/v2\/media\/12437"}],"wp:attachment":[{"href":"https:\/\/www.aaaseedz.com\/cs\/wp-json\/wp\/v2\/media?parent=12496"}],"wp:term":[{"taxonomy":"product_brand","embeddable":true,"href":"https:\/\/www.aaaseedz.com\/cs\/wp-json\/wp\/v2\/product_brand?post=12496"},{"taxonomy":"product_cat","embeddable":true,"href":"https:\/\/www.aaaseedz.com\/cs\/wp-json\/wp\/v2\/product_cat?post=12496"},{"taxonomy":"product_tag","embeddable":true,"href":"https:\/\/www.aaaseedz.com\/cs\/wp-json\/wp\/v2\/product_tag?post=12496"}],"curies":[{"name":"wp","href":"https:\/\/api.w.org\/{rel}","templated":true}]}}