{"id":12510,"date":"2025-03-24T13:09:08","date_gmt":"2025-03-24T12:09:08","guid":{"rendered":"https:\/\/www.aaaseedz.com\/?post_type=product&#038;p=12510"},"modified":"2025-06-11T16:41:29","modified_gmt":"2025-06-11T14:41:29","slug":"rs-pinana-z-terphogz-2025","status":"publish","type":"product","link":"https:\/\/www.aaaseedz.com\/cs\/produit\/rs-pinana-z-terphogz-2025\/","title":{"rendered":"RS Pinana Z - Terphogz 2025"},"content":{"rendered":"<p><strong>B\u011b\u017en\u00e1 semena<\/strong><br \/>\n<strong>Balen\u00ed<\/strong> : 10 semen<br \/>\n<strong>Chovatel\u00e9<\/strong> : Terfogz 2025<br \/>\n<strong>N\u00e1zev<\/strong> : RS Pinana Z<br \/>\n<strong>Cross<\/strong> : RS-11 x Pinana Z<\/p>\n<p><em>Varov\u00e1n\u00ed: Dr\u017een\u00ed a sb\u011br semen jsou ve Francii povoleny. Tato semena se nesm\u00ed pou\u017e\u00edvat k jin\u00fdm \u00fa\u010del\u016fm, ne\u017e kter\u00e9 povoluj\u00ed z\u00e1kony va\u0161\u00ed zem\u011b. Kl\u00ed\u010den\u00ed a prodej nezletil\u00fdm osob\u00e1m je p\u0159\u00edsn\u011b zak\u00e1z\u00e1n. Spole\u010dnost AAASeedz nenese odpov\u011bdnost v p\u0159\u00edpad\u011b nedodr\u017een\u00ed z\u00e1kon\u016f zem\u011b pobytu.<\/em><\/p>","protected":false},"excerpt":{"rendered":"<p>Pravideln\u00e1 semena Balen\u00ed : 10 semen \u0160lechtitel : Terphogz 2025 N\u00e1zev : RS Pinana Z K\u0159\u00ed\u017eenec : RS-11 x Pinana<\/p>","protected":false},"featured_media":12460,"template":"","meta":[],"product_brand":[],"product_cat":[71],"product_tag":[507,496,109,505,506,106],"class_list":{"0":"post-12510","1":"product","2":"type-product","3":"status-publish","4":"has-post-thumbnail","6":"product_cat-regulieres","7":"product_tag-507","8":"product_tag-pinana-z","9":"product_tag-regulieres","10":"product_tag-rs-pinana-z","11":"product_tag-rs-11","12":"product_tag-terphogz","14":"first","15":"instock","16":"shipping-taxable","17":"purchasable","18":"product-type-simple"},"jetpack_sharing_enabled":true,"_links":{"self":[{"href":"https:\/\/www.aaaseedz.com\/cs\/wp-json\/wp\/v2\/product\/12510","targetHints":{"allow":["GET"]}}],"collection":[{"href":"https:\/\/www.aaaseedz.com\/cs\/wp-json\/wp\/v2\/product"}],"about":[{"href":"https:\/\/www.aaaseedz.com\/cs\/wp-json\/wp\/v2\/types\/product"}],"wp:featuredmedia":[{"embeddable":true,"href":"https:\/\/www.aaaseedz.com\/cs\/wp-json\/wp\/v2\/media\/12460"}],"wp:attachment":[{"href":"https:\/\/www.aaaseedz.com\/cs\/wp-json\/wp\/v2\/media?parent=12510"}],"wp:term":[{"taxonomy":"product_brand","embeddable":true,"href":"https:\/\/www.aaaseedz.com\/cs\/wp-json\/wp\/v2\/product_brand?post=12510"},{"taxonomy":"product_cat","embeddable":true,"href":"https:\/\/www.aaaseedz.com\/cs\/wp-json\/wp\/v2\/product_cat?post=12510"},{"taxonomy":"product_tag","embeddable":true,"href":"https:\/\/www.aaaseedz.com\/cs\/wp-json\/wp\/v2\/product_tag?post=12510"}],"curies":[{"name":"wp","href":"https:\/\/api.w.org\/{rel}","templated":true}]}}