{"id":11426,"date":"2024-05-09T03:05:14","date_gmt":"2024-05-09T01:05:14","guid":{"rendered":"https:\/\/www.aaaseedz.com\/?page_id=11426"},"modified":"2024-05-09T03:06:22","modified_gmt":"2024-05-09T01:06:22","slug":"newsletter","status":"publish","type":"page","link":"https:\/\/www.aaaseedz.com\/de\/newsletter\/","title":{"rendered":"Newsletter"},"content":{"rendered":"<div class=\"wpb-content-wrapper\"><p><\/br><style data-type=\"vc_shortcodes-custom-css\">.vc_custom_1715216383230{margin-top: -30px !important;margin-right: -30px !important;margin-bottom: -30px !important;margin-left: -30px !important;padding-top: 30px !important;padding-right: 30px !important;padding-bottom: 30px !important;padding-left: 30px !important;background-image: url(https:\/\/www.aaaseedz.com\/wp-content\/uploads\/2024\/05\/Fond-Newsletter.png?id=11425) !important;background-position: 0 0 !important;background-repeat: no-repeat !important;}.vc_custom_1715216307174{border-top-width: 5px !important;border-right-width: 5px !important;border-bottom-width: 5px !important;border-left-width: 5px !important;padding-top: 70px !important;padding-right: 0px !important;padding-bottom: 70px !important;padding-left: 0px !important;border-color: rgba(255,255,255,0.15) !important;}.vc_custom_1715213413924{margin-bottom: 20px !important;}.wd-rs-663c14335a0cb{--wd-max-width: 420px;}#wd-663c154fbb5b2 .woodmart-title-container{color:#ffffff;}#wd-663c154fbb5b2 .title-after_title{color:#ffffff;}<\/style><div class=\"wpb-content-wrapper\"><div class=\"vc_row wpb_row vc_row-fluid vc_custom_1715216383230 vc_row-has-fill wd-bg-center-center wd-rs-663c1fe2f2899\"><div class=\"wpb_column vc_column_container vc_col-sm-12 vc_col-has-fill wd-bg-center-center text-center wd-rs-663c1f959a5eb\"><div class=\"vc_column-inner vc_custom_1715216307174\"><div class=\"wpb_wrapper\">\n\t\t<div id=\"wd-663c154fbb5b2\" class=\"title-wrapper wd-wpb wd-set-mb reset-last-child  wd-rs-663c154fbb5b2 wd-title-color-white wd-title-style-default text-center  wd-width-enabled wd-underline-colored\" style=\"--wd-max-width: 70%;\">\n\t\t\t\n\t\t\t<div class=\"liner-continer\">\n\t\t\t\t<h4 class=\"woodmart-title-container title  wd-font-weight- wd-fontsize-xxl\" >NEWSLETTER AAASEEDZ<\/h4>\n\t\t\t\t\t\t\t<\/div>\n\t\t\t\n\t\t\t\t\t\t\t<div class=\"title-after_title reset-last-child  wd-fontsize-s\">Melden Sie sich an und bleiben Sie auf dem Laufenden<\/div>\n\t\t\t\n\t\t\t\n\t\t<\/div>\n\t\t\n\t\t\n\t\t<div id=\"wd-663c14335a0cb\" class=\"wd-wpb wd-mc4wp-wrapper wd-rs-663c14335a0cb text-center color-scheme-light vc_custom_1715213413924\">\n\t\t\t<script>(function() {\n\twindow.mc4wp = window.mc4wp || {\n\t\tlisteners: [],\n\t\tforms: {\n\t\t\ton: function(evt, cb) {\n\t\t\t\twindow.mc4wp.listeners.push(\n\t\t\t\t\t{\n\t\t\t\t\t\tevent   : evt,\n\t\t\t\t\t\tcallback: cb\n\t\t\t\t\t}\n\t\t\t\t);\n\t\t\t}\n\t\t}\n\t}\n})();\n<\/script><!-- Mailchimp for WordPress v4.12.2 - https:\/\/wordpress.org\/plugins\/mailchimp-for-wp\/ --><form id=\"mc4wp-form-1\" class=\"mc4wp-form mc4wp-form-10716 mc4wp-form-theme mc4wp-form-theme-light\" method=\"post\" data-id=\"10716\" data-name=\"Newsletter\" action=\"\" ><div class=\"mc4wp-form-fields\"><p>\r\n\r\n\t\t<input type=\"email\" name=\"EMAIL\" placeholder=\"Ihre E-Mail-Adresse\" required \/>\r\n<\/br>\r\n  <input type=\"submit\" value=\"Registrieren\" \/>\r\n<\/p><\/div><label style=\"display: none !important;\">Wenn du ein Mensch bist, lasse das Feld leer: <input type=\"text\" name=\"_mc4wp_honeypot\" value=\"\" tabindex=\"-1\" autocomplete=\"off\" \/><\/label><input type=\"hidden\" name=\"_mc4wp_timestamp\" value=\"1777423679\" \/><input type=\"hidden\" name=\"_mc4wp_form_id\" value=\"10716\" \/><input type=\"hidden\" name=\"_mc4wp_form_element_id\" value=\"mc4wp-form-1\" \/><div class=\"mc4wp-response\"><\/div><input type=\"hidden\" name=\"trp-form-language\" value=\"de\"\/><\/form><!-- \/ Mailchimp for WordPress Plugin -->\t\t<\/div>\n\n\t\t<\/div><\/div><\/div><\/div>\n<\/div><\/br><\/p>\n<\/div>","protected":false},"excerpt":{"rendered":"NEWSLETTER AAASEEDZ Inscrivez-vous et tenez-vous inform\u00e9 des derni\u00e8res nouveaut\u00e9s Wenn du ein Mensch bist, lasse das Feld leer:","protected":false},"author":1,"featured_media":0,"parent":0,"menu_order":0,"comment_status":"closed","ping_status":"closed","template":"","meta":{"footnotes":""},"class_list":["post-11426","page","type-page","status-publish","hentry"],"jetpack_sharing_enabled":true,"_links":{"self":[{"href":"https:\/\/www.aaaseedz.com\/de\/wp-json\/wp\/v2\/pages\/11426","targetHints":{"allow":["GET"]}}],"collection":[{"href":"https:\/\/www.aaaseedz.com\/de\/wp-json\/wp\/v2\/pages"}],"about":[{"href":"https:\/\/www.aaaseedz.com\/de\/wp-json\/wp\/v2\/types\/page"}],"author":[{"embeddable":true,"href":"https:\/\/www.aaaseedz.com\/de\/wp-json\/wp\/v2\/users\/1"}],"replies":[{"embeddable":true,"href":"https:\/\/www.aaaseedz.com\/de\/wp-json\/wp\/v2\/comments?post=11426"}],"version-history":[{"count":0,"href":"https:\/\/www.aaaseedz.com\/de\/wp-json\/wp\/v2\/pages\/11426\/revisions"}],"wp:attachment":[{"href":"https:\/\/www.aaaseedz.com\/de\/wp-json\/wp\/v2\/media?parent=11426"}],"curies":[{"name":"wp","href":"https:\/\/api.w.org\/{rel}","templated":true}]}}