{"id":3,"date":"2024-04-30T15:04:02","date_gmt":"2024-04-30T13:04:02","guid":{"rendered":"http:\/\/aaaseedz.com\/?page_id=3"},"modified":"2024-05-09T14:10:47","modified_gmt":"2024-05-09T12:10:47","slug":"datenschutzrichtlinie","status":"publish","type":"page","link":"https:\/\/www.aaaseedz.com\/de\/politique-de-confidentialite\/","title":{"rendered":"Datenschutzrichtlinie (RGPD)"},"content":{"rendered":"<p align=\"center\"><img decoding=\"async\" src=\"https:\/\/www.aaaseedz.com\/wp-content\/uploads\/2024\/04\/Logo-AAASeedz-01.png\" \/><\/p>\n<p align=\"center\"><strong>CHARTA ZUM SCHUTZ PERS\u00d6NLICHER DATEN<\/strong><br \/>\n<span style=\"font-size: small;\"><em>Gem\u00e4\u00df der Europ\u00e4ischen Verordnung 2016\/679 vom 27. April 2016 (RGPD)<\/em><\/span><\/p>\n<p align=\"justify\">Diese Datenschutzerkl\u00e4rung (im Folgenden: die \"Erkl\u00e4rung\") beschreibt die Verpflichtung der AAASeedz-Website, die von Damien B. als Datenverantwortlicher in Bezug auf die Privatsph\u00e4re und den Schutz der pers\u00f6nlichen Daten ihrer Nutzer herausgegeben wird. Diese Charta wurde erstellt, damit Sie sich \u00fcber die Praktiken und Bedingungen informieren k\u00f6nnen, unter denen AAASeedz Ihre personenbezogenen Daten (im Folgenden: \"Daten\") sammelt, verwendet und speichert. Sie finden hier eine Beschreibung der verschiedenen Daten, die wir m\u00f6glicherweise sammeln und verarbeiten oder die Sie uns \u00fcbermitteln, wenn Sie auf die Website www.aaaseedz.com, auf der unsere Produkte verkauft werden, zugreifen und\/oder diese nutzen. Der Begriff \"Website\" bezieht sich nur auf die Website www.aaaseedz.com.<\/p>\n<p align=\"justify\">Angesichts der st\u00e4ndigen Weiterentwicklung der Gesetze und Verordnungen im Bereich der Technologie und des Schutzes personenbezogener Daten ist es wahrscheinlich, dass diese Charta aktualisiert wird. Wenn Sie Nutzer der Website sind, werden Sie per E-Mail \u00fcber m\u00f6gliche \u00c4nderungen informiert. Sollte eine der Klauseln dieser Charta f\u00fcr ung\u00fcltig erkl\u00e4rt werden oder gegen die Vorschriften versto\u00dfen, gilt sie als nicht geschrieben, hat aber nicht die Ung\u00fcltigkeit der \u00fcbrigen Klauseln dieser Charta zur Folge.<\/p>\n<p align=\"justify\">Diese Charta gilt f\u00fcr die gesammelten Daten :<\/p>\n<p>- Durch einfaches Surfen auf der Website<br \/>\n- \u00dcber E-Mails oder andere Nachrichten, die zwischen AAASeedz und Ihnen ausgetauscht werden<br \/>\n- Wenn Sie ein Benutzerkonto auf der Website einrichten<br \/>\n- Wenn Sie auf der Website eine Bestellung aufgeben<br \/>\n- Wenn Sie sich f\u00fcr den Newsletter (der \"Newsletter\") anmelden<\/p>\n<p align=\"justify\">Sie gilt nicht f\u00fcr Informationen, die von Dritten oder \u00fcber Websites, die von Dritten betrieben werden, gesammelt werden, einschlie\u00dflich Anwendungen oder Inhalte (einschlie\u00dflich Werbung), die den Nutzer auf die Website weiterleiten. Wir bitten Sie, die Datenschutzrichtlinie sorgf\u00e4ltig zu lesen und weisen Sie darauf hin, dass Sie diese Richtlinie akzeptieren, wenn Sie auf unserer Website surfen. Wenn Sie diese nicht akzeptieren, bitten wir Sie, unsere Website zu verlassen. Es liegt in Ihrer Verantwortung, die \u00dcbereinstimmung der an AAASeedz \u00fcbermittelten Daten zu \u00fcberpr\u00fcfen. Gegebenenfalls haben Sie die M\u00f6glichkeit, Ihre Daten in Ihrem \"Mein Konto\"-Bereich zu korrigieren und zu aktualisieren.<\/p>\n<p><strong>1. Welche Daten werden von AAASeedz gesammelt?<\/strong><\/p>\n<p align=\"justify\">Je nach Art und Zweck Ihrer Interaktion mit AAASeedz (Einrichtung eines Benutzerkontos, Anmeldung zum Newsletter, Ausf\u00fcllen von Kontaktformularen sowie bei eventuellen Telefonaten) k\u00f6nnen wir die folgenden Daten sammeln:<\/p>\n<p align=\"justify\">Ihre E-Mail-Adresse wird notwendigerweise abgefragt, wenn Sie ein Benutzerkonto einrichten, mit uns \u00fcber Kontaktformulare kommunizieren und\/oder unseren Newsletter erhalten m\u00f6chten.<br \/>\nIdentit\u00e4tsbezogene Daten wie Name, Vorname, E-Mail-Adresse, Postanschrift und Telefonnummern k\u00f6nnen von Ihnen verlangt werden.<br \/>\nSurfdaten : Dies sind Daten dar\u00fcber, wie Sie die Website nutzen, einschlie\u00dflich IP-Adresse, verwendeter Browser, Surfdauer, Suchverlauf, verwendetes Betriebssystem, Sprache und aufgerufene Seiten.<br \/>\nDaten \u00fcber Ihre Besuche auf der Website, einschlie\u00dflich Verkehrsdaten, Protokolldateien und andere Daten oder Kommunikationsressourcen, die Sie beim Zugriff auf die Website verwenden<br \/>\nBestelldaten : Ihre Postanschrift ist f\u00fcr die Erstellung von Rechnungen erforderlich. Ebenso m\u00fcssen Ihre Bankdaten oder die Daten eines anderen Finanzpartners angegeben werden, um die Zahlung Ihrer Bestellung zu veranlassen.<br \/>\nDaten \u00fcber die Nutzung von sozialen Netzwerken, wenn Sie deren Funktionen nutzen.<\/p>\n<p><strong>2. Wie werden Ihre Daten gesammelt?<\/strong><\/p>\n<p align=\"justify\">Daten k\u00f6nnen auf der Website auf verschiedene Weise gesammelt werden. Daten k\u00f6nnen direkt gesammelt werden, wenn Sie uns diese \u00fcber die auf der Website verf\u00fcgbaren Formulare zur Kontaktaufnahme, zur Erstellung eines Benutzerkontos und zur Anmeldung f\u00fcr den Newsletter \u00fcbermitteln und\/oder wenn Sie uns telefonisch kontaktieren. Wenn Sie uns auf diesen verschiedenen Wegen kontaktieren, kann eine Kopie Ihrer Kommunikation mit AAASeedz, einschlie\u00dflich der E-Mail-Adressen, erstellt und archiviert werden. AAASeedz sammelt auch indirekt bestimmte Daten mithilfe von Cookies\/Trackern. Wir laden Sie ein, unsere Cookie-Richtlinie zu lesen, die Ihnen helfen soll, diese Technologien und ihre Verwendung auf der Website und im Zusammenhang mit unseren Dienstleistungen, Anwendungen und Tools besser zu verstehen.<\/p>\n<p><strong>3. Warum werden Ihre Daten gesammelt?<\/strong><\/p>\n<p align=\"justify\">Wenn Sie ein einfacher Nutzer sind, sammeln wir Ihre Daten zu folgenden Zwecken:<\/p>\n<p align=\"justify\">Ihnen unseren Newsletter und\/oder personalisierte kommerzielle Angebote zu senden, wenn Sie dem zugestimmt haben<br \/>\nBestellungen verwalten und den Vertrag ausf\u00fchren<br \/>\nGew\u00e4hrleistung der Sicherheit und R\u00fcckverfolgbarkeit der Eink\u00e4ufe des Standorts<br \/>\nIhnen Informationen \u00fcber Ihr Konto zu \u00fcbermitteln (einschlie\u00dflich Kaufrechnungen, Bestellhistorie)<br \/>\nIhre \u00fcber die Kontaktseite gestellten Anfragen verwalten<br \/>\nIhnen zu erm\u00f6glichen, eine Bewertung zu den Produkten und\/oder der Website abzugeben<br \/>\nSie \u00fcber \u00c4nderungen an der Website oder unserem Produkt- und Dienstleistungsangebot zu informieren<br \/>\nEinhaltung unserer Rechte und Pflichten, die in den mit den Nutzern geschlossenen Vertr\u00e4gen festgelegt sind, sowie zu anderen gesetzlichen Zwecken.<\/p>\n<p align=\"justify\">Wir k\u00f6nnen auch Cookies oder Tracker verwenden :<\/p>\n<p align=\"justify\">Um Ihre Navigation zu sichern und Ihre Benutzererfahrung zu verbessern, insbesondere durch Erkennung des Benutzernamens und des Passworts, die Sie bereits angegeben haben, damit Sie diese nicht auf jeder Seite der Website, auf der sie verlangt werden, neu eingeben m\u00fcssen. Wenn Sie diese nicht eingeben, k\u00f6nnen Sie auf der Website keine Bestellungen aufgeben (keine Identifizierung m\u00f6glich). Analyse des Datenverkehrs und der Daten auf der Website, um die Anzahl der Nutzer der Website zu messen, die Website benutzerfreundlicher zu gestalten und sicherzustellen, dass die Website in der Lage ist, schnell auf Ihre Anfragen zu reagieren.<\/p>\n<p align=\"justify\">Die Weigerung, das oder die Formulare auf der Website korrekt auszuf\u00fcllen, kann den Zugang zu bestimmten Seiten blockieren, insbesondere zu Seiten, die die Bestellung von Produkten oder Dienstleistungen betreffen.<\/p>\n<p><strong>4. Wer verarbeitet Ihre Daten?<\/strong><\/p>\n<p align=\"justify\">Ihre Daten werden von den Angestellten und Mitarbeitern von AAASeedz verarbeitet, die mit folgenden Aufgaben betraut sind: Verwaltung der Website (Bestellungen und Versand), Verwaltung des Supports, um alle Ihre Fragen zu beantworten, Verwaltung der Rechnungsstellung.<\/p>\n<p align=\"justify\">Dar\u00fcber hinaus k\u00f6nnen Ihre Daten im Rahmen unserer Gesch\u00e4ftst\u00e4tigkeit und f\u00fcr die Zwecke der Verarbeitung an Subunternehmer, Dienstleister oder andere Dritte weitergegeben werden, insbesondere an: E-Mail-Dienstleister, Transportunternehmen (La Poste, Colissimo, ...), Buchhaltungsdienste, Steuerbeh\u00f6rden, Google Analytics. Jeder dieser Akteure h\u00e4lt sich an eine Vertraulichkeitsverpflichtung bez\u00fcglich der Nutzung und Verarbeitung personenbezogener Daten.<\/p>\n<p align=\"justify\">Um die Zahlung zu verwalten und die Erfahrung seiner Nutzer zu erleichtern, bietet AAASeedz die folgenden Zahlungsmethoden an, um K\u00e4ufe auf der Seite zu t\u00e4tigen: Online-Zahlung per Kreditkarte (Carte Bleue, Carte Visa, Eurocard \/ Mastercard). AAASeedz hat keinen Zugang zu Ihren Zugangsdaten und Kreditkartennummern. Alle Transaktionen werden mithilfe einer SSL-Verschl\u00fcsselung gesichert, die Ihnen sowohl die Identit\u00e4t des Zahlungsdienstleisters als auch die Vertraulichkeit der Daten garantiert.<\/p>\n<p align=\"justify\">F\u00fcr den Versand von Newslettern werden unsere E-Mail-Kampagnen von AAASeedz verwaltet.<\/p>\n<p align=\"justify\">Alle oben genannten Subunternehmer, Dienstleister, Partner oder andere Dritte sind vertraglich verpflichtet, die Vertraulichkeit und den Schutz der Daten zu wahren und sie nur zu den Zwecken zu verarbeiten, zu denen wir sie an sie weitergeben.<\/p>\n<p align=\"justify\">Ihre Daten k\u00f6nnen im Falle einer Fusion, Ver\u00e4u\u00dferung, Umstrukturierung, Reorganisation, Aufl\u00f6sung oder eines anderen Verkaufs oder Transfers eines Teils oder der Gesamtheit der Verm\u00f6genswerte von AAASeedz aufgrund von Unsicherheiten oder Konkurs, Liquidation oder anderen Prozessen, in deren Rahmen die Daten der Nutzer von AAASeedz zu den ver\u00e4u\u00dferten Verm\u00f6genswerten geh\u00f6ren, an jeden K\u00e4ufer oder sonstigen Nachfolger weitergegeben werden.<\/p>\n<p align=\"justify\">Schlie\u00dflich k\u00f6nnen wir Ihre Daten auch offenlegen: um allen gesetzlich vorgeschriebenen Mandaten nachzukommen, einschlie\u00dflich staatlicher und beh\u00f6rdlicher Anfragen. Wenn wir der Meinung sind, dass die Offenlegung zum Schutz der Rechte, des Eigentums oder der Sicherheit von AAASeedz, seiner Kunden oder anderer Interessengruppen notwendig oder erforderlich ist. Eine solche m\u00f6gliche Offenlegung schlie\u00dft den Austausch von Informationen mit anderen Unternehmen und Organisationen zum Schutz vor Betrug und F\u00e4lschungen ein.<\/p>\n<p align=\"justify\">Die Website kann Links zu verschiedenen Websites und Plattformen f\u00fcr soziale Netzwerke enthalten, die auf Servern von Drittanbietern von Personen oder Organisationen betrieben werden, \u00fcber die AAASeedz keine Kontrolle hat. Aus diesem Grund k\u00f6nnen wir unter keinen Umst\u00e4nden f\u00fcr die Art und Weise verantwortlich gemacht werden, in der Ihre Daten auf den Servern dieser Dritten gespeichert oder verwendet werden. Wir empfehlen Ihnen, die anwendbaren Datenschutzrichtlinien jeder Website Dritter, auf die Sie \u00fcber die Website zugreifen, zu lesen, um zu beurteilen, wie Ihre Daten verwendet werden.<\/p>\n<p><strong>5. Wie lange werden Ihre Daten aufbewahrt?<\/strong><\/p>\n<p align=\"justify\">AAASeedz speichert Ihre Daten nur so lange, wie es f\u00fcr die in Artikel 3 dargelegten Zwecke erforderlich ist. Diese Aufbewahrungsdauer ist nicht f\u00fcr alle Daten gleich, da die Art und der Zweck der Sammlung diese Dauer variieren kann. Ebenso schreiben bestimmte gesetzliche Verpflichtungen eine spezifische Aufbewahrungsdauer vor.<br \/>\nWenn Sie sich f\u00fcr den Newsletter angemeldet haben, speichern wir Ihre E-Mail-Adresse, bis Sie sich abmelden.<\/p>\n<p align=\"justify\">Wenn Sie AAASeedz \u00fcber das Kontaktformular kontaktieren oder telefonisch mit uns kommunizieren, k\u00f6nnen Ihre Daten aufbewahrt werden: bis zu einem (1) Jahr ab dem letzten Kontakt, wenn Sie kein Kundenkonto haben oder keine Bestellung auf der Seite get\u00e4tigt haben. Bis zu zehn (10) Jahre (gesetzliche Frist) ab der letzten Bestellung, die Sie auf der Website get\u00e4tigt haben, wenn sich die Informationen auf diese Bestellung beziehen. In allen anderen F\u00e4llen darf die Dauer der Aufbewahrung dieser ausgetauschten Daten ein (1) Jahr nicht \u00fcberschreiten.<\/p>\n<p align=\"justify\">In Bezug auf Ihr Nutzerkonto werden alle Ihre Rechnungsdaten f\u00fcr zehn (10) Jahre ab dem Kaufdatum aufbewahrt, selbst wenn Sie einen Antrag auf Deaktivierung Ihres Nutzerkontos gestellt haben.<\/p>\n<p align=\"justify\">Wenn Sie die L\u00f6schung Ihrer personenbezogenen Daten beantragen, wird Ihr Benutzerkonto auf der Website deaktiviert und anonymisiert und nach Ablauf der oben genannten Fristen ab dem Tag, an dem Sie den Antrag gestellt haben, vollst\u00e4ndig gel\u00f6scht. Was schlie\u00dflich die mithilfe von Cookies oder Trackern gesammelten Daten betrifft, so werden diese bis zu sechs (6) Monate lang f\u00fcr Cookies oder Tracker, die die Besucherzahlen messen, und bis zu dreizehn (13) Monate lang f\u00fcr die anderen gespeichert. Nach Ablauf der oben genannten Aufbewahrungsfristen werden Ihre Daten anonymisiert und ausschlie\u00dflich zu statistischen Zwecken aufbewahrt.<\/p>\n<p><strong>6. Wie werden Ihre Daten gesch\u00fctzt?<\/strong><\/p>\n<p align=\"justify\">Ihre Daten werden auf einem sicheren Server gespeichert, der durch eine Firewall und Antivirenprogramme gesch\u00fctzt ist. Wir haben technische und organisatorische Ma\u00dfnahmen ergriffen, um die Sicherheit und Vertraulichkeit Ihrer Daten vor versehentlichem Verlust sowie vor unbefugtem Zugriff, unbefugter Nutzung, Ver\u00e4nderung und Offenlegung zu gew\u00e4hrleisten. Aufgrund der Besonderheiten des Internets ist es uns jedoch nicht m\u00f6glich, die optimale Sicherheit des Informationsaustauschs \u00fcber dieses Netzwerk zu gew\u00e4hrleisten. Wir bem\u00fchen uns, Ihre Daten zu sch\u00fctzen, k\u00f6nnen jedoch nicht die absolute Sicherheit der an die Website \u00fcbertragenen Informationen garantieren. Sie erkl\u00e4ren sich damit einverstanden, dass Sie Ihre Daten auf eigenes Risiko \u00fcbermitteln. Wir k\u00f6nnen nicht f\u00fcr die Nichteinhaltung der Datenschutzeinstellungen oder der Sicherheitsma\u00dfnahmen auf der Website verantwortlich gemacht werden.  In diesem Zusammenhang erkl\u00e4ren Sie sich damit einverstanden, dass die Sicherheit Ihrer Daten auch in Ihrer Verantwortung liegt. So sind Sie beispielsweise daf\u00fcr verantwortlich, Ihr Passwort f\u00fcr den Zugang zu Ihrem Benutzerkonto geheim zu halten. Sie d\u00fcrfen es nicht an Dritte weitergeben. Seien Sie auch vorsichtig, wenn Sie Informationen in den \u00f6ffentlichen Bereichen der Website offenlegen, da diese von jedem Nutzer der Website eingesehen werden k\u00f6nnen.<\/p>\n<p><strong>7. Welche Rechte haben Sie?<\/strong><\/p>\n<p align=\"justify\">Sie k\u00f6nnen w\u00e4hlen, wie die Daten, die Sie uns \u00fcbermitteln, verwendet werden :<\/p>\n<p align=\"justify\">Sie k\u00f6nnen auf der Website navigieren, ohne Daten anzugeben. In diesem Fall k\u00f6nnen Sie bestimmte Funktionen der Website nicht nutzen und insbesondere keine K\u00e4ufe (wenn Sie ein einfacher Nutzer sind) und\/oder Downloads auf der Website t\u00e4tigen. Sie k\u00f6nnen sich weigern, Ihre Bankdaten und\/oder Ihre Postanschrift anzugeben.  In diesem Fall k\u00f6nnen Sie keine K\u00e4ufe auf der Website t\u00e4tigen. Sie k\u00f6nnen den Newsletter und unsere personalisierten Angebote abbestellen, indem Sie sich in Ihr Benutzerkonto auf der Website einloggen oder auf den Link in der E-Mail klicken, die Ihnen zugesandt wird.<\/p>\n<p align=\"justify\">In jedem Fall haben Sie jederzeit die M\u00f6glichkeit, auf Ihr Benutzerkonto zuzugreifen, um Ihre Daten einzusehen oder zu aktualisieren und sich von unserem Newsletter abzumelden, falls Sie diesen abonniert hatten. Gem\u00e4\u00df den Bestimmungen der geltenden Vorschriften zum Schutz personenbezogener Daten, insbesondere der Europ\u00e4ischen Datenschutzverordnung 2016\/679 (die \"DSGVO\") sowie des Gesetzes vom 6. Januar 1978 Nr. 78-17 \"Informatique et Libert\u00e9s\" und seiner \u00c4nderungen, haben Sie ein Recht auf Zugang zu Ihren Daten und ein Recht auf Berichtigung dieser Daten. Dar\u00fcber hinaus haben Sie, vorbehaltlich der Bedingungen, die in den genannten Vorschriften f\u00fcr die Aus\u00fcbung dieser Rechte vorgesehen sind, Anspruch auf :<\/p>\n<p align=\"justify\">Ein Recht auf L\u00f6schung Ihrer Daten (ausgenommen Buchhaltungsdaten, die nach franz\u00f6sischem Recht zehn Jahre lang aufbewahrt werden m\u00fcssen - Artikel L123-22 des Handelsgesetzbuchs)<br \/>\nEin Recht auf Einschr\u00e4nkung der Verarbeitung Ihrer Daten<br \/>\nEin Recht auf Widerspruch gegen die Verarbeitung Ihrer Daten aus legitimen Gr\u00fcnden gem\u00e4\u00df Artikel 21 DSGVO.<br \/>\nEin Recht auf \u00dcbertragbarkeit der von Ihnen bereitgestellten Daten (bei automatisierten Verarbeitungen, die auf der Einwilligung oder der Erf\u00fcllung eines Vertrags beruhen)<br \/>\nDas Recht auf Widerruf der Einwilligung, wenn Sie um eine solche gebeten wurden. Wenn die Verarbeitung Ihrer Daten auf der Grundlage Ihrer Einwilligung erfolgt, k\u00f6nnen Sie diese jederzeit widerrufen.<\/p>\n<p align=\"justify\">Sie erkennen jedoch an, dass die Verarbeitungen, die vor dem Widerruf Ihrer Zustimmung durchgef\u00fchrt wurden, weiterhin voll g\u00fcltig sind. Sie haben auch das Recht, ohne Grund zu widersprechen, dass AAASeedz eine Analyse Ihrer Daten durchf\u00fchrt, um diese f\u00fcr Marketingzwecke weiterzugeben. Gem\u00e4\u00df Artikel 12.6 der RGPD beh\u00e4lt sich AAASeedz als Verantwortlicher f\u00fcr diese Verarbeitung jedoch das Recht vor, zur Aus\u00fcbung dieser Rechte von Ihnen einen Nachweis Ihrer Identit\u00e4t zu verlangen. Wir weisen Sie darauf hin, dass die Daten, mit denen Sie Ihre Identit\u00e4t nachweisen k\u00f6nnen, gel\u00f6scht werden, sobald wir Ihre Anfrage beantwortet haben. Sie k\u00f6nnen diese Rechte aus\u00fcben, indem Sie eine E-Mail in deutscher Sprache an die folgende Adresse senden: contact@aaaseedz.com.<\/p>\n<p align=\"justify\">Wir haben einen Monat Zeit, um auf jede Anfrage bez\u00fcglich der Aus\u00fcbung Ihrer Rechte zu antworten. Diese Frist kann aufgrund der Komplexit\u00e4t oder einer zu gro\u00dfen Anzahl von Anfragen um zwei Monate verl\u00e4ngert werden.<\/p>\n<p><strong>8. Was sind Cookies und wie verwalte ich sie?<\/strong><\/p>\n<p align=\"justify\">Ein Cookie ist eine kleine Textdatei, die \u00fcber Ihren Internetbrowser an Ihren Computer, Ihr Smartphone oder Ihren Tablet-PC gesendet und auf der Festplatte Ihres Endger\u00e4ts gespeichert wird, wenn Sie unsere Website besuchen. Cookies erm\u00f6glichen es AAASeedz w\u00e4hrend ihrer G\u00fcltigkeitsdauer, Sie jedes Mal wiederzuerkennen, wenn Sie auf unsere Seite zugreifen.<\/p>\n<p align=\"justify\">Die G\u00fcltigkeits- und Speicherdauer von Cookies ist je nach Art des Cookies unterschiedlich. Cookies k\u00f6nnen tempor\u00e4r (Sitzungscookies) oder dauerhaft sein. Sitzungscookies sind nur f\u00fcr die Dauer Ihres Besuchs aktiv und werden gel\u00f6scht, wenn Sie den Browser schlie\u00dfen. Permanente Cookies verbleiben auf der Festplatte Ihres Endger\u00e4ts, wenn Sie die Website verlassen, und bleiben dort, bis Sie sie manuell l\u00f6schen oder der Browser sie nach einer bestimmten Zeit bereinigt.<\/p>\n<p align=\"justify\">Ein Cookie speichert anonyme Informationen \u00fcber die Navigation Ihres Endger\u00e4ts auf unserer Website (aufgerufene Seiten, Datum und Uhrzeit des Zugriffs, Internetanbieter, Betriebssystem), die w\u00e4hrend der gesamten G\u00fcltigkeitsdauer des Cookies gelesen und nur zu statistischen Zwecken verwendet werden k\u00f6nnen.<\/p>\n<p align=\"justify\">AAASeedz kann die in den Cookies enthaltenen Informationen \u00fcber Ihren Besuch verarbeiten, um den Inhalt unserer Website zu verbessern, Seiten der Website zu identifizieren, die gewartet werden m\u00fcssen, die Art des Nutzerverhaltens zu analysieren und um Ihr Surferlebnis zu optimieren. Sie erleichtern Ihnen die Navigation auf der Website und verbessern ihre Benutzerfreundlichkeit.<\/p>\n<p align=\"justify\">AAASeedz verwendet Cookies f\u00fcr die Leistungsanalyse, um die Leistung seiner Websites zu \u00fcberwachen, z. B. um festzustellen, wie oft eine Seite aufgerufen wird und wie viele eindeutige Nutzer es auf seiner Website gibt. Webanalysedienste k\u00f6nnen von Dritten entwickelt und betrieben werden.<\/p>\n<p align=\"justify\">AAASeedz verwendet L\u00f6sungen von Drittanbietern (einschlie\u00dflich Google Analytics), um mithilfe dieser Cookies Informationen \u00fcber die Besucher der Website zu sammeln. Diese Informationen k\u00f6nnen von den Anbietern dieser L\u00f6sungen verwendet werden.<\/p>\n<p align=\"justify\">Als Nutzer werden Sie dar\u00fcber informiert, dass Cookies verwendet werden, wenn Sie sich auf der Website anmelden, und Sie k\u00f6nnen die Speicherung von Cookies verhindern, indem Sie die Einstellungen Ihres Browsers konfigurieren. Gegebenenfalls werden Sie dar\u00fcber informiert, dass der Zugang zu bestimmten Inhalten oder Funktionen der Website verschlechtert oder unm\u00f6glich gemacht wird. In diesen F\u00e4llen lehnt AAASeedz jede Haftung f\u00fcr die Folgen ab, die mit dem beeintr\u00e4chtigten Funktionieren unserer Website und ihrer angebotenen Dienste verbunden sind.<\/p>\n<p align=\"justify\">Die meisten Browser sind so eingestellt, dass sie die auf unseren Websites verwendeten Cookies akzeptieren. Sie k\u00f6nnen diese Einstellungen jedoch so anpassen, dass Cookies deaktiviert werden. Unter den folgenden Links finden Sie Erkl\u00e4rungen dazu, wie Sie die Cookie-Einstellungen Ihres Browsers anpassen k\u00f6nnen :<\/p>\n<p align=\"justify\">- Firefox : Klicke <a href=\"https:\/\/support.mozilla.org\/de\/kb\/cookies-und-website-daten-in-firefox-loschen\" target=\"blank\" rel=\"noopener\">HIER<\/a><br \/>\n\u2013 Internet Explorer\u00a0: Klicke <a href=\"https:\/\/support.microsoft.com\/de-de\/windows\/lschen-und-verwalten-von-cookies-168dab11-0753-043d-7c16-ede5947fc64d\" target=\"blank\" rel=\"noopener\">HIER<\/a><br \/>\n\u2013 Google Chrome\u00a0: Klicke <a href=\"https:\/\/support.google.com\/chrome\/answer\/95647?hl=de&amp;co=GENIE.PlatformDesktop\" target=\"blank\" rel=\"noopener\">HIER<\/a><br \/>\n\u2013 Opera\u00a0: Klicke <a href=\"https:\/\/blogs.opera.com\/germany\/2023\/08\/cookies-loeschen\/\" target=\"blank\" rel=\"noopener\">HIER<\/a><br \/>\n\u2013 Safari (iOS)\u00a0: Klicke <a href=\"https:\/\/support.apple.com\/de-de\/105082\" target=\"blank\" rel=\"noopener\">HIER<\/a><\/p>\n<p align=\"justify\">Wenn Sie Cookies deaktivieren, sollten Sie jedoch bedenken, dass einige grafische Elemente m\u00f6glicherweise nicht richtig angezeigt werden oder Sie bestimmte Anwendungen nicht nutzen k\u00f6nnen.<\/p>\n<p align=\"justify\">Wenn Sie auf die Symbole f\u00fcr soziale Netzwerke (Twitter, Facebook, Instagram, Youtube ...) auf der Website klicken und wenn Sie die Hinterlegung von Cookies akzeptiert haben, indem Sie Ihre Navigation fortsetzen, k\u00f6nnen diese sozialen Netzwerke ebenfalls Cookies auf Ihrem Endger\u00e4t hinterlegen.<\/p>\n<p align=\"justify\">Informationen \u00fcber Ihre Zustimmung zu Cookies, die f\u00fcr einen Zeitraum von bis zu 13 Monaten gespeichert werden.<\/p>\n<p><strong>9. Speicherung der von AAASeedz gesammelten Daten<\/strong><\/p>\n<p align=\"justify\">Die im Rahmen der Nutzung der Website erhobenen Daten werden ausschlie\u00dflich auf einem Server in Frankreich gespeichert, der von der Firma IONOS 7 place de la garre 57200 Sarreguemines gehostet wird.<\/p>\n<p align=\"right\"><em><span style=\"font-size: small;\"> Letzte Aktualisierung: 30\/04\/2024<\/span><\/em><\/p>","protected":false},"excerpt":{"rendered":"<p>CHARTA ZUM SCHUTZ PERS\u00d6NLICHER DATEN Gem\u00e4\u00df der Europ\u00e4ischen Verordnung 2016\/679 vom 27. April 2016 (DSGVO) Diese Charta zum Schutz personenbezogener Daten<\/p>","protected":false},"author":1,"featured_media":0,"parent":0,"menu_order":0,"comment_status":"closed","ping_status":"open","template":"","meta":{"footnotes":""},"class_list":["post-3","page","type-page","status-publish","hentry"],"jetpack_sharing_enabled":true,"_links":{"self":[{"href":"https:\/\/www.aaaseedz.com\/de\/wp-json\/wp\/v2\/pages\/3","targetHints":{"allow":["GET"]}}],"collection":[{"href":"https:\/\/www.aaaseedz.com\/de\/wp-json\/wp\/v2\/pages"}],"about":[{"href":"https:\/\/www.aaaseedz.com\/de\/wp-json\/wp\/v2\/types\/page"}],"author":[{"embeddable":true,"href":"https:\/\/www.aaaseedz.com\/de\/wp-json\/wp\/v2\/users\/1"}],"replies":[{"embeddable":true,"href":"https:\/\/www.aaaseedz.com\/de\/wp-json\/wp\/v2\/comments?post=3"}],"version-history":[{"count":0,"href":"https:\/\/www.aaaseedz.com\/de\/wp-json\/wp\/v2\/pages\/3\/revisions"}],"wp:attachment":[{"href":"https:\/\/www.aaaseedz.com\/de\/wp-json\/wp\/v2\/media?parent=3"}],"curies":[{"name":"wp","href":"https:\/\/api.w.org\/{rel}","templated":true}]}}