{"id":10401,"date":"2024-05-03T15:05:29","date_gmt":"2024-05-03T13:05:29","guid":{"rendered":"https:\/\/www.aaaseedz.com\/?post_type=product&#038;p=10401"},"modified":"2025-06-10T16:11:44","modified_gmt":"2025-06-10T14:11:44","slug":"global-genetics-blue-runtz","status":"publish","type":"product","link":"https:\/\/www.aaaseedz.com\/de\/produit\/global-genetics-blue-runtz\/","title":{"rendered":"Blue Runtz - Global Genetics"},"content":{"rendered":"<p><strong>Feminisierte Samen<\/strong><br \/>\n<strong>Paket<\/strong> : 6 Samen<br \/>\n<strong>Breeder<\/strong> : Global Genetics<br \/>\n<strong>Name<\/strong> : Blue Runtz<br \/>\n<strong>Kreuzung<\/strong> : Blue Sherb x Runtz<\/p>\n<p><em>Warnhinweis: Der Besitz und das Sammeln von Samen ist in Frankreich erlaubt. Diese Samen d\u00fcrfen nicht f\u00fcr andere Zwecke verwendet werden als die, die nach dem Recht Ihres Landes zul\u00e4ssig sind. Das Keimen und der Verkauf an Minderj\u00e4hrige sind strengstens untersagt. AAASeedz kann nicht haftbar gemacht werden, wenn die Gesetze des Landes, in dem Sie leben, nicht eingehalten werden.<\/em><\/p>","protected":false},"excerpt":{"rendered":"<p>Graines F\u00e9minis\u00e9es Pack : 6 graines Breeder : Global Genetics Nom : Blue Runtz Croisement : Blue Sherb x Runtz<\/p>","protected":false},"featured_media":10785,"template":"","meta":[],"product_brand":[],"product_cat":[70],"product_tag":[91,92,77,73,403,76,402],"class_list":{"0":"post-10401","1":"product","2":"type-product","3":"status-publish","4":"has-post-thumbnail","6":"product_cat-feminisees","7":"product_tag-blue-runtz","8":"product_tag-blue-sherb","9":"product_tag-feminisee","10":"product_tag-global-genetics","11":"product_tag-nine-weeks","12":"product_tag-runtz","13":"product_tag-sherbmoney","15":"first","16":"instock","17":"shipping-taxable","18":"purchasable","19":"product-type-simple"},"jetpack_sharing_enabled":true,"_links":{"self":[{"href":"https:\/\/www.aaaseedz.com\/de\/wp-json\/wp\/v2\/product\/10401","targetHints":{"allow":["GET"]}}],"collection":[{"href":"https:\/\/www.aaaseedz.com\/de\/wp-json\/wp\/v2\/product"}],"about":[{"href":"https:\/\/www.aaaseedz.com\/de\/wp-json\/wp\/v2\/types\/product"}],"wp:featuredmedia":[{"embeddable":true,"href":"https:\/\/www.aaaseedz.com\/de\/wp-json\/wp\/v2\/media\/10785"}],"wp:attachment":[{"href":"https:\/\/www.aaaseedz.com\/de\/wp-json\/wp\/v2\/media?parent=10401"}],"wp:term":[{"taxonomy":"product_brand","embeddable":true,"href":"https:\/\/www.aaaseedz.com\/de\/wp-json\/wp\/v2\/product_brand?post=10401"},{"taxonomy":"product_cat","embeddable":true,"href":"https:\/\/www.aaaseedz.com\/de\/wp-json\/wp\/v2\/product_cat?post=10401"},{"taxonomy":"product_tag","embeddable":true,"href":"https:\/\/www.aaaseedz.com\/de\/wp-json\/wp\/v2\/product_tag?post=10401"}],"curies":[{"name":"wp","href":"https:\/\/api.w.org\/{rel}","templated":true}]}}