{"id":10403,"date":"2024-05-03T15:13:33","date_gmt":"2024-05-03T13:13:33","guid":{"rendered":"https:\/\/www.aaaseedz.com\/?post_type=product&#038;p=10403"},"modified":"2025-06-11T17:10:48","modified_gmt":"2025-06-11T15:10:48","slug":"global-genetics-tropical-gross","status":"publish","type":"product","link":"https:\/\/www.aaaseedz.com\/de\/produit\/global-genetics-tropical-gross\/","title":{"rendered":"Tropical Gross - Global Genetics"},"content":{"rendered":"<p><strong>Feminisierte Samen<\/strong><br \/>\n<strong>Paket<\/strong> : 6 Samen<br \/>\n<strong>Breeder<\/strong> : Global Genetics<br \/>\n<strong>Name<\/strong> : Tropical Gross<br \/>\n<strong>Kreuzung<\/strong> : KMZ x Gross<\/p>\n<p><em>Warnhinweis: Der Besitz und das Sammeln von Samen ist in Frankreich erlaubt. Diese Samen d\u00fcrfen nicht f\u00fcr andere Zwecke verwendet werden als die, die nach dem Recht Ihres Landes zul\u00e4ssig sind. Das Keimen und der Verkauf an Minderj\u00e4hrige sind strengstens untersagt. AAASeedz kann nicht haftbar gemacht werden, wenn die Gesetze des Landes, in dem Sie leben, nicht eingehalten werden.<\/em><\/p>","protected":false},"excerpt":{"rendered":"<p>Graines F\u00e9minis\u00e9es Pack : 6 graines Breeder : Global Genetics Nom : Tropical Gross Croisement : KMZ x Gross Avertissement<\/p>","protected":false},"featured_media":10803,"template":"","meta":[],"product_brand":[],"product_cat":[70],"product_tag":[77,73,85,96,106,95],"class_list":{"0":"post-10403","1":"product","2":"type-product","3":"status-publish","4":"has-post-thumbnail","6":"product_cat-feminisees","7":"product_tag-feminisee","8":"product_tag-global-genetics","9":"product_tag-gross","10":"product_tag-kmz","11":"product_tag-terphogz","12":"product_tag-tropical-gross","14":"first","15":"instock","16":"shipping-taxable","17":"purchasable","18":"product-type-simple"},"jetpack_sharing_enabled":true,"_links":{"self":[{"href":"https:\/\/www.aaaseedz.com\/de\/wp-json\/wp\/v2\/product\/10403","targetHints":{"allow":["GET"]}}],"collection":[{"href":"https:\/\/www.aaaseedz.com\/de\/wp-json\/wp\/v2\/product"}],"about":[{"href":"https:\/\/www.aaaseedz.com\/de\/wp-json\/wp\/v2\/types\/product"}],"wp:featuredmedia":[{"embeddable":true,"href":"https:\/\/www.aaaseedz.com\/de\/wp-json\/wp\/v2\/media\/10803"}],"wp:attachment":[{"href":"https:\/\/www.aaaseedz.com\/de\/wp-json\/wp\/v2\/media?parent=10403"}],"wp:term":[{"taxonomy":"product_brand","embeddable":true,"href":"https:\/\/www.aaaseedz.com\/de\/wp-json\/wp\/v2\/product_brand?post=10403"},{"taxonomy":"product_cat","embeddable":true,"href":"https:\/\/www.aaaseedz.com\/de\/wp-json\/wp\/v2\/product_cat?post=10403"},{"taxonomy":"product_tag","embeddable":true,"href":"https:\/\/www.aaaseedz.com\/de\/wp-json\/wp\/v2\/product_tag?post=10403"}],"curies":[{"name":"wp","href":"https:\/\/api.w.org\/{rel}","templated":true}]}}