{"id":10471,"date":"2024-05-04T19:26:00","date_gmt":"2024-05-04T17:26:00","guid":{"rendered":"https:\/\/www.aaaseedz.com\/?post_type=product&#038;p=10471"},"modified":"2025-06-11T16:36:58","modified_gmt":"2025-06-11T14:36:58","slug":"terphogz-x-hella-seed-co-platan-con-gas","status":"publish","type":"product","link":"https:\/\/www.aaaseedz.com\/de\/produit\/terphogz-x-hella-seed-co-platan-con-gas\/","title":{"rendered":"Platan Con Gas - Terphogz x Hella Seed Co"},"content":{"rendered":"<p><strong>Regul\u00e4re Samen<\/strong><br \/>\n<strong>Paket<\/strong> : 10 Samen<br \/>\n<strong>Breeder<\/strong> : Terphogz x Hella Seed Co<br \/>\n<strong>Name<\/strong> : Platan Con Gas<br \/>\n<strong>Kreuzung<\/strong> : (Double OG x Chem) x Zanana<\/p>\n<p><em>Warnhinweis: Der Besitz und das Sammeln von Samen ist in Frankreich erlaubt. Diese Samen d\u00fcrfen nicht f\u00fcr andere Zwecke verwendet werden als die, die nach dem Recht Ihres Landes zul\u00e4ssig sind. Das Keimen und der Verkauf an Minderj\u00e4hrige sind strengstens untersagt. AAASeedz kann nicht haftbar gemacht werden, wenn die Gesetze des Landes, in dem Sie leben, nicht eingehalten werden.<\/em><\/p>","protected":false},"excerpt":{"rendered":"<p>Graines R\u00e9guli\u00e8res Pack : 10 graines Breeder : Terphogz x Hella Seed Co Nom : Platan Con Gas Croisement :<\/p>","protected":false},"featured_media":10914,"template":"","meta":[],"product_brand":[],"product_cat":[71],"product_tag":[207,206,195,205,109,106,198],"class_list":{"0":"post-10471","1":"product","2":"type-product","3":"status-publish","4":"has-post-thumbnail","6":"product_cat-regulieres","7":"product_tag-chem","8":"product_tag-double-og","9":"product_tag-hella-seed-co","10":"product_tag-platan-con-gas","11":"product_tag-regulieres","12":"product_tag-terphogz","13":"product_tag-zanana","15":"first","16":"instock","17":"shipping-taxable","18":"purchasable","19":"product-type-simple"},"jetpack_sharing_enabled":true,"_links":{"self":[{"href":"https:\/\/www.aaaseedz.com\/de\/wp-json\/wp\/v2\/product\/10471","targetHints":{"allow":["GET"]}}],"collection":[{"href":"https:\/\/www.aaaseedz.com\/de\/wp-json\/wp\/v2\/product"}],"about":[{"href":"https:\/\/www.aaaseedz.com\/de\/wp-json\/wp\/v2\/types\/product"}],"wp:featuredmedia":[{"embeddable":true,"href":"https:\/\/www.aaaseedz.com\/de\/wp-json\/wp\/v2\/media\/10914"}],"wp:attachment":[{"href":"https:\/\/www.aaaseedz.com\/de\/wp-json\/wp\/v2\/media?parent=10471"}],"wp:term":[{"taxonomy":"product_brand","embeddable":true,"href":"https:\/\/www.aaaseedz.com\/de\/wp-json\/wp\/v2\/product_brand?post=10471"},{"taxonomy":"product_cat","embeddable":true,"href":"https:\/\/www.aaaseedz.com\/de\/wp-json\/wp\/v2\/product_cat?post=10471"},{"taxonomy":"product_tag","embeddable":true,"href":"https:\/\/www.aaaseedz.com\/de\/wp-json\/wp\/v2\/product_tag?post=10471"}],"curies":[{"name":"wp","href":"https:\/\/api.w.org\/{rel}","templated":true}]}}