{"id":10699,"date":"2024-05-05T00:39:05","date_gmt":"2024-05-04T22:39:05","guid":{"rendered":"https:\/\/www.aaaseedz.com\/?post_type=product&#038;p=10699"},"modified":"2025-06-11T16:44:42","modified_gmt":"2025-06-11T14:44:42","slug":"terphogz-x-kounter-kulture-skkrt-berry-zauva","status":"publish","type":"product","link":"https:\/\/www.aaaseedz.com\/de\/produit\/terphogz-x-kounter-kulture-skkrt-berry-zauva\/","title":{"rendered":"Skkrt Berry Zauva - Terphogz x Kounter Kulture"},"content":{"rendered":"<p><strong>Feminisierte Samen<\/strong><br \/>\n<strong>Paket<\/strong> : 10 Samen<br \/>\n<strong>Breeder<\/strong> : Terphogz x Kounter Kulture<br \/>\n<strong>Name<\/strong> : Skkrt Berry Zauva<br \/>\n<strong>Kreuzung<\/strong> : Sherbanger x Zuava<br \/>\n<strong>Ertrag<\/strong> : Mittel bis hoch<br \/>\n<strong>Genetik<\/strong> : Indica-dominierte Hybride<br \/>\n<strong>Indica \/ Sativa<\/strong> : 60\/40<br \/>\n<strong>Bl\u00fctezeit<\/strong> : 56-60 Tage<\/p>\n<p><em>Warnhinweis: Der Besitz und das Sammeln von Samen ist in Frankreich erlaubt. Diese Samen d\u00fcrfen nicht f\u00fcr andere Zwecke verwendet werden als die, die nach dem Recht Ihres Landes zul\u00e4ssig sind. Das Keimen und der Verkauf an Minderj\u00e4hrige sind strengstens untersagt. AAASeedz kann nicht haftbar gemacht werden, wenn die Gesetze des Landes, in dem Sie leben, nicht eingehalten werden.<\/em><\/p>","protected":false},"excerpt":{"rendered":"<p>Feminisierte Samen Packung: 10 Samen Breeder: Terphogz x Kounter Kulture Name: Skkrt Berry Zauva Kreuzung: Sherbanger<\/p>","protected":false},"featured_media":10944,"template":"","meta":[],"product_brand":[],"product_cat":[70],"product_tag":[77,209,252,251,106,210],"class_list":{"0":"post-10699","1":"product","2":"type-product","3":"status-publish","4":"has-post-thumbnail","6":"product_cat-feminisees","7":"product_tag-feminisee","8":"product_tag-kounter-kulture","9":"product_tag-sherbanger","10":"product_tag-skkrt-berry-zauva","11":"product_tag-terphogz","12":"product_tag-zuava","14":"first","15":"instock","16":"shipping-taxable","17":"purchasable","18":"product-type-simple"},"jetpack_sharing_enabled":true,"_links":{"self":[{"href":"https:\/\/www.aaaseedz.com\/de\/wp-json\/wp\/v2\/product\/10699","targetHints":{"allow":["GET"]}}],"collection":[{"href":"https:\/\/www.aaaseedz.com\/de\/wp-json\/wp\/v2\/product"}],"about":[{"href":"https:\/\/www.aaaseedz.com\/de\/wp-json\/wp\/v2\/types\/product"}],"wp:featuredmedia":[{"embeddable":true,"href":"https:\/\/www.aaaseedz.com\/de\/wp-json\/wp\/v2\/media\/10944"}],"wp:attachment":[{"href":"https:\/\/www.aaaseedz.com\/de\/wp-json\/wp\/v2\/media?parent=10699"}],"wp:term":[{"taxonomy":"product_brand","embeddable":true,"href":"https:\/\/www.aaaseedz.com\/de\/wp-json\/wp\/v2\/product_brand?post=10699"},{"taxonomy":"product_cat","embeddable":true,"href":"https:\/\/www.aaaseedz.com\/de\/wp-json\/wp\/v2\/product_cat?post=10699"},{"taxonomy":"product_tag","embeddable":true,"href":"https:\/\/www.aaaseedz.com\/de\/wp-json\/wp\/v2\/product_tag?post=10699"}],"curies":[{"name":"wp","href":"https:\/\/api.w.org\/{rel}","templated":true}]}}