{"id":10730,"date":"2024-05-05T16:01:08","date_gmt":"2024-05-05T14:01:08","guid":{"rendered":"https:\/\/www.aaaseedz.com\/?post_type=product&#038;p=10730"},"modified":"2025-06-11T16:29:31","modified_gmt":"2025-06-11T14:29:31","slug":"perfect-tree-loukoum","status":"publish","type":"product","link":"https:\/\/www.aaaseedz.com\/de\/produit\/perfect-tree-loukoum-2\/","title":{"rendered":"Loukoum - Perfect Tree"},"content":{"rendered":"<p>Machen Sie sich bereit, mit Loukoum von Perfect Tree, dem Star unter den Indica-dominanten Hybriden, in eine Welt bet\u00f6render Aromen einzutauchen, die Ihre Geschmacksknospen zum Tanzen bringen wird! Stellen Sie sich eine Kreuzung vor, die so komplex wie ein kulinarisches Meisterwerk ist, in der die blumigen Noten von Rosenbl\u00e4ttern mit einem Hauch von Gas, Sahne und Gelato verwoben sind. Wenn Sie auf der Suche nach intensiven Terpenen sind, die Sie in einen geheimen Garten entf\u00fchren, ist Loukoum die perfekte Wahl f\u00fcr Sie!<\/p>\n<p>Loukoum ist eine Mischung aus California Black Rose und Jet A, eine exquisite Hybride, die Sie mit Sicherheit begeistern wird. Mit einer Bl\u00fctezeit von 8 bis 9 Wochen ist diese Sorte nicht nur sch\u00f6n; sie ist auch gro\u00dfz\u00fcgig! Erwarten Sie hohe Ertr\u00e4ge, die Sie dazu bringen werden, Ihren Schatz zu teilen (oder auch nicht). Und lassen Sie uns \u00fcber den Geschmack sprechen: Er erinnert an Loukoum, die s\u00fc\u00dfe t\u00fcrkische K\u00f6stlichkeit, die auf der Zunge zergeht, und bietet Ihnen gleichzeitig eine beruhigende und entspannende Indica-Wirkung, die Ihren K\u00f6rper wie eine sanfte Sommerbrise umschmeichelt.<\/p>\n<p>Was Loukoum zu einer ganz besonderen Sorte macht, sind ihre absolut wundersch\u00f6nen Buds. Stellen Sie sich Bl\u00fcten vor, die zart mit gl\u00e4nzenden Trichomen geschm\u00fcckt sind und wie Sterne am Nachthimmel funkeln. Diese kleinen Wunder besitzen ein subtiles und einzigartiges Bouquet, das Sie zum Tr\u00e4umen bringen wird. Denken Sie an blumige Noten von Jasmin, Rosen und sogar an die exotische Essenz von Litschi - alles in einer faszinierenden Mischung, die harmonisch mit Gelato, Gas und Sahne tanzt. Es ist, als w\u00e4re jeder Zug eine Einladung zu einem Blumenball, auf dem sich die Aromen vermischen und verflechten.<\/p>\n<p>Die Loukoum-K\u00f6pfe hingegen strecken sich und werden zu \u00fcberdimensionalen Colas, die au\u00dfergew\u00f6hnliche Ertr\u00e4ge versprechen, die die Anbauer begeistern werden. Wenn Sie nicht nur ein einzigartiges Terpenprofil, sondern auch ein \u00fcberraschend entspannendes, aber nicht bet\u00e4ubendes Erlebnis suchen, ist Loukoum die Quintessenz dessen, was Sie sich w\u00fcnschen. Es ist wie eine warme Umarmung nach einem langen Tag, die Sie in ein Gef\u00fchl des Wohlbefindens einh\u00fcllt.<\/p>\n<p>Alles in allem ist Loukoum viel mehr als nur eine Cannabissorte; sie ist eine vollwertige sensorische Erfahrung. Ob Sie nun ein Kenner oder ein Neuling sind, diese Indica-dominierte Hybride wird Sie mit ihren blumigen Aromen und ihrer entspannenden Wirkung verzaubern. Machen Sie sich also bereit, jeden Zug zu genie\u00dfen und lassen Sie sich von Loukoum auf eine unvergessliche Blumenreise entf\u00fchren!<\/p>\n<p><strong>Feminisierte Samen<\/strong><br \/>\n<strong>Paket<\/strong> : 6+3 freebie Samen (LH2P) (9)<br \/>\n<strong>Breeder<\/strong> : Perfect Tree<br \/>\n<strong>Name<\/strong> : Loukoum<br \/>\n<strong>Kreuzung<\/strong> : California Black Roze x Jet A<br \/>\n<strong>Ertrag<\/strong> : Mittel bis hoch<br \/>\n<strong>Genetik<\/strong> : Indica-dominierte Hybride<br \/>\n<strong>Bl\u00fctezeit<\/strong> : 56-60 Tage<br \/>\n<strong>Geschmack<\/strong> : Loukoum<br \/>\n<strong>Erfahrung<\/strong> : Angenehm entspannender Indica-Effekt<\/p>\n<p><em>Warnhinweis: Der Besitz und das Sammeln von Samen ist in Frankreich erlaubt. Diese Samen d\u00fcrfen nicht f\u00fcr andere Zwecke verwendet werden als die, die nach dem Recht Ihres Landes zul\u00e4ssig sind. Das Keimen und der Verkauf an Minderj\u00e4hrige sind strengstens untersagt. AAASeedz kann nicht haftbar gemacht werden, wenn die Gesetze des Landes, in dem Sie leben, nicht eingehalten werden.<\/em><\/p>","protected":false},"excerpt":{"rendered":"<p>Pr\u00e9parez-vous \u00e0 plonger dans un monde de saveurs envo\u00fbtantes avec Loukoum de Perfect Tree, la star des hybrides \u00e0 dominance<\/p>","protected":false},"featured_media":12343,"template":"","meta":[],"product_brand":[],"product_cat":[70],"product_tag":[288,77,281,289,278],"class_list":{"0":"post-10730","1":"product","2":"type-product","3":"status-publish","4":"has-post-thumbnail","6":"product_cat-feminisees","7":"product_tag-california-black-roze","8":"product_tag-feminisee","9":"product_tag-jet-a","10":"product_tag-loukoum","11":"product_tag-perfect-tree","13":"first","14":"instock","15":"shipping-taxable","16":"purchasable","17":"product-type-simple"},"jetpack_sharing_enabled":true,"_links":{"self":[{"href":"https:\/\/www.aaaseedz.com\/de\/wp-json\/wp\/v2\/product\/10730","targetHints":{"allow":["GET"]}}],"collection":[{"href":"https:\/\/www.aaaseedz.com\/de\/wp-json\/wp\/v2\/product"}],"about":[{"href":"https:\/\/www.aaaseedz.com\/de\/wp-json\/wp\/v2\/types\/product"}],"wp:featuredmedia":[{"embeddable":true,"href":"https:\/\/www.aaaseedz.com\/de\/wp-json\/wp\/v2\/media\/12343"}],"wp:attachment":[{"href":"https:\/\/www.aaaseedz.com\/de\/wp-json\/wp\/v2\/media?parent=10730"}],"wp:term":[{"taxonomy":"product_brand","embeddable":true,"href":"https:\/\/www.aaaseedz.com\/de\/wp-json\/wp\/v2\/product_brand?post=10730"},{"taxonomy":"product_cat","embeddable":true,"href":"https:\/\/www.aaaseedz.com\/de\/wp-json\/wp\/v2\/product_cat?post=10730"},{"taxonomy":"product_tag","embeddable":true,"href":"https:\/\/www.aaaseedz.com\/de\/wp-json\/wp\/v2\/product_tag?post=10730"}],"curies":[{"name":"wp","href":"https:\/\/api.w.org\/{rel}","templated":true}]}}