{"id":10732,"date":"2024-05-05T16:04:25","date_gmt":"2024-05-05T14:04:25","guid":{"rendered":"https:\/\/www.aaaseedz.com\/?post_type=product&#038;p=10732"},"modified":"2025-06-11T16:34:34","modified_gmt":"2025-06-11T14:34:34","slug":"perfect-tree-peach-lassi-2","status":"publish","type":"product","link":"https:\/\/www.aaaseedz.com\/de\/produit\/perfect-tree-peach-lassi-2\/","title":{"rendered":"Peach Lassi - Perfect Tree"},"content":{"rendered":"<p>Die Peach Lassi von Perfect Tree ist ein bisschen wie ein Schluck Sonne aus der Flasche, aber in der Cannabis-Version! Diese Sorte, die mit dem ersten Platz beim Canna French Cup 2023 in der Kategorie Outdoor Indica ausgezeichnet wurde, ist ein wahres Festival der Aromen, das Ihre Geschmacksknospen begeistern wird. Stellen Sie sich einen Hybriden vor, der an das ber\u00fchmte indische Getr\u00e4nk Lassi erinnert, aber mit einem Cannabis-Touch, der Ihnen bei jedem Zug ein L\u00e4cheln ins Gesicht zaubern wird.<\/p>\n<p>Peach Lassi entstand aus der k\u00f6stlichen Verbindung von Peach Ozz und Jet A und ist ein wahrer Leckerbissen f\u00fcr Liebhaber von fruchtigen, cremigen Terpenen. In nur 8 Wochen Bl\u00fctezeit verwandelt sich diese Sch\u00f6nheit in eine robuste Pflanze, die dichte, harzige Bl\u00fcten produziert. Mit einem hohen Ertrag bietet sie Ihnen ein unvergessliches Geschmackserlebnis, das frische, cremige und leicht kohlens\u00e4urehaltige Aromen vereint. Machen Sie sich darauf gefasst, in eine Welt der Empfindungen entf\u00fchrt zu werden, in der Ihr Geist aufsteigt und Ihr K\u00f6rper sich entspannt.<\/p>\n<p>Was das Peach Lassi so besonders macht, ist sein strahlendes Aussehen. Ihre Bl\u00fcten sind so frisch und fruchtig, dass sie sofort an das ikonische Getr\u00e4nk erinnern, das in Indien auf jedem Tisch zu finden ist. Mit ihrem schnellen und kr\u00e4ftigen Wachstum ist diese Pflanze ein wahres Spektakel, das man gesehen haben muss. Ihre dicken Stempel, die sie von der Peach Ozz geerbt hat, verleihen ihr einen Hauch von Farbe und Textur, der garantiert alle Blicke auf sich zieht. Und von der Harzproduktion wollen wir gar nicht erst reden! Sie ist ein wahrer Schatz f\u00fcr alle, die gerne l\u00f6sungsmittelfreie Extrakte herstellen.<\/p>\n<p>Peach Lassi ist der perfekte Hybrid f\u00fcr alle, die nach einem erfrischenden Cannabis-Erlebnis suchen. Jede Inhalation ist wie ein Bissen Gl\u00fcck, der die Essenz eines klassischen Fruchtgetr\u00e4nks einf\u00e4ngt und sie mit der Welt des Cannabis verschmelzen l\u00e4sst. Egal, ob Sie sich nach einem langen Tag entspannen oder mit Freunden einen besonderen Moment feiern, diese Sorte wird Ihrem Abend einen Hauch von Magie verleihen.<\/p>\n<p>Zusammenfassend l\u00e4sst sich sagen, dass Peach Lassi weit mehr als nur eine Cannabissorte ist. Sie ist ein sensorisches Abenteuer, das Sie dazu einl\u00e4dt, k\u00f6stliche Aromen zu erkunden und Ihnen gleichzeitig tiefe Entspannung bietet. Z\u00f6gern Sie also nicht, dieses Wunder in Ihren Garten zu holen, und lassen Sie sich vom berauschenden Geschmack der Peach Lassi mitrei\u00dfen!<\/p>\n<p><strong>Feminisierte Samen<\/strong><br \/>\n<strong>Paket<\/strong> : 6+3 freebie Samen (LH2P) (9)<br \/>\n<strong>Breeder<\/strong> : Perfect Tree<br \/>\n<strong>Name<\/strong> : Peach Lassi<br \/>\n<strong>Kreuzung<\/strong> : Peach Ozz x Jet A<br \/>\n<strong>Ertrag<\/strong> : Mittel bis hoch<br \/>\n<strong>Genetik<\/strong> : Indica-dominierte Hybride<br \/>\n<strong>Bl\u00fctezeit<\/strong> : 56-60 Tage<br \/>\n<strong>Geschmack<\/strong> : Pfirsich, Creme, Gelato<br \/>\n<strong>Erfahrung<\/strong> : Starke Indica<\/p>\n<p><em>Warnhinweis: Der Besitz und das Sammeln von Samen ist in Frankreich erlaubt. Diese Samen d\u00fcrfen nicht f\u00fcr andere Zwecke verwendet werden als die, die nach dem Recht Ihres Landes zul\u00e4ssig sind. Das Keimen und der Verkauf an Minderj\u00e4hrige sind strengstens untersagt. AAASeedz kann nicht haftbar gemacht werden, wenn die Gesetze des Landes, in dem Sie leben, nicht eingehalten werden.<\/em><\/p>","protected":false},"excerpt":{"rendered":"<p>La Peach Lassi de Perfect Tree, c\u2019est un peu comme si vous preniez une gorg\u00e9e de soleil en bouteille, mais<\/p>","protected":false},"featured_media":12351,"template":"","meta":[],"product_brand":[],"product_cat":[70],"product_tag":[77,281,292,293,278],"class_list":{"0":"post-10732","1":"product","2":"type-product","3":"status-publish","4":"has-post-thumbnail","6":"product_cat-feminisees","7":"product_tag-feminisee","8":"product_tag-jet-a","9":"product_tag-peach-lassi","10":"product_tag-peach-ozz","11":"product_tag-perfect-tree","13":"first","14":"instock","15":"shipping-taxable","16":"purchasable","17":"product-type-simple"},"jetpack_sharing_enabled":true,"_links":{"self":[{"href":"https:\/\/www.aaaseedz.com\/de\/wp-json\/wp\/v2\/product\/10732","targetHints":{"allow":["GET"]}}],"collection":[{"href":"https:\/\/www.aaaseedz.com\/de\/wp-json\/wp\/v2\/product"}],"about":[{"href":"https:\/\/www.aaaseedz.com\/de\/wp-json\/wp\/v2\/types\/product"}],"wp:featuredmedia":[{"embeddable":true,"href":"https:\/\/www.aaaseedz.com\/de\/wp-json\/wp\/v2\/media\/12351"}],"wp:attachment":[{"href":"https:\/\/www.aaaseedz.com\/de\/wp-json\/wp\/v2\/media?parent=10732"}],"wp:term":[{"taxonomy":"product_brand","embeddable":true,"href":"https:\/\/www.aaaseedz.com\/de\/wp-json\/wp\/v2\/product_brand?post=10732"},{"taxonomy":"product_cat","embeddable":true,"href":"https:\/\/www.aaaseedz.com\/de\/wp-json\/wp\/v2\/product_cat?post=10732"},{"taxonomy":"product_tag","embeddable":true,"href":"https:\/\/www.aaaseedz.com\/de\/wp-json\/wp\/v2\/product_tag?post=10732"}],"curies":[{"name":"wp","href":"https:\/\/api.w.org\/{rel}","templated":true}]}}