{"id":10733,"date":"2024-05-05T16:06:09","date_gmt":"2024-05-05T14:06:09","guid":{"rendered":"https:\/\/www.aaaseedz.com\/?post_type=product&#038;p=10733"},"modified":"2025-06-11T16:36:13","modified_gmt":"2025-06-11T14:36:13","slug":"perfect-tree-pink-gasoline","status":"publish","type":"product","link":"https:\/\/www.aaaseedz.com\/de\/produit\/perfect-tree-pink-gasoline-2\/","title":{"rendered":"Pink Gasoline - Perfect Tree"},"content":{"rendered":"<p>Machen Sie sich bereit, Cannabis-Liebhaber, die Pink Gasoline von Perfect Tree zu entdecken, eine Sorte, die alle Blicke auf sich zieht und niemanden gleichg\u00fcltig l\u00e4sst! Mit ihrem 2. Platz beim Secret Cup Bizkaia im Jahr 2020 und ihrem fulminanten Sieg beim Caribbean Cup in Santa Marta im Jahr 2023 ist diese Sch\u00f6nheit ein wahres Juwel in der Welt des Cannabis. Machen Sie sich bereit, eine Pflanze zu entdecken, die Potenz, bet\u00f6rende Aromen und gro\u00dfz\u00fcgige Ertr\u00e4ge vereint!<\/p>\n<p>Pink Gasoline ist ein bisschen wie eine Fahrt im Cabrio auf einer K\u00fcstenstra\u00dfe, mit dem Wind in den Haaren und dem Duft von Zitrusfr\u00fcchten in der Luft. Sein starkes Kraftstoffaroma trifft Sie, sobald Sie sich ihm n\u00e4hern, und glauben Sie mir, es l\u00e4sst niemanden gleichg\u00fcltig! Stellen Sie sich eine explosive Mischung aus Gas und Gelato vor, mit subtilen OG-Noten, die er von seiner Atom Splitter-Linie geerbt hat. Jeder Zug ist ein sensorisches Abenteuer, das Sie in eine Welt intensiver Geschm\u00e4cker und unvergesslicher Eindr\u00fccke entf\u00fchrt.<\/p>\n<p>Was die Pink Gasoline noch besonderer macht, ist ihre F\u00e4higkeit, dichte, harzige Bl\u00fcten zu produzieren. In nur 8 Wochen k\u00f6nnen Sie damit rechnen, dass sich diese Sch\u00f6nheiten zu wahren botanischen Kunstwerken entwickeln. Ob Sie nun Indoor- oder Outdoor-Grower sind, diese Sorte passt sich jeder Umgebung an. Sie ist wie die Superheldin des Gartens, die unter den verschiedensten Bedingungen gedeihen kann und dabei beeindruckende Ertr\u00e4ge liefert.<\/p>\n<p>Die Pink Gasoline ist das Ergebnis einer explosiven Verbindung zwischen 33 Splitter und Peach Ozz, was sie zu einem Indica-dominanten Hybriden macht, dem es nicht an Charakter fehlt. Mit ihrer imposanten Statur zieht sie alle Blicke auf sich und verdreht die K\u00f6pfe. Grower, die auf der Suche nach hohen Ertr\u00e4gen sind, werden begeistert sein, da diese Pflanze f\u00fcr ihre au\u00dfergew\u00f6hnliche Harzproduktion bekannt ist. Bereiten Sie sich darauf vor, gro\u00dfz\u00fcgige Mengen dieser wertvollen Substanz zu ernten, die Liebhaber von Konzentraten begeistern wird!<\/p>\n<p>Die Pink Gasoline anzubauen ist wie die Teilnahme an einer Party, zu der alle eingeladen sind. Sie ist belastbar, anpassungsf\u00e4hig und voller Leben, was sie zur idealen Wahl f\u00fcr Z\u00fcchter aller Niveaus macht. Egal, ob Sie ein Experte oder ein Anf\u00e4nger sind, diese Sorte wird Sie mit wundersch\u00f6nen Bl\u00fcten und einem Aroma, das die Luft erf\u00fcllt, belohnen.<\/p>\n<p>Pink Gasoline ist viel mehr als nur eine Cannabissorte; sie ist ein Erlebnis f\u00fcr sich. Mit ihren bet\u00f6renden Aromen, ihrer Robustheit und ihren beeindruckenden Ertr\u00e4gen verdient sie einen besonderen Platz in Ihrem Garten. Bereiten Sie sich also darauf vor, mit diesem Cannabiswunder, das Sie sicher in seinen Bann ziehen wird, eine Menge zu erleben!<\/p>\n<p><strong>Feminisierte Samen<\/strong><br \/>\n<strong>Paket<\/strong> : 6+3 freebie Samen (LH2P) (9)<br \/>\n<strong>Breeder<\/strong> : Perfect Tree<br \/>\n<strong>Name<\/strong> : Pink Gasoline<br \/>\n<strong>Kreuzung<\/strong> : 33 Splitter x Peach Ozz<br \/>\n<strong>Ertrag<\/strong> : Mittel bis hoch<br \/>\n<strong>Genetik<\/strong> : Indica-dominierte Hybride<br \/>\n<strong>Bl\u00fctezeit<\/strong> : 56-60 Tage<br \/>\n<strong>Geschmack<\/strong> : Gas etwas weichgesp\u00fclt durch Peach Ozz<br \/>\n<strong>Erfahrung<\/strong> : Entspannend<\/p>\n<p><em>Warnhinweis: Der Besitz und das Sammeln von Samen ist in Frankreich erlaubt. Diese Samen d\u00fcrfen nicht f\u00fcr andere Zwecke verwendet werden als die, die nach dem Recht Ihres Landes zul\u00e4ssig sind. Das Keimen und der Verkauf an Minderj\u00e4hrige sind strengstens untersagt. AAASeedz kann nicht haftbar gemacht werden, wenn die Gesetze des Landes, in dem Sie leben, nicht eingehalten werden.<\/em><\/p>","protected":false},"excerpt":{"rendered":"<p>Pr\u00e9parez-vous, passionn\u00e9s de cannabis, \u00e0 d\u00e9couvrir la Pink Gasoline de Perfect Tree, une vari\u00e9t\u00e9 qui attire tous les regards et<\/p>","protected":false},"featured_media":12355,"template":"","meta":[],"product_brand":[],"product_cat":[70],"product_tag":[285,77,293,278,294],"class_list":{"0":"post-10733","1":"product","2":"type-product","3":"status-publish","4":"has-post-thumbnail","6":"product_cat-feminisees","7":"product_tag-33-splitter","8":"product_tag-feminisee","9":"product_tag-peach-ozz","10":"product_tag-perfect-tree","11":"product_tag-pink-gasoline","13":"first","14":"instock","15":"shipping-taxable","16":"purchasable","17":"product-type-simple"},"jetpack_sharing_enabled":true,"_links":{"self":[{"href":"https:\/\/www.aaaseedz.com\/de\/wp-json\/wp\/v2\/product\/10733","targetHints":{"allow":["GET"]}}],"collection":[{"href":"https:\/\/www.aaaseedz.com\/de\/wp-json\/wp\/v2\/product"}],"about":[{"href":"https:\/\/www.aaaseedz.com\/de\/wp-json\/wp\/v2\/types\/product"}],"wp:featuredmedia":[{"embeddable":true,"href":"https:\/\/www.aaaseedz.com\/de\/wp-json\/wp\/v2\/media\/12355"}],"wp:attachment":[{"href":"https:\/\/www.aaaseedz.com\/de\/wp-json\/wp\/v2\/media?parent=10733"}],"wp:term":[{"taxonomy":"product_brand","embeddable":true,"href":"https:\/\/www.aaaseedz.com\/de\/wp-json\/wp\/v2\/product_brand?post=10733"},{"taxonomy":"product_cat","embeddable":true,"href":"https:\/\/www.aaaseedz.com\/de\/wp-json\/wp\/v2\/product_cat?post=10733"},{"taxonomy":"product_tag","embeddable":true,"href":"https:\/\/www.aaaseedz.com\/de\/wp-json\/wp\/v2\/product_tag?post=10733"}],"curies":[{"name":"wp","href":"https:\/\/api.w.org\/{rel}","templated":true}]}}