{"id":10735,"date":"2024-05-05T16:09:15","date_gmt":"2024-05-05T14:09:15","guid":{"rendered":"https:\/\/www.aaaseedz.com\/?post_type=product&#038;p=10735"},"modified":"2025-06-11T16:38:48","modified_gmt":"2025-06-11T14:38:48","slug":"perfect-tree-red-red-wine-2","status":"publish","type":"product","link":"https:\/\/www.aaaseedz.com\/de\/produit\/perfect-tree-red-red-wine-2\/","title":{"rendered":"Red Red Wine - Perfect Tree"},"content":{"rendered":"<p>Die Red Red Wine von Perfect Tree, ist eine Sorte, die Sie mit ihrem unwiderstehlichen Charme ganz sicher in ihren Bann ziehen wird! Stellen Sie sich Bl\u00fcten vor, die so tief violett sind, dass sie fast schwarz wirken, mit nur einem Hauch von Gr\u00fcn, der sich sch\u00fcchtern unter den Bl\u00e4ttern versteckt. Diese Sch\u00f6nheit ist ein wahres Spektakel f\u00fcr die Augen, und ihr glitzerndes Harz funkelt im Licht wie Diamanten. Wenn Sie ein Cannabisliebhaber sind, werden Sie dieses kleine Wunder lieben!<\/p>\n<p>Red Red Wine ist wie ein lebendes Kunstwerk in Ihrem Garten. Ihre Buds sind so dicht und wohlgeformt, dass sie \u00fcbereinander gestapelt zu sein scheinen, wodurch eine Bl\u00fctenstruktur entsteht, die jeden Z\u00fcchter vor Neid err\u00f6ten lassen w\u00fcrde. Mit einem engen internodalen Abstand sind diese Blumen ein wahrer Zuchtraum. Und das Beste daran? Es gibt so wenig Bl\u00e4tter, dass das Trimming zum Kinderspiel wird. Sie k\u00f6nnen mehr Zeit damit verbringen, Ihre Ernte zu bewundern, als sie zuzubereiten!<\/p>\n<p>Aber lassen Sie uns ein wenig \u00fcber das sprechen, was sich hinter dieser Sch\u00f6nheit verbirgt: seine Terpene! Der Red Red Wine bietet eine Mischung aus Aromen, die Sie umhauen wird. Stellen Sie sich Noten von s\u00fc\u00dfen Bonbons, saftigen Fr\u00fcchten und einen Hauch von erlesenem Wein vor. Die Aromen sind so bet\u00f6rend, dass Sie sich wie in einem sonnigen Weinberg in S\u00fcdfrankreich f\u00fchlen werden. Die Kraftstoffnoten von Jet A f\u00fcgen eine einzigartige Dimension hinzu und machen jede Inhalation zu einem unvergesslichen sensorischen Erlebnis.<\/p>\n<p>Was das Wachstum angeht, ist die Red Red Wine eine mittelgro\u00dfe Pflanze, aber lass dich nicht von ihrer Statur t\u00e4uschen! Sie ist robust und stark, was sie zu einem zuverl\u00e4ssigen Begleiter f\u00fcr alle Grower macht, egal ob Anf\u00e4nger oder erfahrener Grower. Sie k\u00f6nnen sicher sein, dass sie Sie mit beeindruckenden Ernten belohnen wird, die bereit sind, genossen zu werden.<\/p>\n<p>Und wenn die Zeit der Ernte kommt, machen Sie sich darauf gefasst, geblendet zu werden! Die Ertr\u00e4ge sind einfach unglaublich und zeugen von der Gro\u00dfz\u00fcgigkeit dieser Sorte. Jeder Bud ist ein kleiner Schatz, gef\u00fcllt mit Harz und Aromen, die Sie in eine Welt der K\u00f6stlichkeiten entf\u00fchren werden.<\/p>\n<p>Zusammenfassend l\u00e4sst sich sagen, dass Red Red Wine weit mehr als nur eine Cannabissorte ist. Sie ist ein visuelles und geschmackliches Erlebnis, in das Sie sich mit jedem Zug verlieben werden. Z\u00f6gern Sie also nicht, diese Sch\u00f6nheit in Ihren Garten zu holen und lassen Sie sich von ihrem unwiderstehlichen Charme verzaubern!<\/p>\n<p><strong>Feminisierte Samen<\/strong><br \/>\n<strong>Paket<\/strong> : 6+3 freebie Samen (LH2P) (9)<br \/>\n<strong>Breeder<\/strong> : Perfect Tree<br \/>\n<strong>Name<\/strong> : Red Red Wine<br \/>\n<strong>Kreuzung<\/strong> : Rozay F2 x Jet A<br \/>\n<strong>Ertrag<\/strong> : Mittel bis hoch<br \/>\n<strong>Genetik<\/strong> : Hybride<br \/>\n<strong>Bl\u00fctezeit<\/strong> : 56-60 Tage<br \/>\n<strong>Geschmack<\/strong> : Treibstoff, Wein, Obst, Gas<br \/>\n<strong>Erfahrung<\/strong> : Berauschend<\/p>\n<p><em>Warnhinweis: Der Besitz und das Sammeln von Samen ist in Frankreich erlaubt. Diese Samen d\u00fcrfen nicht f\u00fcr andere Zwecke verwendet werden als die, die nach dem Recht Ihres Landes zul\u00e4ssig sind. Das Keimen und der Verkauf an Minderj\u00e4hrige sind strengstens untersagt. AAASeedz kann nicht haftbar gemacht werden, wenn die Gesetze des Landes, in dem Sie leben, nicht eingehalten werden.<\/em><\/p>","protected":false},"excerpt":{"rendered":"<p>La Red Red Wine de Perfect Tree, est une vari\u00e9t\u00e9 qui ne manquera pas de vous s\u00e9duire avec son charme<\/p>","protected":false},"featured_media":12359,"template":"","meta":[],"product_brand":[],"product_cat":[70],"product_tag":[77,281,278,297,298],"class_list":{"0":"post-10735","1":"product","2":"type-product","3":"status-publish","4":"has-post-thumbnail","6":"product_cat-feminisees","7":"product_tag-feminisee","8":"product_tag-jet-a","9":"product_tag-perfect-tree","10":"product_tag-red-red-wine","11":"product_tag-rozay-f2","13":"first","14":"instock","15":"shipping-taxable","16":"purchasable","17":"product-type-simple"},"jetpack_sharing_enabled":true,"_links":{"self":[{"href":"https:\/\/www.aaaseedz.com\/de\/wp-json\/wp\/v2\/product\/10735","targetHints":{"allow":["GET"]}}],"collection":[{"href":"https:\/\/www.aaaseedz.com\/de\/wp-json\/wp\/v2\/product"}],"about":[{"href":"https:\/\/www.aaaseedz.com\/de\/wp-json\/wp\/v2\/types\/product"}],"wp:featuredmedia":[{"embeddable":true,"href":"https:\/\/www.aaaseedz.com\/de\/wp-json\/wp\/v2\/media\/12359"}],"wp:attachment":[{"href":"https:\/\/www.aaaseedz.com\/de\/wp-json\/wp\/v2\/media?parent=10735"}],"wp:term":[{"taxonomy":"product_brand","embeddable":true,"href":"https:\/\/www.aaaseedz.com\/de\/wp-json\/wp\/v2\/product_brand?post=10735"},{"taxonomy":"product_cat","embeddable":true,"href":"https:\/\/www.aaaseedz.com\/de\/wp-json\/wp\/v2\/product_cat?post=10735"},{"taxonomy":"product_tag","embeddable":true,"href":"https:\/\/www.aaaseedz.com\/de\/wp-json\/wp\/v2\/product_tag?post=10735"}],"curies":[{"name":"wp","href":"https:\/\/api.w.org\/{rel}","templated":true}]}}