{"id":10736,"date":"2024-05-05T16:10:48","date_gmt":"2024-05-05T14:10:48","guid":{"rendered":"https:\/\/www.aaaseedz.com\/?post_type=product&#038;p=10736"},"modified":"2025-06-11T16:41:13","modified_gmt":"2025-06-11T14:41:13","slug":"perfect-tree-rotten-apple-2","status":"publish","type":"product","link":"https:\/\/www.aaaseedz.com\/de\/produit\/perfect-tree-rotten-apple-2\/","title":{"rendered":"Rotten Apple - Perfect Tree"},"content":{"rendered":"<p>der Rotten Apple von Perfect Tree, ist eine Sorte, die Ihnen mit ihren bet\u00f6renden Aromen und unwiderstehlichen Geschm\u00e4ckern den Kopf verdrehen wird! Stellen Sie sich eine explosive Mischung aus Gasnoten und s\u00e4uerlichen \u00c4pfeln vor, die einen fermentierten Duft erzeugen, der Sie direkt in einen Obstgarten w\u00e4hrend der Ernte versetzt. Es ist, als w\u00fcrde Ihnen jeder Zug ein kleines Fest f\u00fcr Ihre Sinne bescheren, mit Ph\u00e4notypen, von denen einige einen s\u00fc\u00dfen Hauch von frisch gebackenem Karamell hinzuf\u00fcgen, der an den Geschmack von Apfelweinsirup erinnert. Wer k\u00f6nnte dem widerstehen?<\/p>\n<p>Rotten Apple ist das Ergebnis einer perfekten Kombination aus Kraftstoffterpenen und dem saftigen Aroma des Sour Apple. Diese harmonische Mischung f\u00fchrt zu einem faszinierenden Duft, der Sie sicher in seinen Bann ziehen wird. Wenn Sie diese Sorte erkunden, werden Sie verborgene Noten entdecken, die an saftige \u00c4pfel erinnern, die frisch gepfl\u00fcckt und bereit zum Verzehr sind. Es ist eine wahre terpenartige Alchemie, die Sie erwartet!<\/p>\n<p>Im Herzen des Rotten Apple verbirgt sich ein k\u00f6stliches Terpenprofil. Die Verschmelzung von Gas- und Treibstoffgeruch schafft eine dynamische Interaktion, die einfach einzigartig ist. Wenn diese beiden Welten mit dem Aroma von Sour Apple zusammentreffen, entsteht ein fermentierter Duft, der Sie in die Atmosph\u00e4re eines Apfelweinkellers versetzt, in dem die Luft mit dem komplexen Extrakt fermentierender \u00c4pfel angereichert ist. Dies ist ein sensorisches Erlebnis, das keinem anderen gleicht!<\/p>\n<p>Aber halt, das ist noch nicht alles! Der Rotten Apple hat noch einige \u00dcberraschungen im \u00c4rmel. Einige Ph\u00e4notypen neigen zur s\u00fc\u00dfen Seite des Lebens, mit Karamellnoten, die Ihnen das Wasser im Mund zusammenlaufen lassen. Stellen Sie sich ein s\u00fc\u00dfes Bouquet vor, das Ihrem Gesamterlebnis eine Schicht der Nachsicht hinzuf\u00fcgt. Es ist, als w\u00e4re jede Inhalation ein kleiner Bissen Gl\u00fcck!<\/p>\n<p>Neben seinem k\u00f6stlichen Geschmack ist der Rotten Apple auch ein Genuss f\u00fcr Z\u00fcchter. Diese Pflanzen sind f\u00fcr ihre einfache Kultivierung bekannt, was sie zu einer idealen Wahl f\u00fcr Anf\u00e4nger und Experten gleicherma\u00dfen macht. Mit nur wenigen Variationen des Ph\u00e4notyps, die es zu erforschen gilt, haben Sie die M\u00f6glichkeit, die verschiedenen Facetten dieser faszinierenden Sorte zu entdecken.<\/p>\n<p>Mit etwas Gl\u00fcck und einem aufmerksamen Auge k\u00f6nnten Sie auf diese au\u00dfergew\u00f6hnliche Pflanze sto\u00dfen, die Ihr Herz im Sturm erobern wird. Rotten Apple ist diejenige, die Sie dank ihres k\u00f6stlichen Highs und ihres unvergesslichen Terpenprofils f\u00fcr immer anbauen und in Ehren halten wollen. Machen Sie sich also bereit, jeden Moment mit dieser Sorte zu genie\u00dfen, die verspricht, Sie mit jedem Zug zu verzaubern!<\/p>\n<p><strong>Feminisierte Samen<\/strong><br \/>\n<strong>Paket<\/strong> : 6+3 freebie Samen (LH2P) (9)<br \/>\n<strong>Breeder<\/strong> : Perfect Tree<br \/>\n<strong>Name<\/strong> : Rotten Apple<br \/>\n<strong>Kreuzung<\/strong> : Lemon Buttercream x Jet A<br \/>\n<strong>Ertrag<\/strong> : Mittel bis hoch<br \/>\n<strong>Genetik<\/strong> : Hybride<br \/>\n<strong>Bl\u00fctezeit<\/strong> : 56-60 Tage<br \/>\n<strong>Geschmack<\/strong> : Karamell, Gas, Frische Fr\u00fcchte<br \/>\n<strong>Erfahrung<\/strong> : Entspannend<\/p>\n<p><em>Warnhinweis: Der Besitz und das Sammeln von Samen ist in Frankreich erlaubt. Diese Samen d\u00fcrfen nicht f\u00fcr andere Zwecke verwendet werden als die, die nach dem Recht Ihres Landes zul\u00e4ssig sind. Das Keimen und der Verkauf an Minderj\u00e4hrige sind strengstens untersagt. AAASeedz kann nicht haftbar gemacht werden, wenn die Gesetze des Landes, in dem Sie leben, nicht eingehalten werden.<\/em><\/p>","protected":false},"excerpt":{"rendered":"<p>la Rotten Apple de Perfect Tree, est une vari\u00e9t\u00e9 qui va vous faire tourner la t\u00eate avec ses ar\u00f4mes envo\u00fbtants<\/p>","protected":false},"featured_media":12361,"template":"","meta":[],"product_brand":[],"product_cat":[70],"product_tag":[77,281,300,278,299],"class_list":{"0":"post-10736","1":"product","2":"type-product","3":"status-publish","4":"has-post-thumbnail","6":"product_cat-feminisees","7":"product_tag-feminisee","8":"product_tag-jet-a","9":"product_tag-lemon-buttercream","10":"product_tag-perfect-tree","11":"product_tag-rotten-apple","13":"first","14":"instock","15":"shipping-taxable","16":"purchasable","17":"product-type-simple"},"jetpack_sharing_enabled":true,"_links":{"self":[{"href":"https:\/\/www.aaaseedz.com\/de\/wp-json\/wp\/v2\/product\/10736","targetHints":{"allow":["GET"]}}],"collection":[{"href":"https:\/\/www.aaaseedz.com\/de\/wp-json\/wp\/v2\/product"}],"about":[{"href":"https:\/\/www.aaaseedz.com\/de\/wp-json\/wp\/v2\/types\/product"}],"wp:featuredmedia":[{"embeddable":true,"href":"https:\/\/www.aaaseedz.com\/de\/wp-json\/wp\/v2\/media\/12361"}],"wp:attachment":[{"href":"https:\/\/www.aaaseedz.com\/de\/wp-json\/wp\/v2\/media?parent=10736"}],"wp:term":[{"taxonomy":"product_brand","embeddable":true,"href":"https:\/\/www.aaaseedz.com\/de\/wp-json\/wp\/v2\/product_brand?post=10736"},{"taxonomy":"product_cat","embeddable":true,"href":"https:\/\/www.aaaseedz.com\/de\/wp-json\/wp\/v2\/product_cat?post=10736"},{"taxonomy":"product_tag","embeddable":true,"href":"https:\/\/www.aaaseedz.com\/de\/wp-json\/wp\/v2\/product_tag?post=10736"}],"curies":[{"name":"wp","href":"https:\/\/api.w.org\/{rel}","templated":true}]}}