{"id":10740,"date":"2024-05-05T16:16:55","date_gmt":"2024-05-05T14:16:55","guid":{"rendered":"https:\/\/www.aaaseedz.com\/?post_type=product&#038;p=10740"},"modified":"2025-06-11T16:34:18","modified_gmt":"2025-06-11T14:34:18","slug":"perfect-tree-peach-clouds","status":"publish","type":"product","link":"https:\/\/www.aaaseedz.com\/de\/produit\/perfect-tree-peach-clouds-2\/","title":{"rendered":"Peach Clouds - Perfect Tree"},"content":{"rendered":"<p>Die Peach Clouds von Perfect Tree, ist eine Sorte, die dich vor Freude schmelzen lassen wird! Stellen Sie sich eine gewagte Kreuzung zwischen unserem Kushmints F2-Klon, der von den Experten von Seed Junky Genetics sorgf\u00e4ltig ausgew\u00e4hlt wurde, und der k\u00f6stlichen Peach Ozz von Dying Breed Seeds vor. Aus dieser explosiven Mischung entsteht ein Geschmacks- und Geruchserlebnis, das Sie in einen Obstgarten mit saftigen Pfirsichen entf\u00fchrt, w\u00e4hrend Sie von der tr\u00f6stenden Kraft der Kushmints umh\u00fcllt werden.<\/p>\n<p>Peach Ozz mit seinen bet\u00f6renden Aromen von s\u00fc\u00dfem Pfirsich passt perfekt zu dem reichen und komplexen Terpenprofil der Kushmints. Es ist, als w\u00fcrden Sie ein fruchtiges Dessert genie\u00dfen, w\u00e4hrend Sie einen Moment der absoluten Entspannung erleben. Jeder Zug ist eine Einladung zur Entspannung und l\u00e4sst Sie mit einem seligen L\u00e4cheln auf dem Gesicht auf dem Sofa kleben. Er ist der perfekte Begleiter f\u00fcr einen ruhigen Abend, ob allein oder mit Freunden.<\/p>\n<p>Aber warten Sie, das ist noch nicht alles! Wenn die Temperaturen zu sinken beginnen, enth\u00fcllt Peach Clouds tiefe Violettt\u00f6ne, die ihrem Aussehen einen Hauch von Geheimnis verleihen. Diese vibrierenden Farben sind nicht nur eine Augenweide, sondern zeugen auch von der au\u00dfergew\u00f6hnlichen Qualit\u00e4t dieser Sorte. Sie werden das Gef\u00fchl haben, ein wahres botanisches Meisterwerk in Ihrem Garten zu haben!<\/p>\n<p>Abgesehen von ihrer verf\u00fchrerischen \u00c4sthetik ist Peach Clouds auch eine hervorragende Harzproduzentin. Wenn du ein Liebhaber von Extraktionen bist, ist diese Sorte genau das Richtige f\u00fcr dich! Ihre gro\u00dfz\u00fcgige Harzproduktion macht sie zur perfekten Wahl f\u00fcr die Herstellung von schmackhaften und kr\u00e4ftigen Konzentraten. Egal, ob Sie \u00d6le, Wachse oder andere K\u00f6stlichkeiten herstellen wollen, Peach Clouds wird Ihnen alles liefern, was Sie brauchen, um Ihre kreativen W\u00fcnsche zu erf\u00fcllen.<\/p>\n<p>Zusammenfassend l\u00e4sst sich sagen, dass Peach Clouds weit mehr als nur eine Cannabissorte ist. Sie ist ein komplettes sensorisches Erlebnis, das k\u00f6stliche Aromen, ein blendendes Aussehen und beeindruckende Ertr\u00e4ge vereint. Ob Sie nun ein leidenschaftlicher Z\u00fcchter oder ein neugieriger Neuling sind, diese Pflanze ist ein absolutes Muss und wird Ihrem Garten einen Hauch von Magie verleihen. Machen Sie sich also bereit, jeden Moment mit der Peach Clouds zu genie\u00dfen und lassen Sie sich von ihrem unwiderstehlichen Charme mitrei\u00dfen!<\/p>\n<p><strong>Feminisierte Samen<\/strong><br \/>\n<strong>Paket<\/strong> : 6+3 freebie Samen (LH2P) (9)<br \/>\n<strong>Breeder<\/strong> : Perfect Tree<br \/>\n<strong>Name<\/strong> : Peach Clouds<br \/>\n<strong>Kreuzung<\/strong> : Kush Mint x Peach Ozz<br \/>\n<strong>Ertrag<\/strong> : Mittel bis hoch<br \/>\n<strong>Genetik<\/strong> : Indica-dominierte Hybride<br \/>\n<strong>Bl\u00fctezeit<\/strong> : 56-60 Tage<br \/>\n<strong>Geschmack<\/strong> : Gelato, Fr\u00fcchte und Haseln\u00fcsse, Kekse<br \/>\n<strong>Erfahrung<\/strong> : Starke K\u00f6rperwirkung<\/p>\n<p><em>Warnhinweis: Der Besitz und das Sammeln von Samen ist in Frankreich erlaubt. Diese Samen d\u00fcrfen nicht f\u00fcr andere Zwecke verwendet werden als die, die nach dem Recht Ihres Landes zul\u00e4ssig sind. Das Keimen und der Verkauf an Minderj\u00e4hrige sind strengstens untersagt. AAASeedz kann nicht haftbar gemacht werden, wenn die Gesetze des Landes, in dem Sie leben, nicht eingehalten werden.<\/em><\/p>","protected":false},"excerpt":{"rendered":"<p>La Peach Clouds de Perfect Tree, est une vari\u00e9t\u00e9 qui va vous faire fondre de plaisir ! Imaginez un croisement<\/p>","protected":false},"featured_media":12349,"template":"","meta":[],"product_brand":[],"product_cat":[70],"product_tag":[77,308,307,293,278],"class_list":{"0":"post-10740","1":"product","2":"type-product","3":"status-publish","4":"has-post-thumbnail","6":"product_cat-feminisees","7":"product_tag-feminisee","8":"product_tag-kush-mint","9":"product_tag-peach-clouds","10":"product_tag-peach-ozz","11":"product_tag-perfect-tree","13":"first","14":"instock","15":"shipping-taxable","16":"purchasable","17":"product-type-simple"},"jetpack_sharing_enabled":true,"_links":{"self":[{"href":"https:\/\/www.aaaseedz.com\/de\/wp-json\/wp\/v2\/product\/10740","targetHints":{"allow":["GET"]}}],"collection":[{"href":"https:\/\/www.aaaseedz.com\/de\/wp-json\/wp\/v2\/product"}],"about":[{"href":"https:\/\/www.aaaseedz.com\/de\/wp-json\/wp\/v2\/types\/product"}],"wp:featuredmedia":[{"embeddable":true,"href":"https:\/\/www.aaaseedz.com\/de\/wp-json\/wp\/v2\/media\/12349"}],"wp:attachment":[{"href":"https:\/\/www.aaaseedz.com\/de\/wp-json\/wp\/v2\/media?parent=10740"}],"wp:term":[{"taxonomy":"product_brand","embeddable":true,"href":"https:\/\/www.aaaseedz.com\/de\/wp-json\/wp\/v2\/product_brand?post=10740"},{"taxonomy":"product_cat","embeddable":true,"href":"https:\/\/www.aaaseedz.com\/de\/wp-json\/wp\/v2\/product_cat?post=10740"},{"taxonomy":"product_tag","embeddable":true,"href":"https:\/\/www.aaaseedz.com\/de\/wp-json\/wp\/v2\/product_tag?post=10740"}],"curies":[{"name":"wp","href":"https:\/\/api.w.org\/{rel}","templated":true}]}}