{"id":10743,"date":"2024-05-05T16:34:05","date_gmt":"2024-05-05T14:34:05","guid":{"rendered":"https:\/\/www.aaaseedz.com\/?post_type=product&#038;p=10743"},"modified":"2025-06-11T16:30:38","modified_gmt":"2025-06-11T14:30:38","slug":"perfect-tree-mimozz","status":"publish","type":"product","link":"https:\/\/www.aaaseedz.com\/de\/produit\/perfect-tree-mimozz-2\/","title":{"rendered":"Mimozz - Perfect Tree"},"content":{"rendered":"<p>Halten Sie sich fest, Cannabis-Liebhaber, denn wir werden in die k\u00f6stliche Welt von La Mimozz von Perfect Tree eintauchen, einer Sorte, die die Sinne befl\u00fcgelt und die bereits die Herzen der Preisrichter bei renommierten Wettbewerben erobert hat! Mit Auszeichnungen wie dem 2. Platz beim Secret Cup Bizkaia 2020 und dem 3. Platz beim Secret Cup Ibiza 2022, ganz zu schweigen vom 2. Platz bei der Copa de las Flores 2022 und dem 1. Platz 2023, ist La Mimozz eindeutig ein Superstar im Garten! Und das ist noch nicht alles: Sie gl\u00e4nzte auch beim Gas Cup in Deutschland im Jahr 2023, wo sie den ersten Platz in der Kategorie Rosin belegte. Diese Pflanze wei\u00df einfach, wie man von sich reden macht!<\/p>\n<p>Mimozz ist eine Sativa-dominante Hybride, die nicht nur gut aussieht; sie ist auch unglaublich produktiv! Mit einer Bl\u00fctezeit von nur 7-8 Wochen ist sie in k\u00fcrzester Zeit bereit, Sie zu verw\u00f6hnen. Stellen Sie sich hohe Ertr\u00e4ge vor, die Sie vor Freude tanzen lassen werden! Was La Mimozz aber wirklich besonders macht, ist ihr Geschmacksprofil. Denken Sie an ein cremiges Orangenbonbon, das auf der Zunge zergeht, gemischt mit exotischen Fruchtnoten und der unwiderstehlichen S\u00fc\u00dfe von Z. Es ist wie ein Fest f\u00fcr Ihre Geschmacksknospen!<\/p>\n<p>Die Mimozz ist der ideale Begleiter f\u00fcr Ihre sonnigen Tage. Sie vereint entspannende und stimulierende Effekte, sodass Sie sich entspannen und gleichzeitig aktiv bleiben k\u00f6nnen. Es ist das Beste aus beiden Welten! Egal, ob Sie sich nach einem langen Tag entspannen oder sich in ein kreatives Abenteuer st\u00fcrzen wollen, La Mimozz ist f\u00fcr Sie da und begleitet Sie.<\/p>\n<p>Optisch ist La Mimozz eine wahre Augenweide. Ihre Bl\u00fcten sind nicht nur extrem duftend, sondern auch farbenfroh und harzreich. Sie werden \u00fcber die Sch\u00f6nheit ihrer Buds staunen, die je nach der Temperatur in Ihrem Garten dunkelviolette Ph\u00e4notypen offenbaren k\u00f6nnen. Es ist, als w\u00e4re jede Pflanze ein lebendiges Kunstwerk, das darauf wartet, bewundert zu werden.<\/p>\n<p>Wenn Sie ein Fan der verlockenden Terpene von La Mimozz sind, machen Sie sich darauf gefasst, diese Pflanze f\u00fcr immer in Ihrem Garten haben zu wollen. Mit ihrer Mischung aus s\u00fc\u00dfen Aromen, ihrer ausgewogenen Wirkung und ihrem blendenden Aussehen ist sie einfach unwiderstehlich. Also, warten Sie nicht l\u00e4nger, machen Sie La Mimozz zum Star Ihres Gartens und lassen Sie sich von dieser unvergesslichen Sinneserfahrung mitrei\u00dfen!<\/p>\n<p><strong>Feminisierte Samen<\/strong><br \/>\n<strong>Paket<\/strong> : 6+3 freebie Samen (LH2P) (9)<br \/>\n<strong>Breeder<\/strong> : Perfect Tree<br \/>\n<strong>Name<\/strong> : Mimozz<br \/>\n<strong>Kreuzung<\/strong> : Mimosa x Peach Ozz<br \/>\n<strong>Ertrag<\/strong> : Mittel bis hoch<br \/>\n<strong>Genetik<\/strong> : Indica-dominierte Hybride<br \/>\n<strong>Bl\u00fctezeit<\/strong> : 50-56 Tage<br \/>\n<strong>Geschmack<\/strong> : Sehr s\u00fc\u00df, Orangenbonbons, Sahne<br \/>\n<strong>Erfahrung<\/strong> : Ideal f\u00fcr den Tag mit entspannender und anregender Wirkung<\/p>\n<p><em>Warnhinweis: Der Besitz und das Sammeln von Samen ist in Frankreich erlaubt. Diese Samen d\u00fcrfen nicht f\u00fcr andere Zwecke verwendet werden als die, die nach dem Recht Ihres Landes zul\u00e4ssig sind. Das Keimen und der Verkauf an Minderj\u00e4hrige sind strengstens untersagt. AAASeedz kann nicht haftbar gemacht werden, wenn die Gesetze des Landes, in dem Sie leben, nicht eingehalten werden.<\/em><\/p>","protected":false},"excerpt":{"rendered":"<p>Halten Sie sich fest, Cannabis-Liebhaber, denn wir tauchen ein in die k\u00f6stliche Welt von La Mimozz von Perfect Tree, einer Sorte, die<\/p>","protected":false},"featured_media":12347,"template":"","meta":[],"product_brand":[],"product_cat":[70],"product_tag":[77,302,313,293,278],"class_list":{"0":"post-10743","1":"product","2":"type-product","3":"status-publish","4":"has-post-thumbnail","6":"product_cat-feminisees","7":"product_tag-feminisee","8":"product_tag-mimosa","9":"product_tag-mimozz","10":"product_tag-peach-ozz","11":"product_tag-perfect-tree","13":"first","14":"instock","15":"shipping-taxable","16":"purchasable","17":"product-type-simple"},"jetpack_sharing_enabled":true,"_links":{"self":[{"href":"https:\/\/www.aaaseedz.com\/de\/wp-json\/wp\/v2\/product\/10743","targetHints":{"allow":["GET"]}}],"collection":[{"href":"https:\/\/www.aaaseedz.com\/de\/wp-json\/wp\/v2\/product"}],"about":[{"href":"https:\/\/www.aaaseedz.com\/de\/wp-json\/wp\/v2\/types\/product"}],"wp:featuredmedia":[{"embeddable":true,"href":"https:\/\/www.aaaseedz.com\/de\/wp-json\/wp\/v2\/media\/12347"}],"wp:attachment":[{"href":"https:\/\/www.aaaseedz.com\/de\/wp-json\/wp\/v2\/media?parent=10743"}],"wp:term":[{"taxonomy":"product_brand","embeddable":true,"href":"https:\/\/www.aaaseedz.com\/de\/wp-json\/wp\/v2\/product_brand?post=10743"},{"taxonomy":"product_cat","embeddable":true,"href":"https:\/\/www.aaaseedz.com\/de\/wp-json\/wp\/v2\/product_cat?post=10743"},{"taxonomy":"product_tag","embeddable":true,"href":"https:\/\/www.aaaseedz.com\/de\/wp-json\/wp\/v2\/product_tag?post=10743"}],"curies":[{"name":"wp","href":"https:\/\/api.w.org\/{rel}","templated":true}]}}