{"id":10744,"date":"2024-05-05T16:35:35","date_gmt":"2024-05-05T14:35:35","guid":{"rendered":"https:\/\/www.aaaseedz.com\/?post_type=product&#038;p=10744"},"modified":"2025-06-11T16:34:49","modified_gmt":"2025-06-11T14:34:49","slug":"perfect-tree-peach-sherbert-og","status":"publish","type":"product","link":"https:\/\/www.aaaseedz.com\/de\/produit\/perfect-tree-peach-sherbert-og-2\/","title":{"rendered":"Peach Sherbert Og - Perfect Tree"},"content":{"rendered":"<p>Entdecken Sie die Peach Sherbert OG von Perfect Tree, eine Sorte, die beim Canna French Cup 2022 in der Kategorie Extrakt gl\u00e4nzend den 2. Platz belegt hat! Dieses kleine Juwel ist eine Kreuzung aus Falcon 9 und Peach Ozz und wird Sie sicher beeindrucken. Wenn Sie eine Pflanze suchen, die Potenz und Ertrag vereint, sind Sie hier genau richtig!!! Dieses kleine Juwel ist das Ergebnis einer explosiven Verbindung zwischen Falcon 9 und Peach Ozz, und glauben Sie mir, sie wird Sie nicht entt\u00e4uschen. Wenn Sie auf der Suche nach einer Pflanze sind, die Kraft und Ertrag vereint, sind Sie hier genau richtig!<\/p>\n<p>Peach Sherbert OG ist eine Indica-dominante Hybride, die sich durch ihre Robustheit und Produktivit\u00e4t auszeichnet. Stellen Sie sich dichte, ultra-klebrige Bl\u00fcten vor, die mit einem glitzernden Harz \u00fcberzogen sind, das fast zu sch\u00f6n erscheint, um wahr zu sein. Diese Buds sind perfekt f\u00fcr alle, die gerne l\u00f6sungsmittelfreie Extraktionen durchf\u00fchren, da sie voller Terpene stecken, die Ihren Konzentraten einen unvergesslichen Geschmack verleihen werden. Sie sind ein wahrer Schatz f\u00fcr Cannabisliebhaber, die nach einem reichen und intensiven Geschmackserlebnis suchen.<\/p>\n<p>Um das Potenzial dieser Sorte zu maximieren, sollten Sie sie vor der Bl\u00fcte ein oder zwei Mal beschneiden. Dadurch kann sich die Peach Sherbert OG zu einem \u00fcppigen Busch entwickeln, der mit wundersch\u00f6nen violetten Bl\u00fcten gef\u00fcllt ist, die Ihre Augen zum Staunen bringen werden. In nur 9 Wochen k\u00f6nnen Sie das Ergebnis Ihrer Bem\u00fchungen bewundern, mit Buds, die fast zu perfekt erscheinen, um geerntet zu werden. Es ist, als w\u00e4re jede Pflanze ein lebendes Kunstwerk, das darauf wartet, gefeiert zu werden!<\/p>\n<p>Das Aroma von Peach Sherbert OG ist ein wahres Fest f\u00fcr die Sinne. Mit den kr\u00e4ftigen Terpenen von OG, gemischt mit frischen Noten von leicht reifem Pfirsich, ist jede Inhalation eine Geschmacksexplosion, die Sie in einen sonnigen Obstgarten entf\u00fchrt. Egal, ob Sie diese Sorte als Bl\u00fcte oder als Extrakt genie\u00dfen, Sie werden von ihrem k\u00f6stlichen Geschmack und ihrer berauschenden Kraft \u00fcberw\u00e4ltigt sein.<\/p>\n<p>Zusammenfassend l\u00e4sst sich sagen, dass Peach Sherbert OG eine unverzichtbare Sorte f\u00fcr alle ist, die OG-Power und gro\u00dfz\u00fcgige Ertr\u00e4ge zu sch\u00e4tzen wissen. Egal, ob Sie ein erfahrener Z\u00fcchter oder ein begeisterter Neuling sind, diese Pflanze wird Sie mit ihrer Sch\u00f6nheit, ihrer Robustheit und ihren bet\u00f6renden Aromen begeistern. Warten Sie also nicht l\u00e4nger, sondern holen Sie die Peach Sherbert OG in Ihren Garten und entdecken Sie, was sie alles zu bieten hat!<\/p>\n<p><strong>Feminisierte Samen<\/strong><br \/>\n<strong>Paket<\/strong> : 6+3 freebie Samen (LH2P) (9)<br \/>\n<strong>Breeder<\/strong> : Perfect Tree<br \/>\n<strong>Name<\/strong> : Peach Sherbert Og<br \/>\n<strong>Kreuzung<\/strong> : Falcon 9 x Peach Ozz<br \/>\n<strong>Ertrag<\/strong> : Mittel bis hoch<br \/>\n<strong>Genetik<\/strong> : Indica-dominierte Hybride<br \/>\n<strong>Bl\u00fctezeit<\/strong> : 56-60 Tage<br \/>\n<strong>Geschmack<\/strong> : OG Kosten und Gas<br \/>\n<strong>Erfahrung<\/strong> : Starke Indica-Power<\/p>\n<p><em>Warnhinweis: Der Besitz und das Sammeln von Samen ist in Frankreich erlaubt. Diese Samen d\u00fcrfen nicht f\u00fcr andere Zwecke verwendet werden als die, die nach dem Recht Ihres Landes zul\u00e4ssig sind. Das Keimen und der Verkauf an Minderj\u00e4hrige sind strengstens untersagt. AAASeedz kann nicht haftbar gemacht werden, wenn die Gesetze des Landes, in dem Sie leben, nicht eingehalten werden.<\/em><\/p>","protected":false},"excerpt":{"rendered":"<p>D\u00e9couvrez la Peach Sherbert OG de Perfect Tree, une vari\u00e9t\u00e9 qui a brillamment remport\u00e9 la 2\u00e8me place \u00e0 la Canna<\/p>","protected":false},"featured_media":12353,"template":"","meta":[],"product_brand":[],"product_cat":[70],"product_tag":[315,77,293,314,278],"class_list":{"0":"post-10744","1":"product","2":"type-product","3":"status-publish","4":"has-post-thumbnail","6":"product_cat-feminisees","7":"product_tag-falcon-9","8":"product_tag-feminisee","9":"product_tag-peach-ozz","10":"product_tag-peach-sherbert-og","11":"product_tag-perfect-tree","13":"first","14":"instock","15":"shipping-taxable","16":"purchasable","17":"product-type-simple"},"jetpack_sharing_enabled":true,"_links":{"self":[{"href":"https:\/\/www.aaaseedz.com\/de\/wp-json\/wp\/v2\/product\/10744","targetHints":{"allow":["GET"]}}],"collection":[{"href":"https:\/\/www.aaaseedz.com\/de\/wp-json\/wp\/v2\/product"}],"about":[{"href":"https:\/\/www.aaaseedz.com\/de\/wp-json\/wp\/v2\/types\/product"}],"wp:featuredmedia":[{"embeddable":true,"href":"https:\/\/www.aaaseedz.com\/de\/wp-json\/wp\/v2\/media\/12353"}],"wp:attachment":[{"href":"https:\/\/www.aaaseedz.com\/de\/wp-json\/wp\/v2\/media?parent=10744"}],"wp:term":[{"taxonomy":"product_brand","embeddable":true,"href":"https:\/\/www.aaaseedz.com\/de\/wp-json\/wp\/v2\/product_brand?post=10744"},{"taxonomy":"product_cat","embeddable":true,"href":"https:\/\/www.aaaseedz.com\/de\/wp-json\/wp\/v2\/product_cat?post=10744"},{"taxonomy":"product_tag","embeddable":true,"href":"https:\/\/www.aaaseedz.com\/de\/wp-json\/wp\/v2\/product_tag?post=10744"}],"curies":[{"name":"wp","href":"https:\/\/api.w.org\/{rel}","templated":true}]}}