{"id":10745,"date":"2024-05-05T16:37:21","date_gmt":"2024-05-05T14:37:21","guid":{"rendered":"https:\/\/www.aaaseedz.com\/?post_type=product&#038;p=10745"},"modified":"2025-06-11T17:10:35","modified_gmt":"2025-06-11T15:10:35","slug":"perfect-tree-tropicozz-2","status":"publish","type":"product","link":"https:\/\/www.aaaseedz.com\/de\/produit\/perfect-tree-tropicozz-2\/","title":{"rendered":"Tropic'Ozz - Perfect Tree"},"content":{"rendered":"<p>Als Liebhaber sch\u00f6ner Pflanzen werden wir in die berauschende Welt von Tropic'Ozz von Prefect Tree eintauchen, dem Superstar des Gartens, der 2023 in Brasilien f\u00fcr Furore sorgte! Mit einem 3. Platz beim Wettbewerb Cannabis in Brazil und einem unglaublichen 1. Platz bei der Publikumswahl hat diese Sorte die Herzen und Gaumen erobert. Wenn Sie eine Pflanze suchen, die einfachen Anbau, au\u00dfergew\u00f6hnliche Harzproduktion und einen Geschmack, der Ihnen das Wasser im Mund zusammenlaufen l\u00e4sst, vereint, dann suchen Sie nicht weiter!<\/p>\n<p>Tropic'Ozz ist das Ergebnis einer explosiven Verbindung zwischen der Tropicanna Cherry von Relentless Genetics und der Peach Ozz von Dying Breed Seeds. Stellen Sie sich vor, dass sich zwei Cannabis-Giganten zusammenschlie\u00dfen, um eine beeindruckende Pflanze zu erschaffen, die sowohl sch\u00f6n als auch gro\u00dfz\u00fcgig ist. Diese Sorte ist so einfach zu kultivieren, dass selbst Anf\u00e4nger ohne Bedenken loslegen k\u00f6nnen. Innerhalb weniger Wochen werden Sie sehen, wie sich Ihre Pflanzen in wahre Kunstwerke verwandeln, die vor glitzerndem Harz strotzen und Ihre Z\u00fcchterfreunde vor Neid erblassen lassen.<\/p>\n<p>Aber das ist noch nicht alles! Was Tropic'Ozz wirklich einzigartig macht, ist sein fesselndes Terpenprofil. Denken Sie an ein k\u00fcnstliches Bonbon oder einen Kaugummi mit tropischem Geschmack, der Sie direkt an einen sonnigen Strand bringt. Jeder Zug ist eine Explosion von s\u00fc\u00dfen Aromen, die Ihre Geschmacksknospen kitzeln und Sie an den Sommerurlaub erinnern. Es ist, als w\u00fcrden Sie in eine saftige Frucht bei\u00dfen und gleichzeitig ein Bonbon genie\u00dfen - ein wahrer Genuss f\u00fcr die Sinne!<\/p>\n<p>Und was soll man \u00fcber seine Wirkung sagen? Tropic'Ozz bietet eine sanfte und ausgewogene Erfahrung, die perfekt f\u00fcr den Tag ist. Egal, ob Sie arbeiten, mit Freunden entspannen oder einen sch\u00f6nen sonnigen Tag genie\u00dfen, diese Sorte ist Ihr idealer Verb\u00fcndeter. Sie gibt Ihnen ein gutes Gef\u00fchl, ohne Sie zu erschlagen, so dass Sie aktiv und konzentriert bleiben und jeden Moment genie\u00dfen k\u00f6nnen.<\/p>\n<p>Zusammenfassend l\u00e4sst sich sagen, dass Tropic'Ozz alles richtig macht: Sie ist kr\u00e4ftig, gro\u00dfz\u00fcgig und schmackhaft! Egal, ob Sie ein erfahrener Z\u00fcchter oder ein begeisterter Neuling sind, diese Sorte verdient einen Ehrenplatz in Ihrem Garten. Mit ihrem beeindruckenden Aussehen, ihrem unwiderstehlichen Geschmack und ihrer ausgewogenen Wirkung ist Tropic'Ozz der aufstrebende Star unter den Cannabis-Sorten, der auch Sie begeistern wird. Machen Sie sich also bereit, mit diesem Gartenwunder Sonne und tropische Aromen zu tanken!<\/p>\n<p><strong>Feminisierte Samen<\/strong><br \/>\n<strong>Paket<\/strong> : 6+3 freebie Samen (LH2P) (9)<br \/>\n<strong>Breeder<\/strong> : Perfect Tree<br \/>\n<strong>Name<\/strong> : Tropic'Ozz<br \/>\n<strong>Kreuzung<\/strong> : Tropicanna Cherry x Peach Ozz<br \/>\n<strong>Ertrag<\/strong> : Mittel bis hoch<br \/>\n<strong>Genetik<\/strong> : Hybride<br \/>\n<strong>Bl\u00fctezeit<\/strong> : 56-60 Tage<br \/>\n<strong>Geschmack<\/strong> : Tropisch<br \/>\n<strong>Erfahrung<\/strong> : Sanft, ideal f\u00fcr den Tag<\/p>\n<p><em>Warnhinweis: Der Besitz und das Sammeln von Samen ist in Frankreich erlaubt. Diese Samen d\u00fcrfen nicht f\u00fcr andere Zwecke verwendet werden als die, die nach dem Recht Ihres Landes zul\u00e4ssig sind. Das Keimen und der Verkauf an Minderj\u00e4hrige sind strengstens untersagt. AAASeedz kann nicht haftbar gemacht werden, wenn die Gesetze des Landes, in dem Sie leben, nicht eingehalten werden.<\/em><\/p>","protected":false},"excerpt":{"rendered":"<p>Amateurs de belles plantes, nous allons plonger dans l&rsquo;univers enivrant de Tropic\u2019Ozz de Prefect Tree, la superstar du jardin qui<\/p>","protected":false},"featured_media":12365,"template":"","meta":[],"product_brand":[],"product_cat":[70],"product_tag":[77,293,278,316,317],"class_list":{"0":"post-10745","1":"product","2":"type-product","3":"status-publish","4":"has-post-thumbnail","6":"product_cat-feminisees","7":"product_tag-feminisee","8":"product_tag-peach-ozz","9":"product_tag-perfect-tree","10":"product_tag-tropicozz","11":"product_tag-tropicanna-cherry","13":"first","14":"instock","15":"shipping-taxable","16":"purchasable","17":"product-type-simple"},"jetpack_sharing_enabled":true,"_links":{"self":[{"href":"https:\/\/www.aaaseedz.com\/de\/wp-json\/wp\/v2\/product\/10745","targetHints":{"allow":["GET"]}}],"collection":[{"href":"https:\/\/www.aaaseedz.com\/de\/wp-json\/wp\/v2\/product"}],"about":[{"href":"https:\/\/www.aaaseedz.com\/de\/wp-json\/wp\/v2\/types\/product"}],"wp:featuredmedia":[{"embeddable":true,"href":"https:\/\/www.aaaseedz.com\/de\/wp-json\/wp\/v2\/media\/12365"}],"wp:attachment":[{"href":"https:\/\/www.aaaseedz.com\/de\/wp-json\/wp\/v2\/media?parent=10745"}],"wp:term":[{"taxonomy":"product_brand","embeddable":true,"href":"https:\/\/www.aaaseedz.com\/de\/wp-json\/wp\/v2\/product_brand?post=10745"},{"taxonomy":"product_cat","embeddable":true,"href":"https:\/\/www.aaaseedz.com\/de\/wp-json\/wp\/v2\/product_cat?post=10745"},{"taxonomy":"product_tag","embeddable":true,"href":"https:\/\/www.aaaseedz.com\/de\/wp-json\/wp\/v2\/product_tag?post=10745"}],"curies":[{"name":"wp","href":"https:\/\/api.w.org\/{rel}","templated":true}]}}