{"id":10747,"date":"2024-05-05T16:40:57","date_gmt":"2024-05-05T14:40:57","guid":{"rendered":"https:\/\/www.aaaseedz.com\/?post_type=product&#038;p=10747"},"modified":"2025-06-11T16:28:02","modified_gmt":"2025-06-11T14:28:02","slug":"perfect-tree-lemon-coconut-fatbomb-2","status":"publish","type":"product","link":"https:\/\/www.aaaseedz.com\/de\/produit\/perfect-tree-lemon-coconut-fatbomb-2\/","title":{"rendered":"Lemon Coconut Fatbomb - Perfect Tree"},"content":{"rendered":"<p>Die Lemon Coconut Fat Bomb von Perfect Tree, eine Sorte, die Ihre Geschmacksknospen explodieren l\u00e4sst und Ihren Garten belebt! Stellen Sie sich eine perfekte Mischung aus der s\u00e4uerlichen Frische von Lemon Curd und der cremigen S\u00fc\u00dfe von Coco Milk vor. Es ist, als h\u00e4tten Sie ein Zitronensorbet in Ihrem Garten, das bereit ist, Sie mit jedem Atemzug zu erfrischen! Dieses kleine Hybridwunder kombiniert zitronige, gasf\u00f6rmige Terpene mit s\u00fc\u00dfen, cremigen Noten und schafft so ein Geschmackserlebnis, das Ihnen bei jedem Einatmen ein L\u00e4cheln ins Gesicht zaubern wird. Einige Ph\u00e4notypen sind eher gasf\u00f6rmig, w\u00e4hrend andere Ihnen eine unwiderstehliche S\u00fc\u00dfe bieten. Es erwartet Sie ein wahres Geschmacksfest!<\/p>\n<p>Die Lemon Coconut Fat Bomb ist ebenfalls ein Traum, den man anbauen kann. Man muss kein Gartenexperte sein, um mit dieser Sch\u00f6nheit Erfolg zu haben. Sie ist pflegeleicht und muss nicht kompliziert beschnitten werden, was sie zu einer idealen Option f\u00fcr alle macht, die einen stressfreien Anbauprozess bevorzugen. Mit ihrer bescheidenen Gr\u00f6\u00dfe passt sie perfekt in jeden Anbauraum, sei es eine kleine Ecke in Ihrem Garten oder ein dedizierter Schrank. Sie k\u00f6nnen ihr Wachstum genie\u00dfen, ohne sich Gedanken \u00fcber Beschneidung oder komplizierte Spaliertechniken machen zu m\u00fcssen.<\/p>\n<p>Und lassen Sie uns \u00fcber die Ertr\u00e4ge sprechen! Wenn Sie sich an die guten Anbaupraktiken halten, wird die Lemon Coconut Fat Bomb Sie mit gro\u00dfz\u00fcgigen Ernten von klebrigen Knospen belohnen. Diese Knospen verstr\u00f6men bet\u00f6rende Aromen von Zitrone und S\u00fc\u00dfe und schaffen eine olfaktorische Atmosph\u00e4re, die Ihre Sinne verw\u00f6hnen wird. W\u00e4hrend der Bl\u00fctezeit k\u00f6nnen Sie sich auf ein unglaubliches visuelles Spektakel gefasst machen, denn diese Sorte zeigt leuchtende Farben, die Ihren Garten zum Leuchten bringen. Es ist, als w\u00e4re jede Pflanze ein kleines Kunstwerk, das Ihrem Raum einen Hauch von Magie verleiht.<\/p>\n<p>Zusammenfassend l\u00e4sst sich sagen, dass die Lemon Coconut Fat Bomb weit mehr als nur eine Cannabissorte ist. Sie ist ein komplettes sensorisches Erlebnis, das k\u00f6stliche Aromen, einfache Kultivierung und beeindruckende Ertr\u00e4ge vereint. Egal, ob Sie ein erfahrener Grower oder ein begeisterter Neuling sind, diese Sorte ist ein absolutes Muss und wird Ihrem Garten einen Hauch von Frische und Genuss verleihen. Machen Sie sich also bereit, jeden Moment mit der Lemon Coconut Fat Bomb zu genie\u00dfen und lassen Sie sich von ihrem unwiderstehlichen Charme mitrei\u00dfen!<\/p>\n<p><strong>Feminisierte Samen<\/strong><br \/>\n<strong>Paket<\/strong> : 6+3 Freebie-Samen (Coco Milk S1) (9)<br \/>\n<strong>Breeder<\/strong> : Perfect Tree<br \/>\n<strong>Name<\/strong> : Lemon Coconut Fatbomb<br \/>\n<strong>Kreuzung<\/strong> : Lemon Curd x Coco Milk<br \/>\n<strong>Ertrag<\/strong> : Mittel bis hoch<br \/>\n<strong>Genetik<\/strong> : Hybride<br \/>\n<strong>Bl\u00fctezeit<\/strong> : 56-60 Tage<br \/>\n<strong>Geschmack<\/strong> : Frisch und cremig von Zitrusfr\u00fcchten<br \/>\n<strong>Erfahrung<\/strong> : Entspannend<\/p>\n<p><em>Warnhinweis: Der Besitz und das Sammeln von Samen ist in Frankreich erlaubt. Diese Samen d\u00fcrfen nicht f\u00fcr andere Zwecke verwendet werden als die, die nach dem Recht Ihres Landes zul\u00e4ssig sind. Das Keimen und der Verkauf an Minderj\u00e4hrige sind strengstens untersagt. AAASeedz kann nicht haftbar gemacht werden, wenn die Gesetze des Landes, in dem Sie leben, nicht eingehalten werden.<\/em><\/p>","protected":false},"excerpt":{"rendered":"<p>La Lemon Coconut Fat Bomb de Perfect Tree, une vari\u00e9t\u00e9 qui va faire exploser vos papilles et \u00e9gayer votre jardin<\/p>","protected":false},"featured_media":12339,"template":"","meta":[],"product_brand":[],"product_cat":[70],"product_tag":[321,77,320,286,278],"class_list":{"0":"post-10747","1":"product","2":"type-product","3":"status-publish","4":"has-post-thumbnail","6":"product_cat-feminisees","7":"product_tag-coco-milk","8":"product_tag-feminisee","9":"product_tag-lemon-coconut-fatbomb","10":"product_tag-lemon-curd","11":"product_tag-perfect-tree","13":"first","14":"instock","15":"shipping-taxable","16":"purchasable","17":"product-type-simple"},"jetpack_sharing_enabled":true,"_links":{"self":[{"href":"https:\/\/www.aaaseedz.com\/de\/wp-json\/wp\/v2\/product\/10747","targetHints":{"allow":["GET"]}}],"collection":[{"href":"https:\/\/www.aaaseedz.com\/de\/wp-json\/wp\/v2\/product"}],"about":[{"href":"https:\/\/www.aaaseedz.com\/de\/wp-json\/wp\/v2\/types\/product"}],"wp:featuredmedia":[{"embeddable":true,"href":"https:\/\/www.aaaseedz.com\/de\/wp-json\/wp\/v2\/media\/12339"}],"wp:attachment":[{"href":"https:\/\/www.aaaseedz.com\/de\/wp-json\/wp\/v2\/media?parent=10747"}],"wp:term":[{"taxonomy":"product_brand","embeddable":true,"href":"https:\/\/www.aaaseedz.com\/de\/wp-json\/wp\/v2\/product_brand?post=10747"},{"taxonomy":"product_cat","embeddable":true,"href":"https:\/\/www.aaaseedz.com\/de\/wp-json\/wp\/v2\/product_cat?post=10747"},{"taxonomy":"product_tag","embeddable":true,"href":"https:\/\/www.aaaseedz.com\/de\/wp-json\/wp\/v2\/product_tag?post=10747"}],"curies":[{"name":"wp","href":"https:\/\/api.w.org\/{rel}","templated":true}]}}