{"id":11696,"date":"2024-05-21T15:35:45","date_gmt":"2024-05-21T13:35:45","guid":{"rendered":"https:\/\/www.aaaseedz.com\/?post_type=product&#038;p=11696"},"modified":"2026-01-18T07:56:22","modified_gmt":"2026-01-18T06:56:22","slug":"perfect-tree-coconut-chalice-2","status":"publish","type":"product","link":"https:\/\/www.aaaseedz.com\/de\/produit\/perfect-tree-coconut-chalice-2\/","title":{"rendered":"Coconut Chalice - Perfect Tree"},"content":{"rendered":"<p>Die Coconut Chalice von Perfect Tree ist dabei, Ihnen ein unvergessliches Erlebnis zu bescheren! Dieser sensationelle Hybrid ist das Ergebnis einer gewagten Kombination aus dem ber\u00fchmten Gelato #41, auch bekannt unter dem s\u00fc\u00dfen Namen Bacio Gelato, und der cremigen Coco Milk. Stellen Sie sich eine Fusion vor, die das Beste aus zwei Welten vereint: die Reichhaltigkeit der Gelato und die S\u00fc\u00dfe der Kokosnuss. Mit ihren kurzen Internodien produziert diese Sorte nicht nur Knospen, sondern schenkt Ihnen auch wahre Kunstwerke, die wie Baseballschl\u00e4ger aussehen und bereit sind, alle K\u00f6pfe in Ihrem Garten zu verdrehen!<\/p>\n<p>Die Coconut Chalice ist ein wahrer Genuss f\u00fcr jeden Grower, egal ob Anf\u00e4nger oder Experte. Ihre einfache Kultivierung macht sie zur idealen Wahl f\u00fcr alle, die sich in das Abenteuer des Cannabis-G\u00e4rtnerns st\u00fcrzen wollen. Man muss kein Botanik-Experte sein, um mit dieser Sch\u00f6nheit Erfolg zu haben! Mit ihren kompakten Internodien bildet sie unglaublich dichte Bl\u00fcten, die mit glitzernden Trichomen gl\u00e4nzen. Sie werden begeistert sein, wie sich diese Knospen entwickeln und violette Farbt\u00f6ne zeigen, die an die sch\u00f6nsten Sommerabende erinnern.<\/p>\n<p>Und lassen Sie uns ein wenig \u00fcber die Bl\u00fctezeit sprechen! Die Coconut Chalice l\u00e4sst Sie nicht allzu lange schmachten. In nur 8 kurzen Wochen sind Sie bereit, Ihre Sch\u00e4tze zu ernten. Das ist perfekt f\u00fcr diejenigen, die nicht die Geduld haben, monatelang zu warten, um ihre Bem\u00fchungen zu genie\u00dfen. Sie werden die Schnelligkeit lieben, mit der diese Sorte Sie belohnt, w\u00e4hrend sie gleichzeitig eine hervorragende Qualit\u00e4t beibeh\u00e4lt.<\/p>\n<p>Aber das ist noch nicht alles! Das Aroma der Coconut Chalice ist eine wahre Explosion der Sinne. W\u00e4hrend die Pflanze reift, verstr\u00f6mt sie berauschende D\u00fcfte, die die Luft mit einer fesselnden Intensit\u00e4t erf\u00fcllen. Die s\u00fc\u00dfen Noten von Gelato vermischen sich mit der cremigen S\u00fc\u00dfe von Coco Milk und schaffen eine Duftsymphonie, die Ihnen das Wasser im Munde zusammenlaufen l\u00e4sst. Jeder Tag bis zur Ernte wird Ihnen wie eine Ewigkeit vorkommen, so stark ist die Vorfreude auf diese k\u00f6stlichen Aromen!<\/p>\n<p>Zusammenfassend l\u00e4sst sich sagen, dass Coconut Chalice weit mehr als nur eine Cannabissorte ist. Sie ist ein geschmackliches und olfaktorisches Abenteuer, das Sie in eine Welt voller K\u00f6stlichkeiten entf\u00fchrt. Ob Sie nun ein angehender Z\u00fcchter oder ein Gartenprofi sind, diese Pflanze ist ein absolutes Muss und wird Ihrem Garten einen Hauch von Magie verleihen. Bereiten Sie sich also darauf vor, jeden Moment mit der Coconut Chalice zu genie\u00dfen und lassen Sie sich von ihrem unwiderstehlichen Charme mitrei\u00dfen!<\/p>\n<p><strong>Feminisierte Samen<\/strong><br \/>\n<strong>Paket<\/strong> : 6+3 Freebie-Samen (Coco Milk S1) (9)<br \/>\n<strong>Breeder<\/strong> : Perfect Tree<br \/>\n<strong>Name<\/strong> : Coconut Chalice<br \/>\n<strong>Kreuzung<\/strong> : Gelato #41 x Coco Milk<br \/>\n<strong>Ertrag<\/strong> : Mittel bis hoch<br \/>\n<strong>Genetik<\/strong> : Indica-dominierte Hybride<br \/>\n<strong>Bl\u00fctezeit<\/strong> : 56-60 Tage<br \/>\n<strong>Geschmack<\/strong> : Gelato, Cream<br \/>\n<strong>Erfahrung<\/strong> : Entspannend<\/p>\n<p><em><u>Warnung<\/u> : Der Besitz und das Sammeln von Samen sind in Frankreich erlaubt. Diese Samen d\u00fcrfen nicht f\u00fcr andere Zwecke verwendet werden als die, die nach dem Recht Ihres Landes zul\u00e4ssig sind. Das Keimen und der Verkauf an Minderj\u00e4hrige sind strengstens untersagt. AAASeedz kann nicht haftbar gemacht werden, wenn die Gesetze des Landes, in dem Sie leben, nicht eingehalten werden.<\/em><\/p>","protected":false},"excerpt":{"rendered":"<p>La Coconut Chalice de Perfect Tree est sur le point de vous faire vivre une exp\u00e9rience inoubliable ! Cet hybride<\/p>","protected":false},"featured_media":12329,"template":"","meta":[],"product_brand":[],"product_cat":[70],"product_tag":[321,393,77,394,278],"class_list":{"0":"post-11696","1":"product","2":"type-product","3":"status-publish","4":"has-post-thumbnail","6":"product_cat-feminisees","7":"product_tag-coco-milk","8":"product_tag-coconut-chalice","9":"product_tag-feminisee","10":"product_tag-gelato-41","11":"product_tag-perfect-tree","13":"first","14":"instock","15":"shipping-taxable","16":"purchasable","17":"product-type-simple"},"jetpack_sharing_enabled":true,"_links":{"self":[{"href":"https:\/\/www.aaaseedz.com\/de\/wp-json\/wp\/v2\/product\/11696","targetHints":{"allow":["GET"]}}],"collection":[{"href":"https:\/\/www.aaaseedz.com\/de\/wp-json\/wp\/v2\/product"}],"about":[{"href":"https:\/\/www.aaaseedz.com\/de\/wp-json\/wp\/v2\/types\/product"}],"wp:featuredmedia":[{"embeddable":true,"href":"https:\/\/www.aaaseedz.com\/de\/wp-json\/wp\/v2\/media\/12329"}],"wp:attachment":[{"href":"https:\/\/www.aaaseedz.com\/de\/wp-json\/wp\/v2\/media?parent=11696"}],"wp:term":[{"taxonomy":"product_brand","embeddable":true,"href":"https:\/\/www.aaaseedz.com\/de\/wp-json\/wp\/v2\/product_brand?post=11696"},{"taxonomy":"product_cat","embeddable":true,"href":"https:\/\/www.aaaseedz.com\/de\/wp-json\/wp\/v2\/product_cat?post=11696"},{"taxonomy":"product_tag","embeddable":true,"href":"https:\/\/www.aaaseedz.com\/de\/wp-json\/wp\/v2\/product_tag?post=11696"}],"curies":[{"name":"wp","href":"https:\/\/api.w.org\/{rel}","templated":true}]}}