{"id":11711,"date":"2024-05-23T16:42:03","date_gmt":"2024-05-23T14:42:03","guid":{"rendered":"https:\/\/www.aaaseedz.com\/?post_type=product&#038;p=11711"},"modified":"2025-06-10T17:16:20","modified_gmt":"2025-06-10T15:16:20","slug":"perfect-tree-cherrytini-s1","status":"publish","type":"product","link":"https:\/\/www.aaaseedz.com\/de\/produit\/perfect-tree-cherrytini-s1-2\/","title":{"rendered":"CherryTini S1 - Perfect Tree"},"content":{"rendered":"<p>Die Cherrytini S1 von Perfect Tree ist eine Sorte, die Ihre Geschmacksknospen zum Tanzen bringen und Ihre Sinne entflammen wird! Stellen Sie sich eine sanfte Brise vor, die nach saftigen Kirschen duftet, gemischt mit kr\u00e4ftigen Noten von Gas, die Sie an die besten Sommerabende erinnern. Cherrytini ist einfach ein Muss f\u00fcr alle Cannabisliebhaber, die s\u00fc\u00dfe und fruchtige Aromen lieben.<\/p>\n<p>Dieses kleine Wunderwerk ist das Ergebnis einer gewagten Kreuzung zwischen zwei Cherrytini-Ph\u00e4notypen, was sie zu einer Hybride macht, der es an Charakter nicht mangelt. In nur 8 Wochen Bl\u00fctezeit werden Sie mit dichten, harzigen Knospen belohnt, die im Licht glitzern. Egal, ob Sie ein erfahrener Grower oder ein begeisterter Neuling sind, diese Sorte ist einfach zu kultivieren und verspricht Ihnen einen mittleren bis hohen Ertrag. Sie werden es lieben zu sehen, wie Ihre Pflanzen gedeihen und sich in wahre botanische Kunstwerke verwandeln!<\/p>\n<p>Die Cherrytini S1 ist das Ergebnis unserer Leidenschaft f\u00fcr das Experimentieren. Wir begannen mit unseren Cherry Noir-Selektionen von Aficionado Mendocino, die von unserem m\u00e4nnlichen Jet A best\u00e4ubt wurden. F\u00fcr diese S1-Version beschlossen wir, unseren besten Ph\u00e4notyp mit sich selbst zu kreuzen, und die Ergebnisse waren schlichtweg atemberaubend! Jeder Zug an dieser Sorte entf\u00fchrt Sie in eine Welt fruchtiger K\u00f6stlichkeiten, in der sich der bet\u00f6rende Duft von Kirschbonbons mit Gasnoten vermischt, die dem Erlebnis eine unglaubliche Tiefe verleihen.<\/p>\n<p>Was den Geschmack angeht, k\u00f6nnen Sie sich auf ein wahres Fest f\u00fcr Ihre Geschmacksknospen freuen! Cherrytini S1 bietet eine Geschmacksexplosion mit Nuancen von S\u00fc\u00dfkirsche, die Sie an die S\u00fc\u00dfigkeiten Ihrer Kindheit erinnern werden, und wird gleichzeitig durch diesen Hauch von Gas verfeinert, der ihm einen einzigartigen Charakter verleiht. Es ist eine Kombination, die Liebhaber von s\u00fc\u00dfen und fruchtigen Bl\u00fcten mit Sicherheit verf\u00fchren wird.<\/p>\n<p>Aber das ist noch nicht alles! Die Erfahrung, die du mit Cherrytini S1 machst, ist ebenso unvergesslich. Mit ihrer starken narkotischen Wirkung h\u00fcllt dich diese Sorte in ein Gef\u00fchl der tiefen Entspannung, perfekt um nach einem langen Tag abzuschalten. Du wirst dich leicht und gl\u00fccklich f\u00fchlen und bereit sein, jeden Moment zu genie\u00dfen.<\/p>\n<p>Zusammenfassend l\u00e4sst sich sagen, dass die Cherrytini S1 mehr als nur eine Cannabissorte ist. Sie ist ein sensorisches Abenteuer, das k\u00f6stliche Aromen, einfache Kultivierung und starke Effekte vereint. Ob Sie nun ein leidenschaftlicher Z\u00fcchter oder ein neugieriger Amateur sind, diese Pflanze ist ein absolutes Muss und wird Ihrem Garten einen Hauch von Magie verleihen. Machen Sie sich also bereit, jeden Moment mit der Cherrytini S1 zu genie\u00dfen und lassen Sie sich von ihrem unwiderstehlichen Charme mitrei\u00dfen!<\/p>\n<p><strong>Feminisierte Samen<\/strong><br \/>\n<strong>Paket<\/strong> : 6+3 Samen freebie (Frozini) (9)<br \/>\n<strong>Breeder<\/strong> : Perfect Tree<br \/>\n<strong>Name<\/strong> : CherryTini S1<br \/>\n<strong>Kreuzung<\/strong> : CherryTini x CherryTini<br \/>\n<strong>Ertrag<\/strong> : Mittel bis hoch<br \/>\n<strong>Genetik<\/strong> : Hybride<br \/>\n<strong>Bl\u00fctezeit<\/strong> : 56-60 Tage<br \/>\n<strong>Geschmack<\/strong> : Kirschbonbon - Starkes Gas<br \/>\n<strong>Erfahrung<\/strong> : Starke narkotische Wirkung<\/p>\n<p><em><u>Warnung<\/u> : Der Besitz und das Sammeln von Samen sind in Frankreich erlaubt. Diese Samen d\u00fcrfen nicht f\u00fcr andere Zwecke verwendet werden als die, die nach dem Recht Ihres Landes zul\u00e4ssig sind. Das Keimen und der Verkauf an Minderj\u00e4hrige sind strengstens untersagt. AAASeedz kann nicht haftbar gemacht werden, wenn die Gesetze des Landes, in dem Sie leben, nicht eingehalten werden.<\/em><\/p>","protected":false},"excerpt":{"rendered":"<p>La Cherrytini S1 de Perfect Tree, est une vari\u00e9t\u00e9 qui va faire danser vos papilles et enflammer vos sens !<\/p>","protected":false},"featured_media":12327,"template":"","meta":[],"product_brand":[],"product_cat":[70],"product_tag":[398,401,77,278],"class_list":{"0":"post-11711","1":"product","2":"type-product","3":"status-publish","4":"has-post-thumbnail","6":"product_cat-feminisees","7":"product_tag-cherrytini","8":"product_tag-cherrytini-s1","9":"product_tag-feminisee","10":"product_tag-perfect-tree","12":"first","13":"instock","14":"shipping-taxable","15":"purchasable","16":"product-type-simple"},"jetpack_sharing_enabled":true,"_links":{"self":[{"href":"https:\/\/www.aaaseedz.com\/de\/wp-json\/wp\/v2\/product\/11711","targetHints":{"allow":["GET"]}}],"collection":[{"href":"https:\/\/www.aaaseedz.com\/de\/wp-json\/wp\/v2\/product"}],"about":[{"href":"https:\/\/www.aaaseedz.com\/de\/wp-json\/wp\/v2\/types\/product"}],"wp:featuredmedia":[{"embeddable":true,"href":"https:\/\/www.aaaseedz.com\/de\/wp-json\/wp\/v2\/media\/12327"}],"wp:attachment":[{"href":"https:\/\/www.aaaseedz.com\/de\/wp-json\/wp\/v2\/media?parent=11711"}],"wp:term":[{"taxonomy":"product_brand","embeddable":true,"href":"https:\/\/www.aaaseedz.com\/de\/wp-json\/wp\/v2\/product_brand?post=11711"},{"taxonomy":"product_cat","embeddable":true,"href":"https:\/\/www.aaaseedz.com\/de\/wp-json\/wp\/v2\/product_cat?post=11711"},{"taxonomy":"product_tag","embeddable":true,"href":"https:\/\/www.aaaseedz.com\/de\/wp-json\/wp\/v2\/product_tag?post=11711"}],"curies":[{"name":"wp","href":"https:\/\/api.w.org\/{rel}","templated":true}]}}