{"id":12490,"date":"2025-03-20T14:01:39","date_gmt":"2025-03-20T13:01:39","guid":{"rendered":"https:\/\/www.aaaseedz.com\/?post_type=product&#038;p=12490"},"modified":"2025-03-20T15:03:34","modified_gmt":"2025-03-20T14:03:34","slug":"zahemi-perfect-tree","status":"publish","type":"product","link":"https:\/\/www.aaaseedz.com\/de\/produit\/zahemi-perfect-tree\/","title":{"rendered":"Zahemi - Perfect Tree"},"content":{"rendered":"<p>Zahemi, die ideale Pflanze f\u00fcr Anf\u00e4nger und Liebhaber von fruchtigen Aromen. Wenn Sie auf der Suche nach einer Cannabissorte sind, die einfachen Anbau, exquisite Aromen und starke Effekte vereint, dann suchen Sie nicht weiter als Zahemi. Diese Kreuzung aus Yahemi und Za\u00ef Za\u00ef ist ein echtes Nugget f\u00fcr Z\u00fcchter, egal ob Anf\u00e4nger oder erfahrener Z\u00fcchter. Mit ihren einzigartigen Eigenschaften und ihrem unvergesslichen Geschmack verdient Zahemi einen Ehrenplatz in Ihrem Garten.<\/p>\n<p>Zahemi ist das Ergebnis einer sorgf\u00e4ltig ausgearbeiteten Kreuzung zwischen unserer Yahemi-Auswahl von Grandiflora Genetics und dem m\u00e4nnlichen Za\u00ef Za\u00ef. Diese genetische Mischung bringt einen Reichtum an Geschmack und Wirkung mit sich, der Cannabis-Liebhaber begeistern wird. Indem sie die Eigenschaften der Melonata-Linie erbt, f\u00fcgt Zahemi auch die fruchtigen und s\u00fc\u00dfen Terpene von Zkittlez hinzu und schafft so ein einzigartiges Geschmackserlebnis.<\/p>\n<p>Einer der bemerkenswertesten Aspekte von Zahemi ist sein Geschmack. Stellen Sie sich eine s\u00fc\u00dfe Grapefruit auf einem Regenbogen vor, eine Explosion von Aromen, die auf Ihrem Gaumen tanzt. Diese Sorte bietet einen Geschmack wie ein tropischer Fruchtsalat, der einen bleibenden Eindruck im Mund hinterl\u00e4sst. Gegen Ende der Bl\u00fctezeit wird das Aroma so intensiv, dass es Ihnen jedes Mal ein L\u00e4cheln auf die Lippen zaubert, wenn Sie die T\u00fcr zu Ihrem Anbau \u00f6ffnen.<\/p>\n<p>F\u00fcr diejenigen, die neu in der Welt des Cannabis sind, ist Zahemi eine ausgezeichnete Option. Mit einer Bl\u00fctezeit von etwa 8 bis 9 Wochen ist diese Pflanze relativ schnell zu ernten. Au\u00dferdem ist sie leicht zu kultivieren, was sie zu einer idealen Wahl f\u00fcr Anf\u00e4nger macht. Achten Sie jedoch auf das Stretching w\u00e4hrend der Bl\u00fctezeit: Zahemi kann ihre Gr\u00f6\u00dfe verdoppeln, stellen Sie also sicher, dass Sie ihr gen\u00fcgend Platz zum Gedeihen geben.<\/p>\n<p>In Bezug auf den Ertrag entt\u00e4uscht Zahemi nicht. Sie ist bekannt daf\u00fcr, ein ausgezeichneter Produzent zu sein, der gro\u00dfe, mit Harz bedeckte Buds entwickelt. Das macht sie zu einer perfekten Wahl f\u00fcr Liebhaber l\u00f6sungsmittelfreier Extraktionen, die die Qualit\u00e4t des von dieser Sorte produzierten Harzes zu sch\u00e4tzen wissen werden. Ob Sie nun rauchen, verdampfen oder extrahieren wollen, Zahemi bietet eine Vielseitigkeit, die jedem gefallen wird.<\/p>\n<p>Was die Wirkung angeht, macht Zahemi keine halben Sachen. Mit einer starken Wirkung ist diese Sorte ideal f\u00fcr diejenigen, die ein entspannendes und euphorisches Erlebnis suchen. Sie ist eine unserer Lieblingssorten f\u00fcr ein perfektes Wake &amp; Bake, mit dem du energiegeladen und gut gelaunt in den Tag starten kannst.<\/p>\n<p>Kurz gesagt, Zahemi ist eine Sorte, die alles vereint, was sich Grower und Konsumenten w\u00fcnschen: hochwertige Genetik, fruchtige Aromen, einfache Kultivierung und starke Effekte. Egal, ob Sie ein Anf\u00e4nger oder ein erfahrener Grower sind, diese Pflanze verdient einen Platz in Ihrem Garten. Verpassen Sie nicht die Gelegenheit, diese wunderbare Sorte zu entdecken, die Ihnen bei jedem Zug ein L\u00e4cheln ins Gesicht zaubern wird!<\/p>\n<p><strong>Regul\u00e4re Samen<\/strong><br \/>\n<strong>Paket<\/strong> : 12 Samen (12)<br \/>\n<strong>Breeder<\/strong> : Perfect Tree<br \/>\n<strong>Name<\/strong> : Zahemi<br \/>\n<strong>Kreuzung<\/strong> : Yahemi x Za\u00ef Za\u00ef<br \/>\n<strong>Ertrag<\/strong> : Mittel bis hoch<br \/>\n<strong>Genetik<\/strong> : Hybride<br \/>\n<strong>Bl\u00fctezeit<\/strong> : 56-60 Tage<br \/>\n<strong>Geschmack<\/strong> : Tropischer Fruchtsalat<br \/>\n<strong>Erfahrung<\/strong> : Starke Wirkung<\/p>\n<p><em><u>Warnung<\/u> : Der Besitz und das Sammeln von Samen sind in Frankreich erlaubt. Diese Samen d\u00fcrfen nicht f\u00fcr andere Zwecke verwendet werden als die, die nach dem Recht Ihres Landes zul\u00e4ssig sind. Das Keimen und der Verkauf an Minderj\u00e4hrige sind strengstens untersagt. AAASeedz kann nicht haftbar gemacht werden, wenn die Gesetze des Landes, in dem Sie leben, nicht eingehalten werden.<\/em><\/p>","protected":false},"excerpt":{"rendered":"<p>Zahemi, la plante id\u00e9ale pour les d\u00e9butants et les amateurs de saveurs fruit\u00e9es. Si vous \u00eates \u00e0 la recherche d&rsquo;une<\/p>","protected":false},"featured_media":12434,"template":"","meta":[],"product_brand":[],"product_cat":[71],"product_tag":[278,109,483,482,303],"class_list":{"0":"post-12490","1":"product","2":"type-product","3":"status-publish","4":"has-post-thumbnail","6":"product_cat-regulieres","7":"product_tag-perfect-tree","8":"product_tag-regulieres","9":"product_tag-yahemi","10":"product_tag-zahemi","11":"product_tag-zaizai","13":"first","14":"outofstock","15":"shipping-taxable","16":"purchasable","17":"product-type-simple"},"jetpack_sharing_enabled":true,"_links":{"self":[{"href":"https:\/\/www.aaaseedz.com\/de\/wp-json\/wp\/v2\/product\/12490","targetHints":{"allow":["GET"]}}],"collection":[{"href":"https:\/\/www.aaaseedz.com\/de\/wp-json\/wp\/v2\/product"}],"about":[{"href":"https:\/\/www.aaaseedz.com\/de\/wp-json\/wp\/v2\/types\/product"}],"wp:featuredmedia":[{"embeddable":true,"href":"https:\/\/www.aaaseedz.com\/de\/wp-json\/wp\/v2\/media\/12434"}],"wp:attachment":[{"href":"https:\/\/www.aaaseedz.com\/de\/wp-json\/wp\/v2\/media?parent=12490"}],"wp:term":[{"taxonomy":"product_brand","embeddable":true,"href":"https:\/\/www.aaaseedz.com\/de\/wp-json\/wp\/v2\/product_brand?post=12490"},{"taxonomy":"product_cat","embeddable":true,"href":"https:\/\/www.aaaseedz.com\/de\/wp-json\/wp\/v2\/product_cat?post=12490"},{"taxonomy":"product_tag","embeddable":true,"href":"https:\/\/www.aaaseedz.com\/de\/wp-json\/wp\/v2\/product_tag?post=12490"}],"curies":[{"name":"wp","href":"https:\/\/api.w.org\/{rel}","templated":true}]}}