{"id":12492,"date":"2025-03-20T14:19:38","date_gmt":"2025-03-20T13:19:38","guid":{"rendered":"https:\/\/www.aaaseedz.com\/?post_type=product&#038;p=12492"},"modified":"2025-03-20T15:02:36","modified_gmt":"2025-03-20T14:02:36","slug":"picchu-perfect-tree","status":"publish","type":"product","link":"https:\/\/www.aaaseedz.com\/de\/produit\/picchu-perfect-tree\/","title":{"rendered":"Picchu - Perfect Tree"},"content":{"rendered":"<p>Picchu, eine einzigartige Cannabis-Erfahrung, die von der peruanischen Landschaft inspiriert wurde. Wenn Sie auf der Suche nach einer Cannabissorte sind, die Potenz, exquisite Aromen und entspannende Effekte vereint, dann suchen Sie nicht weiter als Picchu. Diese Kreuzung aus Bingsu und Peach Ozz ist ein wahres Wunderwerk und verspricht, Sie in eine Welt unvergesslicher Gef\u00fchle zu entf\u00fchren. Mit ihren einzigartigen Eigenschaften ist Picchu bereit, Z\u00fcchter und Konsumenten gleicherma\u00dfen zu begeistern.<\/p>\n<p>Picchu ist das Ergebnis einer geschickten Mischung aus unserem au\u00dfergew\u00f6hnlichen Cut von Bingsu und einem Reversal von Peach Ozz. Diese Indica-dominante Hybrid-Genetik bietet die perfekte Balance zwischen Entspannung und Genuss. Anbauer werden die Robustheit dieser Pflanze zu sch\u00e4tzen wissen, die sich mit beeindruckender Kraft entwickelt. In nur 8 Wochen k\u00f6nnen Sie Ihre wertvollen Buds ernten, bereit zum Genie\u00dfen.<\/p>\n<p>Einer der fesselndsten Aspekte von Picchu ist sein komplexes Terpenprofil. Stellen Sie sich eine berauschende Mischung aus Sahne und Gas vor, die perfekt zusammenpasst, um ein unvergessliches Geschmackserlebnis zu schaffen. Jede Inhalation umh\u00fcllt Sie mit einer cremigen S\u00fc\u00dfe, gefolgt von einer Explosion gasf\u00f6rmiger Noten, die Ihre Geschmacksnerven kitzeln. Diese einzigartige Mischung macht Picchu zu einer ganz besonderen Sorte, die Liebhaber gewagter Geschmacksrichtungen mit Sicherheit begeistern wird.<\/p>\n<p>Was die Wirkung angeht, entt\u00e4uscht Picchu nicht. Mit einer kraftvollen und tief entspannenden Erfahrung ist diese Sorte ideal f\u00fcr diejenigen, die nach einem langen Tag Entspannung suchen. Ihre Wirkung h\u00e4lt stundenlang an, sodass Sie einen Moment der Ruhe ohne Unterbrechung genie\u00dfen k\u00f6nnen. Egal, ob Sie sich auf dem Sofa entspannen oder einen ruhigen Abend mit Freunden verbringen m\u00f6chten, Picchu ist f\u00fcr Sie da.<\/p>\n<p>Picchu ist auch f\u00fcr seinen sehr hohen Ertrag bekannt. Diese \u00e4u\u00dferst robuste Pflanze entfaltet ihr Potenzial grenzenlos, was sie zu einer idealen Wahl f\u00fcr Anbauer macht, die auf der Suche nach gro\u00dfz\u00fcgigen Ernten sind. Achten Sie jedoch darauf, sie nicht zu sehr vegetieren zu lassen, es sei denn, Sie wollen eine echte Palme! Sie reagiert sehr gut auf das Aufbinden (Multi-Topping) und sch\u00e4tzt eine gute D\u00fcngung, wodurch Sie ihr Wachstum und ihre Ertr\u00e4ge optimieren k\u00f6nnen.<\/p>\n<p>Zusammenfassend l\u00e4sst sich sagen, dass Picchu eine Sorte ist, die eine au\u00dfergew\u00f6hnliche Genetik, einzigartige Aromen und eine starke Wirkung in sich vereint. Ob Sie nun ein leidenschaftlicher Z\u00fcchter oder ein Cannabisliebhaber sind, diese Pflanze verdient einen Platz in Ihrem Garten. Mit ihrer Mischung aus Sahne und Gas bietet sie ein unvergleichliches sensorisches Erlebnis, das Sie in die mystischen Landschaften Perus entf\u00fchrt. Verpassen Sie nicht die Gelegenheit, Picchu, den neuen Star in Ihrer Cannabis-Sammlung, zu entdecken! Machen Sie sich bereit f\u00fcr ein unvergessliches Erlebnis mit dieser Sorte, die verspricht, ein Muss zu werden.<\/p>\n<p><strong>Feminisierte Samen<\/strong><br \/>\n<strong>Paket<\/strong> : 6+3 freebie Samen (LH2P) (9)<br \/>\n<strong>Breeder<\/strong> : Perfect Tree<br \/>\n<strong>Name<\/strong> : Picchu<br \/>\n<strong>Kreuzung<\/strong> : Bingsu x Peach Ozz<br \/>\n<strong>Ertrag<\/strong> : Mittel bis hoch<br \/>\n<strong>Genetik<\/strong> : Indica-dominierte Hybride<br \/>\n<strong>Bl\u00fctezeit<\/strong> : 56-60 Tage<br \/>\n<strong>Geschmack<\/strong> : Creme und Gas<br \/>\n<strong>Erfahrung<\/strong> : Kraftvoll - Tiefe Entspannung<\/p>\n<p><em><u>Warnung<\/u> : Der Besitz und das Sammeln von Samen sind in Frankreich erlaubt. Diese Samen d\u00fcrfen nicht f\u00fcr andere Zwecke verwendet werden als die, die nach dem Recht Ihres Landes zul\u00e4ssig sind. Das Keimen und der Verkauf an Minderj\u00e4hrige sind strengstens untersagt. AAASeedz kann nicht haftbar gemacht werden, wenn die Gesetze des Landes, in dem Sie leben, nicht eingehalten werden.<\/em><\/p>","protected":false},"excerpt":{"rendered":"<p>Picchu, une exp\u00e9rience unique de cannabis inspir\u00e9e des paysages p\u00e9ruviens. Si vous \u00eates \u00e0 la recherche d&rsquo;une vari\u00e9t\u00e9 de cannabis<\/p>","protected":false},"featured_media":12428,"template":"","meta":[],"product_brand":[],"product_cat":[70],"product_tag":[487,77,293,278,486],"class_list":{"0":"post-12492","1":"product","2":"type-product","3":"status-publish","4":"has-post-thumbnail","6":"product_cat-feminisees","7":"product_tag-bingsu","8":"product_tag-feminisee","9":"product_tag-peach-ozz","10":"product_tag-perfect-tree","11":"product_tag-picchu","13":"first","14":"outofstock","15":"shipping-taxable","16":"purchasable","17":"product-type-simple"},"jetpack_sharing_enabled":true,"_links":{"self":[{"href":"https:\/\/www.aaaseedz.com\/de\/wp-json\/wp\/v2\/product\/12492","targetHints":{"allow":["GET"]}}],"collection":[{"href":"https:\/\/www.aaaseedz.com\/de\/wp-json\/wp\/v2\/product"}],"about":[{"href":"https:\/\/www.aaaseedz.com\/de\/wp-json\/wp\/v2\/types\/product"}],"wp:featuredmedia":[{"embeddable":true,"href":"https:\/\/www.aaaseedz.com\/de\/wp-json\/wp\/v2\/media\/12428"}],"wp:attachment":[{"href":"https:\/\/www.aaaseedz.com\/de\/wp-json\/wp\/v2\/media?parent=12492"}],"wp:term":[{"taxonomy":"product_brand","embeddable":true,"href":"https:\/\/www.aaaseedz.com\/de\/wp-json\/wp\/v2\/product_brand?post=12492"},{"taxonomy":"product_cat","embeddable":true,"href":"https:\/\/www.aaaseedz.com\/de\/wp-json\/wp\/v2\/product_cat?post=12492"},{"taxonomy":"product_tag","embeddable":true,"href":"https:\/\/www.aaaseedz.com\/de\/wp-json\/wp\/v2\/product_tag?post=12492"}],"curies":[{"name":"wp","href":"https:\/\/api.w.org\/{rel}","templated":true}]}}