{"id":12510,"date":"2025-03-24T13:09:08","date_gmt":"2025-03-24T12:09:08","guid":{"rendered":"https:\/\/www.aaaseedz.com\/?post_type=product&#038;p=12510"},"modified":"2025-06-11T16:41:29","modified_gmt":"2025-06-11T14:41:29","slug":"rs-pinana-z-terphogz-2025","status":"publish","type":"product","link":"https:\/\/www.aaaseedz.com\/de\/produit\/rs-pinana-z-terphogz-2025\/","title":{"rendered":"RS Pinana Z - Terphogz 2025"},"content":{"rendered":"<p><strong>Regul\u00e4re Samen<\/strong><br \/>\n<strong>Paket<\/strong> : 10 Samen<br \/>\n<strong>Breeder<\/strong> : Terphogz 2025<br \/>\n<strong>Name<\/strong> : RS Pinana Z<br \/>\n<strong>Kreuzung<\/strong> : RS-11 x Pinana Z<\/p>\n<p><em>Warnhinweis: Der Besitz und das Sammeln von Samen ist in Frankreich erlaubt. Diese Samen d\u00fcrfen nicht f\u00fcr andere Zwecke verwendet werden als die, die nach dem Recht Ihres Landes zul\u00e4ssig sind. Das Keimen und der Verkauf an Minderj\u00e4hrige sind strengstens untersagt. AAASeedz kann nicht haftbar gemacht werden, wenn die Gesetze des Landes, in dem Sie leben, nicht eingehalten werden.<\/em><\/p>","protected":false},"excerpt":{"rendered":"<p>Regelm\u00e4\u00dfige Samen Packung: 10 Samen Breeder: Terphogz 2025 Name: RS Pinana Z Kreuzung: RS-11 x Pinana<\/p>","protected":false},"featured_media":12460,"template":"","meta":[],"product_brand":[],"product_cat":[71],"product_tag":[507,496,109,505,506,106],"class_list":{"0":"post-12510","1":"product","2":"type-product","3":"status-publish","4":"has-post-thumbnail","6":"product_cat-regulieres","7":"product_tag-507","8":"product_tag-pinana-z","9":"product_tag-regulieres","10":"product_tag-rs-pinana-z","11":"product_tag-rs-11","12":"product_tag-terphogz","14":"first","15":"instock","16":"shipping-taxable","17":"purchasable","18":"product-type-simple"},"jetpack_sharing_enabled":true,"_links":{"self":[{"href":"https:\/\/www.aaaseedz.com\/de\/wp-json\/wp\/v2\/product\/12510","targetHints":{"allow":["GET"]}}],"collection":[{"href":"https:\/\/www.aaaseedz.com\/de\/wp-json\/wp\/v2\/product"}],"about":[{"href":"https:\/\/www.aaaseedz.com\/de\/wp-json\/wp\/v2\/types\/product"}],"wp:featuredmedia":[{"embeddable":true,"href":"https:\/\/www.aaaseedz.com\/de\/wp-json\/wp\/v2\/media\/12460"}],"wp:attachment":[{"href":"https:\/\/www.aaaseedz.com\/de\/wp-json\/wp\/v2\/media?parent=12510"}],"wp:term":[{"taxonomy":"product_brand","embeddable":true,"href":"https:\/\/www.aaaseedz.com\/de\/wp-json\/wp\/v2\/product_brand?post=12510"},{"taxonomy":"product_cat","embeddable":true,"href":"https:\/\/www.aaaseedz.com\/de\/wp-json\/wp\/v2\/product_cat?post=12510"},{"taxonomy":"product_tag","embeddable":true,"href":"https:\/\/www.aaaseedz.com\/de\/wp-json\/wp\/v2\/product_tag?post=12510"}],"curies":[{"name":"wp","href":"https:\/\/api.w.org\/{rel}","templated":true}]}}