{"id":12515,"date":"2025-03-23T10:57:22","date_gmt":"2025-03-23T09:57:22","guid":{"rendered":"https:\/\/www.aaaseedz.com\/?post_type=product&#038;p=12515"},"modified":"2025-06-11T16:40:08","modified_gmt":"2025-06-11T14:40:08","slug":"red-zushi-sundae-terphogz-x-kounter-kulture","status":"publish","type":"product","link":"https:\/\/www.aaaseedz.com\/de\/produit\/red-zushi-sundae-terphogz-x-kounter-kulture\/","title":{"rendered":"Red Zushi Sundae - Terphogz x Kounter Kulture"},"content":{"rendered":"<p><strong>Feminisierte Samen<\/strong><br \/>\n<strong>Paket<\/strong> : 10 Samen<br \/>\n<strong>Breeder<\/strong> : Terphogz x Kounter Kulture<br \/>\n<strong>Name<\/strong> : Red Zushi Sundae<br \/>\n<strong>Kreuzung<\/strong> : Red Zushi x Fatso Sundae<\/p>\n<p><em>Warnhinweis: Der Besitz und das Sammeln von Samen ist in Frankreich erlaubt. Diese Samen d\u00fcrfen nicht f\u00fcr andere Zwecke verwendet werden als die, die nach dem Recht Ihres Landes zul\u00e4ssig sind. Das Keimen und der Verkauf an Minderj\u00e4hrige sind strengstens untersagt. AAASeedz kann nicht haftbar gemacht werden, wenn die Gesetze des Landes, in dem Sie leben, nicht eingehalten werden.<\/em><\/p>","protected":false},"excerpt":{"rendered":"<p>Feminisierte Samen Pack : 10 Samen Breeder : Terphogz x Kounter Kulture Name : Red Zushi Sundae Kreuzung : Red<\/p>","protected":false},"featured_media":12470,"template":"","meta":[],"product_brand":[],"product_cat":[70],"product_tag":[512,77,209,514,515,106],"class_list":{"0":"post-12515","1":"product","2":"type-product","3":"status-publish","4":"has-post-thumbnail","6":"product_cat-feminisees","7":"product_tag-fatso-sundae","8":"product_tag-feminisee","9":"product_tag-kounter-kulture","10":"product_tag-red-zushi","11":"product_tag-red-zushi-sundae","12":"product_tag-terphogz","14":"first","15":"instock","16":"shipping-taxable","17":"purchasable","18":"product-type-simple"},"jetpack_sharing_enabled":true,"_links":{"self":[{"href":"https:\/\/www.aaaseedz.com\/de\/wp-json\/wp\/v2\/product\/12515","targetHints":{"allow":["GET"]}}],"collection":[{"href":"https:\/\/www.aaaseedz.com\/de\/wp-json\/wp\/v2\/product"}],"about":[{"href":"https:\/\/www.aaaseedz.com\/de\/wp-json\/wp\/v2\/types\/product"}],"wp:featuredmedia":[{"embeddable":true,"href":"https:\/\/www.aaaseedz.com\/de\/wp-json\/wp\/v2\/media\/12470"}],"wp:attachment":[{"href":"https:\/\/www.aaaseedz.com\/de\/wp-json\/wp\/v2\/media?parent=12515"}],"wp:term":[{"taxonomy":"product_brand","embeddable":true,"href":"https:\/\/www.aaaseedz.com\/de\/wp-json\/wp\/v2\/product_brand?post=12515"},{"taxonomy":"product_cat","embeddable":true,"href":"https:\/\/www.aaaseedz.com\/de\/wp-json\/wp\/v2\/product_cat?post=12515"},{"taxonomy":"product_tag","embeddable":true,"href":"https:\/\/www.aaaseedz.com\/de\/wp-json\/wp\/v2\/product_tag?post=12515"}],"curies":[{"name":"wp","href":"https:\/\/api.w.org\/{rel}","templated":true}]}}