{"id":12516,"date":"2025-03-23T10:57:17","date_gmt":"2025-03-23T09:57:17","guid":{"rendered":"https:\/\/www.aaaseedz.com\/?post_type=product&#038;p=12516"},"modified":"2025-06-11T16:45:27","modified_gmt":"2025-06-11T14:45:27","slug":"strawnana-guava-sundae-terphogz-x-kounter-kulture","status":"publish","type":"product","link":"https:\/\/www.aaaseedz.com\/de\/produit\/strawnana-guava-sundae-terphogz-x-kounter-kulture\/","title":{"rendered":"Strawnana Guava Sundae - Terphogz x Kounter Kulture"},"content":{"rendered":"<p><strong>Feminisierte Samen<\/strong><br \/>\n<strong>Paket<\/strong> : 10 Samen<br \/>\n<strong>Breeder<\/strong> : Terphogz x Kounter Kulture<br \/>\n<strong>Name<\/strong> : Strawnana Guava Sundae<br \/>\n<strong>Kreuzung<\/strong> : Strawnana Guava x Fatso Sundae<\/p>\n<p><em>Warnhinweis: Der Besitz und das Sammeln von Samen ist in Frankreich erlaubt. Diese Samen d\u00fcrfen nicht f\u00fcr andere Zwecke verwendet werden als die, die nach dem Recht Ihres Landes zul\u00e4ssig sind. Das Keimen und der Verkauf an Minderj\u00e4hrige sind strengstens untersagt. AAASeedz kann nicht haftbar gemacht werden, wenn die Gesetze des Landes, in dem Sie leben, nicht eingehalten werden.<\/em><\/p>","protected":false},"excerpt":{"rendered":"<p>Graines F\u00e9minis\u00e9es Pack : 10 graines Breeder : Terphogz x Kounter Kulture Nom : Strawnana Guava Sundae Croisement : Strawnana<\/p>","protected":false},"featured_media":12472,"template":"","meta":[],"product_brand":[],"product_cat":[70],"product_tag":[512,77,209,517,516,106],"class_list":{"0":"post-12516","1":"product","2":"type-product","3":"status-publish","4":"has-post-thumbnail","6":"product_cat-feminisees","7":"product_tag-fatso-sundae","8":"product_tag-feminisee","9":"product_tag-kounter-kulture","10":"product_tag-strawnana-guava","11":"product_tag-strawnana-guava-sundae","12":"product_tag-terphogz","14":"first","15":"instock","16":"shipping-taxable","17":"purchasable","18":"product-type-simple"},"jetpack_sharing_enabled":true,"_links":{"self":[{"href":"https:\/\/www.aaaseedz.com\/de\/wp-json\/wp\/v2\/product\/12516","targetHints":{"allow":["GET"]}}],"collection":[{"href":"https:\/\/www.aaaseedz.com\/de\/wp-json\/wp\/v2\/product"}],"about":[{"href":"https:\/\/www.aaaseedz.com\/de\/wp-json\/wp\/v2\/types\/product"}],"wp:featuredmedia":[{"embeddable":true,"href":"https:\/\/www.aaaseedz.com\/de\/wp-json\/wp\/v2\/media\/12472"}],"wp:attachment":[{"href":"https:\/\/www.aaaseedz.com\/de\/wp-json\/wp\/v2\/media?parent=12516"}],"wp:term":[{"taxonomy":"product_brand","embeddable":true,"href":"https:\/\/www.aaaseedz.com\/de\/wp-json\/wp\/v2\/product_brand?post=12516"},{"taxonomy":"product_cat","embeddable":true,"href":"https:\/\/www.aaaseedz.com\/de\/wp-json\/wp\/v2\/product_cat?post=12516"},{"taxonomy":"product_tag","embeddable":true,"href":"https:\/\/www.aaaseedz.com\/de\/wp-json\/wp\/v2\/product_tag?post=12516"}],"curies":[{"name":"wp","href":"https:\/\/api.w.org\/{rel}","templated":true}]}}